{"id":1609,"date":"2026-02-27T14:43:58","date_gmt":"2026-02-27T06:43:58","guid":{"rendered":"https:\/\/bodo-electricbicycles.com\/suporte-de-marketing\/"},"modified":"2026-04-06T18:00:17","modified_gmt":"2026-04-06T10:00:17","slug":"suporte-de-marketing","status":"publish","type":"page","link":"https:\/\/bodo-electricbicycles.com\/pt-br\/suporte-de-marketing\/","title":{"rendered":"Suporte de Marketing"},"content":{"rendered":"\t\t<div data-elementor-type=\"wp-page\" data-elementor-id=\"1609\" class=\"elementor elementor-1609 elementor-442\" data-elementor-post-type=\"page\">\n\t\t\t\t<div class=\"elementor-element elementor-element-344787d1 e-flex e-con-boxed e-con e-parent\" data-id=\"344787d1\" data-element_type=\"container\">\n\t\t\t\t\t<div class=\"e-con-inner\">\n\t\t\t\t<div class=\"elementor-element elementor-element-2742ccaa elementor-widget elementor-widget-heading\" data-id=\"2742ccaa\" data-element_type=\"widget\" data-widget_type=\"heading.default\">\n\t\t\t\t\t<h1 class=\"elementor-heading-title elementor-size-default\">Suporte de Marketing para Bicicletas El\u00e9tricas para Distribuidores<\/h1>\t\t\t\t<\/div>\n\t\t\t\t<div class=\"elementor-element elementor-element-64f415f3 elementor-widget elementor-widget-heading\" data-id=\"64f415f3\" data-element_type=\"widget\" data-widget_type=\"heading.default\">\n\t\t\t\t\t<h2 class=\"elementor-heading-title elementor-size-default\">Ajudando nossos parceiros OEM a expandir suas marcas<\/h2>\t\t\t\t<\/div>\n\t\t\t\t<div class=\"elementor-element elementor-element-6f7edf36 elementor-widget elementor-widget-text-editor\" data-id=\"6f7edf36\" data-element_type=\"widget\" data-widget_type=\"text-editor.default\">\n\t\t\t\t\t\t\t\t\t<div>Al\u00e9m de nossas principais capacidades de fabrica\u00e7\u00e3o, oferecemos aos nossos parceiros OEM suporte integral em promo\u00e7\u00e3o de marca e publicidade \u2014 juntamente com materiais de marketing para bicicletas el\u00e9tricas destinados aos distribuidores \u2014 a fim de fortalecer sua vantagem competitiva no mercado global.<\/div><div> <\/div>\t\t\t\t\t\t\t\t<\/div>\n\t\t\t\t<div class=\"elementor-element elementor-element-6e5aa3ee elementor-align-center elementor-widget elementor-widget-button\" data-id=\"6e5aa3ee\" data-element_type=\"widget\" data-widget_type=\"button.default\">\n\t\t\t\t\t\t\t\t\t\t<a class=\"elementor-button elementor-button-link elementor-size-sm\" href=\"#elementor-action%3Aaction%3Dpopup%3Aopen%26settings%3DeyJpZCI6MTY2MywidG9nZ2xlIjpmYWxzZX0%3D\">\n\t\t\t\t\t\t<span class=\"elementor-button-content-wrapper\">\n\t\t\t\t\t\t\t\t\t<span class=\"elementor-button-text\">Torne-se nosso distribuidor<\/span>\n\t\t\t\t\t<\/span>\n\t\t\t\t\t<\/a>\n\t\t\t\t\t\t\t\t<\/div>\n\t\t\t\t\t<\/div>\n\t\t\t\t<\/div>\n\t\t<div class=\"elementor-element elementor-element-6b781bb7 e-flex e-con-boxed e-con e-parent\" data-id=\"6b781bb7\" data-element_type=\"container\">\n\t\t\t\t\t<div class=\"e-con-inner\">\n\t\t\t\t<div class=\"elementor-element elementor-element-2f7e44af elementor-widget elementor-widget-text-editor\" data-id=\"2f7e44af\" data-element_type=\"widget\" data-widget_type=\"text-editor.default\">\n\t\t\t\t\t\t\t\t\t<p>Acreditamos que a coopera\u00e7\u00e3o de longo prazo se constr\u00f3i sobre o crescimento m\u00fatuo.<br data-start=\"1597\" data-end=\"1600\">Al\u00e9m da fabrica\u00e7\u00e3o, auxiliamos nossos parceiros OEM com suporte de branding e promo\u00e7\u00e3o, visando aumentar sua competitividade no mercado.<\/p>\t\t\t\t\t\t\t\t<\/div>\n\t\t\t\t\t<\/div>\n\t\t\t\t<\/div>\n\t\t<div class=\"elementor-element elementor-element-638ab114 e-flex e-con-boxed e-con e-parent\" data-id=\"638ab114\" data-element_type=\"container\">\n\t\t\t\t\t<div class=\"e-con-inner\">\n\t\t\t\t<div class=\"elementor-element elementor-element-1213f666 elementor-widget elementor-widget-heading\" data-id=\"1213f666\" data-element_type=\"widget\" data-widget_type=\"heading.default\">\n\t\t\t\t\t<h2 class=\"elementor-heading-title elementor-size-default\">1. Recursos abundantes evidenciam as vantagens.<\/h2>\t\t\t\t<\/div>\n\t\t\t\t<div class=\"elementor-element elementor-element-22afa0f9 elementor-widget elementor-widget-text-editor\" data-id=\"22afa0f9\" data-element_type=\"widget\" data-widget_type=\"text-editor.default\">\n\t\t\t\t\t\t\t\t\t<p>A BODO oferece uma biblioteca completa de materiais de marketing profissional para bicicletas el\u00e9tricas, destinada a distribuidores e parceiros da marca, e elaborada para ajud\u00e1-lo a promover nossos produtos de forma eficaz em seu mercado local. Ap\u00f3s a assinatura do contrato, disponibilizamos uma vasta gama de recursos de m\u00eddia da BODO para a promo\u00e7\u00e3o da sua marca. Desde nossas avan\u00e7adas linhas de produ\u00e7\u00e3o e equipamentos de fabrica\u00e7\u00e3o profissional at\u00e9 nossos amplos armaz\u00e9ns e extensos showrooms de amostras \u2014 passando por informa\u00e7\u00f5es detalhadas sobre os produtos, incluindo componentes de alto desempenho, especifica\u00e7\u00f5es funcionais e detalhes de desmontagem \u2014, fornecemos um conjunto abrangente de informa\u00e7\u00f5es \u2014 da vis\u00e3o geral da f\u00e1brica aos pormenores do produto \u2014 para ajud\u00e1-lo a destacar plenamente as vantagens dos seus produtos!  <\/p>\t\t\t\t\t\t\t\t<\/div>\n\t\t\t\t\t<\/div>\n\t\t\t\t<\/div>\n\t\t<div class=\"elementor-element elementor-element-33de179e e-flex e-con-boxed e-con e-parent\" data-id=\"33de179e\" data-element_type=\"container\">\n\t\t\t\t\t<div class=\"e-con-inner\">\n\t\t\t\t<div class=\"elementor-element elementor-element-40feb100 elementor-widget elementor-widget-heading\" data-id=\"40feb100\" data-element_type=\"widget\" data-widget_type=\"heading.default\">\n\t\t\t\t\t<h2 class=\"elementor-heading-title elementor-size-default\">2. Suporte de Branding<\/h2>\t\t\t\t<\/div>\n\t\t\t\t<div class=\"elementor-element elementor-element-2584ace0 elementor-widget elementor-widget-text-editor\" data-id=\"2584ace0\" data-element_type=\"widget\" data-widget_type=\"text-editor.default\">\n\t\t\t\t\t\t\t\t\t<p>A BODO oferece servi\u00e7os abrangentes de marca pr\u00f3pria para distribuidores globais e propriet\u00e1rios de marcas, incluindo a impress\u00e3o de logotipos nos quadros, embalagens personalizadas, customiza\u00e7\u00e3o de manuais do usu\u00e1rio, adesivos e elementos gr\u00e1ficos da marca, al\u00e9m da personaliza\u00e7\u00e3o de cores, visando criar solu\u00e7\u00f5es de bicicletas el\u00e9tricas \u00fanicas e prontas para o mercado.<\/p>\t\t\t\t\t\t\t\t<\/div>\n\t\t\t\t\t<\/div>\n\t\t\t\t<\/div>\n\t\t<div class=\"elementor-element elementor-element-33509f39 e-flex e-con-boxed e-con e-parent\" data-id=\"33509f39\" data-element_type=\"container\">\n\t\t\t\t\t<div class=\"e-con-inner\">\n\t\t\t\t<div class=\"elementor-element elementor-element-5d4dad77 elementor-widget elementor-widget-heading\" data-id=\"5d4dad77\" data-element_type=\"widget\" data-widget_type=\"heading.default\">\n\t\t\t\t\t<h2 class=\"elementor-heading-title elementor-size-default\">3. Publicidade direcionada para atrair clientes<\/h2>\t\t\t\t<\/div>\n\t\t\t\t<div class=\"elementor-element elementor-element-2038150a elementor-widget elementor-widget-text-editor\" data-id=\"2038150a\" data-element_type=\"widget\" data-widget_type=\"text-editor.default\">\n\t\t\t\t\t\t\t\t\t<p>Contamos com uma equipe de profissionais de marketing que o auxiliar\u00e1 na publicidade em todas as principais plataformas \u2014 incluindo, mas n\u00e3o se limitando a, f\u00f3runs, v\u00eddeos curtos e marketing de influ\u00eancia \u2014 com o objetivo de atrair tr\u00e1fego de forma precisa, aumentar a visibilidade do produto e, em \u00faltima an\u00e1lise, impulsionar o crescimento das vendas. Tamb\u00e9m oferecemos treinamento sobre plataformas de marketing para distribuidores. Esteja voc\u00ea promovendo seus produtos no Facebook ou em mecanismos de busca (como o Google), nossa equipe o ajudar\u00e1 a dominar as habilidades essenciais para o sucesso.  <\/p>\t\t\t\t\t\t\t\t<\/div>\n\t\t\t\t\t<\/div>\n\t\t\t\t<\/div>\n\t\t<div class=\"elementor-element elementor-element-fa7e9b5 e-flex e-con-boxed e-con e-parent\" data-id=\"fa7e9b5\" data-element_type=\"container\">\n\t\t\t\t\t<div class=\"e-con-inner\">\n\t\t\t\t<div class=\"elementor-element elementor-element-7b36e1d elementor-widget elementor-widget-heading\" data-id=\"7b36e1d\" data-element_type=\"widget\" data-widget_type=\"heading.default\">\n\t\t\t\t\t<h2 class=\"elementor-heading-title elementor-size-default\">4. Melhorar o ranking de SEO do site<\/h2>\t\t\t\t<\/div>\n\t\t\t\t<div class=\"elementor-element elementor-element-5cfd4ec2 elementor-widget elementor-widget-text-editor\" data-id=\"5cfd4ec2\" data-element_type=\"widget\" data-widget_type=\"text-editor.default\">\n\t\t\t\t\t\t\t\t\t<p>Fornecemos materiais digitais adequados para a promo\u00e7\u00e3o online, bem como informa\u00e7\u00f5es de produtos otimizadas para SEO, com o objetivo de auxiliar empresas online a criar p\u00e1ginas de conte\u00fado de alta qualidade, atender rapidamente \u00e0s necessidades dos consumidores, melhorar o posicionamento do site nos mecanismos de busca e aumentar a sua autoridade. Organizamos regularmente treinamentos de SEO para ajudar nossos parceiros a dominar rapidamente os m\u00e9todos de gera\u00e7\u00e3o de tr\u00e1fego org\u00e2nico. Ao estabelecer canais de gera\u00e7\u00e3o de tr\u00e1fego baseados em palavras-chave precisas e de longo prazo, na produ\u00e7\u00e3o de conte\u00fado para o site e na utiliza\u00e7\u00e3o de plataformas de terceiros, ajudamos as empresas a obter um tr\u00e1fego org\u00e2nico est\u00e1vel e duradouro, atraindo a aten\u00e7\u00e3o dos usu\u00e1rios.  <\/p>\t\t\t\t\t\t\t\t<\/div>\n\t\t\t\t\t<\/div>\n\t\t\t\t<\/div>\n\t\t<div class=\"elementor-element elementor-element-6e9bba7e e-flex e-con-boxed e-con e-parent\" data-id=\"6e9bba7e\" data-element_type=\"container\">\n\t\t\t\t\t<div class=\"e-con-inner\">\n\t\t\t\t<div class=\"elementor-element elementor-element-b4d4fa7 elementor-widget elementor-widget-heading\" data-id=\"b4d4fa7\" data-element_type=\"widget\" data-widget_type=\"heading.default\">\n\t\t\t\t\t<h2 class=\"elementor-heading-title elementor-size-default\">5. Suporte ao Lan\u00e7amento para Novos Distribuidores<\/h2>\t\t\t\t<\/div>\n\t\t\t\t<div class=\"elementor-element elementor-element-1cf18cbe elementor-widget elementor-widget-text-editor\" data-id=\"1cf18cbe\" data-element_type=\"widget\" data-widget_type=\"text-editor.default\">\n\t\t\t\t\t\t\t\t\t<p>Para novos distribuidores globais que firmam parceria com a BODO, oferecemos orienta\u00e7\u00f5es personalizadas de entrada no mercado e estrat\u00e9gias de marketing orientadas por dados, alinhadas \u00e0s tend\u00eancias globais de bicicletas el\u00e9tricas. Nosso suporte inclui recomenda\u00e7\u00f5es precisas de posicionamento de produto, curadoria dos modelos de maior sucesso de vendas, an\u00e1lises aprofundadas do mercado-alvo e um plano estruturado para o primeiro pedido. Isso auxilia os novos parceiros a consolidar rapidamente uma posi\u00e7\u00e3o s\u00f3lida, otimizar seus estoques e alcan\u00e7ar sucesso inicial em vendas nos competitivos mercados de mobilidade el\u00e9trica.  <\/p>\t\t\t\t\t\t\t\t<\/div>\n\t\t\t\t\t<\/div>\n\t\t\t\t<\/div>\n\t\t<div class=\"elementor-element elementor-element-a31ed05 e-flex e-con-boxed e-con e-parent\" data-id=\"a31ed05\" data-element_type=\"container\">\n\t\t\t\t\t<div class=\"e-con-inner\">\n\t\t<div class=\"elementor-element elementor-element-1677a62 e-con-full e-flex e-con e-child\" data-id=\"1677a62\" data-element_type=\"container\">\n\t\t\t\t<div class=\"elementor-element elementor-element-f02291f elementor-widget elementor-widget-text-editor\" data-id=\"f02291f\" data-element_type=\"widget\" data-widget_type=\"text-editor.default\">\n\t\t\t\t\t\t\t\t\t<p>Para visualizar nossa linha completa de produtos e acessar os materiais de marketing mais recentes, visite <a href=\"https:\/\/bodo-electricbicycles.com\/pt-br\/all-products\/\" target=\"_blank\" rel=\"noopener\">nossa p\u00e1gina oficial do cat\u00e1logo de produtos.<\/a><\/p>\t\t\t\t\t\t\t\t<\/div>\n\t\t\t\t<\/div>\n\t\t<div class=\"elementor-element elementor-element-5e5cb1c e-con-full e-flex e-con e-child\" data-id=\"5e5cb1c\" data-element_type=\"container\">\n\t\t\t\t<div class=\"elementor-element elementor-element-345a2e5 elementor-view-default elementor-widget elementor-widget-icon\" data-id=\"345a2e5\" data-element_type=\"widget\" data-widget_type=\"icon.default\">\n\t\t\t\t\t\t\t<div class=\"elementor-icon-wrapper\">\n\t\t\t<div class=\"elementor-icon\">\n\t\t\t<svg aria-hidden=\"true\" class=\"e-font-icon-svg e-fas-angle-right\" viewBox=\"0 0 256 512\" xmlns=\"http:\/\/www.w3.org\/2000\/svg\"><path d=\"M224.3 273l-136 136c-9.4 9.4-24.6 9.4-33.9 0l-22.6-22.6c-9.4-9.4-9.4-24.6 0-33.9l96.4-96.4-96.4-96.4c-9.4-9.4-9.4-24.6 0-33.9L54.3 103c9.4-9.4 24.6-9.4 33.9 0l136 136c9.5 9.4 9.5 24.6.1 34z\"><\/path><\/svg>\t\t\t<\/div>\n\t\t<\/div>\n\t\t\t\t\t\t<\/div>\n\t\t\t\t<\/div>\n\t\t\t\t\t<\/div>\n\t\t\t\t<\/div>\n\t\t\t\t<\/div>\n\t\t","protected":false},"excerpt":{"rendered":"<p>Suporte de Marketing para Bicicletas El\u00e9tricas para Distribuidores Ajudando nossos parceiros OEM a expandir suas marcas Al\u00e9m de nossas principais [&hellip;]<\/p>\n","protected":false},"author":1,"featured_media":0,"parent":0,"menu_order":0,"comment_status":"closed","ping_status":"closed","template":"elementor_header_footer","meta":{"site-sidebar-layout":"no-sidebar","site-content-layout":"","ast-site-content-layout":"full-width-container","site-content-style":"default","site-sidebar-style":"default","ast-global-header-display":"","ast-banner-title-visibility":"","ast-main-header-display":"","ast-hfb-above-header-display":"","ast-hfb-below-header-display":"","ast-hfb-mobile-header-display":"","site-post-title":"disabled","ast-breadcrumbs-content":"","ast-featured-img":"disabled","footer-sml-layout":"","ast-disable-related-posts":"","theme-transparent-header-meta":"","adv-header-id-meta":"","stick-header-meta":"","header-above-stick-meta":"","header-main-stick-meta":"","header-below-stick-meta":"","astra-migrate-meta-layouts":"default","ast-page-background-enabled":"default","ast-page-background-meta":{"desktop":{"background-color":"var(--ast-global-color-5)","background-image":"","background-repeat":"repeat","background-position":"center center","background-size":"auto","background-attachment":"scroll","background-type":"","background-media":"","overlay-type":"","overlay-color":"","overlay-opacity":"","overlay-gradient":""},"tablet":{"background-color":"","background-image":"","background-repeat":"repeat","background-position":"center center","background-size":"auto","background-attachment":"scroll","background-type":"","background-media":"","overlay-type":"","overlay-color":"","overlay-opacity":"","overlay-gradient":""},"mobile":{"background-color":"","background-image":"","background-repeat":"repeat","background-position":"center center","background-size":"auto","background-attachment":"scroll","background-type":"","background-media":"","overlay-type":"","overlay-color":"","overlay-opacity":"","overlay-gradient":""}},"ast-content-background-meta":{"desktop":{"background-color":"var(--ast-global-color-4)","background-image":"","background-repeat":"repeat","background-position":"center center","background-size":"auto","background-attachment":"scroll","background-type":"","background-media":"","overlay-type":"","overlay-color":"","overlay-opacity":"","overlay-gradient":""},"tablet":{"background-color":"var(--ast-global-color-4)","background-image":"","background-repeat":"repeat","background-position":"center center","background-size":"auto","background-attachment":"scroll","background-type":"","background-media":"","overlay-type":"","overlay-color":"","overlay-opacity":"","overlay-gradient":""},"mobile":{"background-color":"var(--ast-global-color-4)","background-image":"","background-repeat":"repeat","background-position":"center center","background-size":"auto","background-attachment":"scroll","background-type":"","background-media":"","overlay-type":"","overlay-color":"","overlay-opacity":"","overlay-gradient":""}},"footnotes":""},"class_list":["post-1609","page","type-page","status-publish","hentry"],"_links":{"self":[{"href":"https:\/\/bodo-electricbicycles.com\/pt-br\/wp-json\/wp\/v2\/pages\/1609","targetHints":{"allow":["GET"]}}],"collection":[{"href":"https:\/\/bodo-electricbicycles.com\/pt-br\/wp-json\/wp\/v2\/pages"}],"about":[{"href":"https:\/\/bodo-electricbicycles.com\/pt-br\/wp-json\/wp\/v2\/types\/page"}],"author":[{"embeddable":true,"href":"https:\/\/bodo-electricbicycles.com\/pt-br\/wp-json\/wp\/v2\/users\/1"}],"replies":[{"embeddable":true,"href":"https:\/\/bodo-electricbicycles.com\/pt-br\/wp-json\/wp\/v2\/comments?post=1609"}],"version-history":[{"count":1,"href":"https:\/\/bodo-electricbicycles.com\/pt-br\/wp-json\/wp\/v2\/pages\/1609\/revisions"}],"predecessor-version":[{"id":1610,"href":"https:\/\/bodo-electricbicycles.com\/pt-br\/wp-json\/wp\/v2\/pages\/1609\/revisions\/1610"}],"wp:attachment":[{"href":"https:\/\/bodo-electricbicycles.com\/pt-br\/wp-json\/wp\/v2\/media?parent=1609"}],"curies":[{"name":"wp","href":"https:\/\/api.w.org\/{rel}","templated":true}]}}