{"id":1619,"date":"2026-03-20T16:42:56","date_gmt":"2026-03-20T08:42:56","guid":{"rendered":"https:\/\/bodo-electricbicycles.com\/politica-de-privacidade\/"},"modified":"2026-04-06T18:40:12","modified_gmt":"2026-04-06T10:40:12","slug":"politica-de-privacidade","status":"publish","type":"page","link":"https:\/\/bodo-electricbicycles.com\/pt-br\/politica-de-privacidade\/","title":{"rendered":"pol\u00edtica de Privacidade"},"content":{"rendered":"\n<h2 class=\"wp-block-heading\">Quem Somos<\/h2>\n\n<p><strong>Texto recomendado: <\/strong>O endere\u00e7o do nosso site \u00e9: https:\/\/bodo-electricbicycles.com.<\/p>\n\n<h2 class=\"wp-block-heading\">Coment\u00e1rio<\/h2>\n\n<p><strong>Texto sugerido:<\/strong> Quando os visitantes deixam coment\u00e1rios, coletamos os dados mostrados no formul\u00e1rio de coment\u00e1rios, al\u00e9m do endere\u00e7o IP do visitante e da string do agente de usu\u00e1rio do navegador, para auxiliar na detec\u00e7\u00e3o de spam.<\/p>\n\n<p>Uma sequ\u00eancia anonimizada criada a partir do seu endere\u00e7o de e-mail (tamb\u00e9m chamada de hash) pode ser fornecida ao servi\u00e7o Gravatar para verificar se voc\u00ea o est\u00e1 utilizando. A pol\u00edtica de privacidade do servi\u00e7o Gravatar est\u00e1 dispon\u00edvel aqui: https:\/\/automattic.com\/privacy\/. Ap\u00f3s a aprova\u00e7\u00e3o do seu coment\u00e1rio, sua foto de perfil ser\u00e1 exibida publicamente ao lado do seu coment\u00e1rio. <\/p>\n\n<h2 class=\"wp-block-heading\">m\u00eddia<\/h2>\n\n<p><strong>Recommended Text:<\/strong> If you upload images to this website, you should avoid uploading images that contain embedded geolocation data (EXIF GPS). Visitors to this website will be able to download and extract the location data from the images on this site. <\/p>\n\n<h2 class=\"wp-block-heading\">Cookies<\/h2>\n\n<p><strong>Texto Recomendado: <\/strong>Se voc\u00ea deixar um coment\u00e1rio em nosso site, poder\u00e1 optar por salvar seu nome, endere\u00e7o de e-mail e site em cookies. Isso \u00e9 para sua conveni\u00eancia, para que voc\u00ea n\u00e3o precise preencher seus dados novamente ao deixar outro coment\u00e1rio. Esses cookies durar\u00e3o um ano.  <\/p>\n\n<p>Se voc\u00ea visitar nossa p\u00e1gina de login, definiremos um cookie tempor\u00e1rio para determinar se seu navegador aceita cookies. Este cookie n\u00e3o cont\u00e9m dados pessoais e \u00e9 descartado quando voc\u00ea fecha o navegador. <\/p>\n\n<p>Ao fazer login, tamb\u00e9m definimos v\u00e1rios cookies para salvar suas informa\u00e7\u00f5es de login e op\u00e7\u00f5es de exibi\u00e7\u00e3o de tela. Os cookies de login duram dois dias, enquanto os cookies de op\u00e7\u00f5es de exibi\u00e7\u00e3o de tela duram um ano. Se voc\u00ea selecionar &#8220;Lembrar-me&#8221;, seu login persistir\u00e1 por duas semanas. Se voc\u00ea sair da sua conta, os cookies de login ser\u00e3o removidos.   <\/p>\n\n<p>Se voc\u00ea editar ou publicar um artigo, salvaremos um cookie adicional no seu navegador. Este cookie n\u00e3o cont\u00e9m dados pessoais e simplesmente registra o ID do artigo que voc\u00ea acabou de editar. Este cookie expira ap\u00f3s um dia.  <\/p>\n\n<h2 class=\"wp-block-heading\">Conte\u00fado incorporado de outros sites<\/h2>\n\n<p><strong>Texto Recomendado: <\/strong>Os artigos deste site podem conter conte\u00fado incorporado (como v\u00eddeos, imagens, artigos, etc.). O conte\u00fado incorporado de outros sites comporta-se exatamente da mesma forma como se voc\u00ea estivesse visitando esses outros sites diretamente. <\/p>\n\n<p>Estes sites podem coletar dados sobre voc\u00ea, usar cookies, incorporar rastreamento adicional de terceiros e monitorar sua intera\u00e7\u00e3o com esse conte\u00fado incorporado \u2014 incluindo o rastreamento de sua intera\u00e7\u00e3o com o conte\u00fado incorporado caso voc\u00ea tenha uma conta nesses sites e esteja conectado.<\/p>\n\n<h2 class=\"wp-block-heading\">Com quem compartilhamos suas informa\u00e7\u00f5es<\/h2>\n\n<p>Texto recomendado: Se voc\u00ea solicitar a redefini\u00e7\u00e3o de senha, seu endere\u00e7o IP ser\u00e1 inclu\u00eddo no e-mail de redefini\u00e7\u00e3o de senha.<\/p>\n\n<h2 class=\"wp-block-heading\">Por quanto tempo retemos suas informa\u00e7\u00f5es?<\/h2>\n\n<p><strong>Texto sugerido: <\/strong>Se voc\u00ea deixar um coment\u00e1rio, o coment\u00e1rio e seus metadados ser\u00e3o retidos indefinidamente. Isso serve para que possamos reconhecer e aprovar automaticamente quaisquer coment\u00e1rios de acompanhamento, em vez de mant\u00ea-los em uma fila de modera\u00e7\u00e3o. <\/p>\n\n<p>Para os usu\u00e1rios registrados deste site, tamb\u00e9m armazenamos as informa\u00e7\u00f5es pessoais que eles fornecem em seus perfis de usu\u00e1rio. Todos os usu\u00e1rios podem visualizar, editar ou excluir suas informa\u00e7\u00f5es pessoais a qualquer momento (com exce\u00e7\u00e3o do nome de usu\u00e1rio); os administradores do site tamb\u00e9m podem visualizar e editar essas informa\u00e7\u00f5es. <\/p>\n\n<h2 class=\"wp-block-heading\">Quais direitos voc\u00ea tem em rela\u00e7\u00e3o \u00e0s suas informa\u00e7\u00f5es?<\/h2>\n\n<p>Texto sugerido: Se voc\u00ea possui uma conta neste site ou deixou coment\u00e1rios, pode solicitar o recebimento de um arquivo exportado com os dados pessoais que mantemos sobre voc\u00ea, incluindo quaisquer dados que voc\u00ea nos forneceu. Voc\u00ea tamb\u00e9m pode solicitar que apaguemos quaisquer dados pessoais que mantemos sobre voc\u00ea. Isso n\u00e3o inclui quaisquer dados que somos obrigados a manter para fins administrativos, legais ou de seguran\u00e7a.  <\/p>\n\n<h2 class=\"wp-block-heading\">Para onde seus dados ser\u00e3o enviados<\/h2>\n\n<p><strong>Texto sugerido:<\/strong> Os coment\u00e1rios dos visitantes podem ser verificados por meio de um servi\u00e7o automatizado de detec\u00e7\u00e3o de spam.<\/p>\n","protected":false},"excerpt":{"rendered":"<p>Quem Somos Texto recomendado: O endere\u00e7o do nosso site \u00e9: https:\/\/bodo-electricbicycles.com. Coment\u00e1rio Texto sugerido: Quando os visitantes deixam coment\u00e1rios, coletamos [&hellip;]<\/p>\n","protected":false},"author":1,"featured_media":0,"parent":0,"menu_order":0,"comment_status":"closed","ping_status":"closed","template":"","meta":{"site-sidebar-layout":"default","site-content-layout":"","ast-site-content-layout":"default","site-content-style":"default","site-sidebar-style":"default","ast-global-header-display":"","ast-banner-title-visibility":"","ast-main-header-display":"","ast-hfb-above-header-display":"","ast-hfb-below-header-display":"","ast-hfb-mobile-header-display":"","site-post-title":"","ast-breadcrumbs-content":"","ast-featured-img":"","footer-sml-layout":"","ast-disable-related-posts":"","theme-transparent-header-meta":"","adv-header-id-meta":"","stick-header-meta":"","header-above-stick-meta":"","header-main-stick-meta":"","header-below-stick-meta":"","astra-migrate-meta-layouts":"default","ast-page-background-enabled":"default","ast-page-background-meta":{"desktop":{"background-color":"var(--ast-global-color-5)","background-image":"","background-repeat":"repeat","background-position":"center center","background-size":"auto","background-attachment":"scroll","background-type":"","background-media":"","overlay-type":"","overlay-color":"","overlay-opacity":"","overlay-gradient":""},"tablet":{"background-color":"","background-image":"","background-repeat":"repeat","background-position":"center center","background-size":"auto","background-attachment":"scroll","background-type":"","background-media":"","overlay-type":"","overlay-color":"","overlay-opacity":"","overlay-gradient":""},"mobile":{"background-color":"","background-image":"","background-repeat":"repeat","background-position":"center center","background-size":"auto","background-attachment":"scroll","background-type":"","background-media":"","overlay-type":"","overlay-color":"","overlay-opacity":"","overlay-gradient":""}},"ast-content-background-meta":{"desktop":{"background-color":"var(--ast-global-color-4)","background-image":"","background-repeat":"repeat","background-position":"center center","background-size":"auto","background-attachment":"scroll","background-type":"","background-media":"","overlay-type":"","overlay-color":"","overlay-opacity":"","overlay-gradient":""},"tablet":{"background-color":"var(--ast-global-color-4)","background-image":"","background-repeat":"repeat","background-position":"center center","background-size":"auto","background-attachment":"scroll","background-type":"","background-media":"","overlay-type":"","overlay-color":"","overlay-opacity":"","overlay-gradient":""},"mobile":{"background-color":"var(--ast-global-color-4)","background-image":"","background-repeat":"repeat","background-position":"center center","background-size":"auto","background-attachment":"scroll","background-type":"","background-media":"","overlay-type":"","overlay-color":"","overlay-opacity":"","overlay-gradient":""}},"footnotes":""},"class_list":["post-1619","page","type-page","status-publish","hentry"],"_links":{"self":[{"href":"https:\/\/bodo-electricbicycles.com\/pt-br\/wp-json\/wp\/v2\/pages\/1619","targetHints":{"allow":["GET"]}}],"collection":[{"href":"https:\/\/bodo-electricbicycles.com\/pt-br\/wp-json\/wp\/v2\/pages"}],"about":[{"href":"https:\/\/bodo-electricbicycles.com\/pt-br\/wp-json\/wp\/v2\/types\/page"}],"author":[{"embeddable":true,"href":"https:\/\/bodo-electricbicycles.com\/pt-br\/wp-json\/wp\/v2\/users\/1"}],"replies":[{"embeddable":true,"href":"https:\/\/bodo-electricbicycles.com\/pt-br\/wp-json\/wp\/v2\/comments?post=1619"}],"version-history":[{"count":1,"href":"https:\/\/bodo-electricbicycles.com\/pt-br\/wp-json\/wp\/v2\/pages\/1619\/revisions"}],"predecessor-version":[{"id":1620,"href":"https:\/\/bodo-electricbicycles.com\/pt-br\/wp-json\/wp\/v2\/pages\/1619\/revisions\/1620"}],"wp:attachment":[{"href":"https:\/\/bodo-electricbicycles.com\/pt-br\/wp-json\/wp\/v2\/media?parent=1619"}],"curies":[{"name":"wp","href":"https:\/\/api.w.org\/{rel}","templated":true}]}}