{"id":1626,"date":"2026-02-26T18:10:05","date_gmt":"2026-02-26T10:10:05","guid":{"rendered":"https:\/\/bodo-electricbicycles.com\/controle-de-qualidade\/"},"modified":"2026-04-06T18:58:29","modified_gmt":"2026-04-06T10:58:29","slug":"controle-de-qualidade","status":"publish","type":"page","link":"https:\/\/bodo-electricbicycles.com\/pt-br\/controle-de-qualidade\/","title":{"rendered":"Controle de qualidade"},"content":{"rendered":"\t\t<div data-elementor-type=\"wp-page\" data-elementor-id=\"1626\" class=\"elementor elementor-1626 elementor-389\" data-elementor-post-type=\"page\">\n\t\t\t\t<div class=\"elementor-element elementor-element-f54e06d e-con-full e-flex e-con e-parent\" data-id=\"f54e06d\" data-element_type=\"container\" data-settings=\"{&quot;background_background&quot;:&quot;classic&quot;}\">\n\t\t\t\t<div class=\"elementor-element elementor-element-b618526 elementor-widget elementor-widget-heading\" data-id=\"b618526\" data-element_type=\"widget\" data-widget_type=\"heading.default\">\n\t\t\t\t\t<h2 class=\"elementor-heading-title elementor-size-default\">Controle de qualidade<\/h2>\t\t\t\t<\/div>\n\t\t\t\t<\/div>\n\t\t<div class=\"elementor-element elementor-element-31bb24b e-flex e-con-boxed e-con e-parent\" data-id=\"31bb24b\" data-element_type=\"container\">\n\t\t\t\t\t<div class=\"e-con-inner\">\n\t\t\t\t<div class=\"elementor-element elementor-element-2c23a40 elementor-widget elementor-widget-heading\" data-id=\"2c23a40\" data-element_type=\"widget\" data-widget_type=\"heading.default\">\n\t\t\t\t\t<h2 class=\"elementor-heading-title elementor-size-default\">Nossa Filosofia de Qualidade<\/h2>\t\t\t\t<\/div>\n\t\t\t\t<div class=\"elementor-element elementor-element-b3361e1 elementor-widget elementor-widget-text-editor\" data-id=\"b3361e1\" data-element_type=\"widget\" data-widget_type=\"text-editor.default\">\n\t\t\t\t\t\t\t\t\t<p>A qualidade \u00e9 o alicerce da coopera\u00e7\u00e3o de longo prazo.<br data-start=\"1543\" data-end=\"1546\">Acreditamos que um rigoroso controle de qualidade assegura a seguran\u00e7a do produto, a estabilidade do desempenho e a reputa\u00e7\u00e3o da marca para nossos parceiros globais.<\/p>\t\t\t\t\t\t\t\t<\/div>\n\t\t\t\t\t<\/div>\n\t\t\t\t<\/div>\n\t\t<div class=\"elementor-element elementor-element-a1a9fc7 e-flex e-con-boxed e-con e-parent\" data-id=\"a1a9fc7\" data-element_type=\"container\">\n\t\t\t\t\t<div class=\"e-con-inner\">\n\t\t<div class=\"elementor-element elementor-element-b35bf67 e-con-full e-flex e-con e-child\" data-id=\"b35bf67\" data-element_type=\"container\">\n\t\t<div class=\"elementor-element elementor-element-2e29e5e e-con-full e-flex e-con e-child\" data-id=\"2e29e5e\" data-element_type=\"container\">\n\t\t\t\t<div class=\"elementor-element elementor-element-8422dc1 elementor-widget elementor-widget-heading\" data-id=\"8422dc1\" data-element_type=\"widget\" data-widget_type=\"heading.default\">\n\t\t\t\t\t<h3 class=\"elementor-heading-title elementor-size-default\">Inspe\u00e7\u00e3o de Materiais Recebidos<\/h3>\t\t\t\t<\/div>\n\t\t\t\t<div class=\"elementor-element elementor-element-d84a28f elementor-widget elementor-widget-text-editor\" data-id=\"d84a28f\" data-element_type=\"widget\" data-widget_type=\"text-editor.default\">\n\t\t\t\t\t\t\t\t\t<p>Dispomos de um sistema de controle de qualidade rigoroso e abrangente para a fabrica\u00e7\u00e3o de bicicletas el\u00e9tricas, cobrindo todas as etapas da produ\u00e7\u00e3o \u2014 desde a aquisi\u00e7\u00e3o das mat\u00e9rias-primas at\u00e9 a inspe\u00e7\u00e3o do produto final. Assim que as pe\u00e7as chegam ao armaz\u00e9m, o inspetor inicia a verifica\u00e7\u00e3o dos materiais recebidos. Nesta etapa, o n\u00famero de amostras a serem inspecionadas n\u00e3o deve ser excessivamente reduzido, a fim de evitar impactos significativos no processo produtivo. O inspetor rejeitar\u00e1 os produtos que n\u00e3o estiverem em conformidade com as normas t\u00e9cnicas pertinentes, garantindo que cada pe\u00e7a utilizada na produ\u00e7\u00e3o seja um componente qualificado.  <\/p>\t\t\t\t\t\t\t\t<\/div>\n\t\t\t\t<\/div>\n\t\t<div class=\"elementor-element elementor-element-698fcab e-con-full e-flex e-con e-child\" data-id=\"698fcab\" data-element_type=\"container\" data-settings=\"{&quot;background_background&quot;:&quot;classic&quot;}\">\n\t\t\t\t<div class=\"elementor-element elementor-element-ba04c1c elementor-widget elementor-widget-image\" data-id=\"ba04c1c\" data-element_type=\"widget\" data-widget_type=\"image.default\">\n\t\t\t\t\t\t\t\t\t\t\t\t\t\t\t<img fetchpriority=\"high\" decoding=\"async\" width=\"818\" height=\"623\" src=\"https:\/\/bodo-electricbicycles.com\/wp-content\/uploads\/2026\/02\/ScreenShot_2026-02-26_164658_694.png\" class=\"attachment-full size-full wp-image-1621\" alt=\"Controle de qualidade na fabrica\u00e7\u00e3o de bicicletas el\u00e9tricas\" srcset=\"https:\/\/bodo-electricbicycles.com\/wp-content\/uploads\/2026\/02\/ScreenShot_2026-02-26_164658_694.png 818w, https:\/\/bodo-electricbicycles.com\/wp-content\/uploads\/2026\/02\/ScreenShot_2026-02-26_164658_694-600x457.png 600w, https:\/\/bodo-electricbicycles.com\/wp-content\/uploads\/2026\/02\/ScreenShot_2026-02-26_164658_694-300x228.png 300w, https:\/\/bodo-electricbicycles.com\/wp-content\/uploads\/2026\/02\/ScreenShot_2026-02-26_164658_694-768x585.png 768w\" sizes=\"(max-width: 818px) 100vw, 818px\" title=\"\">\t\t\t\t\t\t\t\t\t\t\t\t\t\t\t<\/div>\n\t\t\t\t<\/div>\n\t\t\t\t<\/div>\n\t\t\t\t\t<\/div>\n\t\t\t\t<\/div>\n\t\t<div class=\"elementor-element elementor-element-930ffa1 e-flex e-con-boxed e-con e-parent\" data-id=\"930ffa1\" data-element_type=\"container\">\n\t\t\t\t\t<div class=\"e-con-inner\">\n\t\t<div class=\"elementor-element elementor-element-9d8a306 e-con-full e-flex e-con e-child\" data-id=\"9d8a306\" data-element_type=\"container\">\n\t\t<div class=\"elementor-element elementor-element-5beae59 e-con-full e-flex e-con e-child\" data-id=\"5beae59\" data-element_type=\"container\">\n\t\t\t\t<div class=\"elementor-element elementor-element-d506a64 elementor-widget elementor-widget-heading\" data-id=\"d506a64\" data-element_type=\"widget\" data-widget_type=\"heading.default\">\n\t\t\t\t\t<h3 class=\"elementor-heading-title elementor-size-default\">Controle do Processo de Produ\u00e7\u00e3o<\/h3>\t\t\t\t<\/div>\n\t\t\t\t<div class=\"elementor-element elementor-element-b58d547 elementor-widget elementor-widget-text-editor\" data-id=\"b58d547\" data-element_type=\"widget\" data-widget_type=\"text-editor.default\">\n\t\t\t\t\t\t\t\t\t<p>Durante a montagem, nossa equipe profissional de controle de qualidade monitora rigorosamente cada etapa da produ\u00e7\u00e3o. Realizamos inspe\u00e7\u00f5es rigorosas em todas as fases para assegurar a total conformidade com as especifica\u00e7\u00f5es t\u00e9cnicas internacionais, os padr\u00f5es da ind\u00fastria e os requisitos dos clientes, garantindo um desempenho est\u00e1vel do produto e qualidade confi\u00e1vel para compradores globais. <\/p>\t\t\t\t\t\t\t\t<\/div>\n\t\t\t\t<\/div>\n\t\t<div class=\"elementor-element elementor-element-8adad99 e-con-full e-flex e-con e-child\" data-id=\"8adad99\" data-element_type=\"container\" data-settings=\"{&quot;background_background&quot;:&quot;classic&quot;}\">\n\t\t\t\t<\/div>\n\t\t\t\t<\/div>\n\t\t\t\t\t<\/div>\n\t\t\t\t<\/div>\n\t\t<div class=\"elementor-element elementor-element-bcf2447 e-flex e-con-boxed e-con e-parent\" data-id=\"bcf2447\" data-element_type=\"container\">\n\t\t\t\t\t<div class=\"e-con-inner\">\n\t\t<div class=\"elementor-element elementor-element-52c9fcb e-con-full e-flex e-con e-child\" data-id=\"52c9fcb\" data-element_type=\"container\">\n\t\t<div class=\"elementor-element elementor-element-250fdd7 e-con-full e-flex e-con e-child\" data-id=\"250fdd7\" data-element_type=\"container\">\n\t\t\t\t<div class=\"elementor-element elementor-element-753e013 elementor-widget elementor-widget-heading\" data-id=\"753e013\" data-element_type=\"widget\" data-widget_type=\"heading.default\">\n\t\t\t\t\t<h3 class=\"elementor-heading-title elementor-size-default\">Testes de Seguran\u00e7a El\u00e9trica e de Baterias<\/h3>\t\t\t\t<\/div>\n\t\t\t\t<div class=\"elementor-element elementor-element-5e92c31 elementor-widget elementor-widget-text-editor\" data-id=\"5e92c31\" data-element_type=\"widget\" data-widget_type=\"text-editor.default\">\n\t\t\t\t\t\t\t\t\t<p>A seguran\u00e7a da bateria \u00e9 fundamental na fabrica\u00e7\u00e3o de bicicletas el\u00e9tricas. Realizamos diversos testes de seguran\u00e7a rigorosos em cada bateria antes do envio \u2014 incluindo testes de sobrecarga, curto-circuito e temperatura \u2014 garantindo total conformidade com as normas de seguran\u00e7a e um desempenho confi\u00e1vel para cada bicicleta el\u00e9trica que produzimos. <\/p>\t\t\t\t\t\t\t\t<\/div>\n\t\t\t\t<\/div>\n\t\t<div class=\"elementor-element elementor-element-41c1575 e-con-full e-flex e-con e-child\" data-id=\"41c1575\" data-element_type=\"container\" data-settings=\"{&quot;background_background&quot;:&quot;classic&quot;}\">\n\t\t\t\t<div class=\"elementor-element elementor-element-52c9628 elementor-widget elementor-widget-image\" data-id=\"52c9628\" data-element_type=\"widget\" data-widget_type=\"image.default\">\n\t\t\t\t\t\t\t\t\t\t\t\t\t\t\t<img decoding=\"async\" width=\"1255\" height=\"707\" src=\"https:\/\/bodo-electricbicycles.com\/wp-content\/uploads\/2026\/02\/ScreenShot_2026-02-25_155247_307.png\" class=\"attachment-full size-full wp-image-1623\" alt=\"Equipamentos de laborat\u00f3rio da f\u00e1brica BODO para testes de desempenho e seguran\u00e7a de ve\u00edculos el\u00e9tricos.\" srcset=\"https:\/\/bodo-electricbicycles.com\/wp-content\/uploads\/2026\/02\/ScreenShot_2026-02-25_155247_307.png 1255w, https:\/\/bodo-electricbicycles.com\/wp-content\/uploads\/2026\/02\/ScreenShot_2026-02-25_155247_307-600x338.png 600w, https:\/\/bodo-electricbicycles.com\/wp-content\/uploads\/2026\/02\/ScreenShot_2026-02-25_155247_307-300x169.png 300w, https:\/\/bodo-electricbicycles.com\/wp-content\/uploads\/2026\/02\/ScreenShot_2026-02-25_155247_307-1024x577.png 1024w, https:\/\/bodo-electricbicycles.com\/wp-content\/uploads\/2026\/02\/ScreenShot_2026-02-25_155247_307-768x433.png 768w\" sizes=\"(max-width: 1255px) 100vw, 1255px\" title=\"\">\t\t\t\t\t\t\t\t\t\t\t\t\t\t\t<\/div>\n\t\t\t\t<\/div>\n\t\t\t\t<\/div>\n\t\t\t\t\t<\/div>\n\t\t\t\t<\/div>\n\t\t<div class=\"elementor-element elementor-element-e9a57a2 e-flex e-con-boxed e-con e-parent\" data-id=\"e9a57a2\" data-element_type=\"container\">\n\t\t\t\t\t<div class=\"e-con-inner\">\n\t\t<div class=\"elementor-element elementor-element-1f4fb00 e-con-full e-flex e-con e-child\" data-id=\"1f4fb00\" data-element_type=\"container\">\n\t\t<div class=\"elementor-element elementor-element-3ed71be e-con-full e-flex e-con e-child\" data-id=\"3ed71be\" data-element_type=\"container\">\n\t\t\t\t<div class=\"elementor-element elementor-element-682c467 elementor-widget elementor-widget-heading\" data-id=\"682c467\" data-element_type=\"widget\" data-widget_type=\"heading.default\">\n\t\t\t\t\t<h3 class=\"elementor-heading-title elementor-size-default\">Inspe\u00e7\u00e3o Final Antes do Embarque<\/h3>\t\t\t\t<\/div>\n\t\t\t\t<div class=\"elementor-element elementor-element-23e80de elementor-widget elementor-widget-text-editor\" data-id=\"23e80de\" data-element_type=\"widget\" data-widget_type=\"text-editor.default\">\n\t\t\t\t\t\t\t\t\t<p>Toda bicicleta el\u00e9trica passa por uma rigorosa inspe\u00e7\u00e3o final antes da embalagem e do envio. Nossa equipe de Controle de Qualidade verifica minuciosamente o desempenho, os componentes e a apar\u00eancia para garantir um funcionamento impec\u00e1vel, qualidade confi\u00e1vel e total conformidade com os padr\u00f5es internacionais para clientes em todo o mundo. <\/p>\t\t\t\t\t\t\t\t<\/div>\n\t\t\t\t<\/div>\n\t\t<div class=\"elementor-element elementor-element-2e8a830 e-con-full e-flex e-con e-child\" data-id=\"2e8a830\" data-element_type=\"container\" data-settings=\"{&quot;background_background&quot;:&quot;classic&quot;}\">\n\t\t\t\t<\/div>\n\t\t\t\t<\/div>\n\t\t\t\t\t<\/div>\n\t\t\t\t<\/div>\n\t\t<div class=\"elementor-element elementor-element-28601fd e-flex e-con-boxed e-con e-parent\" data-id=\"28601fd\" data-element_type=\"container\">\n\t\t\t\t\t<div class=\"e-con-inner\">\n\t\t\t\t<div class=\"elementor-element elementor-element-1192e78 elementor-view-default elementor-widget elementor-widget-icon\" data-id=\"1192e78\" data-element_type=\"widget\" data-widget_type=\"icon.default\">\n\t\t\t\t\t\t\t<div class=\"elementor-icon-wrapper\">\n\t\t\t<div class=\"elementor-icon\">\n\t\t\t<svg aria-hidden=\"true\" class=\"e-font-icon-svg e-fas-angle-down\" viewBox=\"0 0 320 512\" xmlns=\"http:\/\/www.w3.org\/2000\/svg\"><path d=\"M143 352.3L7 216.3c-9.4-9.4-9.4-24.6 0-33.9l22.6-22.6c9.4-9.4 24.6-9.4 33.9 0l96.4 96.4 96.4-96.4c9.4-9.4 24.6-9.4 33.9 0l22.6 22.6c9.4 9.4 9.4 24.6 0 33.9l-136 136c-9.2 9.4-24.4 9.4-33.8 0z\"><\/path><\/svg>\t\t\t<\/div>\n\t\t<\/div>\n\t\t\t\t\t\t<\/div>\n\t\t\t\t<div class=\"elementor-element elementor-element-75ae28c elementor-widget elementor-widget-text-editor\" data-id=\"75ae28c\" data-element_type=\"widget\" data-widget_type=\"text-editor.default\">\n\t\t\t\t\t\t\t\t\t<p>Nosso sistema consolidado de controle de qualidade na fabrica\u00e7\u00e3o de bicicletas el\u00e9tricas \u00e9 o pilar de nossas parcerias de longo prazo com marcas globais. Saiba mais sobre a hist\u00f3ria e os valores da nossa empresa <a href=\"https:\/\/bodo-electricbicycles.com\/pt-br\/sobre-nos\/\" target=\"_blank\" rel=\"noopener\">na p\u00e1gina &#8220;Sobre N\u00f3s&#8221;.<\/a> <\/p>\t\t\t\t\t\t\t\t<\/div>\n\t\t\t\t\t<\/div>\n\t\t\t\t<\/div>\n\t\t<div class=\"elementor-element elementor-element-f5716b4 e-flex e-con-boxed e-con e-parent\" data-id=\"f5716b4\" data-element_type=\"container\" data-settings=\"{&quot;background_background&quot;:&quot;classic&quot;}\">\n\t\t\t\t\t<div class=\"e-con-inner\">\n\t\t<div class=\"elementor-element elementor-element-857e159 e-con-full e-flex e-con e-child\" data-id=\"857e159\" data-element_type=\"container\" data-settings=\"{&quot;background_background&quot;:&quot;classic&quot;}\">\n\t\t\t\t<div class=\"elementor-element elementor-element-8d43aff elementor-widget elementor-widget-heading\" data-id=\"8d43aff\" data-element_type=\"widget\" data-widget_type=\"heading.default\">\n\t\t\t\t\t<h1 class=\"elementor-heading-title elementor-size-default\">Fa\u00e7a parceria com um fabricante OEM confi\u00e1vel de bicicletas el\u00e9tricas.<\/h1>\t\t\t\t<\/div>\n\t\t\t\t<\/div>\n\t\t\t\t\t<\/div>\n\t\t\t\t<\/div>\n\t\t<div class=\"elementor-element elementor-element-344ee27 e-flex e-con-boxed e-con e-parent\" data-id=\"344ee27\" data-element_type=\"container\" data-settings=\"{&quot;background_background&quot;:&quot;classic&quot;}\">\n\t\t\t\t\t<div class=\"e-con-inner\">\n\t\t<div class=\"elementor-element elementor-element-7ae1d3c e-con-full e-flex e-con e-child\" data-id=\"7ae1d3c\" data-element_type=\"container\" data-settings=\"{&quot;background_background&quot;:&quot;classic&quot;}\">\n\t\t<div class=\"elementor-element elementor-element-3823a62 e-con-full e-flex e-con e-child\" data-id=\"3823a62\" data-element_type=\"container\" data-settings=\"{&quot;background_background&quot;:&quot;classic&quot;}\">\n\t\t\t\t<div class=\"elementor-element elementor-element-e1eddad elementor-widget elementor-widget-heading\" data-id=\"e1eddad\" data-element_type=\"widget\" data-widget_type=\"heading.default\">\n\t\t\t\t\t<h4 class=\"elementor-heading-title elementor-size-default\">Entre em contato hoje mesmo com nossa equipe profissional de Controle de Qualidade para discutir seu projeto de e-bike OEM.<\/h4>\t\t\t\t<\/div>\n\t\t\t\t<\/div>\n\t\t<div class=\"elementor-element elementor-element-27a938f e-con-full e-flex e-con e-child\" data-id=\"27a938f\" data-element_type=\"container\" data-settings=\"{&quot;background_background&quot;:&quot;classic&quot;}\">\n\t\t\t\t<div class=\"elementor-element elementor-element-0b29339 elementor-align-center elementor-invisible elementor-widget elementor-widget-button\" data-id=\"0b29339\" data-element_type=\"widget\" data-settings=\"{&quot;_animation&quot;:&quot;zoomIn&quot;}\" data-widget_type=\"button.default\">\n\t\t\t\t\t\t\t\t\t\t<a class=\"elementor-button elementor-button-link elementor-size-sm\" href=\"#elementor-action%3Aaction%3Dpopup%3Aopen%26settings%3DeyJpZCI6MTY2MywidG9nZ2xlIjpmYWxzZX0%3D\">\n\t\t\t\t\t\t<span class=\"elementor-button-content-wrapper\">\n\t\t\t\t\t\t<span class=\"elementor-button-icon\">\n\t\t\t\t<svg aria-hidden=\"true\" class=\"e-font-icon-svg e-fas-arrow-right\" viewBox=\"0 0 448 512\" xmlns=\"http:\/\/www.w3.org\/2000\/svg\"><path d=\"M190.5 66.9l22.2-22.2c9.4-9.4 24.6-9.4 33.9 0L441 239c9.4 9.4 9.4 24.6 0 33.9L246.6 467.3c-9.4 9.4-24.6 9.4-33.9 0l-22.2-22.2c-9.5-9.5-9.3-25 .4-34.3L311.4 296H24c-13.3 0-24-10.7-24-24v-32c0-13.3 10.7-24 24-24h287.4L190.9 101.2c-9.8-9.3-10-24.8-.4-34.3z\"><\/path><\/svg>\t\t\t<\/span>\n\t\t\t\t\t\t\t\t\t<span class=\"elementor-button-text\">Entre em contato com nossa equipe de Controle de Qualidade.<\/span>\n\t\t\t\t\t<\/span>\n\t\t\t\t\t<\/a>\n\t\t\t\t\t\t\t\t<\/div>\n\t\t\t\t<\/div>\n\t\t\t\t<\/div>\n\t\t\t\t\t<\/div>\n\t\t\t\t<\/div>\n\t\t\t\t<\/div>\n\t\t","protected":false},"excerpt":{"rendered":"<p>Controle de qualidade Nossa Filosofia de Qualidade A qualidade \u00e9 o alicerce da coopera\u00e7\u00e3o de longo prazo.Acreditamos que um rigoroso [&hellip;]<\/p>\n","protected":false},"author":1,"featured_media":0,"parent":0,"menu_order":0,"comment_status":"closed","ping_status":"closed","template":"elementor_header_footer","meta":{"site-sidebar-layout":"no-sidebar","site-content-layout":"","ast-site-content-layout":"full-width-container","site-content-style":"default","site-sidebar-style":"default","ast-global-header-display":"","ast-banner-title-visibility":"","ast-main-header-display":"","ast-hfb-above-header-display":"","ast-hfb-below-header-display":"","ast-hfb-mobile-header-display":"","site-post-title":"disabled","ast-breadcrumbs-content":"","ast-featured-img":"disabled","footer-sml-layout":"","ast-disable-related-posts":"","theme-transparent-header-meta":"","adv-header-id-meta":"","stick-header-meta":"","header-above-stick-meta":"","header-main-stick-meta":"","header-below-stick-meta":"","astra-migrate-meta-layouts":"default","ast-page-background-enabled":"default","ast-page-background-meta":{"desktop":{"background-color":"var(--ast-global-color-5)","background-image":"","background-repeat":"repeat","background-position":"center center","background-size":"auto","background-attachment":"scroll","background-type":"","background-media":"","overlay-type":"","overlay-color":"","overlay-opacity":"","overlay-gradient":""},"tablet":{"background-color":"","background-image":"","background-repeat":"repeat","background-position":"center center","background-size":"auto","background-attachment":"scroll","background-type":"","background-media":"","overlay-type":"","overlay-color":"","overlay-opacity":"","overlay-gradient":""},"mobile":{"background-color":"","background-image":"","background-repeat":"repeat","background-position":"center center","background-size":"auto","background-attachment":"scroll","background-type":"","background-media":"","overlay-type":"","overlay-color":"","overlay-opacity":"","overlay-gradient":""}},"ast-content-background-meta":{"desktop":{"background-color":"var(--ast-global-color-4)","background-image":"","background-repeat":"repeat","background-position":"center center","background-size":"auto","background-attachment":"scroll","background-type":"","background-media":"","overlay-type":"","overlay-color":"","overlay-opacity":"","overlay-gradient":""},"tablet":{"background-color":"var(--ast-global-color-4)","background-image":"","background-repeat":"repeat","background-position":"center center","background-size":"auto","background-attachment":"scroll","background-type":"","background-media":"","overlay-type":"","overlay-color":"","overlay-opacity":"","overlay-gradient":""},"mobile":{"background-color":"var(--ast-global-color-4)","background-image":"","background-repeat":"repeat","background-position":"center center","background-size":"auto","background-attachment":"scroll","background-type":"","background-media":"","overlay-type":"","overlay-color":"","overlay-opacity":"","overlay-gradient":""}},"footnotes":""},"class_list":["post-1626","page","type-page","status-publish","hentry"],"_links":{"self":[{"href":"https:\/\/bodo-electricbicycles.com\/pt-br\/wp-json\/wp\/v2\/pages\/1626","targetHints":{"allow":["GET"]}}],"collection":[{"href":"https:\/\/bodo-electricbicycles.com\/pt-br\/wp-json\/wp\/v2\/pages"}],"about":[{"href":"https:\/\/bodo-electricbicycles.com\/pt-br\/wp-json\/wp\/v2\/types\/page"}],"author":[{"embeddable":true,"href":"https:\/\/bodo-electricbicycles.com\/pt-br\/wp-json\/wp\/v2\/users\/1"}],"replies":[{"embeddable":true,"href":"https:\/\/bodo-electricbicycles.com\/pt-br\/wp-json\/wp\/v2\/comments?post=1626"}],"version-history":[{"count":1,"href":"https:\/\/bodo-electricbicycles.com\/pt-br\/wp-json\/wp\/v2\/pages\/1626\/revisions"}],"predecessor-version":[{"id":1628,"href":"https:\/\/bodo-electricbicycles.com\/pt-br\/wp-json\/wp\/v2\/pages\/1626\/revisions\/1628"}],"wp:attachment":[{"href":"https:\/\/bodo-electricbicycles.com\/pt-br\/wp-json\/wp\/v2\/media?parent=1626"}],"curies":[{"name":"wp","href":"https:\/\/api.w.org\/{rel}","templated":true}]}}