{"id":1631,"date":"2026-02-06T17:08:34","date_gmt":"2026-02-06T09:08:34","guid":{"rendered":"https:\/\/bodo-electricbicycles.com\/servicos\/"},"modified":"2026-04-06T19:38:14","modified_gmt":"2026-04-06T11:38:14","slug":"servicos","status":"publish","type":"page","link":"https:\/\/bodo-electricbicycles.com\/pt-br\/servicos\/","title":{"rendered":"Servi\u00e7os"},"content":{"rendered":"\t\t<div data-elementor-type=\"wp-page\" data-elementor-id=\"1631\" class=\"elementor elementor-1631 elementor-78\" data-elementor-post-type=\"page\">\n\t\t\t\t<div class=\"elementor-element elementor-element-66dbd65a e-con-full e-flex e-con e-parent\" data-id=\"66dbd65a\" data-element_type=\"container\" data-settings=\"{&quot;background_background&quot;:&quot;classic&quot;}\">\n\t\t\t\t<div class=\"elementor-element elementor-element-1a0697c6 elementor-widget elementor-widget-heading\" data-id=\"1a0697c6\" data-element_type=\"widget\" data-widget_type=\"heading.default\">\n\t\t\t\t\t<h2 class=\"elementor-heading-title elementor-size-default\">Servi\u00e7o de P\u00f3s-venda<\/h2>\t\t\t\t<\/div>\n\t\t\t\t<\/div>\n\t\t<div class=\"elementor-element elementor-element-3533b3a5 e-flex e-con-boxed e-con e-parent\" data-id=\"3533b3a5\" data-element_type=\"container\">\n\t\t\t\t\t<div class=\"e-con-inner\">\n\t\t\t\t<div class=\"elementor-element elementor-element-1e44bbb7 elementor-widget elementor-widget-heading\" data-id=\"1e44bbb7\" data-element_type=\"widget\" data-widget_type=\"heading.default\">\n\t\t\t\t\t<h1 class=\"elementor-heading-title elementor-size-default\">Servi\u00e7o de P\u00f3s-Venda e Suporte para Bicicletas El\u00e9tricas<\/h1>\t\t\t\t<\/div>\n\t\t\t\t<div class=\"elementor-element elementor-element-78082124 elementor-widget elementor-widget-heading\" data-id=\"78082124\" data-element_type=\"widget\" data-widget_type=\"heading.default\">\n\t\t\t\t\t<h2 class=\"elementor-heading-title elementor-size-default\">Suporte Confi\u00e1vel para Parceiros OEM Globais<\/h2>\t\t\t\t<\/div>\n\t\t\t\t<div class=\"elementor-element elementor-element-b27995 elementor-widget elementor-widget-text-editor\" data-id=\"b27995\" data-element_type=\"widget\" data-widget_type=\"text-editor.default\">\n\t\t\t\t\t\t\t\t\t<p>Os abrangentes servi\u00e7os globais de suporte a parceiros da BODO, voltados para bicicletas el\u00e9tricas, foram desenvolvidos para auxiliar nossos distribuidores e parceiros de marca a construir e expandir seus neg\u00f3cios de e-mobilidade nos mercados locais. Vamos al\u00e9m da simples fabrica\u00e7\u00e3o, oferecendo suporte de ponta a ponta para ajud\u00e1-lo a reduzir atritos operacionais, melhorar a satisfa\u00e7\u00e3o do cliente e aumentar as vendas. <\/p>\t\t\t\t\t\t\t\t<\/div>\n\t\t\t\t<div class=\"elementor-element elementor-element-d67d840 elementor-align-center elementor-widget elementor-widget-button\" data-id=\"d67d840\" data-element_type=\"widget\" data-widget_type=\"button.default\">\n\t\t\t\t\t\t\t\t\t\t<a class=\"elementor-button elementor-button-link elementor-size-sm\" href=\"#elementor-action%3Aaction%3Dpopup%3Aopen%26settings%3DeyJpZCI6MTY2MywidG9nZ2xlIjpmYWxzZX0%3D\">\n\t\t\t\t\t\t<span class=\"elementor-button-content-wrapper\">\n\t\t\t\t\t\t\t\t\t<span class=\"elementor-button-text\">Entre em contato com a equipe de suporte<\/span>\n\t\t\t\t\t<\/span>\n\t\t\t\t\t<\/a>\n\t\t\t\t\t\t\t\t<\/div>\n\t\t\t\t\t<\/div>\n\t\t\t\t<\/div>\n\t\t<div class=\"elementor-element elementor-element-7e8a963 e-flex e-con-boxed e-con e-parent\" data-id=\"7e8a963\" data-element_type=\"container\">\n\t\t\t\t\t<div class=\"e-con-inner\">\n\t\t\t\t<div class=\"elementor-element elementor-element-3a55335d elementor-widget elementor-widget-text-editor\" data-id=\"3a55335d\" data-element_type=\"widget\" data-widget_type=\"text-editor.default\">\n\t\t\t\t\t\t\t\t\t<p>Compreendemos que um suporte p\u00f3s-venda confi\u00e1vel \u00e9 essencial para a reputa\u00e7\u00e3o da marca e para a satisfa\u00e7\u00e3o do cliente.<br data-start=\"1534\" data-end=\"1537\">Nossa equipe oferece resposta r\u00e1pida, orienta\u00e7\u00e3o t\u00e9cnica e fornecimento de pe\u00e7as de reposi\u00e7\u00e3o aos nossos parceiros globais.<\/p>\t\t\t\t\t\t\t\t<\/div>\n\t\t\t\t<div class=\"elementor-element elementor-element-bc4d2fd elementor-widget elementor-widget-image\" data-id=\"bc4d2fd\" data-element_type=\"widget\" data-widget_type=\"image.default\">\n\t\t\t\t\t\t\t\t\t\t\t\t\t\t\t<img fetchpriority=\"high\" decoding=\"async\" width=\"632\" height=\"387\" src=\"https:\/\/bodo-electricbicycles.com\/wp-content\/uploads\/2026\/03\/ScreenShot_2026-02-26_195819_040.png\" class=\"attachment-large size-large wp-image-1629\" alt=\"Servi\u00e7os de suporte a parceiros globais de bicicletas el\u00e9tricas\" srcset=\"https:\/\/bodo-electricbicycles.com\/wp-content\/uploads\/2026\/03\/ScreenShot_2026-02-26_195819_040.png 632w, https:\/\/bodo-electricbicycles.com\/wp-content\/uploads\/2026\/03\/ScreenShot_2026-02-26_195819_040-600x367.png 600w, https:\/\/bodo-electricbicycles.com\/wp-content\/uploads\/2026\/03\/ScreenShot_2026-02-26_195819_040-300x184.png 300w\" sizes=\"(max-width: 632px) 100vw, 632px\" title=\"\">\t\t\t\t\t\t\t\t\t\t\t\t\t\t\t<\/div>\n\t\t\t\t\t<\/div>\n\t\t\t\t<\/div>\n\t\t<div class=\"elementor-element elementor-element-bef1162 e-flex e-con-boxed e-con e-parent\" data-id=\"bef1162\" data-element_type=\"container\">\n\t\t\t\t\t<div class=\"e-con-inner\">\n\t\t\t\t<div class=\"elementor-element elementor-element-4eb9448c elementor-widget elementor-widget-heading\" data-id=\"4eb9448c\" data-element_type=\"widget\" data-widget_type=\"heading.default\">\n\t\t\t\t\t<h3 class=\"elementor-heading-title elementor-size-default\">1. Treinamento de Revendedores<\/h3>\t\t\t\t<\/div>\n\t\t\t\t<div class=\"elementor-element elementor-element-1dadf4b elementor-widget elementor-widget-text-editor\" data-id=\"1dadf4b\" data-element_type=\"widget\" data-widget_type=\"text-editor.default\">\n\t\t\t\t\t\t\t\t\t<p>Forneceremos aos revendedores manuais de produtos, organizaremos regularmente sess\u00f5es de treinamento, transmitiremos conhecimentos t\u00e9cnicos sobre os produtos e m\u00e9todos de diagn\u00f3stico de ve\u00edculos, aprimoraremos as teorias e pr\u00e1ticas de gest\u00e3o dos revendedores e os auxiliaremos no desenvolvimento de suas compet\u00eancias pertinentes. Al\u00e9m disso, estimularemos o entusiasmo dos revendedores pela coopera\u00e7\u00e3o, os manteremos informados sobre a evolu\u00e7\u00e3o do setor de bicicletas el\u00e9tricas e colaboraremos com eles na promo\u00e7\u00e3o de grandes eventos, visando estabelecer uma s\u00f3lida alian\u00e7a estrat\u00e9gica entre os revendedores e a BODO, garantindo, assim, um crescimento cont\u00ednuo das vendas.<\/p>\t\t\t\t\t\t\t\t<\/div>\n\t\t\t\t\t<\/div>\n\t\t\t\t<\/div>\n\t\t<div class=\"elementor-element elementor-element-3cdc15f5 e-flex e-con-boxed e-con e-parent\" data-id=\"3cdc15f5\" data-element_type=\"container\">\n\t\t\t\t\t<div class=\"e-con-inner\">\n\t\t\t\t<div class=\"elementor-element elementor-element-5bfb4c9b elementor-widget elementor-widget-heading\" data-id=\"5bfb4c9b\" data-element_type=\"widget\" data-widget_type=\"heading.default\">\n\t\t\t\t\t<h3 class=\"elementor-heading-title elementor-size-default\">2. Servi\u00e7o de garantia<\/h3>\t\t\t\t<\/div>\n\t\t\t\t<div class=\"elementor-element elementor-element-9cd56d3 elementor-widget elementor-widget-text-editor\" data-id=\"9cd56d3\" data-element_type=\"widget\" data-widget_type=\"text-editor.default\">\n\t\t\t\t\t\t\t\t\t<p>Quando os revendedores adquirem bicicletas da BODO em grande volume, o servi\u00e7o de garantia \u00e9 registrado automaticamente. Nossas bicicletas s\u00e3o de qualidade excepcional e apresentam uma taxa de falha extremamente baixa. Bicicletas com problemas ser\u00e3o substitu\u00eddas gratuitamente; componentes essenciais ser\u00e3o substitu\u00eddos sem custo; e pe\u00e7as sujeitas a danos frequentes ser\u00e3o fornecidas aos revendedores tamb\u00e9m de forma gratuita. Para mais detalhes, por favor, consulte a pol\u00edtica de garantia. \u00c0 medida que nossa parceria com os revendedores se consolida, adotaremos medidas para monitorar o servi\u00e7o, visitaremos regularmente os revendedores para obter feedback em tempo h\u00e1bil e lhes ofereceremos um atendimento ainda melhor.    <\/p>\t\t\t\t\t\t\t\t<\/div>\n\t\t\t\t\t<\/div>\n\t\t\t\t<\/div>\n\t\t<div class=\"elementor-element elementor-element-604cd9e9 e-flex e-con-boxed e-con e-parent\" data-id=\"604cd9e9\" data-element_type=\"container\">\n\t\t\t\t\t<div class=\"e-con-inner\">\n\t\t\t\t<div class=\"elementor-element elementor-element-70477a76 elementor-widget elementor-widget-heading\" data-id=\"70477a76\" data-element_type=\"widget\" data-widget_type=\"heading.default\">\n\t\t\t\t\t<h3 class=\"elementor-heading-title elementor-size-default\">3. Guia de Montagem<\/h3>\t\t\t\t<\/div>\n\t\t\t\t<div class=\"elementor-element elementor-element-3e516c7f elementor-widget elementor-widget-text-editor\" data-id=\"3e516c7f\" data-element_type=\"widget\" data-widget_type=\"text-editor.default\">\n\t\t\t\t\t\t\t\t\t<p>Para revendedores que adquirem bicicletas completas, sua bicicleta chegar\u00e1 pr\u00e9-montada, com a maioria das pe\u00e7as j\u00e1 instaladas. Forneceremos ferramentas e v\u00eddeos de montagem, e nossas bicicletas podem ser montadas em apenas 20 minutos. <\/p><p>Para revendedores que adquirem pe\u00e7as para montagem, podemos fornecer v\u00eddeos detalhados de montagem de bicicletas, incluindo instru\u00e7\u00f5es passo a passo que s\u00e3o f\u00e1ceis de entender e podem ser seguidas sem a necessidade de um mec\u00e2nico para desmontar e montar a bicicleta.<\/p>\t\t\t\t\t\t\t\t<\/div>\n\t\t\t\t\t<\/div>\n\t\t\t\t<\/div>\n\t\t<div class=\"elementor-element elementor-element-fd60d3a e-flex e-con-boxed e-con e-parent\" data-id=\"fd60d3a\" data-element_type=\"container\">\n\t\t\t\t\t<div class=\"e-con-inner\">\n\t\t\t\t<div class=\"elementor-element elementor-element-74659844 elementor-widget elementor-widget-heading\" data-id=\"74659844\" data-element_type=\"widget\" data-widget_type=\"heading.default\">\n\t\t\t\t\t<h3 class=\"elementor-heading-title elementor-size-default\">4. Suporte T\u00e9cnico<\/h3>\t\t\t\t<\/div>\n\t\t\t\t<div class=\"elementor-element elementor-element-4afe0845 elementor-widget elementor-widget-text-editor\" data-id=\"4afe0845\" data-element_type=\"widget\" data-widget_type=\"text-editor.default\">\n\t\t\t\t\t\t\t\t\t<p>Nossa equipe profissional de engenharia oferece suporte t\u00e9cnico abrangente, incluindo orienta\u00e7\u00f5es detalhadas para a solu\u00e7\u00e3o de problemas, treinamentos de manuten\u00e7\u00e3o e solu\u00e7\u00f5es de p\u00f3s-venda. Garantimos a opera\u00e7\u00e3o est\u00e1vel e a confiabilidade a longo prazo de suas bicicletas el\u00e9tricas ao longo de toda a sua vida \u00fatil. <\/p>\t\t\t\t\t\t\t\t<\/div>\n\t\t\t\t\t<\/div>\n\t\t\t\t<\/div>\n\t\t<div class=\"elementor-element elementor-element-7d0ad6e5 e-flex e-con-boxed e-con e-parent\" data-id=\"7d0ad6e5\" data-element_type=\"container\">\n\t\t\t\t\t<div class=\"e-con-inner\">\n\t\t\t\t<div class=\"elementor-element elementor-element-5a43b55c elementor-widget elementor-widget-heading\" data-id=\"5a43b55c\" data-element_type=\"widget\" data-widget_type=\"heading.default\">\n\t\t\t\t\t<h3 class=\"elementor-heading-title elementor-size-default\">5. Fornecimento de Pe\u00e7as de Reposi\u00e7\u00e3o e Suporte \u00e0 Substitui\u00e7\u00e3o<\/h3>\t\t\t\t<\/div>\n\t\t\t\t<div class=\"elementor-element elementor-element-262a8328 elementor-widget elementor-widget-text-editor\" data-id=\"262a8328\" data-element_type=\"widget\" data-widget_type=\"text-editor.default\">\n\t\t\t\t\t\t\t\t\t<p>Oferecemos um fornecimento de pe\u00e7as de reposi\u00e7\u00e3o a longo prazo, incluindo motores, baterias, controladores, displays e componentes essenciais. Sempre que precisar de pe\u00e7as, podemos realizar a entrega com agilidade e fornecer orienta\u00e7\u00e3o t\u00e9cnica. Tamb\u00e9m inclu\u00edmos, em cada remessa, uma certa porcentagem de pe\u00e7as mais suscet\u00edveis a danos, permitindo que voc\u00ea solucione prontamente as quest\u00f5es rotineiras dos ve\u00edculos.  <\/p>\t\t\t\t\t\t\t\t<\/div>\n\t\t\t\t<div class=\"elementor-element elementor-element-569af65 elementor-widget elementor-widget-heading\" data-id=\"569af65\" data-element_type=\"widget\" data-widget_type=\"heading.default\">\n\t\t\t\t\t<h3 class=\"elementor-heading-title elementor-size-default\">Nossos servi\u00e7os globais de suporte a parceiros de bicicletas el\u00e9tricas abrangem quatro \u00e1reas fundamentais: suporte t\u00e9cnico e p\u00f3s-venda, cobertura de garantia oficial, recursos de marketing dedicados e solu\u00e7\u00f5es flex\u00edveis de cadeia de suprimentos. Cada servi\u00e7o \u00e9 adaptado \u00e0s necessidades exclusivas do seu mercado, quer voc\u00ea seja um pequeno distribuidor regional ou uma grande marca global com opera\u00e7\u00f5es em m\u00faltiplos pa\u00edses. <\/h3>\t\t\t\t<\/div>\n\t\t\t\t<div class=\"elementor-element elementor-element-483152c elementor-view-default elementor-widget elementor-widget-icon\" data-id=\"483152c\" data-element_type=\"widget\" data-widget_type=\"icon.default\">\n\t\t\t\t\t\t\t<div class=\"elementor-icon-wrapper\">\n\t\t\t<a class=\"elementor-icon\" href=\"https:\/\/bodo-electricbicycles.com\/pt-br\/politica-de-garantia\/\">\n\t\t\t<svg aria-hidden=\"true\" class=\"e-font-icon-svg e-fas-angle-down\" viewBox=\"0 0 320 512\" xmlns=\"http:\/\/www.w3.org\/2000\/svg\"><path d=\"M143 352.3L7 216.3c-9.4-9.4-9.4-24.6 0-33.9l22.6-22.6c9.4-9.4 24.6-9.4 33.9 0l96.4 96.4 96.4-96.4c9.4-9.4 24.6-9.4 33.9 0l22.6 22.6c9.4 9.4 9.4 24.6 0 33.9l-136 136c-9.2 9.4-24.4 9.4-33.8 0z\"><\/path><\/svg>\t\t\t<\/a>\n\t\t<\/div>\n\t\t\t\t\t\t<\/div>\n\t\t\t\t\t<\/div>\n\t\t\t\t<\/div>\n\t\t<div class=\"elementor-element elementor-element-b80d2bd e-flex e-con-boxed e-con e-parent\" data-id=\"b80d2bd\" data-element_type=\"container\" data-settings=\"{&quot;background_background&quot;:&quot;classic&quot;}\">\n\t\t\t\t\t<div class=\"e-con-inner\">\n\t\t\t\t<div class=\"elementor-element elementor-element-7481382 elementor-widget elementor-widget-text-editor\" data-id=\"7481382\" data-element_type=\"widget\" data-widget_type=\"text-editor.default\">\n\t\t\t\t\t\t\t\t\t<p>Para informa\u00e7\u00f5es detalhadas sobre nosso suporte ao cliente p\u00f3s-compra, visite nossa p\u00e1gina dedicada de suporte t\u00e9cnico <a href=\"https:\/\/bodo-electricbicycles.com\/pt-br\/politica-de-garantia\/\" target=\"_blank\" rel=\"noopener\">p\u00f3s-venda.<\/a><\/p>\t\t\t\t\t\t\t\t<\/div>\n\t\t\t\t\t<\/div>\n\t\t\t\t<\/div>\n\t\t\t\t<\/div>\n\t\t","protected":false},"excerpt":{"rendered":"<p>Servi\u00e7o de P\u00f3s-venda Servi\u00e7o de P\u00f3s-Venda e Suporte para Bicicletas El\u00e9tricas Suporte Confi\u00e1vel para Parceiros OEM Globais Os abrangentes servi\u00e7os [&hellip;]<\/p>\n","protected":false},"author":1,"featured_media":0,"parent":0,"menu_order":0,"comment_status":"closed","ping_status":"closed","template":"elementor_header_footer","meta":{"site-sidebar-layout":"no-sidebar","site-content-layout":"","ast-site-content-layout":"full-width-container","site-content-style":"default","site-sidebar-style":"default","ast-global-header-display":"","ast-banner-title-visibility":"","ast-main-header-display":"","ast-hfb-above-header-display":"","ast-hfb-below-header-display":"","ast-hfb-mobile-header-display":"","site-post-title":"disabled","ast-breadcrumbs-content":"","ast-featured-img":"disabled","footer-sml-layout":"","ast-disable-related-posts":"","theme-transparent-header-meta":"","adv-header-id-meta":"","stick-header-meta":"","header-above-stick-meta":"","header-main-stick-meta":"","header-below-stick-meta":"","astra-migrate-meta-layouts":"default","ast-page-background-enabled":"default","ast-page-background-meta":{"desktop":{"background-color":"var(--ast-global-color-5)","background-image":"","background-repeat":"repeat","background-position":"center center","background-size":"auto","background-attachment":"scroll","background-type":"","background-media":"","overlay-type":"","overlay-color":"","overlay-opacity":"","overlay-gradient":""},"tablet":{"background-color":"","background-image":"","background-repeat":"repeat","background-position":"center center","background-size":"auto","background-attachment":"scroll","background-type":"","background-media":"","overlay-type":"","overlay-color":"","overlay-opacity":"","overlay-gradient":""},"mobile":{"background-color":"","background-image":"","background-repeat":"repeat","background-position":"center center","background-size":"auto","background-attachment":"scroll","background-type":"","background-media":"","overlay-type":"","overlay-color":"","overlay-opacity":"","overlay-gradient":""}},"ast-content-background-meta":{"desktop":{"background-color":"var(--ast-global-color-4)","background-image":"","background-repeat":"repeat","background-position":"center center","background-size":"auto","background-attachment":"scroll","background-type":"","background-media":"","overlay-type":"","overlay-color":"","overlay-opacity":"","overlay-gradient":""},"tablet":{"background-color":"var(--ast-global-color-4)","background-image":"","background-repeat":"repeat","background-position":"center center","background-size":"auto","background-attachment":"scroll","background-type":"","background-media":"","overlay-type":"","overlay-color":"","overlay-opacity":"","overlay-gradient":""},"mobile":{"background-color":"var(--ast-global-color-4)","background-image":"","background-repeat":"repeat","background-position":"center center","background-size":"auto","background-attachment":"scroll","background-type":"","background-media":"","overlay-type":"","overlay-color":"","overlay-opacity":"","overlay-gradient":""}},"footnotes":""},"class_list":["post-1631","page","type-page","status-publish","hentry"],"_links":{"self":[{"href":"https:\/\/bodo-electricbicycles.com\/pt-br\/wp-json\/wp\/v2\/pages\/1631","targetHints":{"allow":["GET"]}}],"collection":[{"href":"https:\/\/bodo-electricbicycles.com\/pt-br\/wp-json\/wp\/v2\/pages"}],"about":[{"href":"https:\/\/bodo-electricbicycles.com\/pt-br\/wp-json\/wp\/v2\/types\/page"}],"author":[{"embeddable":true,"href":"https:\/\/bodo-electricbicycles.com\/pt-br\/wp-json\/wp\/v2\/users\/1"}],"replies":[{"embeddable":true,"href":"https:\/\/bodo-electricbicycles.com\/pt-br\/wp-json\/wp\/v2\/comments?post=1631"}],"version-history":[{"count":3,"href":"https:\/\/bodo-electricbicycles.com\/pt-br\/wp-json\/wp\/v2\/pages\/1631\/revisions"}],"predecessor-version":[{"id":1638,"href":"https:\/\/bodo-electricbicycles.com\/pt-br\/wp-json\/wp\/v2\/pages\/1631\/revisions\/1638"}],"wp:attachment":[{"href":"https:\/\/bodo-electricbicycles.com\/pt-br\/wp-json\/wp\/v2\/media?parent=1631"}],"curies":[{"name":"wp","href":"https:\/\/api.w.org\/{rel}","templated":true}]}}