{"id":1670,"date":"2026-04-02T18:19:46","date_gmt":"2026-04-02T10:19:46","guid":{"rendered":"https:\/\/bodo-electricbicycles.com\/product\/triciclo-eletrico-bodo-sc05\/"},"modified":"2026-04-02T18:19:46","modified_gmt":"2026-04-02T10:19:46","slug":"triciclo-eletrico-bodo-sc05","status":"publish","type":"product","link":"https:\/\/bodo-electricbicycles.com\/pt-br\/product\/triciclo-eletrico-bodo-sc05\/","title":{"rendered":"Triciclo El\u00e9trico BODO-SC05"},"content":{"rendered":"<p>O BODO-SC05 \u00e9 um triciclo el\u00e9trico fechado de alto padr\u00e3o, projetado para o transporte familiar confort\u00e1vel, a mobilidade urbana e deslocamentos de curta dist\u00e2ncia. Com dimens\u00f5es de 2130\u00d7910\u00d71690 mm, o ve\u00edculo apresenta uma cabine totalmente fechada, um layout espa\u00e7oso de dois assentos e um chassi est\u00e1vel de tr\u00eas rodas, oferecendo prote\u00e7\u00e3o contra as intemp\u00e9ries e uma condu\u00e7\u00e3o suave. Equipado com pneus dianteiros e traseiros de medida 3.00-8 e freios a tambor nas duas rodas, o modelo assegura tra\u00e7\u00e3o confi\u00e1vel e uma frenagem segura e controlada. Impulsionado por um motor de 650 W de pot\u00eancia nominal, atinge uma velocidade m\u00e1xima de 35 km\/h, equilibrando efici\u00eancia e seguran\u00e7a para o uso di\u00e1rio. O ve\u00edculo \u00e9 compat\u00edvel com baterias de chumbo-\u00e1cido de 60 V\/72 V e 20-32 Ah, oferecendo op\u00e7\u00f5es flex\u00edveis de autonomia para passeios em fam\u00edlia, realiza\u00e7\u00e3o de tarefas e deslocamentos urbanos. Sua constru\u00e7\u00e3o robusta e design intuitivo o tornam a escolha ideal tanto para a mobilidade familiar quanto para o transporte pessoal.     <\/p>\n","protected":false},"excerpt":{"rendered":"<p>O BODO-SC05 \u00e9 um triciclo el\u00e9trico fechado de alto padr\u00e3o, projetado para o transporte familiar confort\u00e1vel, a mobilidade urbana e [&hellip;]<\/p>\n","protected":false},"featured_media":1669,"template":"","meta":{"site-sidebar-layout":"default","site-content-layout":"","ast-site-content-layout":"default","site-content-style":"default","site-sidebar-style":"default","ast-global-header-display":"","ast-banner-title-visibility":"","ast-main-header-display":"","ast-hfb-above-header-display":"","ast-hfb-below-header-display":"","ast-hfb-mobile-header-display":"","site-post-title":"","ast-breadcrumbs-content":"","ast-featured-img":"","footer-sml-layout":"","ast-disable-related-posts":"","theme-transparent-header-meta":"default","adv-header-id-meta":"","stick-header-meta":"","header-above-stick-meta":"","header-main-stick-meta":"","header-below-stick-meta":"","astra-migrate-meta-layouts":"default","ast-page-background-enabled":"default","ast-page-background-meta":{"desktop":{"background-color":"var(--ast-global-color-5)","background-image":"","background-repeat":"repeat","background-position":"center center","background-size":"auto","background-attachment":"scroll","background-type":"","background-media":"","overlay-type":"","overlay-color":"","overlay-opacity":"","overlay-gradient":""},"tablet":{"background-color":"","background-image":"","background-repeat":"repeat","background-position":"center center","background-size":"auto","background-attachment":"scroll","background-type":"","background-media":"","overlay-type":"","overlay-color":"","overlay-opacity":"","overlay-gradient":""},"mobile":{"background-color":"","background-image":"","background-repeat":"repeat","background-position":"center center","background-size":"auto","background-attachment":"scroll","background-type":"","background-media":"","overlay-type":"","overlay-color":"","overlay-opacity":"","overlay-gradient":""}},"ast-content-background-meta":{"desktop":{"background-color":"var(--ast-global-color-4)","background-image":"","background-repeat":"repeat","background-position":"center center","background-size":"auto","background-attachment":"scroll","background-type":"","background-media":"","overlay-type":"","overlay-color":"","overlay-opacity":"","overlay-gradient":""},"tablet":{"background-color":"var(--ast-global-color-4)","background-image":"","background-repeat":"repeat","background-position":"center center","background-size":"auto","background-attachment":"scroll","background-type":"","background-media":"","overlay-type":"","overlay-color":"","overlay-opacity":"","overlay-gradient":""},"mobile":{"background-color":"var(--ast-global-color-4)","background-image":"","background-repeat":"repeat","background-position":"center center","background-size":"auto","background-attachment":"scroll","background-type":"","background-media":"","overlay-type":"","overlay-color":"","overlay-opacity":"","overlay-gradient":""}}},"product_brand":[],"product_cat":[323],"product_tag":[],"class_list":{"0":"post-1670","1":"product","2":"type-product","3":"status-publish","4":"has-post-thumbnail","6":"product_cat-triciclos-eletricos","7":"desktop-align-left","8":"tablet-align-left","9":"mobile-align-left","11":"first","12":"instock","13":"shipping-taxable","14":"product-type-simple"},"_links":{"self":[{"href":"https:\/\/bodo-electricbicycles.com\/pt-br\/wp-json\/wp\/v2\/product\/1670","targetHints":{"allow":["GET"]}}],"collection":[{"href":"https:\/\/bodo-electricbicycles.com\/pt-br\/wp-json\/wp\/v2\/product"}],"about":[{"href":"https:\/\/bodo-electricbicycles.com\/pt-br\/wp-json\/wp\/v2\/types\/product"}],"wp:featuredmedia":[{"embeddable":true,"href":"https:\/\/bodo-electricbicycles.com\/pt-br\/wp-json\/wp\/v2\/media\/1669"}],"wp:attachment":[{"href":"https:\/\/bodo-electricbicycles.com\/pt-br\/wp-json\/wp\/v2\/media?parent=1670"}],"wp:term":[{"taxonomy":"product_brand","embeddable":true,"href":"https:\/\/bodo-electricbicycles.com\/pt-br\/wp-json\/wp\/v2\/product_brand?post=1670"},{"taxonomy":"product_cat","embeddable":true,"href":"https:\/\/bodo-electricbicycles.com\/pt-br\/wp-json\/wp\/v2\/product_cat?post=1670"},{"taxonomy":"product_tag","embeddable":true,"href":"https:\/\/bodo-electricbicycles.com\/pt-br\/wp-json\/wp\/v2\/product_tag?post=1670"}],"curies":[{"name":"wp","href":"https:\/\/api.w.org\/{rel}","templated":true}]}}