{"id":1674,"date":"2026-03-16T22:07:51","date_gmt":"2026-03-16T14:07:51","guid":{"rendered":"https:\/\/bodo-electricbicycles.com\/product\/motocicleta-eletrica-bodo-j03\/"},"modified":"2026-03-16T22:07:51","modified_gmt":"2026-03-16T14:07:51","slug":"motocicleta-eletrica-bodo-j03","status":"publish","type":"product","link":"https:\/\/bodo-electricbicycles.com\/pt-br\/product\/motocicleta-eletrica-bodo-j03\/","title":{"rendered":"Motocicleta El\u00e9trica BODO-J03"},"content":{"rendered":"<p>A motocicleta el\u00e9trica BODO-J03 \u00e9 impulsionada por um motor de 600W de alta efici\u00eancia, acoplado a um controlador de 10 tubos de alto desempenho; essa configura\u00e7\u00e3o proporciona uma entrega de pot\u00eancia suave, permitindo que voc\u00ea acelere com confian\u00e7a e manobre sem esfor\u00e7o no tr\u00e2nsito. Este modelo apresenta um vers\u00e1til conjunto de baterias &#8220;Super Varta&#8221; de 60V\/72V-20Ah (compat\u00edvel com ambas as configura\u00e7\u00f5es de voltagem) e utiliza um sistema de suspens\u00e3o dianteira com garfo hidr\u00e1ulico. Esse design n\u00e3o apenas assegura uma experi\u00eancia de pilotagem confort\u00e1vel \u2014 mesmo em terrenos irregulares \u2014 mas tamb\u00e9m aumenta efetivamente a durabilidade geral do ve\u00edculo. Seu sistema de frenagem combina um freio a disco dianteiro com um freio a tambor traseiro, complementado por um pacote completo de ilumina\u00e7\u00e3o (incluindo lanterna traseira, setas e luzes de freio) para oferecer prote\u00e7\u00e3o de seguran\u00e7a integral durante o seu trajeto. Al\u00e9m disso, o ve\u00edculo \u00e9 equipado com pneus de aros raiados (2.75-10), um sistema de alarme antifurto remoto de modo duplo e uma fun\u00e7\u00e3o de estacionamento &#8220;P-mode&#8221;, oferecendo tanto uma dirigibilidade robusta quanto seguran\u00e7a confi\u00e1vel contra roubos.    <\/p>\n","protected":false},"excerpt":{"rendered":"<p>A motocicleta el\u00e9trica BODO-J03 \u00e9 impulsionada por um motor de 600W de alta efici\u00eancia, acoplado a um controlador de 10 [&hellip;]<\/p>\n","protected":false},"featured_media":1673,"template":"","meta":{"site-sidebar-layout":"default","site-content-layout":"","ast-site-content-layout":"default","site-content-style":"default","site-sidebar-style":"default","ast-global-header-display":"","ast-banner-title-visibility":"","ast-main-header-display":"","ast-hfb-above-header-display":"","ast-hfb-below-header-display":"","ast-hfb-mobile-header-display":"","site-post-title":"","ast-breadcrumbs-content":"","ast-featured-img":"","footer-sml-layout":"","ast-disable-related-posts":"","theme-transparent-header-meta":"default","adv-header-id-meta":"","stick-header-meta":"","header-above-stick-meta":"","header-main-stick-meta":"","header-below-stick-meta":"","astra-migrate-meta-layouts":"default","ast-page-background-enabled":"default","ast-page-background-meta":{"desktop":{"background-color":"var(--ast-global-color-5)","background-image":"","background-repeat":"repeat","background-position":"center center","background-size":"auto","background-attachment":"scroll","background-type":"","background-media":"","overlay-type":"","overlay-color":"","overlay-opacity":"","overlay-gradient":""},"tablet":{"background-color":"","background-image":"","background-repeat":"repeat","background-position":"center center","background-size":"auto","background-attachment":"scroll","background-type":"","background-media":"","overlay-type":"","overlay-color":"","overlay-opacity":"","overlay-gradient":""},"mobile":{"background-color":"","background-image":"","background-repeat":"repeat","background-position":"center center","background-size":"auto","background-attachment":"scroll","background-type":"","background-media":"","overlay-type":"","overlay-color":"","overlay-opacity":"","overlay-gradient":""}},"ast-content-background-meta":{"desktop":{"background-color":"var(--ast-global-color-4)","background-image":"","background-repeat":"repeat","background-position":"center center","background-size":"auto","background-attachment":"scroll","background-type":"","background-media":"","overlay-type":"","overlay-color":"","overlay-opacity":"","overlay-gradient":""},"tablet":{"background-color":"var(--ast-global-color-4)","background-image":"","background-repeat":"repeat","background-position":"center center","background-size":"auto","background-attachment":"scroll","background-type":"","background-media":"","overlay-type":"","overlay-color":"","overlay-opacity":"","overlay-gradient":""},"mobile":{"background-color":"var(--ast-global-color-4)","background-image":"","background-repeat":"repeat","background-position":"center center","background-size":"auto","background-attachment":"scroll","background-type":"","background-media":"","overlay-type":"","overlay-color":"","overlay-opacity":"","overlay-gradient":""}}},"product_brand":[],"product_cat":[321],"product_tag":[],"class_list":{"0":"post-1674","1":"product","2":"type-product","3":"status-publish","4":"has-post-thumbnail","6":"product_cat-motocicletas-eletricas","7":"desktop-align-left","8":"tablet-align-left","9":"mobile-align-left","11":"first","12":"instock","13":"shipping-taxable","14":"product-type-simple"},"_links":{"self":[{"href":"https:\/\/bodo-electricbicycles.com\/pt-br\/wp-json\/wp\/v2\/product\/1674","targetHints":{"allow":["GET"]}}],"collection":[{"href":"https:\/\/bodo-electricbicycles.com\/pt-br\/wp-json\/wp\/v2\/product"}],"about":[{"href":"https:\/\/bodo-electricbicycles.com\/pt-br\/wp-json\/wp\/v2\/types\/product"}],"wp:featuredmedia":[{"embeddable":true,"href":"https:\/\/bodo-electricbicycles.com\/pt-br\/wp-json\/wp\/v2\/media\/1673"}],"wp:attachment":[{"href":"https:\/\/bodo-electricbicycles.com\/pt-br\/wp-json\/wp\/v2\/media?parent=1674"}],"wp:term":[{"taxonomy":"product_brand","embeddable":true,"href":"https:\/\/bodo-electricbicycles.com\/pt-br\/wp-json\/wp\/v2\/product_brand?post=1674"},{"taxonomy":"product_cat","embeddable":true,"href":"https:\/\/bodo-electricbicycles.com\/pt-br\/wp-json\/wp\/v2\/product_cat?post=1674"},{"taxonomy":"product_tag","embeddable":true,"href":"https:\/\/bodo-electricbicycles.com\/pt-br\/wp-json\/wp\/v2\/product_tag?post=1674"}],"curies":[{"name":"wp","href":"https:\/\/api.w.org\/{rel}","templated":true}]}}