{"id":1676,"date":"2026-03-30T19:29:24","date_gmt":"2026-03-30T11:29:24","guid":{"rendered":"https:\/\/bodo-electricbicycles.com\/product\/motocicleta-de-carga-eletrica-bodo-kuma\/"},"modified":"2026-03-30T19:29:24","modified_gmt":"2026-03-30T11:29:24","slug":"motocicleta-de-carga-eletrica-bodo-kuma","status":"publish","type":"product","link":"https:\/\/bodo-electricbicycles.com\/pt-br\/product\/motocicleta-de-carga-eletrica-bodo-kuma\/","title":{"rendered":"Motocicleta de Carga El\u00e9trica BODO-Kuma"},"content":{"rendered":"<p>A BODO-Kuma \u00e9 uma motocicleta el\u00e9trica de carga confi\u00e1vel, projetada para entregas urbanas est\u00e1veis \u200b\u200be deslocamentos di\u00e1rios de uso intenso. Com dimens\u00f5es de 1850\u00d7800\u00d71070 mm, dist\u00e2ncia entre eixos de 1230 mm e peso em vazio de 54,8 kg, ela equilibra uma manobrabilidade \u00e1gil com um desempenho robusto de transporte de carga. Impulsionada por um motor de 1000 W, acoplado a um controlador de onda senoidal sem fio de 30 A (12 tubos), a moto entrega uma pot\u00eancia suave e eficiente. Equipada com pneus 3.00-10, garfo dianteiro com freio a disco hidr\u00e1ulico (31 tubos), suspens\u00e3o traseira hidr\u00e1ulica com di\u00e2metro externo de 250 mm e freios a disco completos Bosch (180 mm na dianteira e 265 mm na traseira), ela assegura um conforto de pilotagem e uma seguran\u00e7a de frenagem excepcionais. O ve\u00edculo conta com um farol de lente dupla com fachos alto e baixo, uma lanterna traseira com luz de freio e luzes de condu\u00e7\u00e3o diurna (DRL), al\u00e9m de piscas com lentes cristalinas. Compat\u00edvel com baterias de chumbo-\u00e1cido de 60 V\/72 V e 20 Ah, a BODO-Kuma \u00e9 a escolha ideal para entregas comerciais e opera\u00e7\u00f5es de log\u00edstica urbana.     <\/p>\n","protected":false},"excerpt":{"rendered":"<p>A BODO-Kuma \u00e9 uma motocicleta el\u00e9trica de carga confi\u00e1vel, projetada para entregas urbanas est\u00e1veis \u200b\u200be deslocamentos di\u00e1rios de uso intenso. [&hellip;]<\/p>\n","protected":false},"featured_media":1675,"template":"","meta":{"site-sidebar-layout":"default","site-content-layout":"","ast-site-content-layout":"default","site-content-style":"default","site-sidebar-style":"default","ast-global-header-display":"","ast-banner-title-visibility":"","ast-main-header-display":"","ast-hfb-above-header-display":"","ast-hfb-below-header-display":"","ast-hfb-mobile-header-display":"","site-post-title":"","ast-breadcrumbs-content":"","ast-featured-img":"","footer-sml-layout":"","ast-disable-related-posts":"","theme-transparent-header-meta":"default","adv-header-id-meta":"","stick-header-meta":"","header-above-stick-meta":"","header-main-stick-meta":"","header-below-stick-meta":"","astra-migrate-meta-layouts":"default","ast-page-background-enabled":"default","ast-page-background-meta":{"desktop":{"background-color":"var(--ast-global-color-5)","background-image":"","background-repeat":"repeat","background-position":"center center","background-size":"auto","background-attachment":"scroll","background-type":"","background-media":"","overlay-type":"","overlay-color":"","overlay-opacity":"","overlay-gradient":""},"tablet":{"background-color":"","background-image":"","background-repeat":"repeat","background-position":"center center","background-size":"auto","background-attachment":"scroll","background-type":"","background-media":"","overlay-type":"","overlay-color":"","overlay-opacity":"","overlay-gradient":""},"mobile":{"background-color":"","background-image":"","background-repeat":"repeat","background-position":"center center","background-size":"auto","background-attachment":"scroll","background-type":"","background-media":"","overlay-type":"","overlay-color":"","overlay-opacity":"","overlay-gradient":""}},"ast-content-background-meta":{"desktop":{"background-color":"var(--ast-global-color-4)","background-image":"","background-repeat":"repeat","background-position":"center center","background-size":"auto","background-attachment":"scroll","background-type":"","background-media":"","overlay-type":"","overlay-color":"","overlay-opacity":"","overlay-gradient":""},"tablet":{"background-color":"var(--ast-global-color-4)","background-image":"","background-repeat":"repeat","background-position":"center center","background-size":"auto","background-attachment":"scroll","background-type":"","background-media":"","overlay-type":"","overlay-color":"","overlay-opacity":"","overlay-gradient":""},"mobile":{"background-color":"var(--ast-global-color-4)","background-image":"","background-repeat":"repeat","background-position":"center center","background-size":"auto","background-attachment":"scroll","background-type":"","background-media":"","overlay-type":"","overlay-color":"","overlay-opacity":"","overlay-gradient":""}}},"product_brand":[],"product_cat":[320],"product_tag":[],"class_list":{"0":"post-1676","1":"product","2":"type-product","3":"status-publish","4":"has-post-thumbnail","6":"product_cat-motocicleta-eletrica-de-carga","7":"desktop-align-left","8":"tablet-align-left","9":"mobile-align-left","11":"first","12":"instock","13":"shipping-taxable","14":"product-type-simple"},"_links":{"self":[{"href":"https:\/\/bodo-electricbicycles.com\/pt-br\/wp-json\/wp\/v2\/product\/1676","targetHints":{"allow":["GET"]}}],"collection":[{"href":"https:\/\/bodo-electricbicycles.com\/pt-br\/wp-json\/wp\/v2\/product"}],"about":[{"href":"https:\/\/bodo-electricbicycles.com\/pt-br\/wp-json\/wp\/v2\/types\/product"}],"wp:featuredmedia":[{"embeddable":true,"href":"https:\/\/bodo-electricbicycles.com\/pt-br\/wp-json\/wp\/v2\/media\/1675"}],"wp:attachment":[{"href":"https:\/\/bodo-electricbicycles.com\/pt-br\/wp-json\/wp\/v2\/media?parent=1676"}],"wp:term":[{"taxonomy":"product_brand","embeddable":true,"href":"https:\/\/bodo-electricbicycles.com\/pt-br\/wp-json\/wp\/v2\/product_brand?post=1676"},{"taxonomy":"product_cat","embeddable":true,"href":"https:\/\/bodo-electricbicycles.com\/pt-br\/wp-json\/wp\/v2\/product_cat?post=1676"},{"taxonomy":"product_tag","embeddable":true,"href":"https:\/\/bodo-electricbicycles.com\/pt-br\/wp-json\/wp\/v2\/product_tag?post=1676"}],"curies":[{"name":"wp","href":"https:\/\/api.w.org\/{rel}","templated":true}]}}