{"id":1162,"date":"2026-03-17T17:54:54","date_gmt":"2026-03-17T09:54:54","guid":{"rendered":"https:\/\/bodo-electricbicycles.com\/product\/xe-ba-banh-dien-bodo-sl010\/"},"modified":"2026-04-02T18:31:59","modified_gmt":"2026-04-02T10:31:59","slug":"xe-ba-banh-dien-bodo-sl010","status":"publish","type":"product","link":"https:\/\/bodo-electricbicycles.com\/vi\/product\/xe-ba-banh-dien-bodo-sl010\/","title":{"rendered":"Xe ba b\u00e1nh \u0111i\u1ec7n BODO-SL010"},"content":{"rendered":"<p>Xe ba b\u00e1nh \u0111i\u1ec7n BODO-SL010 \u0111\u01b0\u1ee3c ch\u1ebf t\u1ea1o chuy\u00ean d\u1ee5ng cho vi\u1ec7c v\u1eadn chuy\u1ec3n h\u00e0ng h\u00f3a t\u1ea3i tr\u1ecdng l\u1edbn. \u0110\u01b0\u1ee3c trang b\u1ecb \u0111\u1ed9ng c\u01a1 \u0111\u1eb7t sau m\u1ea1nh m\u1ebd c\u00f4ng su\u1ea5t 2000W c\u00f9ng b\u1ed9 \u1eafc quy axit-ch\u00ec 72V 58Ah, xe c\u00f3 th\u1ec3 \u0111\u1ea1t t\u1ed1c \u0111\u1ed9 t\u1ed1i \u0111a t\u1eeb 50 \u0111\u1ebfn 70 km\/h, ph\u1ea1m vi ho\u1ea1t \u0111\u1ed9ng t\u1eeb 50 \u0111\u1ebfn 70 km ch\u1ec9 v\u1edbi 3 \u0111\u1ebfn 5 gi\u1edd s\u1ea1c. Xe s\u1edf h\u1eefu b\u1ed9 \u0111i\u1ec1u khi\u1ec3n k\u00e9p 24 \u1ed1ng gi\u00fap duy tr\u00ec ngu\u1ed3n \u0111i\u1ec7n \u0111\u1ea7u ra \u1ed5n \u0111\u1ecbnh, l\u1ed1p xe chuy\u00ean d\u1ee5ng ch\u1ecbu t\u1ea3i cao k\u00edch th\u01b0\u1edbc 4.5-12 v\u00e0 h\u1ec7 th\u1ed1ng phanh tang tr\u1ed1ng \u0111\u00e1ng tin c\u1eady. V\u1edbi t\u1ea3i tr\u1ecdng t\u1ed1i \u0111a l\u00ean t\u1edbi 500 kg, kh\u1ea3 n\u0103ng leo d\u1ed1c t\u1eeb 15\u00b0 \u0111\u1ebfn 20\u00b0 v\u00e0 k\u1ebft c\u1ea5u khung th\u00e9p v\u1eefng ch\u1eafc, m\u1eabu xe n\u00e0y \u0111\u1ea3m b\u1ea3o \u0111\u1ed9 b\u1ec1n b\u1ec9 v\u00e0 an to\u00e0n v\u01b0\u1ee3t tr\u1ed9i. \u0110\u1ea1t ch\u1ee9ng nh\u1eadn CCC v\u00e0 \u0111\u01b0\u1ee3c thi\u1ebft k\u1ebf t\u1ed1i \u01b0u cho c\u00e1c t\u00e1c v\u1ee5 v\u1eadn chuy\u1ec3n n\u1eb7ng, \u0111\u00e2y l\u00e0 s\u1ef1 l\u1ef1a ch\u1ecdn l\u00fd t\u01b0\u1edfng cho vi\u1ec7c chuy\u00ean ch\u1edf h\u00e0ng h\u00f3a kh\u1ed1i l\u01b0\u1ee3ng l\u1edbn c\u0169ng nh\u01b0 ph\u1ee5c v\u1ee5 nhu c\u1ea7u v\u1eadn t\u1ea3i trong m\u00f4i tr\u01b0\u1eddng c\u00f4ng nghi\u1ec7p.<\/p>\n","protected":false},"excerpt":{"rendered":"<p>Xe ba b\u00e1nh \u0111i\u1ec7n BODO-SL010 \u0111\u01b0\u1ee3c ch\u1ebf t\u1ea1o chuy\u00ean d\u1ee5ng cho vi\u1ec7c v\u1eadn chuy\u1ec3n h\u00e0ng h\u00f3a t\u1ea3i tr\u1ecdng l\u1edbn. \u0110\u01b0\u1ee3c [&hellip;]<\/p>\n","protected":false},"featured_media":1569,"template":"","meta":{"site-sidebar-layout":"default","site-content-layout":"","ast-site-content-layout":"default","site-content-style":"default","site-sidebar-style":"default","ast-global-header-display":"","ast-banner-title-visibility":"","ast-main-header-display":"","ast-hfb-above-header-display":"","ast-hfb-below-header-display":"","ast-hfb-mobile-header-display":"","site-post-title":"","ast-breadcrumbs-content":"","ast-featured-img":"","footer-sml-layout":"","ast-disable-related-posts":"","theme-transparent-header-meta":"default","adv-header-id-meta":"","stick-header-meta":"","header-above-stick-meta":"","header-main-stick-meta":"","header-below-stick-meta":"","astra-migrate-meta-layouts":"set","ast-page-background-enabled":"default","ast-page-background-meta":{"desktop":{"background-color":"var(--ast-global-color-5)","background-image":"","background-repeat":"repeat","background-position":"center center","background-size":"auto","background-attachment":"scroll","background-type":"","background-media":"","overlay-type":"","overlay-color":"","overlay-opacity":"","overlay-gradient":""},"tablet":{"background-color":"","background-image":"","background-repeat":"repeat","background-position":"center center","background-size":"auto","background-attachment":"scroll","background-type":"","background-media":"","overlay-type":"","overlay-color":"","overlay-opacity":"","overlay-gradient":""},"mobile":{"background-color":"","background-image":"","background-repeat":"repeat","background-position":"center center","background-size":"auto","background-attachment":"scroll","background-type":"","background-media":"","overlay-type":"","overlay-color":"","overlay-opacity":"","overlay-gradient":""}},"ast-content-background-meta":{"desktop":{"background-color":"var(--ast-global-color-4)","background-image":"","background-repeat":"repeat","background-position":"center center","background-size":"auto","background-attachment":"scroll","background-type":"","background-media":"","overlay-type":"","overlay-color":"","overlay-opacity":"","overlay-gradient":""},"tablet":{"background-color":"var(--ast-global-color-4)","background-image":"","background-repeat":"repeat","background-position":"center center","background-size":"auto","background-attachment":"scroll","background-type":"","background-media":"","overlay-type":"","overlay-color":"","overlay-opacity":"","overlay-gradient":""},"mobile":{"background-color":"var(--ast-global-color-4)","background-image":"","background-repeat":"repeat","background-position":"center center","background-size":"auto","background-attachment":"scroll","background-type":"","background-media":"","overlay-type":"","overlay-color":"","overlay-opacity":"","overlay-gradient":""}}},"product_brand":[],"product_cat":[171],"product_tag":[],"class_list":{"0":"post-1162","1":"product","2":"type-product","3":"status-publish","4":"has-post-thumbnail","6":"product_cat-xe-ba-banh-dien","7":"desktop-align-left","8":"tablet-align-left","9":"mobile-align-left","11":"first","12":"instock","13":"shipping-taxable","14":"product-type-simple"},"_links":{"self":[{"href":"https:\/\/bodo-electricbicycles.com\/vi\/wp-json\/wp\/v2\/product\/1162","targetHints":{"allow":["GET"]}}],"collection":[{"href":"https:\/\/bodo-electricbicycles.com\/vi\/wp-json\/wp\/v2\/product"}],"about":[{"href":"https:\/\/bodo-electricbicycles.com\/vi\/wp-json\/wp\/v2\/types\/product"}],"wp:featuredmedia":[{"embeddable":true,"href":"https:\/\/bodo-electricbicycles.com\/vi\/wp-json\/wp\/v2\/media\/1569"}],"wp:attachment":[{"href":"https:\/\/bodo-electricbicycles.com\/vi\/wp-json\/wp\/v2\/media?parent=1162"}],"wp:term":[{"taxonomy":"product_brand","embeddable":true,"href":"https:\/\/bodo-electricbicycles.com\/vi\/wp-json\/wp\/v2\/product_brand?post=1162"},{"taxonomy":"product_cat","embeddable":true,"href":"https:\/\/bodo-electricbicycles.com\/vi\/wp-json\/wp\/v2\/product_cat?post=1162"},{"taxonomy":"product_tag","embeddable":true,"href":"https:\/\/bodo-electricbicycles.com\/vi\/wp-json\/wp\/v2\/product_tag?post=1162"}],"curies":[{"name":"wp","href":"https:\/\/api.w.org\/{rel}","templated":true}]}}