{"id":1165,"date":"2026-03-16T22:07:51","date_gmt":"2026-03-16T14:07:51","guid":{"rendered":"https:\/\/bodo-electricbicycles.com\/product\/xe-may-dien-bodo-j03\/"},"modified":"2026-03-23T19:49:48","modified_gmt":"2026-03-23T11:49:48","slug":"xe-may-dien-bodo-j03","status":"publish","type":"product","link":"https:\/\/bodo-electricbicycles.com\/vi\/product\/xe-may-dien-bodo-j03\/","title":{"rendered":"Xe m\u00e1y \u0111i\u1ec7n BODO-J03"},"content":{"rendered":"<p>M\u1eabu xe m\u00e1y \u0111i\u1ec7n BODO-J03 \u0111\u01b0\u1ee3c trang b\u1ecb \u0111\u1ed9ng c\u01a1 600W hi\u1ec7u su\u1ea5t cao, k\u1ebft h\u1ee3p c\u00f9ng b\u1ed9 \u0111i\u1ec1u khi\u1ec3n 10-tube m\u1ea1nh m\u1ebd; c\u1ea5u h\u00ecnh n\u00e0y mang l\u1ea1i kh\u1ea3 n\u0103ng truy\u1ec1n t\u1ea3i n\u0103ng l\u01b0\u1ee3ng m\u01b0\u1ee3t m\u00e0, gi\u00fap b\u1ea1n t\u1ef1 tin t\u0103ng t\u1ed1c v\u00e0 d\u1ec5 d\u00e0ng lu\u1ed3n l\u00e1ch qua d\u00f2ng xe c\u1ed9. M\u1eabu xe n\u00e0y s\u1edf h\u1eefu b\u1ed9 pin &#8220;Super Varta&#8221; 60V\/72V-20Ah \u0111a n\u0103ng (t\u01b0\u01a1ng th\u00edch v\u1edbi c\u1ea3 hai m\u1ee9c \u0111i\u1ec7n \u00e1p) v\u00e0 s\u1eed d\u1ee5ng h\u1ec7 th\u1ed1ng phu\u1ed9c tr\u01b0\u1edbc gi\u1ea3m ch\u1ea5n th\u1ee7y l\u1ef1c. Thi\u1ebft k\u1ebf n\u00e0y kh\u00f4ng ch\u1ec9 \u0111\u1ea3m b\u1ea3o tr\u1ea3i nghi\u1ec7m l\u00e1i tho\u1ea3i m\u00e1i\u2014ngay c\u1ea3 tr\u00ean \u0111\u1ecba h\u00ecnh g\u1ed3 gh\u1ec1\u2014m\u00e0 c\u00f2n gi\u00fap n\u00e2ng cao hi\u1ec7u qu\u1ea3 \u0111\u1ed9 b\u1ec1n t\u1ed5ng th\u1ec3 c\u1ee7a chi\u1ebfc xe. H\u1ec7 th\u1ed1ng phanh c\u1ee7a xe k\u1ebft h\u1ee3p phanh \u0111\u0129a ph\u00eda tr\u01b0\u1edbc v\u1edbi phanh tang tr\u1ed1ng ph\u00eda sau, \u0111\u01b0\u1ee3c b\u1ed5 tr\u1ee3 b\u1edfi h\u1ec7 th\u1ed1ng \u0111\u00e8n chi\u1ebfu s\u00e1ng to\u00e0n di\u1ec7n (bao g\u1ed3m \u0111\u00e8n h\u1eadu, \u0111\u00e8n xi-nhan v\u00e0 \u0111\u00e8n phanh) nh\u1eb1m mang l\u1ea1i s\u1ef1 b\u1ea3o v\u1ec7 an to\u00e0n to\u00e0n di\u1ec7n trong su\u1ed1t h\u00e0nh tr\u00ecnh c\u1ee7a b\u1ea1n. H\u01a1n n\u1eefa, chi\u1ebfc xe \u0111\u01b0\u1ee3c trang b\u1ecb l\u1ed1p c\u0103m k\u00edch th\u01b0\u1edbc 2.75-10, h\u1ec7 th\u1ed1ng b\u00e1o \u0111\u1ed9ng ch\u1ed1ng tr\u1ed9m t\u1eeb xa v\u1edbi hai ch\u1ebf \u0111\u1ed9, c\u00f9ng ch\u1ee9c n\u0103ng \u0111\u1ed7 xe &#8220;P-mode&#8221;, mang l\u1ea1i kh\u1ea3 n\u0103ng v\u1eadn h\u00e0nh v\u1eefng v\u00e0ng c\u0169ng nh\u01b0 s\u1ef1 b\u1ea3o v\u1ec7 \u0111\u00e1ng tin c\u1eady tr\u01b0\u1edbc nguy c\u01a1 tr\u1ed9m c\u1eafp.<\/p>\n","protected":false},"excerpt":{"rendered":"<p>M\u1eabu xe m\u00e1y \u0111i\u1ec7n BODO-J03 \u0111\u01b0\u1ee3c trang b\u1ecb \u0111\u1ed9ng c\u01a1 600W hi\u1ec7u su\u1ea5t cao, k\u1ebft h\u1ee3p c\u00f9ng b\u1ed9 \u0111i\u1ec1u khi\u1ec3n [&hellip;]<\/p>\n","protected":false},"featured_media":1164,"template":"","meta":{"site-sidebar-layout":"default","site-content-layout":"","ast-site-content-layout":"default","site-content-style":"default","site-sidebar-style":"default","ast-global-header-display":"","ast-banner-title-visibility":"","ast-main-header-display":"","ast-hfb-above-header-display":"","ast-hfb-below-header-display":"","ast-hfb-mobile-header-display":"","site-post-title":"","ast-breadcrumbs-content":"","ast-featured-img":"","footer-sml-layout":"","ast-disable-related-posts":"","theme-transparent-header-meta":"default","adv-header-id-meta":"","stick-header-meta":"","header-above-stick-meta":"","header-main-stick-meta":"","header-below-stick-meta":"","astra-migrate-meta-layouts":"default","ast-page-background-enabled":"default","ast-page-background-meta":{"desktop":{"background-color":"var(--ast-global-color-5)","background-image":"","background-repeat":"repeat","background-position":"center center","background-size":"auto","background-attachment":"scroll","background-type":"","background-media":"","overlay-type":"","overlay-color":"","overlay-opacity":"","overlay-gradient":""},"tablet":{"background-color":"","background-image":"","background-repeat":"repeat","background-position":"center center","background-size":"auto","background-attachment":"scroll","background-type":"","background-media":"","overlay-type":"","overlay-color":"","overlay-opacity":"","overlay-gradient":""},"mobile":{"background-color":"","background-image":"","background-repeat":"repeat","background-position":"center center","background-size":"auto","background-attachment":"scroll","background-type":"","background-media":"","overlay-type":"","overlay-color":"","overlay-opacity":"","overlay-gradient":""}},"ast-content-background-meta":{"desktop":{"background-color":"var(--ast-global-color-4)","background-image":"","background-repeat":"repeat","background-position":"center center","background-size":"auto","background-attachment":"scroll","background-type":"","background-media":"","overlay-type":"","overlay-color":"","overlay-opacity":"","overlay-gradient":""},"tablet":{"background-color":"var(--ast-global-color-4)","background-image":"","background-repeat":"repeat","background-position":"center center","background-size":"auto","background-attachment":"scroll","background-type":"","background-media":"","overlay-type":"","overlay-color":"","overlay-opacity":"","overlay-gradient":""},"mobile":{"background-color":"var(--ast-global-color-4)","background-image":"","background-repeat":"repeat","background-position":"center center","background-size":"auto","background-attachment":"scroll","background-type":"","background-media":"","overlay-type":"","overlay-color":"","overlay-opacity":"","overlay-gradient":""}}},"product_brand":[],"product_cat":[178],"product_tag":[],"class_list":{"0":"post-1165","1":"product","2":"type-product","3":"status-publish","4":"has-post-thumbnail","6":"product_cat-xe-may-dien","7":"desktop-align-left","8":"tablet-align-left","9":"mobile-align-left","11":"first","12":"instock","13":"shipping-taxable","14":"product-type-simple"},"_links":{"self":[{"href":"https:\/\/bodo-electricbicycles.com\/vi\/wp-json\/wp\/v2\/product\/1165","targetHints":{"allow":["GET"]}}],"collection":[{"href":"https:\/\/bodo-electricbicycles.com\/vi\/wp-json\/wp\/v2\/product"}],"about":[{"href":"https:\/\/bodo-electricbicycles.com\/vi\/wp-json\/wp\/v2\/types\/product"}],"wp:featuredmedia":[{"embeddable":true,"href":"https:\/\/bodo-electricbicycles.com\/vi\/wp-json\/wp\/v2\/media\/1164"}],"wp:attachment":[{"href":"https:\/\/bodo-electricbicycles.com\/vi\/wp-json\/wp\/v2\/media?parent=1165"}],"wp:term":[{"taxonomy":"product_brand","embeddable":true,"href":"https:\/\/bodo-electricbicycles.com\/vi\/wp-json\/wp\/v2\/product_brand?post=1165"},{"taxonomy":"product_cat","embeddable":true,"href":"https:\/\/bodo-electricbicycles.com\/vi\/wp-json\/wp\/v2\/product_cat?post=1165"},{"taxonomy":"product_tag","embeddable":true,"href":"https:\/\/bodo-electricbicycles.com\/vi\/wp-json\/wp\/v2\/product_tag?post=1165"}],"curies":[{"name":"wp","href":"https:\/\/api.w.org\/{rel}","templated":true}]}}