{"id":1260,"date":"2026-03-17T17:48:12","date_gmt":"2026-03-17T09:48:12","guid":{"rendered":"https:\/\/bodo-electricbicycles.com\/product\/xe-ba-banh-dien-bodo-sl009\/"},"modified":"2026-03-17T17:48:12","modified_gmt":"2026-03-17T09:48:12","slug":"xe-ba-banh-dien-bodo-sl009","status":"publish","type":"product","link":"https:\/\/bodo-electricbicycles.com\/vi\/product\/xe-ba-banh-dien-bodo-sl009\/","title":{"rendered":"Xe ba b\u00e1nh \u0111i\u1ec7n BODO-SL009"},"content":{"rendered":"<p>Xe ba b\u00e1nh \u0111i\u1ec7n BODO-SL009 l\u00e0 m\u1eabu xe ch\u1edf kh\u00e1ch 3 b\u00e1nh \u1ed5n \u0111\u1ecbnh v\u00e0 thi\u1ebft th\u1ef1c, \u0111\u01b0\u1ee3c thi\u1ebft k\u1ebf chuy\u00ean d\u1ee5ng cho nhu c\u1ea7u di chuy\u1ec3n h\u00e0ng ng\u00e0y. Xe \u0111\u01b0\u1ee3c v\u1eadn h\u00e0nh b\u1edfi \u0111\u1ed9ng c\u01a1 \u0111i\u1ec7n kh\u00f4ng ch\u1ed5i than g\u1eafn t\u1ea1i tr\u1ee5c b\u00e1nh sau v\u1edbi c\u00f4ng su\u1ea5t 500W, s\u1eed d\u1ee5ng ngu\u1ed3n n\u0103ng l\u01b0\u1ee3ng t\u1eeb \u1eafc quy ch\u00ec 48V 20Ah; nh\u1edd \u0111\u00f3, xe c\u00f3 th\u1ec3 \u0111\u1ea1t qu\u00e3ng \u0111\u01b0\u1eddng di chuy\u1ec3n h\u01a1n 60 km cho m\u1ed7i l\u1ea7n s\u1ea1c \u0111\u1ea7y, v\u1edbi t\u1ed1c \u0111\u1ed9 t\u1ed1i \u0111a d\u01b0\u1edbi 30 km\/h. Xe s\u1edf h\u1eefu khung s\u01b0\u1eddn b\u1eb1ng th\u00e9p carbon b\u1ec1n b\u1ec9, h\u1ec7 th\u1ed1ng phanh tang tr\u1ed1ng \u0111\u00e1ng tin c\u1eady v\u1edbi c\u01a1 ch\u1ebf \u0111i\u1ec1u khi\u1ec3n linh ho\u1ea1t b\u1eb1ng c\u1ea3 tay v\u00e0 ch\u00e2n, c\u00f9ng b\u1ed9 l\u1ed1p kh\u00f4ng s\u0103m k\u00edch th\u01b0\u1edbc 3.00-10 gi\u00fap \u0111\u1ea3m b\u1ea3o \u0111\u1ed9 b\u00e1m \u0111\u01b0\u1eddng v\u1eefng v\u00e0ng. \u0110\u01b0\u1ee3c trang b\u1ecb h\u1ec7 th\u1ed1ng sang s\u1ed1 3 c\u1ea5p c\u00f9ng thi\u1ebft k\u1ebf b\u1ed1 tr\u00ed \u1eafc quy t\u1ea1i gi\u00e1 \u0111\u1ee1 ph\u00eda sau, xe mang l\u1ea1i tr\u1ea3i nghi\u1ec7m v\u1eadn h\u00e0nh \u00eam \u00e1i v\u00e0 thu\u1eadn ti\u1ec7n. V\u1edbi t\u1ea3i tr\u1ecdng t\u1ed1i \u0111a l\u00ean t\u1edbi 150 kg v\u00e0 th\u1eddi gian s\u1ea1c \u0111\u1ea7y k\u00e9o d\u00e0i h\u01a1n 3 gi\u1edd, m\u1eabu xe n\u00e0y l\u00e0 s\u1ef1 k\u1ebft h\u1ee3p ho\u00e0n h\u1ea3o gi\u1eefa y\u1ebfu t\u1ed1 an to\u00e0n, s\u1ef1 tho\u1ea3i m\u00e1i v\u00e0 \u0111\u1ed9 tin c\u1eady, qua \u0111\u00f3 tr\u1edf th\u00e0nh l\u1ef1a ch\u1ecdn l\u00fd t\u01b0\u1edfng cho nhu c\u1ea7u s\u1eed d\u1ee5ng trong gia \u0111\u00ecnh c\u0169ng nh\u01b0 vi\u1ec7c chuy\u00ean ch\u1edf h\u00e0nh kh\u00e1ch h\u00e0ng ng\u00e0y.   <\/p>\n","protected":false},"excerpt":{"rendered":"<p>Xe ba b\u00e1nh \u0111i\u1ec7n BODO-SL009 l\u00e0 m\u1eabu xe ch\u1edf kh\u00e1ch 3 b\u00e1nh \u1ed5n \u0111\u1ecbnh v\u00e0 thi\u1ebft th\u1ef1c, \u0111\u01b0\u1ee3c thi\u1ebft k\u1ebf [&hellip;]<\/p>\n","protected":false},"featured_media":1259,"template":"","meta":{"site-sidebar-layout":"default","site-content-layout":"","ast-site-content-layout":"default","site-content-style":"default","site-sidebar-style":"default","ast-global-header-display":"","ast-banner-title-visibility":"","ast-main-header-display":"","ast-hfb-above-header-display":"","ast-hfb-below-header-display":"","ast-hfb-mobile-header-display":"","site-post-title":"","ast-breadcrumbs-content":"","ast-featured-img":"","footer-sml-layout":"","ast-disable-related-posts":"","theme-transparent-header-meta":"default","adv-header-id-meta":"","stick-header-meta":"","header-above-stick-meta":"","header-main-stick-meta":"","header-below-stick-meta":"","astra-migrate-meta-layouts":"default","ast-page-background-enabled":"default","ast-page-background-meta":{"desktop":{"background-color":"var(--ast-global-color-5)","background-image":"","background-repeat":"repeat","background-position":"center center","background-size":"auto","background-attachment":"scroll","background-type":"","background-media":"","overlay-type":"","overlay-color":"","overlay-opacity":"","overlay-gradient":""},"tablet":{"background-color":"","background-image":"","background-repeat":"repeat","background-position":"center center","background-size":"auto","background-attachment":"scroll","background-type":"","background-media":"","overlay-type":"","overlay-color":"","overlay-opacity":"","overlay-gradient":""},"mobile":{"background-color":"","background-image":"","background-repeat":"repeat","background-position":"center center","background-size":"auto","background-attachment":"scroll","background-type":"","background-media":"","overlay-type":"","overlay-color":"","overlay-opacity":"","overlay-gradient":""}},"ast-content-background-meta":{"desktop":{"background-color":"var(--ast-global-color-4)","background-image":"","background-repeat":"repeat","background-position":"center center","background-size":"auto","background-attachment":"scroll","background-type":"","background-media":"","overlay-type":"","overlay-color":"","overlay-opacity":"","overlay-gradient":""},"tablet":{"background-color":"var(--ast-global-color-4)","background-image":"","background-repeat":"repeat","background-position":"center center","background-size":"auto","background-attachment":"scroll","background-type":"","background-media":"","overlay-type":"","overlay-color":"","overlay-opacity":"","overlay-gradient":""},"mobile":{"background-color":"var(--ast-global-color-4)","background-image":"","background-repeat":"repeat","background-position":"center center","background-size":"auto","background-attachment":"scroll","background-type":"","background-media":"","overlay-type":"","overlay-color":"","overlay-opacity":"","overlay-gradient":""}}},"product_brand":[],"product_cat":[171],"product_tag":[],"class_list":{"0":"post-1260","1":"product","2":"type-product","3":"status-publish","4":"has-post-thumbnail","6":"product_cat-xe-ba-banh-dien","7":"desktop-align-left","8":"tablet-align-left","9":"mobile-align-left","11":"first","12":"instock","13":"shipping-taxable","14":"product-type-simple"},"_links":{"self":[{"href":"https:\/\/bodo-electricbicycles.com\/vi\/wp-json\/wp\/v2\/product\/1260","targetHints":{"allow":["GET"]}}],"collection":[{"href":"https:\/\/bodo-electricbicycles.com\/vi\/wp-json\/wp\/v2\/product"}],"about":[{"href":"https:\/\/bodo-electricbicycles.com\/vi\/wp-json\/wp\/v2\/types\/product"}],"wp:featuredmedia":[{"embeddable":true,"href":"https:\/\/bodo-electricbicycles.com\/vi\/wp-json\/wp\/v2\/media\/1259"}],"wp:attachment":[{"href":"https:\/\/bodo-electricbicycles.com\/vi\/wp-json\/wp\/v2\/media?parent=1260"}],"wp:term":[{"taxonomy":"product_brand","embeddable":true,"href":"https:\/\/bodo-electricbicycles.com\/vi\/wp-json\/wp\/v2\/product_brand?post=1260"},{"taxonomy":"product_cat","embeddable":true,"href":"https:\/\/bodo-electricbicycles.com\/vi\/wp-json\/wp\/v2\/product_cat?post=1260"},{"taxonomy":"product_tag","embeddable":true,"href":"https:\/\/bodo-electricbicycles.com\/vi\/wp-json\/wp\/v2\/product_tag?post=1260"}],"curies":[{"name":"wp","href":"https:\/\/api.w.org\/{rel}","templated":true}]}}