{"id":1262,"date":"2026-03-17T17:40:11","date_gmt":"2026-03-17T09:40:11","guid":{"rendered":"https:\/\/bodo-electricbicycles.com\/product\/bodo-sl008-electric-tricycle\/"},"modified":"2026-04-02T17:47:09","modified_gmt":"2026-04-02T09:47:09","slug":"bodo-sl008-electric-tricycle","status":"publish","type":"product","link":"https:\/\/bodo-electricbicycles.com\/vi\/product\/bodo-sl008-electric-tricycle\/","title":{"rendered":"Xe ba b\u00e1nh \u0111i\u1ec7n BODO-SL008"},"content":{"rendered":"<p>Xe ba b\u00e1nh \u0111i\u1ec7n BODO-SL008 l\u00e0 d\u00f2ng xe ch\u1edf kh\u00e1ch ki\u1ec3u d\u00e1ng h\u1edf, c\u00f3 \u0111\u1ed9 \u1ed5n \u0111\u1ecbnh cao v\u00e0 c\u1ef1c k\u1ef3 l\u00fd t\u01b0\u1edfng cho nhu c\u1ea7u \u0111i l\u1ea1i h\u00e0ng ng\u00e0y c\u1ee7a gia \u0111\u00ecnh. \u0110\u01b0\u1ee3c trang b\u1ecb \u0111\u1ed9ng c\u01a1 500W c\u00f9ng b\u1ed9 \u1eafc quy ch\u00ec-axit 48V 20Ah, xe c\u00f3 kh\u1ea3 n\u0103ng di chuy\u1ec3n qu\u00e3ng \u0111\u01b0\u1eddng t\u1eeb 50 \u0111\u1ebfn 70km v\u1edbi t\u1ed1c \u0111\u1ed9 t\u1ed1i \u0111a \u0111\u1ea1t 30-50km\/h, v\u00e0 th\u1eddi gian s\u1ea1c \u0111\u1ea7y ch\u1ec9 m\u1ea5t t\u1eeb \u200b\u200b5 \u0111\u1ebfn 7 gi\u1edd. Xe s\u1edf h\u1eefu khung th\u00e9p ch\u1eafc ch\u1eafn, h\u1ec7 th\u1ed1ng phanh tang tr\u1ed1ng \u0111\u00e1ng tin c\u1eady c\u00f9ng b\u1ed9 l\u1ed1p kh\u00f4ng s\u0103m k\u00edch th\u01b0\u1edbc 3.00-10, mang l\u1ea1i tr\u1ea3i nghi\u1ec7m v\u1eadn h\u00e0nh an to\u00e0n v\u00e0 \u00eam \u00e1i. V\u1edbi b\u1ed9 \u0111i\u1ec1u khi\u1ec3n 9 \u1ed1ng v\u00e0 3 gh\u1ebf ng\u1ed3i \u00eam \u00e1i, xe c\u00f3 kh\u1ea3 n\u0103ng t\u1ea3i tr\u1ecdng t\u1eeb 100 \u0111\u1ebfn 200kg v\u00e0 d\u1ec5 d\u00e0ng v\u01b0\u1ee3t qua c\u00e1c \u0111o\u1ea1n d\u1ed1c c\u00f3 \u0111\u1ed9 nghi\u00eang t\u1eeb 10\u00b0 \u0111\u1ebfn 15\u00b0. \u0110\u1ea1t ch\u1ee9ng nh\u1eadn CCC v\u00e0 \u0111\u01b0\u1ee3c thi\u1ebft k\u1ebf t\u1ed1i \u01b0u cho m\u1ee5c \u0111\u00edch s\u1eed d\u1ee5ng th\u1ef1c t\u1ebf, chi\u1ebfc xe ba b\u00e1nh n\u00e0y mang l\u1ea1i hi\u1ec7u su\u1ea5t b\u1ec1n b\u1ec9, an to\u00e0n v\u00e0 tho\u1ea3i m\u00e1i cho m\u1ecdi h\u00e0nh tr\u00ecnh di chuy\u1ec3n h\u00e0ng ng\u00e0y.    <\/p>\n","protected":false},"excerpt":{"rendered":"<p>Xe ba b\u00e1nh \u0111i\u1ec7n BODO-SL008 l\u00e0 d\u00f2ng xe ch\u1edf kh\u00e1ch ki\u1ec3u d\u00e1ng h\u1edf, c\u00f3 \u0111\u1ed9 \u1ed5n \u0111\u1ecbnh cao v\u00e0 c\u1ef1c [&hellip;]<\/p>\n","protected":false},"featured_media":1261,"template":"","meta":{"site-sidebar-layout":"default","site-content-layout":"","ast-site-content-layout":"default","site-content-style":"default","site-sidebar-style":"default","ast-global-header-display":"","ast-banner-title-visibility":"","ast-main-header-display":"","ast-hfb-above-header-display":"","ast-hfb-below-header-display":"","ast-hfb-mobile-header-display":"","site-post-title":"","ast-breadcrumbs-content":"","ast-featured-img":"","footer-sml-layout":"","ast-disable-related-posts":"","theme-transparent-header-meta":"default","adv-header-id-meta":"","stick-header-meta":"","header-above-stick-meta":"","header-main-stick-meta":"","header-below-stick-meta":"","astra-migrate-meta-layouts":"default","ast-page-background-enabled":"default","ast-page-background-meta":{"desktop":{"background-color":"var(--ast-global-color-5)","background-image":"","background-repeat":"repeat","background-position":"center center","background-size":"auto","background-attachment":"scroll","background-type":"","background-media":"","overlay-type":"","overlay-color":"","overlay-opacity":"","overlay-gradient":""},"tablet":{"background-color":"","background-image":"","background-repeat":"repeat","background-position":"center center","background-size":"auto","background-attachment":"scroll","background-type":"","background-media":"","overlay-type":"","overlay-color":"","overlay-opacity":"","overlay-gradient":""},"mobile":{"background-color":"","background-image":"","background-repeat":"repeat","background-position":"center center","background-size":"auto","background-attachment":"scroll","background-type":"","background-media":"","overlay-type":"","overlay-color":"","overlay-opacity":"","overlay-gradient":""}},"ast-content-background-meta":{"desktop":{"background-color":"var(--ast-global-color-4)","background-image":"","background-repeat":"repeat","background-position":"center center","background-size":"auto","background-attachment":"scroll","background-type":"","background-media":"","overlay-type":"","overlay-color":"","overlay-opacity":"","overlay-gradient":""},"tablet":{"background-color":"var(--ast-global-color-4)","background-image":"","background-repeat":"repeat","background-position":"center center","background-size":"auto","background-attachment":"scroll","background-type":"","background-media":"","overlay-type":"","overlay-color":"","overlay-opacity":"","overlay-gradient":""},"mobile":{"background-color":"var(--ast-global-color-4)","background-image":"","background-repeat":"repeat","background-position":"center center","background-size":"auto","background-attachment":"scroll","background-type":"","background-media":"","overlay-type":"","overlay-color":"","overlay-opacity":"","overlay-gradient":""}}},"product_brand":[],"product_cat":[171],"product_tag":[],"class_list":{"0":"post-1262","1":"product","2":"type-product","3":"status-publish","4":"has-post-thumbnail","6":"product_cat-xe-ba-banh-dien","7":"desktop-align-left","8":"tablet-align-left","9":"mobile-align-left","11":"first","12":"instock","13":"shipping-taxable","14":"product-type-simple"},"_links":{"self":[{"href":"https:\/\/bodo-electricbicycles.com\/vi\/wp-json\/wp\/v2\/product\/1262","targetHints":{"allow":["GET"]}}],"collection":[{"href":"https:\/\/bodo-electricbicycles.com\/vi\/wp-json\/wp\/v2\/product"}],"about":[{"href":"https:\/\/bodo-electricbicycles.com\/vi\/wp-json\/wp\/v2\/types\/product"}],"wp:featuredmedia":[{"embeddable":true,"href":"https:\/\/bodo-electricbicycles.com\/vi\/wp-json\/wp\/v2\/media\/1261"}],"wp:attachment":[{"href":"https:\/\/bodo-electricbicycles.com\/vi\/wp-json\/wp\/v2\/media?parent=1262"}],"wp:term":[{"taxonomy":"product_brand","embeddable":true,"href":"https:\/\/bodo-electricbicycles.com\/vi\/wp-json\/wp\/v2\/product_brand?post=1262"},{"taxonomy":"product_cat","embeddable":true,"href":"https:\/\/bodo-electricbicycles.com\/vi\/wp-json\/wp\/v2\/product_cat?post=1262"},{"taxonomy":"product_tag","embeddable":true,"href":"https:\/\/bodo-electricbicycles.com\/vi\/wp-json\/wp\/v2\/product_tag?post=1262"}],"curies":[{"name":"wp","href":"https:\/\/api.w.org\/{rel}","templated":true}]}}