{"id":1264,"date":"2026-03-17T17:29:23","date_gmt":"2026-03-17T09:29:23","guid":{"rendered":"https:\/\/bodo-electricbicycles.com\/product\/xe-ba-banh-dien-bodo-sl007\/"},"modified":"2026-03-17T17:29:23","modified_gmt":"2026-03-17T09:29:23","slug":"xe-ba-banh-dien-bodo-sl007","status":"publish","type":"product","link":"https:\/\/bodo-electricbicycles.com\/vi\/product\/xe-ba-banh-dien-bodo-sl007\/","title":{"rendered":"Xe ba b\u00e1nh \u0111i\u1ec7n BODO-SL007"},"content":{"rendered":"<p>Xe ba b\u00e1nh \u0111i\u1ec7n BODO-SL007 l\u00e0 m\u1eabu xe ch\u1edf kh\u00e1ch c\u00f3 thi\u1ebft k\u1ebf m\u1edf, nh\u1ecf g\u1ecdn v\u00e0 \u0111\u00e1ng tin c\u1eady, l\u00fd t\u01b0\u1edfng cho nhu c\u1ea7u \u0111i l\u1ea1i h\u00e0ng ng\u00e0y. \u0110\u01b0\u1ee3c trang b\u1ecb \u0111\u1ed9ng c\u01a1 kh\u00f4ng ch\u1ed5i than 800W v\u00e0 \u1eafc quy ch\u00ec 48V 20Ah, xe c\u00f3 kh\u1ea3 n\u0103ng di chuy\u1ec3n qu\u00e3ng \u0111\u01b0\u1eddng t\u1eeb 50 \u0111\u1ebfn 70 km, \u0111\u1ea1t t\u1ed1c \u0111\u1ed9 t\u1ed1i \u0111a 30-50 km\/h v\u00e0 ch\u1ec9 m\u1ea5t 3-5 gi\u1edd \u0111\u1ec3 s\u1ea1c \u0111\u1ea7y. H\u1ec7 th\u1ed1ng phanh tang tr\u1ed1ng v\u1edbi k\u00edch th\u01b0\u1edbc 110mm \u1edf b\u00e1nh tr\u01b0\u1edbc v\u00e0 130mm \u1edf b\u00e1nh sau gi\u00fap xe d\u1eebng l\u1ea1i m\u1ed9t c\u00e1ch \u1ed5n \u0111\u1ecbnh v\u00e0 an to\u00e0n. Xe s\u1edf h\u1eefu phu\u1ed9c gi\u1ea3m x\u00f3c 27 \u1ed1ng, h\u1ec7 th\u1ed1ng \u0111i\u1ec1u ch\u1ec9nh t\u1ed1c \u0111\u1ed9 b\u1eb1ng tay ga, b\u1ed9 \u0111i\u1ec1u khi\u1ec3n th\u00f4ng minh Vector, m\u00e0n h\u00ecnh LCD hi\u1ec3n th\u1ecb r\u00f5 n\u00e9t c\u00f9ng \u0111\u00e8n pha LED ph\u00eda tr\u01b0\u1edbc c\u00f3 \u0111\u1ed9 s\u00e1ng cao. V\u1edbi kh\u1ea3 n\u0103ng leo d\u1ed1c t\u1eeb 10\u00b0 \u0111\u1ebfn 15\u00b0 v\u00e0 \u0111\u1ea1t ch\u1ee9ng nh\u1eadn EEC, chi\u1ebfc xe ba b\u00e1nh n\u00e0y mang l\u1ea1i hi\u1ec7u su\u1ea5t v\u1eadn h\u00e0nh \u1ed5n \u0111\u1ecbnh, \u00eam \u00e1i v\u00e0 an to\u00e0n cho vi\u1ec7c chuy\u00ean ch\u1edf h\u00e0nh kh\u00e1ch h\u00e0ng ng\u00e0y.    <\/p>\n","protected":false},"excerpt":{"rendered":"<p>Xe ba b\u00e1nh \u0111i\u1ec7n BODO-SL007 l\u00e0 m\u1eabu xe ch\u1edf kh\u00e1ch c\u00f3 thi\u1ebft k\u1ebf m\u1edf, nh\u1ecf g\u1ecdn v\u00e0 \u0111\u00e1ng tin c\u1eady, [&hellip;]<\/p>\n","protected":false},"featured_media":1263,"template":"","meta":{"site-sidebar-layout":"default","site-content-layout":"","ast-site-content-layout":"default","site-content-style":"default","site-sidebar-style":"default","ast-global-header-display":"","ast-banner-title-visibility":"","ast-main-header-display":"","ast-hfb-above-header-display":"","ast-hfb-below-header-display":"","ast-hfb-mobile-header-display":"","site-post-title":"","ast-breadcrumbs-content":"","ast-featured-img":"","footer-sml-layout":"","ast-disable-related-posts":"","theme-transparent-header-meta":"default","adv-header-id-meta":"","stick-header-meta":"","header-above-stick-meta":"","header-main-stick-meta":"","header-below-stick-meta":"","astra-migrate-meta-layouts":"default","ast-page-background-enabled":"default","ast-page-background-meta":{"desktop":{"background-color":"var(--ast-global-color-5)","background-image":"","background-repeat":"repeat","background-position":"center center","background-size":"auto","background-attachment":"scroll","background-type":"","background-media":"","overlay-type":"","overlay-color":"","overlay-opacity":"","overlay-gradient":""},"tablet":{"background-color":"","background-image":"","background-repeat":"repeat","background-position":"center center","background-size":"auto","background-attachment":"scroll","background-type":"","background-media":"","overlay-type":"","overlay-color":"","overlay-opacity":"","overlay-gradient":""},"mobile":{"background-color":"","background-image":"","background-repeat":"repeat","background-position":"center center","background-size":"auto","background-attachment":"scroll","background-type":"","background-media":"","overlay-type":"","overlay-color":"","overlay-opacity":"","overlay-gradient":""}},"ast-content-background-meta":{"desktop":{"background-color":"var(--ast-global-color-4)","background-image":"","background-repeat":"repeat","background-position":"center center","background-size":"auto","background-attachment":"scroll","background-type":"","background-media":"","overlay-type":"","overlay-color":"","overlay-opacity":"","overlay-gradient":""},"tablet":{"background-color":"var(--ast-global-color-4)","background-image":"","background-repeat":"repeat","background-position":"center center","background-size":"auto","background-attachment":"scroll","background-type":"","background-media":"","overlay-type":"","overlay-color":"","overlay-opacity":"","overlay-gradient":""},"mobile":{"background-color":"var(--ast-global-color-4)","background-image":"","background-repeat":"repeat","background-position":"center center","background-size":"auto","background-attachment":"scroll","background-type":"","background-media":"","overlay-type":"","overlay-color":"","overlay-opacity":"","overlay-gradient":""}}},"product_brand":[],"product_cat":[171],"product_tag":[],"class_list":{"0":"post-1264","1":"product","2":"type-product","3":"status-publish","4":"has-post-thumbnail","6":"product_cat-xe-ba-banh-dien","7":"desktop-align-left","8":"tablet-align-left","9":"mobile-align-left","11":"first","12":"instock","13":"shipping-taxable","14":"product-type-simple"},"_links":{"self":[{"href":"https:\/\/bodo-electricbicycles.com\/vi\/wp-json\/wp\/v2\/product\/1264","targetHints":{"allow":["GET"]}}],"collection":[{"href":"https:\/\/bodo-electricbicycles.com\/vi\/wp-json\/wp\/v2\/product"}],"about":[{"href":"https:\/\/bodo-electricbicycles.com\/vi\/wp-json\/wp\/v2\/types\/product"}],"wp:featuredmedia":[{"embeddable":true,"href":"https:\/\/bodo-electricbicycles.com\/vi\/wp-json\/wp\/v2\/media\/1263"}],"wp:attachment":[{"href":"https:\/\/bodo-electricbicycles.com\/vi\/wp-json\/wp\/v2\/media?parent=1264"}],"wp:term":[{"taxonomy":"product_brand","embeddable":true,"href":"https:\/\/bodo-electricbicycles.com\/vi\/wp-json\/wp\/v2\/product_brand?post=1264"},{"taxonomy":"product_cat","embeddable":true,"href":"https:\/\/bodo-electricbicycles.com\/vi\/wp-json\/wp\/v2\/product_cat?post=1264"},{"taxonomy":"product_tag","embeddable":true,"href":"https:\/\/bodo-electricbicycles.com\/vi\/wp-json\/wp\/v2\/product_tag?post=1264"}],"curies":[{"name":"wp","href":"https:\/\/api.w.org\/{rel}","templated":true}]}}