{"id":1266,"date":"2026-03-17T16:50:59","date_gmt":"2026-03-17T08:50:59","guid":{"rendered":"https:\/\/bodo-electricbicycles.com\/product\/xe-ba-banh-dien-bodo-sl006\/"},"modified":"2026-03-17T16:50:59","modified_gmt":"2026-03-17T08:50:59","slug":"xe-ba-banh-dien-bodo-sl006","status":"publish","type":"product","link":"https:\/\/bodo-electricbicycles.com\/vi\/product\/xe-ba-banh-dien-bodo-sl006\/","title":{"rendered":"Xe ba b\u00e1nh \u0111i\u1ec7n BODO-SL006"},"content":{"rendered":"<p>Xe ba b\u00e1nh \u0111i\u1ec7n BODO-SL006 l\u00e0 m\u1eabu xe ch\u1edf kh\u00e1ch ki\u1ec3u d\u00e1ng h\u1edf, mang l\u1ea1i s\u1ef1 \u1ed5n \u0111\u1ecbnh v\u00e0 t\u00ednh th\u1ef1c d\u1ee5ng cao, l\u00fd t\u01b0\u1edfng cho nhu c\u1ea7u \u0111i l\u1ea1i h\u00e0ng ng\u00e0y. \u0110\u01b0\u1ee3c trang b\u1ecb \u0111\u1ed9ng c\u01a1 1000W v\u00e0 \u1eafc quy axit-ch\u00ec 48V 32Ah, xe c\u00f3 kh\u1ea3 n\u0103ng di chuy\u1ec3n qu\u00e3ng \u0111\u01b0\u1eddng t\u1eeb 50 \u0111\u1ebfn 70km v\u1edbi t\u1ed1c \u0111\u1ed9 t\u1ed1i \u0111a \u0111\u1ea1t 30-50km\/h. Xe s\u1edf h\u1eefu khung s\u01b0\u1eddn b\u1eb1ng th\u00e9p carbon ch\u1eafc ch\u1eafn, l\u1ed1p kh\u00f4ng s\u0103m k\u00edch th\u01b0\u1edbc 3.00-10 c\u00f9ng h\u1ec7 th\u1ed1ng phanh tang tr\u1ed1ng \u0111\u00e1ng tin c\u1eady, \u0111\u1ea3m b\u1ea3o tr\u1ea3i nghi\u1ec7m v\u1eadn h\u00e0nh an to\u00e0n v\u00e0 \u00eam \u00e1i. V\u1edbi b\u1ed9 \u0111i\u1ec1u khi\u1ec3n 12 \u1ed1ng v\u00e0 ba gh\u1ebf ng\u1ed3i \u00eam \u00e1i, xe c\u00f3 kh\u1ea3 n\u0103ng t\u1ea3i tr\u1ecdng t\u1eeb 100 \u0111\u1ebfn 200kg v\u00e0 d\u1ec5 d\u00e0ng v\u01b0\u1ee3t qua c\u00e1c \u0111o\u1ea1n d\u1ed1c c\u00f3 \u0111\u1ed9 nghi\u00eang t\u1eeb 10\u00b0 \u0111\u1ebfn 15\u00b0. Xe c\u00f3 th\u1eddi gian s\u1ea1c t\u1eeb 5 \u0111\u1ebfn 7 gi\u1edd v\u00e0 \u0111\u1ea1t ch\u1ee9ng nh\u1eadn CCC.    <\/p>\n","protected":false},"excerpt":{"rendered":"<p>Xe ba b\u00e1nh \u0111i\u1ec7n BODO-SL006 l\u00e0 m\u1eabu xe ch\u1edf kh\u00e1ch ki\u1ec3u d\u00e1ng h\u1edf, mang l\u1ea1i s\u1ef1 \u1ed5n \u0111\u1ecbnh v\u00e0 t\u00ednh [&hellip;]<\/p>\n","protected":false},"featured_media":1265,"template":"","meta":{"site-sidebar-layout":"default","site-content-layout":"","ast-site-content-layout":"default","site-content-style":"default","site-sidebar-style":"default","ast-global-header-display":"","ast-banner-title-visibility":"","ast-main-header-display":"","ast-hfb-above-header-display":"","ast-hfb-below-header-display":"","ast-hfb-mobile-header-display":"","site-post-title":"","ast-breadcrumbs-content":"","ast-featured-img":"","footer-sml-layout":"","ast-disable-related-posts":"","theme-transparent-header-meta":"default","adv-header-id-meta":"","stick-header-meta":"","header-above-stick-meta":"","header-main-stick-meta":"","header-below-stick-meta":"","astra-migrate-meta-layouts":"default","ast-page-background-enabled":"default","ast-page-background-meta":{"desktop":{"background-color":"var(--ast-global-color-5)","background-image":"","background-repeat":"repeat","background-position":"center center","background-size":"auto","background-attachment":"scroll","background-type":"","background-media":"","overlay-type":"","overlay-color":"","overlay-opacity":"","overlay-gradient":""},"tablet":{"background-color":"","background-image":"","background-repeat":"repeat","background-position":"center center","background-size":"auto","background-attachment":"scroll","background-type":"","background-media":"","overlay-type":"","overlay-color":"","overlay-opacity":"","overlay-gradient":""},"mobile":{"background-color":"","background-image":"","background-repeat":"repeat","background-position":"center center","background-size":"auto","background-attachment":"scroll","background-type":"","background-media":"","overlay-type":"","overlay-color":"","overlay-opacity":"","overlay-gradient":""}},"ast-content-background-meta":{"desktop":{"background-color":"var(--ast-global-color-4)","background-image":"","background-repeat":"repeat","background-position":"center center","background-size":"auto","background-attachment":"scroll","background-type":"","background-media":"","overlay-type":"","overlay-color":"","overlay-opacity":"","overlay-gradient":""},"tablet":{"background-color":"var(--ast-global-color-4)","background-image":"","background-repeat":"repeat","background-position":"center center","background-size":"auto","background-attachment":"scroll","background-type":"","background-media":"","overlay-type":"","overlay-color":"","overlay-opacity":"","overlay-gradient":""},"mobile":{"background-color":"var(--ast-global-color-4)","background-image":"","background-repeat":"repeat","background-position":"center center","background-size":"auto","background-attachment":"scroll","background-type":"","background-media":"","overlay-type":"","overlay-color":"","overlay-opacity":"","overlay-gradient":""}}},"product_brand":[],"product_cat":[171],"product_tag":[],"class_list":{"0":"post-1266","1":"product","2":"type-product","3":"status-publish","4":"has-post-thumbnail","6":"product_cat-xe-ba-banh-dien","7":"desktop-align-left","8":"tablet-align-left","9":"mobile-align-left","11":"first","12":"instock","13":"shipping-taxable","14":"product-type-simple"},"_links":{"self":[{"href":"https:\/\/bodo-electricbicycles.com\/vi\/wp-json\/wp\/v2\/product\/1266","targetHints":{"allow":["GET"]}}],"collection":[{"href":"https:\/\/bodo-electricbicycles.com\/vi\/wp-json\/wp\/v2\/product"}],"about":[{"href":"https:\/\/bodo-electricbicycles.com\/vi\/wp-json\/wp\/v2\/types\/product"}],"wp:featuredmedia":[{"embeddable":true,"href":"https:\/\/bodo-electricbicycles.com\/vi\/wp-json\/wp\/v2\/media\/1265"}],"wp:attachment":[{"href":"https:\/\/bodo-electricbicycles.com\/vi\/wp-json\/wp\/v2\/media?parent=1266"}],"wp:term":[{"taxonomy":"product_brand","embeddable":true,"href":"https:\/\/bodo-electricbicycles.com\/vi\/wp-json\/wp\/v2\/product_brand?post=1266"},{"taxonomy":"product_cat","embeddable":true,"href":"https:\/\/bodo-electricbicycles.com\/vi\/wp-json\/wp\/v2\/product_cat?post=1266"},{"taxonomy":"product_tag","embeddable":true,"href":"https:\/\/bodo-electricbicycles.com\/vi\/wp-json\/wp\/v2\/product_tag?post=1266"}],"curies":[{"name":"wp","href":"https:\/\/api.w.org\/{rel}","templated":true}]}}