{"id":1268,"date":"2026-03-17T16:35:01","date_gmt":"2026-03-17T08:35:01","guid":{"rendered":"https:\/\/bodo-electricbicycles.com\/product\/xe-ba-banh-dien-bodo-sl005\/"},"modified":"2026-03-17T16:35:01","modified_gmt":"2026-03-17T08:35:01","slug":"xe-ba-banh-dien-bodo-sl005","status":"publish","type":"product","link":"https:\/\/bodo-electricbicycles.com\/vi\/product\/xe-ba-banh-dien-bodo-sl005\/","title":{"rendered":"Xe ba b\u00e1nh \u0111i\u1ec7n BODO-SL005"},"content":{"rendered":"<p>Xe ba b\u00e1nh \u0111i\u1ec7n BODO-SL005 l\u00e0 d\u00f2ng xe ch\u1edf h\u00e0ng chuy\u00ean d\u1ee5ng, \u0111\u01b0\u1ee3c ch\u1ebf t\u1ea1o nh\u1eb1m ph\u1ee5c v\u1ee5 nhu c\u1ea7u v\u1eadn chuy\u1ec3n, c\u00f4ng vi\u1ec7c ngo\u00e0i tr\u1eddi c\u0169ng nh\u01b0 s\u1eed d\u1ee5ng h\u00e0ng ng\u00e0y. Xe s\u1edf h\u1eefu khung th\u00e9p ki\u00ean c\u1ed1, h\u1ec7 th\u1ed1ng phanh tang tr\u1ed1ng \u0111\u00e1ng tin c\u1eady c\u00f9ng b\u1ed9 l\u1ed1p k\u00edch th\u01b0\u1edbc 3.0-12, mang l\u1ea1i kh\u1ea3 n\u0103ng v\u1eadn h\u00e0nh \u1ed5n \u0111\u1ecbnh v\u00e0 an to\u00e0n. \u0110\u01b0\u1ee3c cung c\u1ea5p n\u0103ng l\u01b0\u1ee3ng b\u1edfi \u1eafc quy axit-ch\u00ec 48V v\u00e0 \u0111i\u1ec1u khi\u1ec3n th\u00f4ng qua b\u1ed9 \u0111i\u1ec1u t\u1ed1c 12 \u1ed1ng, xe mang l\u1ea1i hi\u1ec7u su\u1ea5t v\u1eadn h\u00e0nh \u00eam \u00e1i v\u00e0 hi\u1ec7u qu\u1ea3. Ngo\u00e0i ra, vi\u1ec7c \u0111\u01b0\u1ee3c trang b\u1ecb h\u1ec7 th\u1ed1ng h\u1ed9p s\u1ed1 CVT v\u00e0 m\u00e0n h\u00ecnh hi\u1ec3n th\u1ecb LED gi\u00fap ng\u01b0\u1eddi d\u00f9ng d\u1ec5 d\u00e0ng thao t\u00e1c v\u00e0 n\u1eafm b\u1eaft r\u00f5 r\u00e0ng c\u00e1c th\u00f4ng s\u1ed1 v\u1eadn h\u00e0nh c\u1ee7a xe. Hi\u1ec7n c\u00f3 s\u1eb5n v\u1edbi c\u00e1c t\u00f9y ch\u1ecdn m\u00e0u xanh d\u01b0\u01a1ng, x\u00e1m v\u00e0 b\u1ea1c; m\u1eabu xe n\u00e0y \u0111\u01b0\u1ee3c s\u1ea3n xu\u1ea5t t\u1ea1i Thi\u00ean T\u00e2n (Trung Qu\u1ed1c) v\u00e0 \u0111\u01b0\u1ee3c thi\u1ebft k\u1ebf chuy\u00ean bi\u1ec7t \u0111\u1ec3 chuy\u00ean ch\u1edf c\u00e1c t\u1ea3i tr\u1ecdng l\u1edbn, \u0111\u1ea3m b\u1ea3o hi\u1ec7u su\u1ea5t \u1ed5n \u0111\u1ecbnh v\u00e0 b\u1ec1n b\u1ec9 trong su\u1ed1t qu\u00e1 tr\u00ecnh s\u1eed d\u1ee5ng l\u00e2u d\u00e0i.    <\/p>\n","protected":false},"excerpt":{"rendered":"<p>Xe ba b\u00e1nh \u0111i\u1ec7n BODO-SL005 l\u00e0 d\u00f2ng xe ch\u1edf h\u00e0ng chuy\u00ean d\u1ee5ng, \u0111\u01b0\u1ee3c ch\u1ebf t\u1ea1o nh\u1eb1m ph\u1ee5c v\u1ee5 nhu c\u1ea7u [&hellip;]<\/p>\n","protected":false},"featured_media":1267,"template":"","meta":{"site-sidebar-layout":"default","site-content-layout":"","ast-site-content-layout":"default","site-content-style":"default","site-sidebar-style":"default","ast-global-header-display":"","ast-banner-title-visibility":"","ast-main-header-display":"","ast-hfb-above-header-display":"","ast-hfb-below-header-display":"","ast-hfb-mobile-header-display":"","site-post-title":"","ast-breadcrumbs-content":"","ast-featured-img":"","footer-sml-layout":"","ast-disable-related-posts":"","theme-transparent-header-meta":"default","adv-header-id-meta":"","stick-header-meta":"","header-above-stick-meta":"","header-main-stick-meta":"","header-below-stick-meta":"","astra-migrate-meta-layouts":"default","ast-page-background-enabled":"default","ast-page-background-meta":{"desktop":{"background-color":"var(--ast-global-color-5)","background-image":"","background-repeat":"repeat","background-position":"center center","background-size":"auto","background-attachment":"scroll","background-type":"","background-media":"","overlay-type":"","overlay-color":"","overlay-opacity":"","overlay-gradient":""},"tablet":{"background-color":"","background-image":"","background-repeat":"repeat","background-position":"center center","background-size":"auto","background-attachment":"scroll","background-type":"","background-media":"","overlay-type":"","overlay-color":"","overlay-opacity":"","overlay-gradient":""},"mobile":{"background-color":"","background-image":"","background-repeat":"repeat","background-position":"center center","background-size":"auto","background-attachment":"scroll","background-type":"","background-media":"","overlay-type":"","overlay-color":"","overlay-opacity":"","overlay-gradient":""}},"ast-content-background-meta":{"desktop":{"background-color":"var(--ast-global-color-4)","background-image":"","background-repeat":"repeat","background-position":"center center","background-size":"auto","background-attachment":"scroll","background-type":"","background-media":"","overlay-type":"","overlay-color":"","overlay-opacity":"","overlay-gradient":""},"tablet":{"background-color":"var(--ast-global-color-4)","background-image":"","background-repeat":"repeat","background-position":"center center","background-size":"auto","background-attachment":"scroll","background-type":"","background-media":"","overlay-type":"","overlay-color":"","overlay-opacity":"","overlay-gradient":""},"mobile":{"background-color":"var(--ast-global-color-4)","background-image":"","background-repeat":"repeat","background-position":"center center","background-size":"auto","background-attachment":"scroll","background-type":"","background-media":"","overlay-type":"","overlay-color":"","overlay-opacity":"","overlay-gradient":""}}},"product_brand":[],"product_cat":[171],"product_tag":[],"class_list":{"0":"post-1268","1":"product","2":"type-product","3":"status-publish","4":"has-post-thumbnail","6":"product_cat-xe-ba-banh-dien","7":"desktop-align-left","8":"tablet-align-left","9":"mobile-align-left","11":"first","12":"instock","13":"shipping-taxable","14":"product-type-simple"},"_links":{"self":[{"href":"https:\/\/bodo-electricbicycles.com\/vi\/wp-json\/wp\/v2\/product\/1268","targetHints":{"allow":["GET"]}}],"collection":[{"href":"https:\/\/bodo-electricbicycles.com\/vi\/wp-json\/wp\/v2\/product"}],"about":[{"href":"https:\/\/bodo-electricbicycles.com\/vi\/wp-json\/wp\/v2\/types\/product"}],"wp:featuredmedia":[{"embeddable":true,"href":"https:\/\/bodo-electricbicycles.com\/vi\/wp-json\/wp\/v2\/media\/1267"}],"wp:attachment":[{"href":"https:\/\/bodo-electricbicycles.com\/vi\/wp-json\/wp\/v2\/media?parent=1268"}],"wp:term":[{"taxonomy":"product_brand","embeddable":true,"href":"https:\/\/bodo-electricbicycles.com\/vi\/wp-json\/wp\/v2\/product_brand?post=1268"},{"taxonomy":"product_cat","embeddable":true,"href":"https:\/\/bodo-electricbicycles.com\/vi\/wp-json\/wp\/v2\/product_cat?post=1268"},{"taxonomy":"product_tag","embeddable":true,"href":"https:\/\/bodo-electricbicycles.com\/vi\/wp-json\/wp\/v2\/product_tag?post=1268"}],"curies":[{"name":"wp","href":"https:\/\/api.w.org\/{rel}","templated":true}]}}