{"id":1270,"date":"2026-03-17T16:28:48","date_gmt":"2026-03-17T08:28:48","guid":{"rendered":"https:\/\/bodo-electricbicycles.com\/product\/xe-ba-banh-dien-bodo-sl004\/"},"modified":"2026-03-17T16:28:48","modified_gmt":"2026-03-17T08:28:48","slug":"xe-ba-banh-dien-bodo-sl004","status":"publish","type":"product","link":"https:\/\/bodo-electricbicycles.com\/vi\/product\/xe-ba-banh-dien-bodo-sl004\/","title":{"rendered":"Xe ba b\u00e1nh \u0111i\u1ec7n BODO-SL004"},"content":{"rendered":"<div data-page-id=\"YeFmfH3yodDrQkcaQARcCh67nbd\" data-lark-html-role=\"root\" data-docx-has-block-data=\"false\">\n<div class=\"ace-line ace-line old-record-id-QXhqfis7MdhkzDcZnwecxf92nbe\">Xe ba b\u00e1nh \u0111i\u1ec7n BODO-SL004 l\u00e0 d\u00f2ng xe c\u00f3 thi\u1ebft k\u1ebf th\u00f9ng h\u1edf \u0111\u00e1ng tin c\u1eady, \u0111\u01b0\u1ee3c ch\u1ebf t\u1ea1o nh\u1eb1m ph\u1ee5c v\u1ee5 c\u00e1c nhu c\u1ea7u s\u1eed d\u1ee5ng th\u1ef1c t\u1ebf h\u00e0ng ng\u00e0y. \u0110\u01b0\u1ee3c trang b\u1ecb \u0111\u1ed9ng c\u01a1 kh\u00f4ng ch\u1ed5i than 800W c\u00f9ng b\u1ed9 \u1eafc quy axit-ch\u00ec 48V 20Ah, xe c\u00f3 kh\u1ea3 n\u0103ng di chuy\u1ec3n qu\u00e3ng \u0111\u01b0\u1eddng t\u1eeb 50 \u0111\u1ebfn 70 km, \u0111\u1ea1t t\u1ed1c \u0111\u1ed9 t\u1ed1i \u0111a 30-50 km\/h v\u00e0 ch\u1ec9 m\u1ea5t 3-5 gi\u1edd \u0111\u1ec3 s\u1ea1c \u0111\u1ea7y. Nh\u1edd s\u1edf h\u1eefu khung s\u01b0\u1eddn b\u1eb1ng th\u00e9p carbon ki\u00ean c\u1ed1 k\u1ebft h\u1ee3p h\u1ec7 th\u1ed1ng gi\u1ea3m x\u00f3c to\u00e0n di\u1ec7n, xe mang l\u1ea1i tr\u1ea3i nghi\u1ec7m v\u1eadn h\u00e0nh \u00eam \u00e1i ngay c\u1ea3 khi di chuy\u1ec3n tr\u00ean nh\u1eefng \u0111o\u1ea1n \u0111\u01b0\u1eddng g\u1ed3 gh\u1ec1. V\u1edbi b\u1ed9 \u0111i\u1ec1u khi\u1ec3n 18 \u1ed1ng, l\u1ed1p xe k\u00edch th\u01b0\u1edbc 4.00-12 v\u00e0 kh\u1ea3 n\u0103ng leo d\u1ed1c l\u00ean t\u1edbi 15-20\u00b0, chi\u1ebfc xe n\u00e0y c\u00f3 th\u1ec3 d\u1ec5 d\u00e0ng chinh ph\u1ee5c \u0111a d\u1ea1ng c\u00e1c \u0111i\u1ec1u ki\u1ec7n \u0111\u01b0\u1eddng s\u00e1 kh\u00e1c nhau. \u0110\u1ea1t ch\u1ee9ng nh\u1eadn CCC v\u00e0 v\u1eadn h\u00e0nh b\u1eb1ng h\u1ec7 th\u1ed1ng truy\u1ec1n \u0111\u1ed9ng \u0111i\u1ec7n, m\u1eabu xe ba b\u00e1nh n\u00e0y l\u00e0 s\u1ef1 k\u1ebft h\u1ee3p ho\u00e0n h\u1ea3o gi\u1eefa \u0111\u1ed9 b\u1ec1n b\u1ec9 v\u00e0 hi\u1ec7u su\u1ea5t t\u1ed1i \u01b0u, tr\u1edf th\u00e0nh l\u1ef1a ch\u1ecdn l\u00fd t\u01b0\u1edfng cho vi\u1ec7c \u0111i l\u1ea1i h\u00e0ng ng\u00e0y c\u0169ng nh\u01b0 th\u1ef1c hi\u1ec7n c\u00e1c c\u00f4ng vi\u1ec7c v\u1eadn chuy\u1ec3n nh\u1eb9.    <\/div>\n<\/div>\n","protected":false},"excerpt":{"rendered":"<p>Xe ba b\u00e1nh \u0111i\u1ec7n BODO-SL004 l\u00e0 d\u00f2ng xe c\u00f3 thi\u1ebft k\u1ebf th\u00f9ng h\u1edf \u0111\u00e1ng tin c\u1eady, \u0111\u01b0\u1ee3c ch\u1ebf t\u1ea1o nh\u1eb1m [&hellip;]<\/p>\n","protected":false},"featured_media":1269,"template":"","meta":{"site-sidebar-layout":"default","site-content-layout":"","ast-site-content-layout":"default","site-content-style":"default","site-sidebar-style":"default","ast-global-header-display":"","ast-banner-title-visibility":"","ast-main-header-display":"","ast-hfb-above-header-display":"","ast-hfb-below-header-display":"","ast-hfb-mobile-header-display":"","site-post-title":"","ast-breadcrumbs-content":"","ast-featured-img":"","footer-sml-layout":"","ast-disable-related-posts":"","theme-transparent-header-meta":"default","adv-header-id-meta":"","stick-header-meta":"","header-above-stick-meta":"","header-main-stick-meta":"","header-below-stick-meta":"","astra-migrate-meta-layouts":"default","ast-page-background-enabled":"default","ast-page-background-meta":{"desktop":{"background-color":"var(--ast-global-color-5)","background-image":"","background-repeat":"repeat","background-position":"center center","background-size":"auto","background-attachment":"scroll","background-type":"","background-media":"","overlay-type":"","overlay-color":"","overlay-opacity":"","overlay-gradient":""},"tablet":{"background-color":"","background-image":"","background-repeat":"repeat","background-position":"center center","background-size":"auto","background-attachment":"scroll","background-type":"","background-media":"","overlay-type":"","overlay-color":"","overlay-opacity":"","overlay-gradient":""},"mobile":{"background-color":"","background-image":"","background-repeat":"repeat","background-position":"center center","background-size":"auto","background-attachment":"scroll","background-type":"","background-media":"","overlay-type":"","overlay-color":"","overlay-opacity":"","overlay-gradient":""}},"ast-content-background-meta":{"desktop":{"background-color":"var(--ast-global-color-4)","background-image":"","background-repeat":"repeat","background-position":"center center","background-size":"auto","background-attachment":"scroll","background-type":"","background-media":"","overlay-type":"","overlay-color":"","overlay-opacity":"","overlay-gradient":""},"tablet":{"background-color":"var(--ast-global-color-4)","background-image":"","background-repeat":"repeat","background-position":"center center","background-size":"auto","background-attachment":"scroll","background-type":"","background-media":"","overlay-type":"","overlay-color":"","overlay-opacity":"","overlay-gradient":""},"mobile":{"background-color":"var(--ast-global-color-4)","background-image":"","background-repeat":"repeat","background-position":"center center","background-size":"auto","background-attachment":"scroll","background-type":"","background-media":"","overlay-type":"","overlay-color":"","overlay-opacity":"","overlay-gradient":""}}},"product_brand":[],"product_cat":[171],"product_tag":[],"class_list":{"0":"post-1270","1":"product","2":"type-product","3":"status-publish","4":"has-post-thumbnail","6":"product_cat-xe-ba-banh-dien","7":"desktop-align-left","8":"tablet-align-left","9":"mobile-align-left","11":"first","12":"instock","13":"shipping-taxable","14":"product-type-simple"},"_links":{"self":[{"href":"https:\/\/bodo-electricbicycles.com\/vi\/wp-json\/wp\/v2\/product\/1270","targetHints":{"allow":["GET"]}}],"collection":[{"href":"https:\/\/bodo-electricbicycles.com\/vi\/wp-json\/wp\/v2\/product"}],"about":[{"href":"https:\/\/bodo-electricbicycles.com\/vi\/wp-json\/wp\/v2\/types\/product"}],"wp:featuredmedia":[{"embeddable":true,"href":"https:\/\/bodo-electricbicycles.com\/vi\/wp-json\/wp\/v2\/media\/1269"}],"wp:attachment":[{"href":"https:\/\/bodo-electricbicycles.com\/vi\/wp-json\/wp\/v2\/media?parent=1270"}],"wp:term":[{"taxonomy":"product_brand","embeddable":true,"href":"https:\/\/bodo-electricbicycles.com\/vi\/wp-json\/wp\/v2\/product_brand?post=1270"},{"taxonomy":"product_cat","embeddable":true,"href":"https:\/\/bodo-electricbicycles.com\/vi\/wp-json\/wp\/v2\/product_cat?post=1270"},{"taxonomy":"product_tag","embeddable":true,"href":"https:\/\/bodo-electricbicycles.com\/vi\/wp-json\/wp\/v2\/product_tag?post=1270"}],"curies":[{"name":"wp","href":"https:\/\/api.w.org\/{rel}","templated":true}]}}