{"id":1272,"date":"2026-03-17T16:21:57","date_gmt":"2026-03-17T08:21:57","guid":{"rendered":"https:\/\/bodo-electricbicycles.com\/product\/xe-ba-banh-dien-bodo-sl003\/"},"modified":"2026-03-17T16:21:57","modified_gmt":"2026-03-17T08:21:57","slug":"xe-ba-banh-dien-bodo-sl003","status":"publish","type":"product","link":"https:\/\/bodo-electricbicycles.com\/vi\/product\/xe-ba-banh-dien-bodo-sl003\/","title":{"rendered":"Xe ba b\u00e1nh \u0111i\u1ec7n BODO-SL003"},"content":{"rendered":"<p>Xe ba b\u00e1nh \u0111i\u1ec7n BODO-SL003 l\u00e0 d\u00f2ng xe c\u00f4ng nghi\u1ec7p hi\u1ec7u su\u1ea5t cao, \u0111\u01b0\u1ee3c thi\u1ebft k\u1ebf chuy\u00ean d\u1ee5ng cho c\u00e1c t\u00e1c v\u1ee5 v\u1eadn h\u00e0nh n\u1eb7ng nh\u1ecdc h\u00e0ng ng\u00e0y. \u0110\u01b0\u1ee3c trang b\u1ecb \u0111\u1ed9ng c\u01a1 m\u1ea1nh m\u1ebd 1000W c\u00f9ng h\u1ec7 th\u1ed1ng pin 60V, xe mang l\u1ea1i qu\u00e3ng \u0111\u01b0\u1eddng di chuy\u1ec3n \u1ea5n t\u01b0\u1ee3ng t\u1eeb 70-90km cho m\u1ed7i l\u1ea7n s\u1ea1c v\u00e0 \u0111\u1ea1t t\u1ed1c \u0111\u1ed9 t\u1ed1i \u0111a 50-70km\/h, l\u00fd t\u01b0\u1edfng cho c\u00e1c c\u00f4ng vi\u1ec7c c\u00f4ng nghi\u1ec7p \u0111\u00f2i h\u1ecfi di chuy\u1ec3n qu\u00e3ng \u0111\u01b0\u1eddng d\u00e0i.<br \/>\nV\u1edbi b\u1ed9 \u0111i\u1ec1u khi\u1ec3n 12 \u1ed1ng gi\u00fap \u0111i\u1ec1u ti\u1ebft c\u00f4ng su\u1ea5t m\u01b0\u1ee3t m\u00e0, xe c\u00f3 th\u1ec3 d\u1ec5 d\u00e0ng v\u01b0\u1ee3t qua c\u00e1c \u0111o\u1ea1n d\u1ed1c nghi\u00eang t\u1eeb 15-20\u00b0. Xe s\u1eed d\u1ee5ng l\u1ed1p ch\u00e2n kh\u00f4ng k\u00edch th\u01b0\u1edbc 3.0-12, k\u1ebft h\u1ee3p v\u1edbi b\u00e1nh tr\u01b0\u1edbc b\u1eb1ng th\u00e9p v\u00e0 phanh tang tr\u1ed1ng ph\u00eda sau, \u0111\u1ea3m b\u1ea3o kh\u1ea3 n\u0103ng v\u1eadn h\u00e0nh \u1ed5n \u0111\u1ecbnh v\u00e0 h\u1ec7 th\u1ed1ng phanh \u0111\u00e1ng tin c\u1eady. Thi\u1ebft k\u1ebf th\u00f9ng xe d\u1ea1ng h\u1edf c\u00f9ng c\u1ea5u h\u00ecnh m\u1ed9t ch\u1ed7 ng\u1ed3i mang l\u1ea1i t\u00ednh ti\u1ec7n d\u1ee5ng cao, trong khi t\u1ea3i tr\u1ecdng t\u1eeb 100-200kg \u0111\u00e1p \u1ee9ng \u0111a d\u1ea1ng c\u00e1c nhu c\u1ea7u trong m\u00f4i tr\u01b0\u1eddng c\u00f4ng nghi\u1ec7p. \u0110\u1ea1t ch\u1ee9ng nh\u1eadn GCC v\u00e0 \u0111\u01b0\u1ee3c s\u1ea3n xu\u1ea5t t\u1ea1i Thi\u00ean T\u00e2n (Trung Qu\u1ed1c), chi\u1ebfc xe n\u00e0y l\u00e0 s\u1ef1 k\u1ebft h\u1ee3p ho\u00e0n h\u1ea3o gi\u1eefa \u0111\u1ed9 b\u1ec1n b\u1ec9 v\u00e0 hi\u1ec7u qu\u1ea3 v\u1eadn h\u00e0nh.    <\/p>\n","protected":false},"excerpt":{"rendered":"<p>Xe ba b\u00e1nh \u0111i\u1ec7n BODO-SL003 l\u00e0 d\u00f2ng xe c\u00f4ng nghi\u1ec7p hi\u1ec7u su\u1ea5t cao, \u0111\u01b0\u1ee3c thi\u1ebft k\u1ebf chuy\u00ean d\u1ee5ng cho c\u00e1c [&hellip;]<\/p>\n","protected":false},"featured_media":1271,"template":"","meta":{"site-sidebar-layout":"default","site-content-layout":"","ast-site-content-layout":"default","site-content-style":"default","site-sidebar-style":"default","ast-global-header-display":"","ast-banner-title-visibility":"","ast-main-header-display":"","ast-hfb-above-header-display":"","ast-hfb-below-header-display":"","ast-hfb-mobile-header-display":"","site-post-title":"","ast-breadcrumbs-content":"","ast-featured-img":"","footer-sml-layout":"","ast-disable-related-posts":"","theme-transparent-header-meta":"default","adv-header-id-meta":"","stick-header-meta":"","header-above-stick-meta":"","header-main-stick-meta":"","header-below-stick-meta":"","astra-migrate-meta-layouts":"default","ast-page-background-enabled":"default","ast-page-background-meta":{"desktop":{"background-color":"var(--ast-global-color-5)","background-image":"","background-repeat":"repeat","background-position":"center center","background-size":"auto","background-attachment":"scroll","background-type":"","background-media":"","overlay-type":"","overlay-color":"","overlay-opacity":"","overlay-gradient":""},"tablet":{"background-color":"","background-image":"","background-repeat":"repeat","background-position":"center center","background-size":"auto","background-attachment":"scroll","background-type":"","background-media":"","overlay-type":"","overlay-color":"","overlay-opacity":"","overlay-gradient":""},"mobile":{"background-color":"","background-image":"","background-repeat":"repeat","background-position":"center center","background-size":"auto","background-attachment":"scroll","background-type":"","background-media":"","overlay-type":"","overlay-color":"","overlay-opacity":"","overlay-gradient":""}},"ast-content-background-meta":{"desktop":{"background-color":"var(--ast-global-color-4)","background-image":"","background-repeat":"repeat","background-position":"center center","background-size":"auto","background-attachment":"scroll","background-type":"","background-media":"","overlay-type":"","overlay-color":"","overlay-opacity":"","overlay-gradient":""},"tablet":{"background-color":"var(--ast-global-color-4)","background-image":"","background-repeat":"repeat","background-position":"center center","background-size":"auto","background-attachment":"scroll","background-type":"","background-media":"","overlay-type":"","overlay-color":"","overlay-opacity":"","overlay-gradient":""},"mobile":{"background-color":"var(--ast-global-color-4)","background-image":"","background-repeat":"repeat","background-position":"center center","background-size":"auto","background-attachment":"scroll","background-type":"","background-media":"","overlay-type":"","overlay-color":"","overlay-opacity":"","overlay-gradient":""}}},"product_brand":[],"product_cat":[171],"product_tag":[],"class_list":{"0":"post-1272","1":"product","2":"type-product","3":"status-publish","4":"has-post-thumbnail","6":"product_cat-xe-ba-banh-dien","7":"desktop-align-left","8":"tablet-align-left","9":"mobile-align-left","11":"first","12":"instock","13":"shipping-taxable","14":"product-type-simple"},"_links":{"self":[{"href":"https:\/\/bodo-electricbicycles.com\/vi\/wp-json\/wp\/v2\/product\/1272","targetHints":{"allow":["GET"]}}],"collection":[{"href":"https:\/\/bodo-electricbicycles.com\/vi\/wp-json\/wp\/v2\/product"}],"about":[{"href":"https:\/\/bodo-electricbicycles.com\/vi\/wp-json\/wp\/v2\/types\/product"}],"wp:featuredmedia":[{"embeddable":true,"href":"https:\/\/bodo-electricbicycles.com\/vi\/wp-json\/wp\/v2\/media\/1271"}],"wp:attachment":[{"href":"https:\/\/bodo-electricbicycles.com\/vi\/wp-json\/wp\/v2\/media?parent=1272"}],"wp:term":[{"taxonomy":"product_brand","embeddable":true,"href":"https:\/\/bodo-electricbicycles.com\/vi\/wp-json\/wp\/v2\/product_brand?post=1272"},{"taxonomy":"product_cat","embeddable":true,"href":"https:\/\/bodo-electricbicycles.com\/vi\/wp-json\/wp\/v2\/product_cat?post=1272"},{"taxonomy":"product_tag","embeddable":true,"href":"https:\/\/bodo-electricbicycles.com\/vi\/wp-json\/wp\/v2\/product_tag?post=1272"}],"curies":[{"name":"wp","href":"https:\/\/api.w.org\/{rel}","templated":true}]}}