{"id":1274,"date":"2026-03-17T16:08:22","date_gmt":"2026-03-17T08:08:22","guid":{"rendered":"https:\/\/bodo-electricbicycles.com\/product\/xe-ba-banh-dien-bodo-sl002\/"},"modified":"2026-03-17T16:08:22","modified_gmt":"2026-03-17T08:08:22","slug":"xe-ba-banh-dien-bodo-sl002","status":"publish","type":"product","link":"https:\/\/bodo-electricbicycles.com\/vi\/product\/xe-ba-banh-dien-bodo-sl002\/","title":{"rendered":"Xe ba b\u00e1nh \u0111i\u1ec7n BODO-SL002"},"content":{"rendered":"<p>Xe ba b\u00e1nh \u0111i\u1ec7n BODO-SL002 l\u00e0 gi\u1ea3i ph\u00e1p l\u00fd t\u01b0\u1edfng cho nhu c\u1ea7u v\u1eadn chuy\u1ec3n h\u00e0nh kh\u00e1ch \u0111\u00f4 th\u1ecb h\u00e0ng ng\u00e0y, k\u1ebft h\u1ee3p s\u1ef1 tin c\u1eady v\u00e0 ti\u1ec7n l\u1ee3i trong m\u1ed9t thi\u1ebft k\u1ebf nh\u1ecf g\u1ecdn. \u0110\u01b0\u1ee3c trang b\u1ecb \u0111\u1ed9ng c\u01a1 kh\u00f4ng ch\u1ed5i than 500W hi\u1ec7u su\u1ea5t cao c\u00f9ng b\u1ed9 pin axit-ch\u00ec 48V\/20Ah, xe mang l\u1ea1i qu\u00e3ng \u0111\u01b0\u1eddng di chuy\u1ec3n th\u1ef1c t\u1ebf l\u00ean t\u1edbi 40km cho m\u1ed7i l\u1ea7n s\u1ea1c, v\u1edbi t\u1ed1c \u0111\u1ed9 t\u1ed1i \u0111a d\u01b0\u1edbi 30km\/h \u2013 c\u1ef1c k\u1ef3 ho\u00e0n h\u1ea3o cho c\u00e1c chuy\u1ebfn \u0111i c\u1ef1 ly ng\u1eafn.<br \/>\nKhung xe b\u1eb1ng th\u00e9p ch\u1eafc ch\u1eafn c\u00f9ng b\u1ed9 l\u1ed1p ch\u00e2n kh\u00f4ng k\u00edch th\u01b0\u1edbc 3.00-10 \u0111\u1ea3m b\u1ea3o kh\u1ea3 n\u0103ng v\u1eadn h\u00e0nh \u1ed5n \u0111\u1ecbnh v\u00e0 \u0111\u1ed9 b\u1ec1n b\u1ec9, trong khi h\u1ec7 th\u1ed1ng h\u1ed9p s\u1ed1 3 c\u1ea5p cho ph\u00e9p ng\u01b0\u1eddi l\u00e1i d\u1ec5 d\u00e0ng \u0111i\u1ec1u ch\u1ec9nh t\u1ed1c \u0111\u1ed9. H\u1ec7 th\u1ed1ng phanh tang tr\u1ed1ng \u0111\u00e1ng tin c\u1eady mang l\u1ea1i l\u1ef1c h\u00e3m an to\u00e0n v\u00e0 ch\u1eafc ch\u1eafn, c\u00f2n thi\u1ebft k\u1ebf th\u00e2n xe d\u1ea1ng m\u1edf t\u1ea1o s\u1ef1 thu\u1eadn ti\u1ec7n t\u1ed1i \u0111a trong qu\u00e1 tr\u00ecnh s\u1eed d\u1ee5ng. V\u1edbi hai t\u00f9y ch\u1ecdn m\u00e0u s\u1eafc l\u00e0 \u0111\u1ecf r\u1ef1c r\u1ee1 ho\u1eb7c \u0111en c\u1ed5 \u0111i\u1ec3n, chi\u1ebfc xe ba b\u00e1nh n\u00e0y \u0111\u01b0\u1ee3c l\u1eafp r\u00e1p s\u1eb5n t\u1edbi 85%, gi\u00fap b\u1ea1n ti\u1ebft ki\u1ec7m \u0111\u00e1ng k\u1ec3 th\u1eddi gian ho\u00e0n thi\u1ec7n l\u1eafp \u0111\u1eb7t. \u0110\u01b0\u1ee3c s\u1ea3n xu\u1ea5t t\u1ea1i Thi\u00ean T\u00e2n (Trung Qu\u1ed1c), \u0111\u00e2y l\u00e0 m\u1ed9t l\u1ef1a ch\u1ecdn b\u1ec1n b\u1ec9 v\u00e0 c\u00f3 chi ph\u00ed h\u1ee3p l\u00fd, \u0111\u00e1p \u1ee9ng hi\u1ec7u qu\u1ea3 m\u1ecdi nhu c\u1ea7u \u0111i l\u1ea1i h\u00e0ng ng\u00e0y c\u1ee7a b\u1ea1n.    <\/p>\n","protected":false},"excerpt":{"rendered":"<p>Xe ba b\u00e1nh \u0111i\u1ec7n BODO-SL002 l\u00e0 gi\u1ea3i ph\u00e1p l\u00fd t\u01b0\u1edfng cho nhu c\u1ea7u v\u1eadn chuy\u1ec3n h\u00e0nh kh\u00e1ch \u0111\u00f4 th\u1ecb h\u00e0ng [&hellip;]<\/p>\n","protected":false},"featured_media":1273,"template":"","meta":{"site-sidebar-layout":"default","site-content-layout":"","ast-site-content-layout":"default","site-content-style":"default","site-sidebar-style":"default","ast-global-header-display":"","ast-banner-title-visibility":"","ast-main-header-display":"","ast-hfb-above-header-display":"","ast-hfb-below-header-display":"","ast-hfb-mobile-header-display":"","site-post-title":"","ast-breadcrumbs-content":"","ast-featured-img":"","footer-sml-layout":"","ast-disable-related-posts":"","theme-transparent-header-meta":"default","adv-header-id-meta":"","stick-header-meta":"","header-above-stick-meta":"","header-main-stick-meta":"","header-below-stick-meta":"","astra-migrate-meta-layouts":"default","ast-page-background-enabled":"default","ast-page-background-meta":{"desktop":{"background-color":"var(--ast-global-color-5)","background-image":"","background-repeat":"repeat","background-position":"center center","background-size":"auto","background-attachment":"scroll","background-type":"","background-media":"","overlay-type":"","overlay-color":"","overlay-opacity":"","overlay-gradient":""},"tablet":{"background-color":"","background-image":"","background-repeat":"repeat","background-position":"center center","background-size":"auto","background-attachment":"scroll","background-type":"","background-media":"","overlay-type":"","overlay-color":"","overlay-opacity":"","overlay-gradient":""},"mobile":{"background-color":"","background-image":"","background-repeat":"repeat","background-position":"center center","background-size":"auto","background-attachment":"scroll","background-type":"","background-media":"","overlay-type":"","overlay-color":"","overlay-opacity":"","overlay-gradient":""}},"ast-content-background-meta":{"desktop":{"background-color":"var(--ast-global-color-4)","background-image":"","background-repeat":"repeat","background-position":"center center","background-size":"auto","background-attachment":"scroll","background-type":"","background-media":"","overlay-type":"","overlay-color":"","overlay-opacity":"","overlay-gradient":""},"tablet":{"background-color":"var(--ast-global-color-4)","background-image":"","background-repeat":"repeat","background-position":"center center","background-size":"auto","background-attachment":"scroll","background-type":"","background-media":"","overlay-type":"","overlay-color":"","overlay-opacity":"","overlay-gradient":""},"mobile":{"background-color":"var(--ast-global-color-4)","background-image":"","background-repeat":"repeat","background-position":"center center","background-size":"auto","background-attachment":"scroll","background-type":"","background-media":"","overlay-type":"","overlay-color":"","overlay-opacity":"","overlay-gradient":""}}},"product_brand":[],"product_cat":[171],"product_tag":[],"class_list":{"0":"post-1274","1":"product","2":"type-product","3":"status-publish","4":"has-post-thumbnail","6":"product_cat-xe-ba-banh-dien","7":"desktop-align-left","8":"tablet-align-left","9":"mobile-align-left","11":"first","12":"instock","13":"shipping-taxable","14":"product-type-simple"},"_links":{"self":[{"href":"https:\/\/bodo-electricbicycles.com\/vi\/wp-json\/wp\/v2\/product\/1274","targetHints":{"allow":["GET"]}}],"collection":[{"href":"https:\/\/bodo-electricbicycles.com\/vi\/wp-json\/wp\/v2\/product"}],"about":[{"href":"https:\/\/bodo-electricbicycles.com\/vi\/wp-json\/wp\/v2\/types\/product"}],"wp:featuredmedia":[{"embeddable":true,"href":"https:\/\/bodo-electricbicycles.com\/vi\/wp-json\/wp\/v2\/media\/1273"}],"wp:attachment":[{"href":"https:\/\/bodo-electricbicycles.com\/vi\/wp-json\/wp\/v2\/media?parent=1274"}],"wp:term":[{"taxonomy":"product_brand","embeddable":true,"href":"https:\/\/bodo-electricbicycles.com\/vi\/wp-json\/wp\/v2\/product_brand?post=1274"},{"taxonomy":"product_cat","embeddable":true,"href":"https:\/\/bodo-electricbicycles.com\/vi\/wp-json\/wp\/v2\/product_cat?post=1274"},{"taxonomy":"product_tag","embeddable":true,"href":"https:\/\/bodo-electricbicycles.com\/vi\/wp-json\/wp\/v2\/product_tag?post=1274"}],"curies":[{"name":"wp","href":"https:\/\/api.w.org\/{rel}","templated":true}]}}