{"id":1276,"date":"2026-03-17T15:56:21","date_gmt":"2026-03-17T07:56:21","guid":{"rendered":"https:\/\/bodo-electricbicycles.com\/product\/xe-ba-banh-dien-bodo-sl001\/"},"modified":"2026-03-17T15:56:21","modified_gmt":"2026-03-17T07:56:21","slug":"xe-ba-banh-dien-bodo-sl001","status":"publish","type":"product","link":"https:\/\/bodo-electricbicycles.com\/vi\/product\/xe-ba-banh-dien-bodo-sl001\/","title":{"rendered":"Xe ba b\u00e1nh \u0111i\u1ec7n BODO-SL001"},"content":{"rendered":"<p>Xe ba b\u00e1nh \u0111i\u1ec7n BODO-SL001 l\u00e0 ph\u01b0\u01a1ng ti\u1ec7n ch\u1edf kh\u00e1ch \u0111\u00e1ng tin c\u1eady, \u0111\u01b0\u1ee3c thi\u1ebft k\u1ebf chuy\u00ean d\u1ee5ng cho nhu c\u1ea7u di chuy\u1ec3n h\u00e0ng ng\u00e0y trong \u0111\u00f4 th\u1ecb. \u0110\u01b0\u1ee3c trang b\u1ecb \u0111\u1ed9ng c\u01a1 sau 500W v\u00e0 \u1eafc quy axit-ch\u00ec 48V 20Ah, xe \u0111\u1ea1t ph\u1ea1m vi ho\u1ea1t \u0111\u1ed9ng t\u1eeb 50 \u0111\u1ebfn 70 km c\u00f9ng t\u1ed1c \u0111\u1ed9 t\u1ed1i \u0111a 30-50 km\/h, \u0111\u00e1p \u1ee9ng ho\u00e0n h\u1ea3o nhu c\u1ea7u chuy\u00ean ch\u1edf h\u00e0nh kh\u00e1ch tr\u00ean c\u00e1c qu\u00e3ng \u0111\u01b0\u1eddng ng\u1eafn.<br \/>\nV\u1edbi khung th\u00e9p c\u01b0\u1eddng \u0111\u1ed9 cao v\u00e0 l\u1ed1p ch\u00e2n kh\u00f4ng c\u1ee1 3.00-8, chi\u1ebfc xe mang l\u1ea1i kh\u1ea3 n\u0103ng v\u1eadn h\u00e0nh \u1ed5n \u0111\u1ecbnh c\u00f9ng \u0111\u1ed9 b\u1ec1n v\u01b0\u1ee3t tr\u1ed9i. H\u1ec7 th\u1ed1ng phanh tang tr\u1ed1ng \u0111\u1ea3m b\u1ea3o kh\u1ea3 n\u0103ng d\u1eebng xe an to\u00e0n, trong khi b\u1ed9 \u0111i\u1ec1u khi\u1ec3n 9 \u1ed1ng gi\u00fap t\u1ed1i \u01b0u h\u00f3a vi\u1ec7c ph\u00e2n ph\u1ed1i n\u0103ng l\u01b0\u1ee3ng. Xe c\u00f2n \u0111\u01b0\u1ee3c trang b\u1ecb gi\u1ecf ch\u1ee9a \u0111\u1ed3 ph\u00eda tr\u01b0\u1edbc v\u00e0 sau, thi\u1ebft k\u1ebf th\u00e2n xe tho\u00e1ng r\u1ed9ng, c\u00f9ng kh\u1ea3 n\u0103ng s\u1ea1c nhanh ch\u1ec9 trong 3-5 gi\u1edd.   <\/p>\n","protected":false},"excerpt":{"rendered":"<p>Xe ba b\u00e1nh \u0111i\u1ec7n BODO-SL001 l\u00e0 ph\u01b0\u01a1ng ti\u1ec7n ch\u1edf kh\u00e1ch \u0111\u00e1ng tin c\u1eady, \u0111\u01b0\u1ee3c thi\u1ebft k\u1ebf chuy\u00ean d\u1ee5ng cho nhu [&hellip;]<\/p>\n","protected":false},"featured_media":1275,"template":"","meta":{"site-sidebar-layout":"default","site-content-layout":"","ast-site-content-layout":"default","site-content-style":"default","site-sidebar-style":"default","ast-global-header-display":"","ast-banner-title-visibility":"","ast-main-header-display":"","ast-hfb-above-header-display":"","ast-hfb-below-header-display":"","ast-hfb-mobile-header-display":"","site-post-title":"","ast-breadcrumbs-content":"","ast-featured-img":"","footer-sml-layout":"","ast-disable-related-posts":"","theme-transparent-header-meta":"default","adv-header-id-meta":"","stick-header-meta":"","header-above-stick-meta":"","header-main-stick-meta":"","header-below-stick-meta":"","astra-migrate-meta-layouts":"default","ast-page-background-enabled":"default","ast-page-background-meta":{"desktop":{"background-color":"var(--ast-global-color-5)","background-image":"","background-repeat":"repeat","background-position":"center center","background-size":"auto","background-attachment":"scroll","background-type":"","background-media":"","overlay-type":"","overlay-color":"","overlay-opacity":"","overlay-gradient":""},"tablet":{"background-color":"","background-image":"","background-repeat":"repeat","background-position":"center center","background-size":"auto","background-attachment":"scroll","background-type":"","background-media":"","overlay-type":"","overlay-color":"","overlay-opacity":"","overlay-gradient":""},"mobile":{"background-color":"","background-image":"","background-repeat":"repeat","background-position":"center center","background-size":"auto","background-attachment":"scroll","background-type":"","background-media":"","overlay-type":"","overlay-color":"","overlay-opacity":"","overlay-gradient":""}},"ast-content-background-meta":{"desktop":{"background-color":"var(--ast-global-color-4)","background-image":"","background-repeat":"repeat","background-position":"center center","background-size":"auto","background-attachment":"scroll","background-type":"","background-media":"","overlay-type":"","overlay-color":"","overlay-opacity":"","overlay-gradient":""},"tablet":{"background-color":"var(--ast-global-color-4)","background-image":"","background-repeat":"repeat","background-position":"center center","background-size":"auto","background-attachment":"scroll","background-type":"","background-media":"","overlay-type":"","overlay-color":"","overlay-opacity":"","overlay-gradient":""},"mobile":{"background-color":"var(--ast-global-color-4)","background-image":"","background-repeat":"repeat","background-position":"center center","background-size":"auto","background-attachment":"scroll","background-type":"","background-media":"","overlay-type":"","overlay-color":"","overlay-opacity":"","overlay-gradient":""}}},"product_brand":[],"product_cat":[171],"product_tag":[],"class_list":{"0":"post-1276","1":"product","2":"type-product","3":"status-publish","4":"has-post-thumbnail","6":"product_cat-xe-ba-banh-dien","7":"desktop-align-left","8":"tablet-align-left","9":"mobile-align-left","11":"first","12":"instock","13":"shipping-taxable","14":"product-type-simple"},"_links":{"self":[{"href":"https:\/\/bodo-electricbicycles.com\/vi\/wp-json\/wp\/v2\/product\/1276","targetHints":{"allow":["GET"]}}],"collection":[{"href":"https:\/\/bodo-electricbicycles.com\/vi\/wp-json\/wp\/v2\/product"}],"about":[{"href":"https:\/\/bodo-electricbicycles.com\/vi\/wp-json\/wp\/v2\/types\/product"}],"wp:featuredmedia":[{"embeddable":true,"href":"https:\/\/bodo-electricbicycles.com\/vi\/wp-json\/wp\/v2\/media\/1275"}],"wp:attachment":[{"href":"https:\/\/bodo-electricbicycles.com\/vi\/wp-json\/wp\/v2\/media?parent=1276"}],"wp:term":[{"taxonomy":"product_brand","embeddable":true,"href":"https:\/\/bodo-electricbicycles.com\/vi\/wp-json\/wp\/v2\/product_brand?post=1276"},{"taxonomy":"product_cat","embeddable":true,"href":"https:\/\/bodo-electricbicycles.com\/vi\/wp-json\/wp\/v2\/product_cat?post=1276"},{"taxonomy":"product_tag","embeddable":true,"href":"https:\/\/bodo-electricbicycles.com\/vi\/wp-json\/wp\/v2\/product_tag?post=1276"}],"curies":[{"name":"wp","href":"https:\/\/api.w.org\/{rel}","templated":true}]}}