{"id":1278,"date":"2026-03-16T21:38:56","date_gmt":"2026-03-16T13:38:56","guid":{"rendered":"https:\/\/bodo-electricbicycles.com\/product\/xe-may-dien-bodo-m008\/"},"modified":"2026-03-16T21:38:56","modified_gmt":"2026-03-16T13:38:56","slug":"xe-may-dien-bodo-m008","status":"publish","type":"product","link":"https:\/\/bodo-electricbicycles.com\/vi\/product\/xe-may-dien-bodo-m008\/","title":{"rendered":"Xe m\u00e1y \u0111i\u1ec7n BODO-M008"},"content":{"rendered":"<div>M\u1eabu xe m\u00e1y \u0111i\u1ec7n Bodo-M008 l\u00e0 d\u00f2ng xe di chuy\u1ec3n trong \u0111\u00f4 th\u1ecb hi\u1ec7u su\u1ea5t cao, \u0111\u01b0\u1ee3c thi\u1ebft k\u1ebf chuy\u00ean bi\u1ec7t nh\u1eb1m mang l\u1ea1i s\u1ef1 tin c\u1eady cho c\u00e1c h\u00e0nh tr\u00ecnh trong th\u00e0nh ph\u1ed1. \u0110\u01b0\u1ee3c trang b\u1ecb b\u1ed9 pin axit-ch\u00ec 72V 32Ah c\u00f9ng \u0111\u1ed9ng c\u01a1 \u0111\u1eb7t t\u1ea1i tr\u1ee5c b\u00e1nh sau m\u1ea1nh m\u1ebd v\u1edbi c\u00f4ng su\u1ea5t 1500W, xe \u0111\u1ea1t m\u1ee9c m\u00f4-men xo\u1eafn t\u1eeb 120-135Nm v\u00e0 c\u00f3 th\u1ec3 di chuy\u1ec3n qu\u00e3ng \u0111\u01b0\u1eddng t\u1eeb 80-90km cho m\u1ed7i l\u1ea7n s\u1ea1c \u0111\u1ea7y, k\u1ebft h\u1ee3p c\u00f9ng h\u1ec7 th\u1ed1ng truy\u1ec1n \u0111\u1ed9ng v\u00f4 c\u1ea5p (CVT) gi\u00fap xe t\u0103ng t\u1ed1c \u00eam \u00e1i. Xe \u0111\u01b0\u1ee3c trang b\u1ecb h\u1ec7 th\u1ed1ng phanh \u0111\u0129a th\u1ee7y l\u1ef1c k\u00e9p, \u0111\u1ea3m b\u1ea3o l\u1ef1c h\u00e3m an to\u00e0n v\u00e0 hi\u1ec7u qu\u1ea3; trong khi \u0111\u00f3, b\u1ed9 l\u1ed1p k\u00edch th\u01b0\u1edbc 3.0-10 cho c\u1ea3 b\u00e1nh tr\u01b0\u1edbc v\u00e0 sau mang l\u1ea1i kh\u1ea3 n\u0103ng v\u1eadn h\u00e0nh \u1ed5n \u0111\u1ecbnh. Khung xe b\u1eb1ng th\u00e9p c\u00f9ng thi\u1ebft k\u1ebf pin \u0111\u1eb7t tr\u00ean gi\u00e1 \u0111\u1ee1 ph\u00eda sau kh\u00f4ng ch\u1ec9 mang l\u1ea1i \u0111\u1ed9 b\u1ec1n b\u1ec9 m\u00e0 c\u00f2n t\u1ed1i \u01b0u h\u00f3a t\u00ednh ti\u1ec7n d\u1ee5ng, \u0111\u01b0\u1ee3c ho\u00e0n thi\u1ec7n th\u00eam b\u1eb1ng c\u00e1c ti\u1ec7n \u00edch hi\u1ec7n \u0111\u1ea1i nh\u01b0 m\u00e0n h\u00ecnh hi\u1ec3n th\u1ecb LED, k\u1ebft n\u1ed1i Bluetooth v\u00e0 c\u00e1c t\u00ednh n\u0103ng th\u00f4ng minh t\u00edch h\u1ee3p c\u1ea3m bi\u1ebfn.  <\/div>\n","protected":false},"excerpt":{"rendered":"<p>M\u1eabu xe m\u00e1y \u0111i\u1ec7n Bodo-M008 l\u00e0 d\u00f2ng xe di chuy\u1ec3n trong \u0111\u00f4 th\u1ecb hi\u1ec7u su\u1ea5t cao, \u0111\u01b0\u1ee3c thi\u1ebft k\u1ebf chuy\u00ean [&hellip;]<\/p>\n","protected":false},"featured_media":1277,"template":"","meta":{"site-sidebar-layout":"default","site-content-layout":"","ast-site-content-layout":"default","site-content-style":"default","site-sidebar-style":"default","ast-global-header-display":"","ast-banner-title-visibility":"","ast-main-header-display":"","ast-hfb-above-header-display":"","ast-hfb-below-header-display":"","ast-hfb-mobile-header-display":"","site-post-title":"","ast-breadcrumbs-content":"","ast-featured-img":"","footer-sml-layout":"","ast-disable-related-posts":"","theme-transparent-header-meta":"default","adv-header-id-meta":"","stick-header-meta":"","header-above-stick-meta":"","header-main-stick-meta":"","header-below-stick-meta":"","astra-migrate-meta-layouts":"default","ast-page-background-enabled":"default","ast-page-background-meta":{"desktop":{"background-color":"var(--ast-global-color-5)","background-image":"","background-repeat":"repeat","background-position":"center center","background-size":"auto","background-attachment":"scroll","background-type":"","background-media":"","overlay-type":"","overlay-color":"","overlay-opacity":"","overlay-gradient":""},"tablet":{"background-color":"","background-image":"","background-repeat":"repeat","background-position":"center center","background-size":"auto","background-attachment":"scroll","background-type":"","background-media":"","overlay-type":"","overlay-color":"","overlay-opacity":"","overlay-gradient":""},"mobile":{"background-color":"","background-image":"","background-repeat":"repeat","background-position":"center center","background-size":"auto","background-attachment":"scroll","background-type":"","background-media":"","overlay-type":"","overlay-color":"","overlay-opacity":"","overlay-gradient":""}},"ast-content-background-meta":{"desktop":{"background-color":"var(--ast-global-color-4)","background-image":"","background-repeat":"repeat","background-position":"center center","background-size":"auto","background-attachment":"scroll","background-type":"","background-media":"","overlay-type":"","overlay-color":"","overlay-opacity":"","overlay-gradient":""},"tablet":{"background-color":"var(--ast-global-color-4)","background-image":"","background-repeat":"repeat","background-position":"center center","background-size":"auto","background-attachment":"scroll","background-type":"","background-media":"","overlay-type":"","overlay-color":"","overlay-opacity":"","overlay-gradient":""},"mobile":{"background-color":"var(--ast-global-color-4)","background-image":"","background-repeat":"repeat","background-position":"center center","background-size":"auto","background-attachment":"scroll","background-type":"","background-media":"","overlay-type":"","overlay-color":"","overlay-opacity":"","overlay-gradient":""}}},"product_brand":[],"product_cat":[178],"product_tag":[],"class_list":{"0":"post-1278","1":"product","2":"type-product","3":"status-publish","4":"has-post-thumbnail","6":"product_cat-xe-may-dien","7":"desktop-align-left","8":"tablet-align-left","9":"mobile-align-left","11":"first","12":"instock","13":"shipping-taxable","14":"product-type-simple"},"_links":{"self":[{"href":"https:\/\/bodo-electricbicycles.com\/vi\/wp-json\/wp\/v2\/product\/1278","targetHints":{"allow":["GET"]}}],"collection":[{"href":"https:\/\/bodo-electricbicycles.com\/vi\/wp-json\/wp\/v2\/product"}],"about":[{"href":"https:\/\/bodo-electricbicycles.com\/vi\/wp-json\/wp\/v2\/types\/product"}],"wp:featuredmedia":[{"embeddable":true,"href":"https:\/\/bodo-electricbicycles.com\/vi\/wp-json\/wp\/v2\/media\/1277"}],"wp:attachment":[{"href":"https:\/\/bodo-electricbicycles.com\/vi\/wp-json\/wp\/v2\/media?parent=1278"}],"wp:term":[{"taxonomy":"product_brand","embeddable":true,"href":"https:\/\/bodo-electricbicycles.com\/vi\/wp-json\/wp\/v2\/product_brand?post=1278"},{"taxonomy":"product_cat","embeddable":true,"href":"https:\/\/bodo-electricbicycles.com\/vi\/wp-json\/wp\/v2\/product_cat?post=1278"},{"taxonomy":"product_tag","embeddable":true,"href":"https:\/\/bodo-electricbicycles.com\/vi\/wp-json\/wp\/v2\/product_tag?post=1278"}],"curies":[{"name":"wp","href":"https:\/\/api.w.org\/{rel}","templated":true}]}}