{"id":1280,"date":"2026-03-16T21:26:16","date_gmt":"2026-03-16T13:26:16","guid":{"rendered":"https:\/\/bodo-electricbicycles.com\/product\/xe-may-dien-bodo-f15\/"},"modified":"2026-03-16T21:26:16","modified_gmt":"2026-03-16T13:26:16","slug":"xe-may-dien-bodo-f15","status":"publish","type":"product","link":"https:\/\/bodo-electricbicycles.com\/vi\/product\/xe-may-dien-bodo-f15\/","title":{"rendered":"Xe m\u00e1y \u0111i\u1ec7n BODO-F15"},"content":{"rendered":"<p>M\u1eabu xe m\u00e1y \u0111i\u1ec7n BODO-F15 \u0111\u01b0\u1ee3c thi\u1ebft k\u1ebf chuy\u00ean bi\u1ec7t nh\u1eb1m \u0111\u00e1p \u1ee9ng nhu c\u1ea7u di chuy\u1ec3n h\u00e0ng ng\u00e0y m\u1ed9t c\u00e1ch tin c\u1eady. \u0110\u01b0\u1ee3c trang b\u1ecb b\u1ed9 \u1eafc quy axit-ch\u00ec 60V 20Ah c\u00f9ng \u0111\u1ed9ng c\u01a1 800W hi\u1ec7u su\u1ea5t cao, chi\u1ebfc xe mang l\u1ea1i kh\u1ea3 n\u0103ng v\u1eadn h\u00e0nh \u1ed5n \u0111\u1ecbnh v\u00e0 b\u1ec1n b\u1ec9 tr\u00ean c\u00e1c cung \u0111\u01b0\u1eddng \u0111\u00f4 th\u1ecb. M\u1eabu xe n\u00e0y s\u1edf h\u1eefu h\u1ec7 th\u1ed1ng phanh \u0111\u0129a c\u00f3 \u0111\u1ed9 nh\u1ea1y cao, \u0111\u1ea3m b\u1ea3o l\u1ef1c h\u00e3m an to\u00e0n v\u00e0 hi\u1ec7u qu\u1ea3; \u0111\u1ed3ng th\u1eddi, b\u1ed9 l\u1ed1p tr\u01b0\u1edbc v\u00e0 sau k\u00edch th\u01b0\u1edbc 3.00-10 gi\u00fap xe v\u1eadn h\u00e0nh v\u1eefng v\u00e0ng v\u00e0 b\u00e1m \u0111\u01b0\u1eddng t\u1ed1i \u01b0u tr\u00ean c\u00e1c tuy\u1ebfn ph\u1ed1 n\u1ed9i th\u00e0nh. L\u00e0 m\u1ed9t m\u1eabu xe c\u00f3 chi ph\u00ed t\u1ed1i \u01b0u, \u0111\u01b0\u1ee3c s\u1ea3n xu\u1ea5t t\u1ea1i Trung Qu\u1ed1c\u2014v\u00e0 n\u1ed5i b\u1eadt nh\u1edd h\u1ec7 th\u1ed1ng truy\u1ec1n \u0111\u1ed9ng s\u1eed d\u1ee5ng \u1eafc quy axit-ch\u00ec \u00edt \u0111\u00f2i h\u1ecfi b\u1ea3o d\u01b0\u1ee1ng\u2014BODO-F15 th\u1ef1c s\u1ef1 l\u00e0 l\u1ef1a ch\u1ecdn thi\u1ebft th\u1ef1c, mang l\u1ea1i tr\u1ea3i nghi\u1ec7m di chuy\u1ec3n h\u00e0ng ng\u00e0y su\u00f4n s\u1ebb v\u00e0 kh\u00f4ng ch\u00fat phi\u1ec1n to\u00e1i.   <\/p>\n","protected":false},"excerpt":{"rendered":"<p>M\u1eabu xe m\u00e1y \u0111i\u1ec7n BODO-F15 \u0111\u01b0\u1ee3c thi\u1ebft k\u1ebf chuy\u00ean bi\u1ec7t nh\u1eb1m \u0111\u00e1p \u1ee9ng nhu c\u1ea7u di chuy\u1ec3n h\u00e0ng ng\u00e0y m\u1ed9t [&hellip;]<\/p>\n","protected":false},"featured_media":1279,"template":"","meta":{"site-sidebar-layout":"default","site-content-layout":"","ast-site-content-layout":"default","site-content-style":"default","site-sidebar-style":"default","ast-global-header-display":"","ast-banner-title-visibility":"","ast-main-header-display":"","ast-hfb-above-header-display":"","ast-hfb-below-header-display":"","ast-hfb-mobile-header-display":"","site-post-title":"","ast-breadcrumbs-content":"","ast-featured-img":"","footer-sml-layout":"","ast-disable-related-posts":"","theme-transparent-header-meta":"default","adv-header-id-meta":"","stick-header-meta":"","header-above-stick-meta":"","header-main-stick-meta":"","header-below-stick-meta":"","astra-migrate-meta-layouts":"default","ast-page-background-enabled":"default","ast-page-background-meta":{"desktop":{"background-color":"var(--ast-global-color-5)","background-image":"","background-repeat":"repeat","background-position":"center center","background-size":"auto","background-attachment":"scroll","background-type":"","background-media":"","overlay-type":"","overlay-color":"","overlay-opacity":"","overlay-gradient":""},"tablet":{"background-color":"","background-image":"","background-repeat":"repeat","background-position":"center center","background-size":"auto","background-attachment":"scroll","background-type":"","background-media":"","overlay-type":"","overlay-color":"","overlay-opacity":"","overlay-gradient":""},"mobile":{"background-color":"","background-image":"","background-repeat":"repeat","background-position":"center center","background-size":"auto","background-attachment":"scroll","background-type":"","background-media":"","overlay-type":"","overlay-color":"","overlay-opacity":"","overlay-gradient":""}},"ast-content-background-meta":{"desktop":{"background-color":"var(--ast-global-color-4)","background-image":"","background-repeat":"repeat","background-position":"center center","background-size":"auto","background-attachment":"scroll","background-type":"","background-media":"","overlay-type":"","overlay-color":"","overlay-opacity":"","overlay-gradient":""},"tablet":{"background-color":"var(--ast-global-color-4)","background-image":"","background-repeat":"repeat","background-position":"center center","background-size":"auto","background-attachment":"scroll","background-type":"","background-media":"","overlay-type":"","overlay-color":"","overlay-opacity":"","overlay-gradient":""},"mobile":{"background-color":"var(--ast-global-color-4)","background-image":"","background-repeat":"repeat","background-position":"center center","background-size":"auto","background-attachment":"scroll","background-type":"","background-media":"","overlay-type":"","overlay-color":"","overlay-opacity":"","overlay-gradient":""}}},"product_brand":[],"product_cat":[178],"product_tag":[],"class_list":{"0":"post-1280","1":"product","2":"type-product","3":"status-publish","4":"has-post-thumbnail","6":"product_cat-xe-may-dien","7":"desktop-align-left","8":"tablet-align-left","9":"mobile-align-left","11":"first","12":"instock","13":"shipping-taxable","14":"product-type-simple"},"_links":{"self":[{"href":"https:\/\/bodo-electricbicycles.com\/vi\/wp-json\/wp\/v2\/product\/1280","targetHints":{"allow":["GET"]}}],"collection":[{"href":"https:\/\/bodo-electricbicycles.com\/vi\/wp-json\/wp\/v2\/product"}],"about":[{"href":"https:\/\/bodo-electricbicycles.com\/vi\/wp-json\/wp\/v2\/types\/product"}],"wp:featuredmedia":[{"embeddable":true,"href":"https:\/\/bodo-electricbicycles.com\/vi\/wp-json\/wp\/v2\/media\/1279"}],"wp:attachment":[{"href":"https:\/\/bodo-electricbicycles.com\/vi\/wp-json\/wp\/v2\/media?parent=1280"}],"wp:term":[{"taxonomy":"product_brand","embeddable":true,"href":"https:\/\/bodo-electricbicycles.com\/vi\/wp-json\/wp\/v2\/product_brand?post=1280"},{"taxonomy":"product_cat","embeddable":true,"href":"https:\/\/bodo-electricbicycles.com\/vi\/wp-json\/wp\/v2\/product_cat?post=1280"},{"taxonomy":"product_tag","embeddable":true,"href":"https:\/\/bodo-electricbicycles.com\/vi\/wp-json\/wp\/v2\/product_tag?post=1280"}],"curies":[{"name":"wp","href":"https:\/\/api.w.org\/{rel}","templated":true}]}}