{"id":1282,"date":"2026-03-16T21:06:42","date_gmt":"2026-03-16T13:06:42","guid":{"rendered":"https:\/\/bodo-electricbicycles.com\/product\/xe-may-dien-bodo-u2\/"},"modified":"2026-03-16T21:06:42","modified_gmt":"2026-03-16T13:06:42","slug":"xe-may-dien-bodo-u2","status":"publish","type":"product","link":"https:\/\/bodo-electricbicycles.com\/vi\/product\/xe-may-dien-bodo-u2\/","title":{"rendered":"Xe m\u00e1y \u0111i\u1ec7n BODO-U2"},"content":{"rendered":"<p>M\u1eabu xe m\u00e1y \u0111i\u1ec7n BODO-U2 \u0111\u01b0\u1ee3c trang b\u1ecb \u0111\u1ed9ng c\u01a1 kh\u00f4ng ch\u1ed5i than c\u00f4ng su\u1ea5t 1200W, mang l\u1ea1i ngu\u1ed3n s\u1ee9c m\u1ea1nh b\u00f9ng n\u1ed5 v\u00e0 hi\u1ec7u su\u1ea5t v\u1eadn h\u00e0nh v\u01b0\u1ee3t tr\u1ed9i\u2014\u0111\u1ea3m b\u1ea3o kh\u1ea3 n\u0103ng leo d\u1ed1c v\u1eefng v\u00e0ng \u0111\u1ed3ng th\u1eddi t\u1ed1i \u01b0u h\u00f3a hi\u1ec7u qu\u1ea3 s\u1eed d\u1ee5ng n\u0103ng l\u01b0\u1ee3ng. Nh\u1edd \u0111\u01b0\u1ee3c trang b\u1ecb b\u1ed9 pin dung l\u01b0\u1ee3ng cao 72V\/32AH, xe s\u1edf h\u1eefu ph\u1ea1m vi di chuy\u1ec3n c\u1ef1c xa; \u0111i\u1ec1u n\u00e0y \u0111\u1ed3ng ngh\u0129a v\u1edbi vi\u1ec7c b\u1ea1n s\u1ebd \u00edt ph\u1ea3i s\u1ea1c l\u1ea1i pin h\u01a1n trong c\u00e1c chuy\u1ebfn \u0111i h\u00e0ng ng\u00e0y, \u0111\u1ed3ng th\u1eddi x\u00f3a tan n\u1ed7i lo h\u1ebft pin gi\u1eefa \u0111\u01b0\u1eddng khi th\u1ef1c hi\u1ec7n nh\u1eefng h\u00e0nh tr\u00ecnh d\u00e0i. L\u1ed1p ch\u00e2n kh\u00f4ng c\u00f3 \u0111\u1ed9 b\u1ec1n v\u00e0 kh\u1ea3 n\u0103ng ch\u1ed1ng m\u00e0i m\u00f2n cao, s\u1edf h\u1eefu c\u1ea5u tr\u00fac c\u01b0\u1eddng l\u1ef1c gi\u00fap t\u1ea3n nhi\u1ec7t nhanh ch\u00f3ng, mang l\u1ea1i \u0111\u1ed9 b\u00e1m \u0111\u01b0\u1eddng v\u01b0\u1ee3t tr\u1ed9i, \u0111\u1ea3m b\u1ea3o an to\u00e0n ch\u1ed1ng tr\u01b0\u1ee3t, c\u0169ng nh\u01b0 \u0111em l\u1ea1i tr\u1ea3i nghi\u1ec7m l\u00e1i \u00eam \u00e1i v\u00e0 tho\u1ea3i m\u00e1i. H\u1ec7 th\u1ed1ng chi\u1ebfu s\u00e1ng s\u1eed d\u1ee5ng \u0111\u00e8n pha LED 3 th\u1ea5u k\u00ednh v\u1edbi \u0111\u1ea7y \u0111\u1ee7 ch\u1ebf \u0111\u1ed9 chi\u1ebfu xa v\u00e0 chi\u1ebfu g\u1ea7n, t\u1ea1o ra ch\u00f9m s\u00e1ng g\u00f3c r\u1ed9ng t\u1ed1i \u0111a gi\u00fap m\u1edf r\u1ed9ng t\u1ea7m nh\u00ecn v\u00e0 t\u0103ng c\u01b0\u1eddng kho\u1ea3ng c\u00e1ch chi\u1ebfu s\u00e1ng cho ng\u01b0\u1eddi l\u00e1i. B\u1ea3ng \u0111\u1ed3ng h\u1ed3 LCD c\u1ea3m bi\u1ebfn \u00e1nh s\u00e1ng, \u0111\u1ed9 ph\u00e2n gi\u1ea3i cao v\u00e0 hi\u1ec3n th\u1ecb \u0111a s\u1eafc m\u00e0u, gi\u00fap b\u1ea1n n\u1eafm b\u1eaft m\u1ecdi d\u1eef li\u1ec7u quan tr\u1ecdng ch\u1ec9 v\u1edbi m\u1ed9t c\u00e1i li\u1ebfc m\u1eaft\u2014hi\u1ec3n th\u1ecb tr\u1ef1c quan v\u00e0 r\u00f5 r\u00e0ng c\u00e1c th\u00f4ng s\u1ed1 v\u1ec1 t\u1ed1c \u0111\u1ed9, c\u1ea5p s\u1ed1, qu\u00e3ng \u0111\u01b0\u1eddng di chuy\u1ec3n, m\u1ee9c pin v\u00e0 m\u00e3 l\u1ed7i ch\u1ea9n \u0111o\u00e1n. Ch\u1ec9 c\u1ea7n m\u1ed9t c\u00e1i nh\u00ecn nhanh, b\u1ea1n c\u00f3 th\u1ec3 gi\u00e1m s\u00e1t ch\u00ednh x\u00e1c t\u00ecnh tr\u1ea1ng xe v\u00e0 lu\u00f4n n\u1eafm b\u1eaft \u0111\u1ea7y \u0111\u1ee7 th\u00f4ng tin v\u1ec1 h\u00e0nh tr\u00ecnh c\u1ee7a m\u00ecnh, m\u1ecdi l\u00fac, m\u1ecdi n\u01a1i!     <\/p>\n","protected":false},"excerpt":{"rendered":"<p>M\u1eabu xe m\u00e1y \u0111i\u1ec7n BODO-U2 \u0111\u01b0\u1ee3c trang b\u1ecb \u0111\u1ed9ng c\u01a1 kh\u00f4ng ch\u1ed5i than c\u00f4ng su\u1ea5t 1200W, mang l\u1ea1i ngu\u1ed3n s\u1ee9c [&hellip;]<\/p>\n","protected":false},"featured_media":1281,"template":"","meta":{"site-sidebar-layout":"default","site-content-layout":"","ast-site-content-layout":"default","site-content-style":"default","site-sidebar-style":"default","ast-global-header-display":"","ast-banner-title-visibility":"","ast-main-header-display":"","ast-hfb-above-header-display":"","ast-hfb-below-header-display":"","ast-hfb-mobile-header-display":"","site-post-title":"","ast-breadcrumbs-content":"","ast-featured-img":"","footer-sml-layout":"","ast-disable-related-posts":"","theme-transparent-header-meta":"default","adv-header-id-meta":"","stick-header-meta":"","header-above-stick-meta":"","header-main-stick-meta":"","header-below-stick-meta":"","astra-migrate-meta-layouts":"default","ast-page-background-enabled":"default","ast-page-background-meta":{"desktop":{"background-color":"var(--ast-global-color-5)","background-image":"","background-repeat":"repeat","background-position":"center center","background-size":"auto","background-attachment":"scroll","background-type":"","background-media":"","overlay-type":"","overlay-color":"","overlay-opacity":"","overlay-gradient":""},"tablet":{"background-color":"","background-image":"","background-repeat":"repeat","background-position":"center center","background-size":"auto","background-attachment":"scroll","background-type":"","background-media":"","overlay-type":"","overlay-color":"","overlay-opacity":"","overlay-gradient":""},"mobile":{"background-color":"","background-image":"","background-repeat":"repeat","background-position":"center center","background-size":"auto","background-attachment":"scroll","background-type":"","background-media":"","overlay-type":"","overlay-color":"","overlay-opacity":"","overlay-gradient":""}},"ast-content-background-meta":{"desktop":{"background-color":"var(--ast-global-color-4)","background-image":"","background-repeat":"repeat","background-position":"center center","background-size":"auto","background-attachment":"scroll","background-type":"","background-media":"","overlay-type":"","overlay-color":"","overlay-opacity":"","overlay-gradient":""},"tablet":{"background-color":"var(--ast-global-color-4)","background-image":"","background-repeat":"repeat","background-position":"center center","background-size":"auto","background-attachment":"scroll","background-type":"","background-media":"","overlay-type":"","overlay-color":"","overlay-opacity":"","overlay-gradient":""},"mobile":{"background-color":"var(--ast-global-color-4)","background-image":"","background-repeat":"repeat","background-position":"center center","background-size":"auto","background-attachment":"scroll","background-type":"","background-media":"","overlay-type":"","overlay-color":"","overlay-opacity":"","overlay-gradient":""}}},"product_brand":[],"product_cat":[178],"product_tag":[],"class_list":{"0":"post-1282","1":"product","2":"type-product","3":"status-publish","4":"has-post-thumbnail","6":"product_cat-xe-may-dien","7":"desktop-align-left","8":"tablet-align-left","9":"mobile-align-left","11":"first","12":"instock","13":"shipping-taxable","14":"product-type-simple"},"_links":{"self":[{"href":"https:\/\/bodo-electricbicycles.com\/vi\/wp-json\/wp\/v2\/product\/1282","targetHints":{"allow":["GET"]}}],"collection":[{"href":"https:\/\/bodo-electricbicycles.com\/vi\/wp-json\/wp\/v2\/product"}],"about":[{"href":"https:\/\/bodo-electricbicycles.com\/vi\/wp-json\/wp\/v2\/types\/product"}],"wp:featuredmedia":[{"embeddable":true,"href":"https:\/\/bodo-electricbicycles.com\/vi\/wp-json\/wp\/v2\/media\/1281"}],"wp:attachment":[{"href":"https:\/\/bodo-electricbicycles.com\/vi\/wp-json\/wp\/v2\/media?parent=1282"}],"wp:term":[{"taxonomy":"product_brand","embeddable":true,"href":"https:\/\/bodo-electricbicycles.com\/vi\/wp-json\/wp\/v2\/product_brand?post=1282"},{"taxonomy":"product_cat","embeddable":true,"href":"https:\/\/bodo-electricbicycles.com\/vi\/wp-json\/wp\/v2\/product_cat?post=1282"},{"taxonomy":"product_tag","embeddable":true,"href":"https:\/\/bodo-electricbicycles.com\/vi\/wp-json\/wp\/v2\/product_tag?post=1282"}],"curies":[{"name":"wp","href":"https:\/\/api.w.org\/{rel}","templated":true}]}}