{"id":1284,"date":"2026-03-16T20:54:06","date_gmt":"2026-03-16T12:54:06","guid":{"rendered":"https:\/\/bodo-electricbicycles.com\/product\/xe-may-dien-bodo-t05\/"},"modified":"2026-03-16T20:54:06","modified_gmt":"2026-03-16T12:54:06","slug":"xe-may-dien-bodo-t05","status":"publish","type":"product","link":"https:\/\/bodo-electricbicycles.com\/vi\/product\/xe-may-dien-bodo-t05\/","title":{"rendered":"Xe m\u00e1y \u0111i\u1ec7n BODO-T05"},"content":{"rendered":"<p>M\u1eabu xe m\u00e1y \u0111i\u1ec7n BODO-T05 \u0111\u01b0\u1ee3c trang b\u1ecb \u0111\u1ed9ng c\u01a1 1200W m\u1ea1nh m\u1ebd, mang l\u1ea1i c\u00f4ng su\u1ea5t v\u1eadn h\u00e0nh v\u01b0\u1ee3t tr\u1ed9i, gi\u00fap b\u1ea1n ho\u00e0n to\u00e0n t\u1ef1 tin trong m\u1ed7i c\u00fa t\u0103ng t\u1ed1c. D\u00f9 di chuy\u1ec3n tr\u00ean nh\u1eefng con ph\u1ed1 n\u1ed9i \u0111\u00f4 hay l\u01b0\u1edbt \u00eam qua c\u00e1c v\u00f9ng ngo\u1ea1i \u00f4, chi\u1ebfc xe \u0111\u1ec1u d\u1ec5 d\u00e0ng chinh ph\u1ee5c m\u1ecdi \u0111\u1ecba h\u00ecnh, mang \u0111\u1ebfn cho b\u1ea1n tr\u1ea3i nghi\u1ec7m l\u00e1i v\u00f4 c\u00f9ng \u0111\u1eb3ng c\u1ea5p. V\u1edbi \u0111a d\u1ea1ng c\u00e1c t\u00f9y ch\u1ecdn m\u1edf kh\u00f3a th\u00f4ng minh, b\u1ea1n c\u00f3 th\u1ec3 s\u1eb5n s\u00e0ng kh\u1edfi h\u00e0nh b\u1ea5t c\u1ee9 l\u00fac n\u00e0o; c\u00e1c t\u00ednh n\u0103ng n\u1ed5i b\u1eadt bao g\u1ed3m m\u1edf kh\u00f3a c\u1ea3m bi\u1ebfn Bluetooth, ph\u1ea3n chi\u1ebfu m\u00e0n h\u00ecnh th\u00f4ng minh v\u00e0 kh\u1edfi \u0111\u1ed9ng m\u1ed9t ch\u1ea1m kh\u00f4ng c\u1ea7n ch\u00eca\u2014cho ph\u00e9p b\u1ea1n t\u1ef1 do kh\u00e1m ph\u00e1 m\u1ecdi n\u1ebbo \u0111\u01b0\u1eddng m\u00e0 v\u1eabn lu\u00f4n n\u1eafm tr\u1ecdn quy\u1ec1n ki\u1ec3m so\u00e1t. H\u1ec7 th\u1ed1ng phanh \u0111\u0129a k\u00e9p tr\u01b0\u1edbc v\u00e0 sau gi\u00fap gi\u1ea3m thi\u1ec3u hi\u1ec7n t\u01b0\u1ee3ng &#8220;nh\u00fan \u0111\u1ea7u xe&#8221; khi phanh, \u0111\u1ea3m b\u1ea3o h\u00e0nh tr\u00ecnh di chuy\u1ec3n \u00eam \u00e1i v\u00e0 tho\u1ea3i m\u00e1i h\u01a1n. H\u01a1n n\u1eefa, c\u00f4ng ngh\u1ec7 h\u1ec7 th\u1ed1ng treo th\u1ee7y l\u1ef1c ti\u00ean ti\u1ebfn \u1edf c\u1ea3 b\u00e1nh tr\u01b0\u1edbc v\u00e0 sau gi\u00fap xe th\u00edch \u1ee9ng linh ho\u1ea1t v\u1edbi nhi\u1ec1u \u0111i\u1ec1u ki\u1ec7n \u0111\u01b0\u1eddng s\u00e1 ph\u1ee9c t\u1ea1p, \u0111\u1ed3ng th\u1eddi \u0111\u1ea3m b\u1ea3o \u0111\u1ed9 b\u1ec1n b\u1ec9 v\u00e0 tu\u1ed5i th\u1ecd v\u01b0\u1ee3t tr\u1ed9i theo th\u1eddi gian.    <\/p>\n","protected":false},"excerpt":{"rendered":"<p>M\u1eabu xe m\u00e1y \u0111i\u1ec7n BODO-T05 \u0111\u01b0\u1ee3c trang b\u1ecb \u0111\u1ed9ng c\u01a1 1200W m\u1ea1nh m\u1ebd, mang l\u1ea1i c\u00f4ng su\u1ea5t v\u1eadn h\u00e0nh v\u01b0\u1ee3t [&hellip;]<\/p>\n","protected":false},"featured_media":1283,"template":"","meta":{"site-sidebar-layout":"default","site-content-layout":"","ast-site-content-layout":"default","site-content-style":"default","site-sidebar-style":"default","ast-global-header-display":"","ast-banner-title-visibility":"","ast-main-header-display":"","ast-hfb-above-header-display":"","ast-hfb-below-header-display":"","ast-hfb-mobile-header-display":"","site-post-title":"","ast-breadcrumbs-content":"","ast-featured-img":"","footer-sml-layout":"","ast-disable-related-posts":"","theme-transparent-header-meta":"default","adv-header-id-meta":"","stick-header-meta":"","header-above-stick-meta":"","header-main-stick-meta":"","header-below-stick-meta":"","astra-migrate-meta-layouts":"default","ast-page-background-enabled":"default","ast-page-background-meta":{"desktop":{"background-color":"var(--ast-global-color-5)","background-image":"","background-repeat":"repeat","background-position":"center center","background-size":"auto","background-attachment":"scroll","background-type":"","background-media":"","overlay-type":"","overlay-color":"","overlay-opacity":"","overlay-gradient":""},"tablet":{"background-color":"","background-image":"","background-repeat":"repeat","background-position":"center center","background-size":"auto","background-attachment":"scroll","background-type":"","background-media":"","overlay-type":"","overlay-color":"","overlay-opacity":"","overlay-gradient":""},"mobile":{"background-color":"","background-image":"","background-repeat":"repeat","background-position":"center center","background-size":"auto","background-attachment":"scroll","background-type":"","background-media":"","overlay-type":"","overlay-color":"","overlay-opacity":"","overlay-gradient":""}},"ast-content-background-meta":{"desktop":{"background-color":"var(--ast-global-color-4)","background-image":"","background-repeat":"repeat","background-position":"center center","background-size":"auto","background-attachment":"scroll","background-type":"","background-media":"","overlay-type":"","overlay-color":"","overlay-opacity":"","overlay-gradient":""},"tablet":{"background-color":"var(--ast-global-color-4)","background-image":"","background-repeat":"repeat","background-position":"center center","background-size":"auto","background-attachment":"scroll","background-type":"","background-media":"","overlay-type":"","overlay-color":"","overlay-opacity":"","overlay-gradient":""},"mobile":{"background-color":"var(--ast-global-color-4)","background-image":"","background-repeat":"repeat","background-position":"center center","background-size":"auto","background-attachment":"scroll","background-type":"","background-media":"","overlay-type":"","overlay-color":"","overlay-opacity":"","overlay-gradient":""}}},"product_brand":[],"product_cat":[178],"product_tag":[],"class_list":{"0":"post-1284","1":"product","2":"type-product","3":"status-publish","4":"has-post-thumbnail","6":"product_cat-xe-may-dien","7":"desktop-align-left","8":"tablet-align-left","9":"mobile-align-left","11":"first","12":"instock","13":"shipping-taxable","14":"product-type-simple"},"_links":{"self":[{"href":"https:\/\/bodo-electricbicycles.com\/vi\/wp-json\/wp\/v2\/product\/1284","targetHints":{"allow":["GET"]}}],"collection":[{"href":"https:\/\/bodo-electricbicycles.com\/vi\/wp-json\/wp\/v2\/product"}],"about":[{"href":"https:\/\/bodo-electricbicycles.com\/vi\/wp-json\/wp\/v2\/types\/product"}],"wp:featuredmedia":[{"embeddable":true,"href":"https:\/\/bodo-electricbicycles.com\/vi\/wp-json\/wp\/v2\/media\/1283"}],"wp:attachment":[{"href":"https:\/\/bodo-electricbicycles.com\/vi\/wp-json\/wp\/v2\/media?parent=1284"}],"wp:term":[{"taxonomy":"product_brand","embeddable":true,"href":"https:\/\/bodo-electricbicycles.com\/vi\/wp-json\/wp\/v2\/product_brand?post=1284"},{"taxonomy":"product_cat","embeddable":true,"href":"https:\/\/bodo-electricbicycles.com\/vi\/wp-json\/wp\/v2\/product_cat?post=1284"},{"taxonomy":"product_tag","embeddable":true,"href":"https:\/\/bodo-electricbicycles.com\/vi\/wp-json\/wp\/v2\/product_tag?post=1284"}],"curies":[{"name":"wp","href":"https:\/\/api.w.org\/{rel}","templated":true}]}}