{"id":1285,"date":"2026-03-16T20:43:38","date_gmt":"2026-03-16T12:43:38","guid":{"rendered":"https:\/\/bodo-electricbicycles.com\/product\/xe-may-dien-bodo-s1\/"},"modified":"2026-03-16T20:43:38","modified_gmt":"2026-03-16T12:43:38","slug":"xe-may-dien-bodo-s1","status":"publish","type":"product","link":"https:\/\/bodo-electricbicycles.com\/vi\/product\/xe-may-dien-bodo-s1\/","title":{"rendered":"Xe m\u00e1y \u0111i\u1ec7n BODO-S1"},"content":{"rendered":"<p>M\u1eabu xe m\u00e1y \u0111i\u1ec7n BODO-S1 \u0111\u01b0\u1ee3c trang b\u1ecb h\u1ec7 th\u1ed1ng phanh \u0111\u0129a to\u00e0n ph\u1ea7n, mang l\u1ea1i hi\u1ec7u su\u1ea5t phanh v\u01b0\u1ee3t tr\u1ed9i. B\u00e1nh tr\u01b0\u1edbc s\u1eed d\u1ee5ng phanh \u0111\u0129a ti\u00eau chu\u1ea9n xe m\u00e1y chuy\u00ean d\u1ee5ng, gi\u00fap t\u0103ng c\u01b0\u1eddng c\u1ea3m gi\u00e1c c\u01a1 h\u1ecdc, l\u1ef1c phanh m\u1ea1nh m\u1ebd h\u01a1n v\u00e0 r\u00fat ng\u1eafn qu\u00e3ng \u0111\u01b0\u1eddng phanh. Y\u00ean xe c\u00f3 \u0111\u1ed9 \u0111\u00e0n h\u1ed3i cao, \u0111\u01b0\u1ee3c ch\u1ebf t\u1ea1o t\u1eeb ch\u1ea5t li\u1ec7u tho\u00e1ng kh\u00ed, mang l\u1ea1i c\u1ea3m gi\u00e1c m\u00e1t m\u1ebb v\u00e0 tho\u1ea3i m\u00e1i trong su\u1ed1t h\u00e0nh tr\u00ecnh. Tay l\u00e1i \u0111a n\u0103ng t\u00edch h\u1ee3p c\u00e1c t\u00ednh n\u0103ng ti\u1ec7n l\u1ee3i nh\u01b0 s\u1eeda l\u1ed7i nhanh ch\u1ec9 v\u1edbi m\u1ed9t n\u00fat b\u1ea5m, chuy\u1ec3n \u0111\u1ed5i 3 c\u1ea5p t\u1ed1c \u0111\u1ed9 v\u00e0 d\u1eebng xe t\u1ee9c th\u00ec. H\u1ec7 th\u1ed1ng gi\u1ea3m x\u00f3c th\u1ee7y l\u1ef1c c\u00f3 th\u1ec3 \u0111i\u1ec1u ch\u1ec9nh \u1edf c\u1ea3 b\u00e1nh tr\u01b0\u1edbc v\u00e0 b\u00e1nh sau gi\u00fap xe v\u1eadn h\u00e0nh \u00eam \u00e1i v\u00e0 tho\u1ea3i m\u00e1i h\u01a1n. \u0110\u1ed9ng c\u01a1 t\u1ed1c \u0111\u1ed9 cao c\u00f4ng su\u1ea5t 1500W mang l\u1ea1i hi\u1ec7u su\u1ea5t m\u1ea1nh m\u1ebd c\u00f9ng kh\u1ea3 n\u0103ng \u0111\u1ea1t t\u1ed1c \u0111\u1ed9 nhanh h\u01a1n. Xe c\u0169ng \u0111\u01b0\u1ee3c trang b\u1ecb c\u00e1c t\u00ednh n\u0103ng b\u1ea3o v\u1ec7 ch\u1ed1ng tr\u01b0\u1ee3t v\u00e0 ch\u1ed1ng l\u1eadt, \u0111\u1ea3m b\u1ea3o an to\u00e0n t\u1ed1i \u0111a cho ng\u01b0\u1eddi l\u00e1i.      <\/p>\n","protected":false},"excerpt":{"rendered":"<p>M\u1eabu xe m\u00e1y \u0111i\u1ec7n BODO-S1 \u0111\u01b0\u1ee3c trang b\u1ecb h\u1ec7 th\u1ed1ng phanh \u0111\u0129a to\u00e0n ph\u1ea7n, mang l\u1ea1i hi\u1ec7u su\u1ea5t phanh v\u01b0\u1ee3t [&hellip;]<\/p>\n","protected":false},"featured_media":969,"template":"","meta":{"site-sidebar-layout":"default","site-content-layout":"","ast-site-content-layout":"default","site-content-style":"default","site-sidebar-style":"default","ast-global-header-display":"","ast-banner-title-visibility":"","ast-main-header-display":"","ast-hfb-above-header-display":"","ast-hfb-below-header-display":"","ast-hfb-mobile-header-display":"","site-post-title":"","ast-breadcrumbs-content":"","ast-featured-img":"","footer-sml-layout":"","ast-disable-related-posts":"","theme-transparent-header-meta":"default","adv-header-id-meta":"","stick-header-meta":"","header-above-stick-meta":"","header-main-stick-meta":"","header-below-stick-meta":"","astra-migrate-meta-layouts":"default","ast-page-background-enabled":"default","ast-page-background-meta":{"desktop":{"background-color":"var(--ast-global-color-5)","background-image":"","background-repeat":"repeat","background-position":"center center","background-size":"auto","background-attachment":"scroll","background-type":"","background-media":"","overlay-type":"","overlay-color":"","overlay-opacity":"","overlay-gradient":""},"tablet":{"background-color":"","background-image":"","background-repeat":"repeat","background-position":"center center","background-size":"auto","background-attachment":"scroll","background-type":"","background-media":"","overlay-type":"","overlay-color":"","overlay-opacity":"","overlay-gradient":""},"mobile":{"background-color":"","background-image":"","background-repeat":"repeat","background-position":"center center","background-size":"auto","background-attachment":"scroll","background-type":"","background-media":"","overlay-type":"","overlay-color":"","overlay-opacity":"","overlay-gradient":""}},"ast-content-background-meta":{"desktop":{"background-color":"var(--ast-global-color-4)","background-image":"","background-repeat":"repeat","background-position":"center center","background-size":"auto","background-attachment":"scroll","background-type":"","background-media":"","overlay-type":"","overlay-color":"","overlay-opacity":"","overlay-gradient":""},"tablet":{"background-color":"var(--ast-global-color-4)","background-image":"","background-repeat":"repeat","background-position":"center center","background-size":"auto","background-attachment":"scroll","background-type":"","background-media":"","overlay-type":"","overlay-color":"","overlay-opacity":"","overlay-gradient":""},"mobile":{"background-color":"var(--ast-global-color-4)","background-image":"","background-repeat":"repeat","background-position":"center center","background-size":"auto","background-attachment":"scroll","background-type":"","background-media":"","overlay-type":"","overlay-color":"","overlay-opacity":"","overlay-gradient":""}}},"product_brand":[],"product_cat":[178],"product_tag":[],"class_list":{"0":"post-1285","1":"product","2":"type-product","3":"status-publish","4":"has-post-thumbnail","6":"product_cat-xe-may-dien","7":"desktop-align-left","8":"tablet-align-left","9":"mobile-align-left","11":"first","12":"instock","13":"shipping-taxable","14":"product-type-simple"},"_links":{"self":[{"href":"https:\/\/bodo-electricbicycles.com\/vi\/wp-json\/wp\/v2\/product\/1285","targetHints":{"allow":["GET"]}}],"collection":[{"href":"https:\/\/bodo-electricbicycles.com\/vi\/wp-json\/wp\/v2\/product"}],"about":[{"href":"https:\/\/bodo-electricbicycles.com\/vi\/wp-json\/wp\/v2\/types\/product"}],"wp:featuredmedia":[{"embeddable":true,"href":"https:\/\/bodo-electricbicycles.com\/vi\/wp-json\/wp\/v2\/media\/969"}],"wp:attachment":[{"href":"https:\/\/bodo-electricbicycles.com\/vi\/wp-json\/wp\/v2\/media?parent=1285"}],"wp:term":[{"taxonomy":"product_brand","embeddable":true,"href":"https:\/\/bodo-electricbicycles.com\/vi\/wp-json\/wp\/v2\/product_brand?post=1285"},{"taxonomy":"product_cat","embeddable":true,"href":"https:\/\/bodo-electricbicycles.com\/vi\/wp-json\/wp\/v2\/product_cat?post=1285"},{"taxonomy":"product_tag","embeddable":true,"href":"https:\/\/bodo-electricbicycles.com\/vi\/wp-json\/wp\/v2\/product_tag?post=1285"}],"curies":[{"name":"wp","href":"https:\/\/api.w.org\/{rel}","templated":true}]}}