{"id":1287,"date":"2026-03-16T20:24:41","date_gmt":"2026-03-16T12:24:41","guid":{"rendered":"https:\/\/bodo-electricbicycles.com\/product\/xe-may-dien-bodo-n1\/"},"modified":"2026-03-16T20:24:41","modified_gmt":"2026-03-16T12:24:41","slug":"xe-may-dien-bodo-n1","status":"publish","type":"product","link":"https:\/\/bodo-electricbicycles.com\/vi\/product\/xe-may-dien-bodo-n1\/","title":{"rendered":"Xe m\u00e1y \u0111i\u1ec7n BODO-N1"},"content":{"rendered":"<p>M\u1eabu xe m\u00e1y \u0111i\u1ec7n BODO-N1 s\u1edf h\u1eefu l\u1edbp s\u01a1n ho\u00e0n thi\u1ec7n cao c\u1ea5p, k\u1ebft h\u1ee3p c\u00f9ng quy tr\u00ecnh phun s\u01a1n v\u00e0 \u0111\u00e1nh b\u00f3ng 9 b\u01b0\u1edbc t\u1ec9 m\u1ec9, t\u1ea1o n\u00ean nh\u1eefng gam m\u00e0u s\u1eafc n\u00e9t v\u00e0 b\u00f3ng b\u1ea9y t\u1ef1a g\u01b0\u01a1ng soi. \u0110\u01b0\u1ee3c trang b\u1ecb \u0111\u1ed9ng c\u01a1 1200W t\u00edch h\u1ee3p h\u1ec7 th\u1ed1ng \u0111i\u1ec1u khi\u1ec3n thu\u1eadt to\u00e1n th\u00f4ng minh, chi\u1ebfc xe c\u00f3 th\u1ec3 d\u1ec5 d\u00e0ng chinh ph\u1ee5c nh\u1eefng con d\u1ed1c cao v\u00e0 v\u1eadn chuy\u1ec3n t\u1ea3i tr\u1ecdng n\u1eb7ng m\u1ed9t c\u00e1ch nh\u1eb9 nh\u00e0ng. \u0110\u00e8n pha d\u1ea1ng th\u1ea5u k\u00ednh Projector mang l\u1ea1i t\u1ea7m nh\u00ecn r\u00f5 n\u00e9t, ngay c\u1ea3 trong nh\u1eefng \u0111i\u1ec1u ki\u1ec7n th\u1eddi ti\u1ebft b\u1ea5t l\u1ee3i. V\u1edbi h\u1ec7 th\u1ed1ng \u0111i\u1ec1u khi\u1ec3n t\u1eeb xa th\u00f4ng minh, chi\u1ebfc xe cung c\u1ea5p kh\u1ea3 n\u0103ng ch\u1ed1ng tr\u1ed9m hi\u1ec7u qu\u1ea3 c\u00f9ng t\u00ednh n\u0103ng kh\u1edfi \u0111\u1ed9ng t\u1eeb xa\u2014cho ph\u00e9p b\u1ea1n l\u00ean xe v\u00e0 l\u0103n b\u00e1nh ngay l\u1eadp t\u1ee9c\u2014trong khi h\u1ec7 th\u1ed1ng an ninh k\u00e9p gi\u00fap b\u1ea3o v\u1ec7 ph\u01b0\u01a1ng ti\u1ec7n c\u1ee7a b\u1ea1n m\u1ed9t c\u00e1ch t\u1ed1i \u01b0u. S\u1eed d\u1ee5ng pin Graphene 60V, xe mang l\u1ea1i ph\u1ea1m vi ho\u1ea1t \u0111\u1ed9ng b\u1ec1n b\u1ec9, gi\u00fap b\u1ea1n kh\u00f4ng c\u00f2n ph\u1ea3i b\u1eadn t\u00e2m v\u1ec1 vi\u1ec7c s\u1ea1c pin th\u01b0\u1eddng xuy\u00ean. H\u1ec7 th\u1ed1ng phanh \u0111\u0129a k\u00e9p \u1edf c\u1ea3 b\u00e1nh tr\u01b0\u1edbc v\u00e0 sau \u0111\u1ea3m b\u1ea3o l\u1ef1c h\u00e3m an to\u00e0n, \u0111\u00e1ng tin c\u1eady ngay c\u1ea3 trong c\u00e1c t\u00ecnh hu\u1ed1ng phanh kh\u1ea9n c\u1ea5p; song song \u0111\u00f3, h\u1ec7 th\u1ed1ng gi\u1ea3m x\u00f3c \u0111a t\u1ea7ng gi\u00fap xe v\u1eadn h\u00e0nh \u00eam \u00e1i v\u00e0 l\u01b0\u1edbt nh\u1eb9 nh\u00e0ng ngay c\u1ea3 tr\u00ean nh\u1eefng \u0111\u1ecba h\u00ecnh g\u1ed3 gh\u1ec1.     <\/p>\n","protected":false},"excerpt":{"rendered":"<p>M\u1eabu xe m\u00e1y \u0111i\u1ec7n BODO-N1 s\u1edf h\u1eefu l\u1edbp s\u01a1n ho\u00e0n thi\u1ec7n cao c\u1ea5p, k\u1ebft h\u1ee3p c\u00f9ng quy tr\u00ecnh phun s\u01a1n [&hellip;]<\/p>\n","protected":false},"featured_media":1286,"template":"","meta":{"site-sidebar-layout":"default","site-content-layout":"","ast-site-content-layout":"default","site-content-style":"default","site-sidebar-style":"default","ast-global-header-display":"","ast-banner-title-visibility":"","ast-main-header-display":"","ast-hfb-above-header-display":"","ast-hfb-below-header-display":"","ast-hfb-mobile-header-display":"","site-post-title":"","ast-breadcrumbs-content":"","ast-featured-img":"","footer-sml-layout":"","ast-disable-related-posts":"","theme-transparent-header-meta":"default","adv-header-id-meta":"","stick-header-meta":"","header-above-stick-meta":"","header-main-stick-meta":"","header-below-stick-meta":"","astra-migrate-meta-layouts":"default","ast-page-background-enabled":"default","ast-page-background-meta":{"desktop":{"background-color":"var(--ast-global-color-5)","background-image":"","background-repeat":"repeat","background-position":"center center","background-size":"auto","background-attachment":"scroll","background-type":"","background-media":"","overlay-type":"","overlay-color":"","overlay-opacity":"","overlay-gradient":""},"tablet":{"background-color":"","background-image":"","background-repeat":"repeat","background-position":"center center","background-size":"auto","background-attachment":"scroll","background-type":"","background-media":"","overlay-type":"","overlay-color":"","overlay-opacity":"","overlay-gradient":""},"mobile":{"background-color":"","background-image":"","background-repeat":"repeat","background-position":"center center","background-size":"auto","background-attachment":"scroll","background-type":"","background-media":"","overlay-type":"","overlay-color":"","overlay-opacity":"","overlay-gradient":""}},"ast-content-background-meta":{"desktop":{"background-color":"var(--ast-global-color-4)","background-image":"","background-repeat":"repeat","background-position":"center center","background-size":"auto","background-attachment":"scroll","background-type":"","background-media":"","overlay-type":"","overlay-color":"","overlay-opacity":"","overlay-gradient":""},"tablet":{"background-color":"var(--ast-global-color-4)","background-image":"","background-repeat":"repeat","background-position":"center center","background-size":"auto","background-attachment":"scroll","background-type":"","background-media":"","overlay-type":"","overlay-color":"","overlay-opacity":"","overlay-gradient":""},"mobile":{"background-color":"var(--ast-global-color-4)","background-image":"","background-repeat":"repeat","background-position":"center center","background-size":"auto","background-attachment":"scroll","background-type":"","background-media":"","overlay-type":"","overlay-color":"","overlay-opacity":"","overlay-gradient":""}}},"product_brand":[],"product_cat":[178],"product_tag":[],"class_list":{"0":"post-1287","1":"product","2":"type-product","3":"status-publish","4":"has-post-thumbnail","6":"product_cat-xe-may-dien","7":"desktop-align-left","8":"tablet-align-left","9":"mobile-align-left","11":"first","12":"instock","13":"shipping-taxable","14":"product-type-simple"},"_links":{"self":[{"href":"https:\/\/bodo-electricbicycles.com\/vi\/wp-json\/wp\/v2\/product\/1287","targetHints":{"allow":["GET"]}}],"collection":[{"href":"https:\/\/bodo-electricbicycles.com\/vi\/wp-json\/wp\/v2\/product"}],"about":[{"href":"https:\/\/bodo-electricbicycles.com\/vi\/wp-json\/wp\/v2\/types\/product"}],"wp:featuredmedia":[{"embeddable":true,"href":"https:\/\/bodo-electricbicycles.com\/vi\/wp-json\/wp\/v2\/media\/1286"}],"wp:attachment":[{"href":"https:\/\/bodo-electricbicycles.com\/vi\/wp-json\/wp\/v2\/media?parent=1287"}],"wp:term":[{"taxonomy":"product_brand","embeddable":true,"href":"https:\/\/bodo-electricbicycles.com\/vi\/wp-json\/wp\/v2\/product_brand?post=1287"},{"taxonomy":"product_cat","embeddable":true,"href":"https:\/\/bodo-electricbicycles.com\/vi\/wp-json\/wp\/v2\/product_cat?post=1287"},{"taxonomy":"product_tag","embeddable":true,"href":"https:\/\/bodo-electricbicycles.com\/vi\/wp-json\/wp\/v2\/product_tag?post=1287"}],"curies":[{"name":"wp","href":"https:\/\/api.w.org\/{rel}","templated":true}]}}