{"id":1289,"date":"2026-03-16T20:09:39","date_gmt":"2026-03-16T12:09:39","guid":{"rendered":"https:\/\/bodo-electricbicycles.com\/product\/xe-may-dien-bodo-n3\/"},"modified":"2026-03-16T20:09:39","modified_gmt":"2026-03-16T12:09:39","slug":"xe-may-dien-bodo-n3","status":"publish","type":"product","link":"https:\/\/bodo-electricbicycles.com\/vi\/product\/xe-may-dien-bodo-n3\/","title":{"rendered":"Xe m\u00e1y \u0111i\u1ec7n BODO-N3"},"content":{"rendered":"<p>M\u1eabu xe m\u00e1y \u0111i\u1ec7n BODO-N3 s\u1edf h\u1eefu kh\u1ed1i \u0111\u1ed9ng c\u01a1 \u0111\u01b0\u1ee3c n\u00e2ng c\u1ea5p v\u00e0 tinh ch\u1ec9nh k\u1ef9 thu\u1eadt c\u1ed1t l\u00f5i\u2014c\u1ee5 th\u1ec3 l\u00e0 \u0111\u1ed9ng c\u01a1 1200W kh\u00f4ng ch\u1ed5i than, v\u1eadn h\u00e0nh \u00eam \u00e1i v\u00e0 c\u00f3 kh\u1ea3 n\u0103ng ch\u1ed1ng n\u01b0\u1edbc\u2014k\u1ebft h\u1ee3p c\u00f9ng b\u1ed9 \u0111i\u1ec1u khi\u1ec3n 12 \u1ed1ng, gi\u00fap xe t\u0103ng t\u1ed1c m\u01b0\u1ee3t m\u00e0 ngay t\u1eeb khi \u0111\u1ee9ng y\u00ean. \u0110\u01b0\u1ee3c trang b\u1ecb b\u1ed9 pin dung l\u01b0\u1ee3ng cao, xe mang l\u1ea1i ph\u1ea1m vi ho\u1ea1t \u0111\u1ed9ng m\u1edf r\u1ed9ng l\u00ean t\u1edbi 80 km, \u0111\u1ed3ng th\u1eddi cung c\u1ea5p hi\u1ec7u su\u1ea5t v\u1eadn h\u00e0nh m\u1ea1nh m\u1ebd h\u01a1n. \u0110\u00e8n pha LED d\u1ea1ng Projector t\u1ea1o ngu\u1ed3n s\u00e1ng c\u01b0\u1eddng \u0111\u1ed9 cao v\u1edbi kh\u1ea3 n\u0103ng chi\u1ebfu xa v\u00e0 xuy\u00ean th\u1ea5u m\u1ea1nh m\u1ebd; b\u00ean c\u1ea1nh \u0111\u00f3 l\u00e0 d\u1ea3i \u0111\u00e8n \u0111\u1ecbnh v\u1ecb ban ng\u00e0y LED v\u1edbi thi\u1ebft k\u1ebf t\u1ed1i gi\u1ea3n, thon g\u1ecdn, gi\u00fap n\u00e2ng cao c\u1ea3 t\u00ednh th\u1ea9m m\u1ef9 l\u1eabn \u0111\u1ed9 an to\u00e0n cho xe. H\u01a1n n\u1eefa, thi\u1ebft k\u1ebf \u0111\u00e8n h\u1eadu d\u1ea1ng ma tr\u1eadn gi\u00fap t\u0103ng c\u01b0\u1eddng kh\u1ea3 n\u0103ng nh\u1eadn di\u1ec7n c\u1ee7a xe khi di chuy\u1ec3n v\u00e0o ban \u0111\u00eam, qua \u0111\u00f3 c\u1ea3i thi\u1ec7n \u0111\u00e1ng k\u1ec3 m\u1ee9c \u0111\u1ed9 an to\u00e0n t\u1ed5ng th\u1ec3 trong qu\u00e1 tr\u00ecnh v\u1eadn h\u00e0nh.   <\/p>\n","protected":false},"excerpt":{"rendered":"<p>M\u1eabu xe m\u00e1y \u0111i\u1ec7n BODO-N3 s\u1edf h\u1eefu kh\u1ed1i \u0111\u1ed9ng c\u01a1 \u0111\u01b0\u1ee3c n\u00e2ng c\u1ea5p v\u00e0 tinh ch\u1ec9nh k\u1ef9 thu\u1eadt c\u1ed1t l\u00f5i\u2014c\u1ee5 [&hellip;]<\/p>\n","protected":false},"featured_media":1288,"template":"","meta":{"site-sidebar-layout":"default","site-content-layout":"","ast-site-content-layout":"default","site-content-style":"default","site-sidebar-style":"default","ast-global-header-display":"","ast-banner-title-visibility":"","ast-main-header-display":"","ast-hfb-above-header-display":"","ast-hfb-below-header-display":"","ast-hfb-mobile-header-display":"","site-post-title":"","ast-breadcrumbs-content":"","ast-featured-img":"","footer-sml-layout":"","ast-disable-related-posts":"","theme-transparent-header-meta":"default","adv-header-id-meta":"","stick-header-meta":"","header-above-stick-meta":"","header-main-stick-meta":"","header-below-stick-meta":"","astra-migrate-meta-layouts":"default","ast-page-background-enabled":"default","ast-page-background-meta":{"desktop":{"background-color":"var(--ast-global-color-5)","background-image":"","background-repeat":"repeat","background-position":"center center","background-size":"auto","background-attachment":"scroll","background-type":"","background-media":"","overlay-type":"","overlay-color":"","overlay-opacity":"","overlay-gradient":""},"tablet":{"background-color":"","background-image":"","background-repeat":"repeat","background-position":"center center","background-size":"auto","background-attachment":"scroll","background-type":"","background-media":"","overlay-type":"","overlay-color":"","overlay-opacity":"","overlay-gradient":""},"mobile":{"background-color":"","background-image":"","background-repeat":"repeat","background-position":"center center","background-size":"auto","background-attachment":"scroll","background-type":"","background-media":"","overlay-type":"","overlay-color":"","overlay-opacity":"","overlay-gradient":""}},"ast-content-background-meta":{"desktop":{"background-color":"var(--ast-global-color-4)","background-image":"","background-repeat":"repeat","background-position":"center center","background-size":"auto","background-attachment":"scroll","background-type":"","background-media":"","overlay-type":"","overlay-color":"","overlay-opacity":"","overlay-gradient":""},"tablet":{"background-color":"var(--ast-global-color-4)","background-image":"","background-repeat":"repeat","background-position":"center center","background-size":"auto","background-attachment":"scroll","background-type":"","background-media":"","overlay-type":"","overlay-color":"","overlay-opacity":"","overlay-gradient":""},"mobile":{"background-color":"var(--ast-global-color-4)","background-image":"","background-repeat":"repeat","background-position":"center center","background-size":"auto","background-attachment":"scroll","background-type":"","background-media":"","overlay-type":"","overlay-color":"","overlay-opacity":"","overlay-gradient":""}}},"product_brand":[],"product_cat":[178],"product_tag":[],"class_list":{"0":"post-1289","1":"product","2":"type-product","3":"status-publish","4":"has-post-thumbnail","6":"product_cat-xe-may-dien","7":"desktop-align-left","8":"tablet-align-left","9":"mobile-align-left","11":"first","12":"instock","13":"shipping-taxable","14":"product-type-simple"},"_links":{"self":[{"href":"https:\/\/bodo-electricbicycles.com\/vi\/wp-json\/wp\/v2\/product\/1289","targetHints":{"allow":["GET"]}}],"collection":[{"href":"https:\/\/bodo-electricbicycles.com\/vi\/wp-json\/wp\/v2\/product"}],"about":[{"href":"https:\/\/bodo-electricbicycles.com\/vi\/wp-json\/wp\/v2\/types\/product"}],"wp:featuredmedia":[{"embeddable":true,"href":"https:\/\/bodo-electricbicycles.com\/vi\/wp-json\/wp\/v2\/media\/1288"}],"wp:attachment":[{"href":"https:\/\/bodo-electricbicycles.com\/vi\/wp-json\/wp\/v2\/media?parent=1289"}],"wp:term":[{"taxonomy":"product_brand","embeddable":true,"href":"https:\/\/bodo-electricbicycles.com\/vi\/wp-json\/wp\/v2\/product_brand?post=1289"},{"taxonomy":"product_cat","embeddable":true,"href":"https:\/\/bodo-electricbicycles.com\/vi\/wp-json\/wp\/v2\/product_cat?post=1289"},{"taxonomy":"product_tag","embeddable":true,"href":"https:\/\/bodo-electricbicycles.com\/vi\/wp-json\/wp\/v2\/product_tag?post=1289"}],"curies":[{"name":"wp","href":"https:\/\/api.w.org\/{rel}","templated":true}]}}