{"id":1291,"date":"2026-03-16T19:51:11","date_gmt":"2026-03-16T11:51:11","guid":{"rendered":"https:\/\/bodo-electricbicycles.com\/product\/xe-may-dien-bodo-n5\/"},"modified":"2026-03-16T19:51:11","modified_gmt":"2026-03-16T11:51:11","slug":"xe-may-dien-bodo-n5","status":"publish","type":"product","link":"https:\/\/bodo-electricbicycles.com\/vi\/product\/xe-may-dien-bodo-n5\/","title":{"rendered":"Xe m\u00e1y \u0111i\u1ec7n BODO-N5"},"content":{"rendered":"<p>M\u1eabu xe m\u00e1y \u0111i\u1ec7n BODO-N5 \u0111\u01b0\u1ee3c trang b\u1ecb \u0111\u1ed9ng c\u01a1 1200W m\u1ea1nh m\u1ebd, mang l\u1ea1i c\u00f4ng su\u1ea5t v\u1eadn h\u00e0nh v\u01b0\u1ee3t tr\u1ed9i, t\u1ea1o c\u1ea3m gi\u00e1c t\u1ef1 tin tuy\u1ec7t \u0111\u1ed1i trong m\u1ed7i c\u00fa t\u0103ng t\u1ed1c. D\u00f9 di chuy\u1ec3n tr\u00ean nh\u1eefng con ph\u1ed1 th\u1ecb th\u00e0nh hay l\u01b0\u1edbt \u00eam qua v\u00f9ng ngo\u1ea1i \u00f4, chi\u1ebfc xe \u0111\u1ec1u d\u1ec5 d\u00e0ng chinh ph\u1ee5c m\u1ecdi \u0111\u1ecba h\u00ecnh, mang \u0111\u1ebfn cho b\u1ea1n tr\u1ea3i nghi\u1ec7m l\u00e1i v\u00f4 c\u00f9ng \u0111\u1eb3ng c\u1ea5p v\u00e0 kh\u00e1c bi\u1ec7t. Khung xe s\u1edf h\u1eefu thi\u1ebft k\u1ebf t\u1eeb th\u00e9p k\u1ebft c\u1ea5u c\u00e1n ngu\u1ed9i c\u01b0\u1eddng \u0111\u1ed9 cao v\u00e0 b\u1ec1n b\u1ec9, \u0111\u01b0\u1ee3c ch\u1ebf t\u1ea1o v\u1edbi t\u1ef7 l\u1ec7 ph\u00e2n b\u1ed5 t\u1ea3i tr\u1ecdng tr\u1ee5c ch\u00ednh x\u00e1c \u0111\u1ea1t m\u1ee9c 1:1. \u0110\u01b0\u1ee3c c\u1ea5u th\u00e0nh t\u1eeb lo\u1ea1i th\u00e9p c\u00e1n ngu\u1ed9i c\u00f3 \u0111\u1ed9 d\u00e0y t\u0103ng c\u01b0\u1eddng, khung s\u01b0\u1eddn ch\u00ednh c\u1ee7a xe \u0111\u01b0\u1ee3c \u0111\u1ecbnh h\u00ecnh th\u00f4ng qua quy tr\u00ecnh d\u1eadp nguy\u00ean kh\u1ed1i\u2014\u0111\u1ea3m b\u1ea3o dung sai k\u00edch th\u01b0\u1edbc t\u1eeb tr\u01b0\u1edbc ra sau lu\u00f4n n\u1eb1m trong ph\u1ea1m vi \u00b11mm\u2014\u0111\u1ed3ng th\u1eddi \u0111\u01b0\u1ee3c t\u1ed1i \u01b0u h\u00f3a c\u00e1c l\u1edbp x\u1eed l\u00fd ch\u1ed1ng \u0103n m\u00f2n v\u00e0 g\u1ec9 s\u00e9t, nh\u1eb1m \u0111\u1ea3m b\u1ea3o \u0111\u1ed9 b\u1ec1n b\u1ec9 v\u01b0\u1ee3t tr\u1ed9i c\u00f9ng s\u1ef1 v\u1eefng ch\u1eafc tuy\u1ec7t \u0111\u1ed1i cho k\u1ebft c\u1ea5u xe theo th\u1eddi gian. H\u01a1n n\u1eefa, chi\u1ebfc xe c\u00f2n \u0111\u01b0\u1ee3c trang b\u1ecb h\u1ec7 th\u1ed1ng phanh \u0111\u0129a k\u00e9p (cho c\u1ea3 b\u00e1nh tr\u01b0\u1edbc v\u00e0 sau), cho ph\u00e9p xe d\u1eebng l\u1ea1i \u00eam \u00e1i v\u00e0 trong kho\u1ea3ng c\u00e1ch ng\u1eafn, d\u00f9 l\u00e0 khi gi\u1ea3m t\u1ed1c t\u1eeb t\u1eeb hay trong c\u00e1c t\u00ecnh hu\u1ed1ng phanh kh\u1ea9n c\u1ea5p; \u0111i\u1ec1u n\u00e0y kh\u00f4ng ch\u1ec9 mang l\u1ea1i tr\u1ea3i nghi\u1ec7m l\u00e1i t\u1ed1i \u01b0u cho ng\u01b0\u1eddi \u0111i\u1ec1u khi\u1ec3n m\u00e0 c\u00f2n \u0111\u1ea3m b\u1ea3o an to\u00e0n tuy\u1ec7t \u0111\u1ed1i khi d\u1eebng \u0111\u1ed7 xe.    <\/p>\n","protected":false},"excerpt":{"rendered":"<p>M\u1eabu xe m\u00e1y \u0111i\u1ec7n BODO-N5 \u0111\u01b0\u1ee3c trang b\u1ecb \u0111\u1ed9ng c\u01a1 1200W m\u1ea1nh m\u1ebd, mang l\u1ea1i c\u00f4ng su\u1ea5t v\u1eadn h\u00e0nh v\u01b0\u1ee3t [&hellip;]<\/p>\n","protected":false},"featured_media":1290,"template":"","meta":{"site-sidebar-layout":"default","site-content-layout":"","ast-site-content-layout":"default","site-content-style":"default","site-sidebar-style":"default","ast-global-header-display":"","ast-banner-title-visibility":"","ast-main-header-display":"","ast-hfb-above-header-display":"","ast-hfb-below-header-display":"","ast-hfb-mobile-header-display":"","site-post-title":"","ast-breadcrumbs-content":"","ast-featured-img":"","footer-sml-layout":"","ast-disable-related-posts":"","theme-transparent-header-meta":"default","adv-header-id-meta":"","stick-header-meta":"","header-above-stick-meta":"","header-main-stick-meta":"","header-below-stick-meta":"","astra-migrate-meta-layouts":"default","ast-page-background-enabled":"default","ast-page-background-meta":{"desktop":{"background-color":"var(--ast-global-color-5)","background-image":"","background-repeat":"repeat","background-position":"center center","background-size":"auto","background-attachment":"scroll","background-type":"","background-media":"","overlay-type":"","overlay-color":"","overlay-opacity":"","overlay-gradient":""},"tablet":{"background-color":"","background-image":"","background-repeat":"repeat","background-position":"center center","background-size":"auto","background-attachment":"scroll","background-type":"","background-media":"","overlay-type":"","overlay-color":"","overlay-opacity":"","overlay-gradient":""},"mobile":{"background-color":"","background-image":"","background-repeat":"repeat","background-position":"center center","background-size":"auto","background-attachment":"scroll","background-type":"","background-media":"","overlay-type":"","overlay-color":"","overlay-opacity":"","overlay-gradient":""}},"ast-content-background-meta":{"desktop":{"background-color":"var(--ast-global-color-4)","background-image":"","background-repeat":"repeat","background-position":"center center","background-size":"auto","background-attachment":"scroll","background-type":"","background-media":"","overlay-type":"","overlay-color":"","overlay-opacity":"","overlay-gradient":""},"tablet":{"background-color":"var(--ast-global-color-4)","background-image":"","background-repeat":"repeat","background-position":"center center","background-size":"auto","background-attachment":"scroll","background-type":"","background-media":"","overlay-type":"","overlay-color":"","overlay-opacity":"","overlay-gradient":""},"mobile":{"background-color":"var(--ast-global-color-4)","background-image":"","background-repeat":"repeat","background-position":"center center","background-size":"auto","background-attachment":"scroll","background-type":"","background-media":"","overlay-type":"","overlay-color":"","overlay-opacity":"","overlay-gradient":""}}},"product_brand":[],"product_cat":[178],"product_tag":[],"class_list":{"0":"post-1291","1":"product","2":"type-product","3":"status-publish","4":"has-post-thumbnail","6":"product_cat-xe-may-dien","7":"desktop-align-left","8":"tablet-align-left","9":"mobile-align-left","11":"first","12":"instock","13":"shipping-taxable","14":"product-type-simple"},"_links":{"self":[{"href":"https:\/\/bodo-electricbicycles.com\/vi\/wp-json\/wp\/v2\/product\/1291","targetHints":{"allow":["GET"]}}],"collection":[{"href":"https:\/\/bodo-electricbicycles.com\/vi\/wp-json\/wp\/v2\/product"}],"about":[{"href":"https:\/\/bodo-electricbicycles.com\/vi\/wp-json\/wp\/v2\/types\/product"}],"wp:featuredmedia":[{"embeddable":true,"href":"https:\/\/bodo-electricbicycles.com\/vi\/wp-json\/wp\/v2\/media\/1290"}],"wp:attachment":[{"href":"https:\/\/bodo-electricbicycles.com\/vi\/wp-json\/wp\/v2\/media?parent=1291"}],"wp:term":[{"taxonomy":"product_brand","embeddable":true,"href":"https:\/\/bodo-electricbicycles.com\/vi\/wp-json\/wp\/v2\/product_brand?post=1291"},{"taxonomy":"product_cat","embeddable":true,"href":"https:\/\/bodo-electricbicycles.com\/vi\/wp-json\/wp\/v2\/product_cat?post=1291"},{"taxonomy":"product_tag","embeddable":true,"href":"https:\/\/bodo-electricbicycles.com\/vi\/wp-json\/wp\/v2\/product_tag?post=1291"}],"curies":[{"name":"wp","href":"https:\/\/api.w.org\/{rel}","templated":true}]}}