{"id":1293,"date":"2026-03-16T19:40:07","date_gmt":"2026-03-16T11:40:07","guid":{"rendered":"https:\/\/bodo-electricbicycles.com\/product\/xe-may-dien-bodo-q1\/"},"modified":"2026-03-16T19:40:07","modified_gmt":"2026-03-16T11:40:07","slug":"xe-may-dien-bodo-q1","status":"publish","type":"product","link":"https:\/\/bodo-electricbicycles.com\/vi\/product\/xe-may-dien-bodo-q1\/","title":{"rendered":"Xe m\u00e1y \u0111i\u1ec7n BODO-Q1"},"content":{"rendered":"<p>M\u1eabu xe m\u00e1y \u0111i\u1ec7n BODO-Q1 s\u1edf h\u1eefu \u0111\u1ed9ng c\u01a1 1000W hi\u1ec7u su\u1ea5t cao v\u00e0 ti\u1ebft ki\u1ec7m n\u0103ng l\u01b0\u1ee3ng, mang l\u1ea1i m\u00f4-men xo\u1eafn m\u1ea1nh m\u1ebd gi\u00fap xe leo d\u1ed1c d\u1ec5 d\u00e0ng v\u00e0 t\u0103ng t\u1ed1c nhanh ch\u00f3ng. Kh\u00f4ng ch\u1ec9 mang l\u1ea1i hi\u1ec7u su\u1ea5t v\u1eadn h\u00e0nh m\u1ea1nh m\u1ebd, chi\u1ebfc xe c\u00f2n \u0111\u1ea1t \u0111\u01b0\u1ee3c s\u1ef1 c\u00e2n b\u1eb1ng t\u1ed1i \u01b0u gi\u1eefa m\u1ee9c ti\u00eau th\u1ee5 n\u0103ng l\u01b0\u1ee3ng v\u00e0 qu\u00e3ng \u0111\u01b0\u1eddng di chuy\u1ec3n, \u0111\u00e1p \u1ee9ng hi\u1ec7u qu\u1ea3 c\u00e1c nhu c\u1ea7u \u0111a d\u1ea1ng v\u1ec1 c\u00f4ng su\u1ea5t c\u1ee7a th\u1ecb tr\u01b0\u1eddng. M\u00e0n h\u00ecnh LCD \u0111\u1ed9 ph\u00e2n gi\u1ea3i cao cung c\u1ea5p th\u00f4ng tin hi\u1ec3n th\u1ecb r\u00f5 n\u00e9t v\u00e0 ch\u00ednh x\u00e1c v\u1ec1 m\u1ee9c pin, b\u00e1o hi\u1ec7u tr\u1ea1ng th\u00e1i s\u1ed1 &#8220;P&#8221; (\u0110\u1ed7 xe) khi xe \u0111\u1ee9ng y\u00ean, \u0111\u1ed3ng th\u1eddi hi\u1ec3n th\u1ecb tr\u1ea1ng th\u00e1i b\u1eadt\/t\u1eaft c\u1ee7a \u0111\u00e8n pha trong khi di chuy\u1ec3n\u2014mang l\u1ea1i ph\u1ea3n h\u1ed3i th\u00f4ng minh gi\u00fap \u0111\u1ea3m b\u1ea3o tr\u1ea3i nghi\u1ec7m l\u00e1i xe an to\u00e0n v\u00e0 an t\u00e2m h\u01a1n. \u0110\u01b0\u1ee3c trang b\u1ecb h\u1ec7 th\u1ed1ng \u0111\u00e8n pha LED si\u00eau s\u00e1ng v\u1edbi th\u1ea5u k\u00ednh h\u1ed9i t\u1ee5, chi\u1ebfc xe mang l\u1ea1i t\u1ea7m chi\u1ebfu xa v\u01b0\u1ee3t tr\u1ed9i c\u00f9ng c\u01b0\u1eddng \u0111\u1ed9 chi\u1ebfu s\u00e1ng m\u1ea1nh m\u1ebd. H\u1ec7 th\u1ed1ng gi\u1ea3m x\u00f3c th\u1ee7y l\u1ef1c \u1edf c\u1ea3 b\u00e1nh tr\u01b0\u1edbc v\u00e0 b\u00e1nh sau, k\u1ebft h\u1ee3p c\u00f9ng \u0111\u1ec7m y\u00ean xe b\u1eb1ng m\u00fat x\u1ed1p c\u00f3 \u0111\u1ed9 \u0111\u00e0n h\u1ed3i cao, \u0111\u1ea3m b\u1ea3o h\u00e0nh tr\u00ecnh \u00eam \u00e1i v\u00e0 \u1ed5n \u0111\u1ecbnh ngay c\u1ea3 khi di chuy\u1ec3n tr\u00ean nh\u1eefng \u0111\u1ecba h\u00ecnh g\u1ed3 gh\u1ec1. L\u1ed1p xe s\u1edf h\u1eefu c\u1ea5u tr\u00fac ba l\u1edbp ch\u1ed1ng \u0111\u00e2m th\u1ee7ng, mang l\u1ea1i kh\u1ea3 n\u0103ng b\u1ea3o v\u1ec7 v\u01b0\u1ee3t tr\u1ed9i tr\u01b0\u1edbc c\u00e1c t\u00e1c nh\u00e2n g\u00e2y th\u1ee7ng l\u1ed1p v\u00e0 tr\u01a1n tr\u01b0\u1ee3t, \u0111\u1ed3ng th\u1eddi g\u00f3p ph\u1ea7n n\u00e2ng cao hi\u1ec7u qu\u1ea3 s\u1eed d\u1ee5ng n\u0103ng l\u01b0\u1ee3ng. Ngo\u00e0i ra, chi\u1ebfc xe c\u00f2n \u0111\u01b0\u1ee3c trang b\u1ecb h\u1ec7 th\u1ed1ng phanh \u0111\u0129a, \u0111\u1ea3m b\u1ea3o l\u1ef1c phanh \u1ed5n \u0111\u1ecbnh v\u00e0 an to\u00e0n h\u01a1n.      <\/p>\n","protected":false},"excerpt":{"rendered":"<p>M\u1eabu xe m\u00e1y \u0111i\u1ec7n BODO-Q1 s\u1edf h\u1eefu \u0111\u1ed9ng c\u01a1 1000W hi\u1ec7u su\u1ea5t cao v\u00e0 ti\u1ebft ki\u1ec7m n\u0103ng l\u01b0\u1ee3ng, mang l\u1ea1i [&hellip;]<\/p>\n","protected":false},"featured_media":1292,"template":"","meta":{"site-sidebar-layout":"default","site-content-layout":"","ast-site-content-layout":"default","site-content-style":"default","site-sidebar-style":"default","ast-global-header-display":"","ast-banner-title-visibility":"","ast-main-header-display":"","ast-hfb-above-header-display":"","ast-hfb-below-header-display":"","ast-hfb-mobile-header-display":"","site-post-title":"","ast-breadcrumbs-content":"","ast-featured-img":"","footer-sml-layout":"","ast-disable-related-posts":"","theme-transparent-header-meta":"default","adv-header-id-meta":"","stick-header-meta":"","header-above-stick-meta":"","header-main-stick-meta":"","header-below-stick-meta":"","astra-migrate-meta-layouts":"default","ast-page-background-enabled":"default","ast-page-background-meta":{"desktop":{"background-color":"var(--ast-global-color-5)","background-image":"","background-repeat":"repeat","background-position":"center center","background-size":"auto","background-attachment":"scroll","background-type":"","background-media":"","overlay-type":"","overlay-color":"","overlay-opacity":"","overlay-gradient":""},"tablet":{"background-color":"","background-image":"","background-repeat":"repeat","background-position":"center center","background-size":"auto","background-attachment":"scroll","background-type":"","background-media":"","overlay-type":"","overlay-color":"","overlay-opacity":"","overlay-gradient":""},"mobile":{"background-color":"","background-image":"","background-repeat":"repeat","background-position":"center center","background-size":"auto","background-attachment":"scroll","background-type":"","background-media":"","overlay-type":"","overlay-color":"","overlay-opacity":"","overlay-gradient":""}},"ast-content-background-meta":{"desktop":{"background-color":"var(--ast-global-color-4)","background-image":"","background-repeat":"repeat","background-position":"center center","background-size":"auto","background-attachment":"scroll","background-type":"","background-media":"","overlay-type":"","overlay-color":"","overlay-opacity":"","overlay-gradient":""},"tablet":{"background-color":"var(--ast-global-color-4)","background-image":"","background-repeat":"repeat","background-position":"center center","background-size":"auto","background-attachment":"scroll","background-type":"","background-media":"","overlay-type":"","overlay-color":"","overlay-opacity":"","overlay-gradient":""},"mobile":{"background-color":"var(--ast-global-color-4)","background-image":"","background-repeat":"repeat","background-position":"center center","background-size":"auto","background-attachment":"scroll","background-type":"","background-media":"","overlay-type":"","overlay-color":"","overlay-opacity":"","overlay-gradient":""}}},"product_brand":[],"product_cat":[178],"product_tag":[],"class_list":{"0":"post-1293","1":"product","2":"type-product","3":"status-publish","4":"has-post-thumbnail","6":"product_cat-xe-may-dien","7":"desktop-align-left","8":"tablet-align-left","9":"mobile-align-left","11":"first","12":"instock","13":"shipping-taxable","14":"product-type-simple"},"_links":{"self":[{"href":"https:\/\/bodo-electricbicycles.com\/vi\/wp-json\/wp\/v2\/product\/1293","targetHints":{"allow":["GET"]}}],"collection":[{"href":"https:\/\/bodo-electricbicycles.com\/vi\/wp-json\/wp\/v2\/product"}],"about":[{"href":"https:\/\/bodo-electricbicycles.com\/vi\/wp-json\/wp\/v2\/types\/product"}],"wp:featuredmedia":[{"embeddable":true,"href":"https:\/\/bodo-electricbicycles.com\/vi\/wp-json\/wp\/v2\/media\/1292"}],"wp:attachment":[{"href":"https:\/\/bodo-electricbicycles.com\/vi\/wp-json\/wp\/v2\/media?parent=1293"}],"wp:term":[{"taxonomy":"product_brand","embeddable":true,"href":"https:\/\/bodo-electricbicycles.com\/vi\/wp-json\/wp\/v2\/product_brand?post=1293"},{"taxonomy":"product_cat","embeddable":true,"href":"https:\/\/bodo-electricbicycles.com\/vi\/wp-json\/wp\/v2\/product_cat?post=1293"},{"taxonomy":"product_tag","embeddable":true,"href":"https:\/\/bodo-electricbicycles.com\/vi\/wp-json\/wp\/v2\/product_tag?post=1293"}],"curies":[{"name":"wp","href":"https:\/\/api.w.org\/{rel}","templated":true}]}}