{"id":1295,"date":"2026-03-16T19:12:19","date_gmt":"2026-03-16T11:12:19","guid":{"rendered":"https:\/\/bodo-electricbicycles.com\/product\/xe-may-dien-bodo-t07\/"},"modified":"2026-03-16T19:12:19","modified_gmt":"2026-03-16T11:12:19","slug":"xe-may-dien-bodo-t07","status":"publish","type":"product","link":"https:\/\/bodo-electricbicycles.com\/vi\/product\/xe-may-dien-bodo-t07\/","title":{"rendered":"Xe m\u00e1y \u0111i\u1ec7n BODO-T07"},"content":{"rendered":"<p>M\u1eabu xe m\u00e1y \u0111i\u1ec7n BODO-T07 mang l\u1ea1i kh\u1ea3 n\u0103ng ch\u1ed1ng tr\u01b0\u1ee3t v\u01b0\u1ee3t tr\u1ed9i c\u00f9ng \u0111\u1ed9 \u1ed5n \u0111\u1ecbnh t\u1ed1i \u01b0u. Nh\u1edd thi\u1ebft k\u1ebf gai l\u1ed1p \u0111\u01b0\u1ee3c t\u1ed1i \u01b0u h\u00f3a, b\u1ed9 l\u1ed1p ch\u1ed1ng tr\u01b0\u1ee3t c\u1ee7a xe b\u00e1m \u0111\u01b0\u1eddng c\u1ef1c t\u1ed1t, gi\u00fap gi\u1ea3m thi\u1ec3u t\u00ecnh tr\u1ea1ng tr\u01b0\u1ee3t b\u00e1nh khi phanh, \u0111\u1ea3m b\u1ea3o h\u00e0nh tr\u00ecnh an to\u00e0n v\u00e0 v\u1eefng v\u00e0ng. H\u1ec7 th\u1ed1ng treo gi\u1ea3m ch\u1ea5n th\u1ee7y l\u1ef1c \u0111\u01b0\u1ee3c tinh ch\u1ec9nh k\u1ef9 l\u01b0\u1ee1ng gi\u00fap h\u1ea5p th\u1ee5 xung ch\u1ea5n m\u1ed9t c\u00e1ch \u00eam \u00e1i tr\u00ean nh\u1eefng \u0111o\u1ea1n \u0111\u01b0\u1eddng g\u1ed3 gh\u1ec1, gi\u1ea3m thi\u1ec3u s\u1ef1 m\u1ec7t m\u1ecfi cho ng\u01b0\u1eddi l\u00e1i, \u0111\u1ed3ng th\u1eddi mang l\u1ea1i kh\u1ea3 n\u0103ng h\u1ed7 tr\u1ee3, \u0111\u1ed9 \u1ed5n \u0111\u1ecbnh v\u00e0 c\u1ea3m gi\u00e1c l\u00e1i tho\u1ea3i m\u00e1i tuy\u1ec7t v\u1eddi cho nhu c\u1ea7u di chuy\u1ec3n h\u00e0ng ng\u00e0y.  <\/p>\n","protected":false},"excerpt":{"rendered":"<p>M\u1eabu xe m\u00e1y \u0111i\u1ec7n BODO-T07 mang l\u1ea1i kh\u1ea3 n\u0103ng ch\u1ed1ng tr\u01b0\u1ee3t v\u01b0\u1ee3t tr\u1ed9i c\u00f9ng \u0111\u1ed9 \u1ed5n \u0111\u1ecbnh t\u1ed1i \u01b0u. Nh\u1edd [&hellip;]<\/p>\n","protected":false},"featured_media":1294,"template":"","meta":{"site-sidebar-layout":"default","site-content-layout":"","ast-site-content-layout":"default","site-content-style":"default","site-sidebar-style":"default","ast-global-header-display":"","ast-banner-title-visibility":"","ast-main-header-display":"","ast-hfb-above-header-display":"","ast-hfb-below-header-display":"","ast-hfb-mobile-header-display":"","site-post-title":"","ast-breadcrumbs-content":"","ast-featured-img":"","footer-sml-layout":"","ast-disable-related-posts":"","theme-transparent-header-meta":"default","adv-header-id-meta":"","stick-header-meta":"","header-above-stick-meta":"","header-main-stick-meta":"","header-below-stick-meta":"","astra-migrate-meta-layouts":"default","ast-page-background-enabled":"default","ast-page-background-meta":{"desktop":{"background-color":"var(--ast-global-color-5)","background-image":"","background-repeat":"repeat","background-position":"center center","background-size":"auto","background-attachment":"scroll","background-type":"","background-media":"","overlay-type":"","overlay-color":"","overlay-opacity":"","overlay-gradient":""},"tablet":{"background-color":"","background-image":"","background-repeat":"repeat","background-position":"center center","background-size":"auto","background-attachment":"scroll","background-type":"","background-media":"","overlay-type":"","overlay-color":"","overlay-opacity":"","overlay-gradient":""},"mobile":{"background-color":"","background-image":"","background-repeat":"repeat","background-position":"center center","background-size":"auto","background-attachment":"scroll","background-type":"","background-media":"","overlay-type":"","overlay-color":"","overlay-opacity":"","overlay-gradient":""}},"ast-content-background-meta":{"desktop":{"background-color":"var(--ast-global-color-4)","background-image":"","background-repeat":"repeat","background-position":"center center","background-size":"auto","background-attachment":"scroll","background-type":"","background-media":"","overlay-type":"","overlay-color":"","overlay-opacity":"","overlay-gradient":""},"tablet":{"background-color":"var(--ast-global-color-4)","background-image":"","background-repeat":"repeat","background-position":"center center","background-size":"auto","background-attachment":"scroll","background-type":"","background-media":"","overlay-type":"","overlay-color":"","overlay-opacity":"","overlay-gradient":""},"mobile":{"background-color":"var(--ast-global-color-4)","background-image":"","background-repeat":"repeat","background-position":"center center","background-size":"auto","background-attachment":"scroll","background-type":"","background-media":"","overlay-type":"","overlay-color":"","overlay-opacity":"","overlay-gradient":""}}},"product_brand":[],"product_cat":[178],"product_tag":[],"class_list":{"0":"post-1295","1":"product","2":"type-product","3":"status-publish","4":"has-post-thumbnail","6":"product_cat-xe-may-dien","7":"desktop-align-left","8":"tablet-align-left","9":"mobile-align-left","11":"first","12":"instock","13":"shipping-taxable","14":"product-type-simple"},"_links":{"self":[{"href":"https:\/\/bodo-electricbicycles.com\/vi\/wp-json\/wp\/v2\/product\/1295","targetHints":{"allow":["GET"]}}],"collection":[{"href":"https:\/\/bodo-electricbicycles.com\/vi\/wp-json\/wp\/v2\/product"}],"about":[{"href":"https:\/\/bodo-electricbicycles.com\/vi\/wp-json\/wp\/v2\/types\/product"}],"wp:featuredmedia":[{"embeddable":true,"href":"https:\/\/bodo-electricbicycles.com\/vi\/wp-json\/wp\/v2\/media\/1294"}],"wp:attachment":[{"href":"https:\/\/bodo-electricbicycles.com\/vi\/wp-json\/wp\/v2\/media?parent=1295"}],"wp:term":[{"taxonomy":"product_brand","embeddable":true,"href":"https:\/\/bodo-electricbicycles.com\/vi\/wp-json\/wp\/v2\/product_brand?post=1295"},{"taxonomy":"product_cat","embeddable":true,"href":"https:\/\/bodo-electricbicycles.com\/vi\/wp-json\/wp\/v2\/product_cat?post=1295"},{"taxonomy":"product_tag","embeddable":true,"href":"https:\/\/bodo-electricbicycles.com\/vi\/wp-json\/wp\/v2\/product_tag?post=1295"}],"curies":[{"name":"wp","href":"https:\/\/api.w.org\/{rel}","templated":true}]}}