{"id":1297,"date":"2026-03-16T18:28:24","date_gmt":"2026-03-16T10:28:24","guid":{"rendered":"https:\/\/bodo-electricbicycles.com\/product\/xe-may-dien-bodo-x9\/"},"modified":"2026-03-16T18:28:24","modified_gmt":"2026-03-16T10:28:24","slug":"xe-may-dien-bodo-x9","status":"publish","type":"product","link":"https:\/\/bodo-electricbicycles.com\/vi\/product\/xe-may-dien-bodo-x9\/","title":{"rendered":"Xe m\u00e1y \u0111i\u1ec7n BODO-X9"},"content":{"rendered":"<div data-page-id=\"AyA2fUV4fdUadmcuONMcDvimnSV\" data-lark-html-role=\"root\" data-docx-has-block-data=\"false\">\n<div class=\"ace-line ace-line old-record-id-KL3HfbCJQdK9phc8uD2chXGPnMd\">M\u1eabu xe m\u00e1y \u0111i\u1ec7n BODO-X9 l\u00e0 d\u00f2ng xe \u0111i\u1ec7n m\u1edbi \u0111\u01b0\u1ee3c n\u00e2ng c\u1ea5p, \u0111\u01b0\u1ee3c trang b\u1ecb h\u1ec7 th\u1ed1ng \u0111i\u1ec1u khi\u1ec3n th\u00f4ng minh c\u00f9ng h\u1ec7 th\u1ed1ng ki\u1ec3m so\u00e1t l\u1ef1c k\u00e9o TCS, \u0111\u1ed3ng th\u1eddi s\u1edf h\u1eefu t\u00ednh n\u0103ng l\u00f9i xe ch\u1ec9 v\u1edbi m\u1ed9t ch\u1ea1m v\u00e0 kh\u1ea3 n\u0103ng kh\u1edfi \u0111\u1ed9ng t\u1eeb xa. Baodao Electric Vehicles \u0111\u00e3 h\u1ee3p t\u00e1c v\u1edbi Houhua Power \u0111\u1ec3 thi\u1ebft k\u1ebf ri\u00eang m\u1ed9t \u0111\u1ed9ng c\u01a1 t\u1ed1c \u0111\u1ed9 cao 1200W, k\u00edch th\u01b0\u1edbc 10 inch v\u1edbi phanh \u0111\u0129a to\u00e0n ph\u1ea7n, d\u00e0nh chuy\u00ean bi\u1ec7t cho m\u1eabu xe X9 n\u00e0y. Khi k\u1ebft h\u1ee3p c\u00f9ng l\u1ed1p kh\u00f4ng s\u0103m Kenda v\u00e0 b\u1ed9 \u0111i\u1ec1u khi\u1ec3n Jixiang \u0111\u01b0\u1ee3c tinh ch\u1ec9nh ch\u00ednh x\u00e1c, ph\u1ea1m vi ho\u1ea1t \u0111\u1ed9ng c\u1ee7a xe \u0111\u00e3 \u0111\u01b0\u1ee3c gia t\u0103ng h\u01a1n 30%\u2014bi\u1ebfn BODO-X9 tr\u1edf th\u00e0nh l\u1ef1a ch\u1ecdn xe \u0111i\u1ec7n l\u00fd t\u01b0\u1edfng v\u1edbi kh\u1ea3 n\u0103ng di chuy\u1ec3n qu\u00e3ng \u0111\u01b0\u1eddng d\u00e0i, ph\u1ee5c v\u1ee5 \u0111\u1eafc l\u1ef1c cho nhu c\u1ea7u \u0111i l\u1ea1i h\u00e0ng ng\u00e0y.  <\/div>\n<\/div>\n","protected":false},"excerpt":{"rendered":"<p>M\u1eabu xe m\u00e1y \u0111i\u1ec7n BODO-X9 l\u00e0 d\u00f2ng xe \u0111i\u1ec7n m\u1edbi \u0111\u01b0\u1ee3c n\u00e2ng c\u1ea5p, \u0111\u01b0\u1ee3c trang b\u1ecb h\u1ec7 th\u1ed1ng \u0111i\u1ec1u khi\u1ec3n [&hellip;]<\/p>\n","protected":false},"featured_media":1296,"template":"","meta":{"site-sidebar-layout":"default","site-content-layout":"","ast-site-content-layout":"default","site-content-style":"default","site-sidebar-style":"default","ast-global-header-display":"","ast-banner-title-visibility":"","ast-main-header-display":"","ast-hfb-above-header-display":"","ast-hfb-below-header-display":"","ast-hfb-mobile-header-display":"","site-post-title":"","ast-breadcrumbs-content":"","ast-featured-img":"","footer-sml-layout":"","ast-disable-related-posts":"","theme-transparent-header-meta":"default","adv-header-id-meta":"","stick-header-meta":"","header-above-stick-meta":"","header-main-stick-meta":"","header-below-stick-meta":"","astra-migrate-meta-layouts":"default","ast-page-background-enabled":"default","ast-page-background-meta":{"desktop":{"background-color":"var(--ast-global-color-5)","background-image":"","background-repeat":"repeat","background-position":"center center","background-size":"auto","background-attachment":"scroll","background-type":"","background-media":"","overlay-type":"","overlay-color":"","overlay-opacity":"","overlay-gradient":""},"tablet":{"background-color":"","background-image":"","background-repeat":"repeat","background-position":"center center","background-size":"auto","background-attachment":"scroll","background-type":"","background-media":"","overlay-type":"","overlay-color":"","overlay-opacity":"","overlay-gradient":""},"mobile":{"background-color":"","background-image":"","background-repeat":"repeat","background-position":"center center","background-size":"auto","background-attachment":"scroll","background-type":"","background-media":"","overlay-type":"","overlay-color":"","overlay-opacity":"","overlay-gradient":""}},"ast-content-background-meta":{"desktop":{"background-color":"var(--ast-global-color-4)","background-image":"","background-repeat":"repeat","background-position":"center center","background-size":"auto","background-attachment":"scroll","background-type":"","background-media":"","overlay-type":"","overlay-color":"","overlay-opacity":"","overlay-gradient":""},"tablet":{"background-color":"var(--ast-global-color-4)","background-image":"","background-repeat":"repeat","background-position":"center center","background-size":"auto","background-attachment":"scroll","background-type":"","background-media":"","overlay-type":"","overlay-color":"","overlay-opacity":"","overlay-gradient":""},"mobile":{"background-color":"var(--ast-global-color-4)","background-image":"","background-repeat":"repeat","background-position":"center center","background-size":"auto","background-attachment":"scroll","background-type":"","background-media":"","overlay-type":"","overlay-color":"","overlay-opacity":"","overlay-gradient":""}}},"product_brand":[],"product_cat":[178],"product_tag":[180],"class_list":{"0":"post-1297","1":"product","2":"type-product","3":"status-publish","4":"has-post-thumbnail","6":"product_cat-xe-may-dien","7":"product_tag-xe-may-dien","8":"desktop-align-left","9":"tablet-align-left","10":"mobile-align-left","12":"first","13":"instock","14":"shipping-taxable","15":"product-type-simple"},"_links":{"self":[{"href":"https:\/\/bodo-electricbicycles.com\/vi\/wp-json\/wp\/v2\/product\/1297","targetHints":{"allow":["GET"]}}],"collection":[{"href":"https:\/\/bodo-electricbicycles.com\/vi\/wp-json\/wp\/v2\/product"}],"about":[{"href":"https:\/\/bodo-electricbicycles.com\/vi\/wp-json\/wp\/v2\/types\/product"}],"wp:featuredmedia":[{"embeddable":true,"href":"https:\/\/bodo-electricbicycles.com\/vi\/wp-json\/wp\/v2\/media\/1296"}],"wp:attachment":[{"href":"https:\/\/bodo-electricbicycles.com\/vi\/wp-json\/wp\/v2\/media?parent=1297"}],"wp:term":[{"taxonomy":"product_brand","embeddable":true,"href":"https:\/\/bodo-electricbicycles.com\/vi\/wp-json\/wp\/v2\/product_brand?post=1297"},{"taxonomy":"product_cat","embeddable":true,"href":"https:\/\/bodo-electricbicycles.com\/vi\/wp-json\/wp\/v2\/product_cat?post=1297"},{"taxonomy":"product_tag","embeddable":true,"href":"https:\/\/bodo-electricbicycles.com\/vi\/wp-json\/wp\/v2\/product_tag?post=1297"}],"curies":[{"name":"wp","href":"https:\/\/api.w.org\/{rel}","templated":true}]}}