{"id":1469,"date":"2026-03-30T19:29:24","date_gmt":"2026-03-30T11:29:24","guid":{"rendered":"https:\/\/bodo-electricbicycles.com\/product\/xe-mo-to-dien-cho-hang-bodo-kuma\/"},"modified":"2026-03-30T19:29:24","modified_gmt":"2026-03-30T11:29:24","slug":"xe-mo-to-dien-cho-hang-bodo-kuma","status":"publish","type":"product","link":"https:\/\/bodo-electricbicycles.com\/vi\/product\/xe-mo-to-dien-cho-hang-bodo-kuma\/","title":{"rendered":"Xe m\u00f4 t\u00f4 \u0111i\u1ec7n ch\u1edf h\u00e0ng BODO-Kuma"},"content":{"rendered":"<p>BODO-Kuma l\u00e0 m\u1eabu xe m\u00e1y \u0111i\u1ec7n ch\u1edf h\u00e0ng \u0111\u00e1ng tin c\u1eady, \u0111\u01b0\u1ee3c thi\u1ebft k\u1ebf chuy\u00ean bi\u1ec7t nh\u1eb1m mang l\u1ea1i s\u1ef1 \u1ed5n \u0111\u1ecbnh cho c\u00e1c ho\u1ea1t \u0111\u1ed9ng giao nh\u1eadn trong \u0111\u00f4 th\u1ecb c\u0169ng nh\u01b0 \u0111\u00e1p \u1ee9ng nhu c\u1ea7u di chuy\u1ec3n h\u00e0ng ng\u00e0y v\u1edbi t\u1ea3i tr\u1ecdng l\u1edbn. V\u1edbi k\u00edch th\u01b0\u1edbc t\u1ed5ng th\u1ec3 1850\u00d7800\u00d71070mm, tr\u1ee5c c\u01a1 s\u1edf d\u00e0i 1230mm v\u00e0 tr\u1ecdng l\u01b0\u1ee3ng kh\u00f4 54,8kg, chi\u1ebfc xe n\u00e0y t\u1ea1o n\u00ean s\u1ef1 c\u00e2n b\u1eb1ng ho\u00e0n h\u1ea3o gi\u1eefa kh\u1ea3 n\u0103ng v\u1eadn h\u00e0nh linh ho\u1ea1t v\u00e0 hi\u1ec7u su\u1ea5t ch\u1ecbu t\u1ea3i m\u1ea1nh m\u1ebd. Xe \u0111\u01b0\u1ee3c trang b\u1ecb \u0111\u1ed9ng c\u01a1 1000W, k\u1ebft h\u1ee3p c\u00f9ng b\u1ed9 \u0111i\u1ec1u khi\u1ec3n s\u00f3ng sin kh\u00f4ng d\u00e2y 12 \u1ed1ng 30A, mang l\u1ea1i kh\u1ea3 n\u0103ng v\u1eadn h\u00e0nh \u00eam \u00e1i v\u00e0 hi\u1ec7u su\u1ea5t n\u0103ng l\u01b0\u1ee3ng t\u1ed1i \u01b0u. V\u1edbi h\u1ec7 th\u1ed1ng l\u1ed1p k\u00edch th\u01b0\u1edbc 3.00-10, phu\u1ed9c tr\u01b0\u1edbc d\u1ea1ng \u1ed1ng th\u1ee7y l\u1ef1c t\u00edch h\u1ee3p phanh \u0111\u0129a, h\u1ec7 th\u1ed1ng treo sau th\u1ee7y l\u1ef1c \u0111\u01b0\u1eddng k\u00ednh ngo\u00e0i 250mm, c\u00f9ng b\u1ed9 phanh \u0111\u0129a to\u00e0n ph\u1ea7n Bosch (\u0111\u0129a tr\u01b0\u1edbc 180mm v\u00e0 \u0111\u0129a sau 265mm), xe \u0111\u1ea3m b\u1ea3o mang l\u1ea1i tr\u1ea3i nghi\u1ec7m l\u00e1i v\u00f4 c\u00f9ng tho\u1ea3i m\u00e1i v\u00e0 \u0111\u1ed9 an to\u00e0n phanh v\u01b0\u1ee3t tr\u1ed9i. Xe c\u00f2n s\u1edf h\u1eefu c\u1ee5m \u0111\u00e8n pha k\u00e9p v\u1edbi ch\u1ebf \u0111\u1ed9 chi\u1ebfu xa\/chi\u1ebfu g\u1ea7n, \u0111\u00e8n h\u1eadu t\u00edch h\u1ee3p \u0111\u00e8n phanh v\u00e0 \u0111\u00e8n \u0111\u1ecbnh v\u1ecb ban ng\u00e0y, c\u00f9ng h\u1ec7 th\u1ed1ng \u0111\u00e8n xi-nhan pha l\u00ea s\u1eafc n\u00e9t. V\u1edbi kh\u1ea3 n\u0103ng t\u01b0\u01a1ng th\u00edch v\u1edbi b\u1ed9 pin axit-ch\u00ec 60V\/72V 20Ah, BODO-Kuma l\u00e0 s\u1ef1 l\u1ef1a ch\u1ecdn l\u00fd t\u01b0\u1edfng cho c\u00e1c d\u1ecbch v\u1ee5 giao nh\u1eadn th\u01b0\u01a1ng m\u1ea1i v\u00e0 ho\u1ea1t \u0111\u1ed9ng logistics trong khu v\u1ef1c \u0111\u00f4 th\u1ecb.     <\/p>\n","protected":false},"excerpt":{"rendered":"<p>BODO-Kuma l\u00e0 m\u1eabu xe m\u00e1y \u0111i\u1ec7n ch\u1edf h\u00e0ng \u0111\u00e1ng tin c\u1eady, \u0111\u01b0\u1ee3c thi\u1ebft k\u1ebf chuy\u00ean bi\u1ec7t nh\u1eb1m mang l\u1ea1i s\u1ef1 [&hellip;]<\/p>\n","protected":false},"featured_media":1468,"template":"","meta":{"site-sidebar-layout":"default","site-content-layout":"","ast-site-content-layout":"default","site-content-style":"default","site-sidebar-style":"default","ast-global-header-display":"","ast-banner-title-visibility":"","ast-main-header-display":"","ast-hfb-above-header-display":"","ast-hfb-below-header-display":"","ast-hfb-mobile-header-display":"","site-post-title":"","ast-breadcrumbs-content":"","ast-featured-img":"","footer-sml-layout":"","ast-disable-related-posts":"","theme-transparent-header-meta":"default","adv-header-id-meta":"","stick-header-meta":"","header-above-stick-meta":"","header-main-stick-meta":"","header-below-stick-meta":"","astra-migrate-meta-layouts":"default","ast-page-background-enabled":"default","ast-page-background-meta":{"desktop":{"background-color":"var(--ast-global-color-5)","background-image":"","background-repeat":"repeat","background-position":"center center","background-size":"auto","background-attachment":"scroll","background-type":"","background-media":"","overlay-type":"","overlay-color":"","overlay-opacity":"","overlay-gradient":""},"tablet":{"background-color":"","background-image":"","background-repeat":"repeat","background-position":"center center","background-size":"auto","background-attachment":"scroll","background-type":"","background-media":"","overlay-type":"","overlay-color":"","overlay-opacity":"","overlay-gradient":""},"mobile":{"background-color":"","background-image":"","background-repeat":"repeat","background-position":"center center","background-size":"auto","background-attachment":"scroll","background-type":"","background-media":"","overlay-type":"","overlay-color":"","overlay-opacity":"","overlay-gradient":""}},"ast-content-background-meta":{"desktop":{"background-color":"var(--ast-global-color-4)","background-image":"","background-repeat":"repeat","background-position":"center center","background-size":"auto","background-attachment":"scroll","background-type":"","background-media":"","overlay-type":"","overlay-color":"","overlay-opacity":"","overlay-gradient":""},"tablet":{"background-color":"var(--ast-global-color-4)","background-image":"","background-repeat":"repeat","background-position":"center center","background-size":"auto","background-attachment":"scroll","background-type":"","background-media":"","overlay-type":"","overlay-color":"","overlay-opacity":"","overlay-gradient":""},"mobile":{"background-color":"var(--ast-global-color-4)","background-image":"","background-repeat":"repeat","background-position":"center center","background-size":"auto","background-attachment":"scroll","background-type":"","background-media":"","overlay-type":"","overlay-color":"","overlay-opacity":"","overlay-gradient":""}}},"product_brand":[],"product_cat":[255],"product_tag":[],"class_list":{"0":"post-1469","1":"product","2":"type-product","3":"status-publish","4":"has-post-thumbnail","6":"product_cat-xe-mo-to-dien-cho-hang","7":"desktop-align-left","8":"tablet-align-left","9":"mobile-align-left","11":"first","12":"instock","13":"shipping-taxable","14":"product-type-simple"},"_links":{"self":[{"href":"https:\/\/bodo-electricbicycles.com\/vi\/wp-json\/wp\/v2\/product\/1469","targetHints":{"allow":["GET"]}}],"collection":[{"href":"https:\/\/bodo-electricbicycles.com\/vi\/wp-json\/wp\/v2\/product"}],"about":[{"href":"https:\/\/bodo-electricbicycles.com\/vi\/wp-json\/wp\/v2\/types\/product"}],"wp:featuredmedia":[{"embeddable":true,"href":"https:\/\/bodo-electricbicycles.com\/vi\/wp-json\/wp\/v2\/media\/1468"}],"wp:attachment":[{"href":"https:\/\/bodo-electricbicycles.com\/vi\/wp-json\/wp\/v2\/media?parent=1469"}],"wp:term":[{"taxonomy":"product_brand","embeddable":true,"href":"https:\/\/bodo-electricbicycles.com\/vi\/wp-json\/wp\/v2\/product_brand?post=1469"},{"taxonomy":"product_cat","embeddable":true,"href":"https:\/\/bodo-electricbicycles.com\/vi\/wp-json\/wp\/v2\/product_cat?post=1469"},{"taxonomy":"product_tag","embeddable":true,"href":"https:\/\/bodo-electricbicycles.com\/vi\/wp-json\/wp\/v2\/product_tag?post=1469"}],"curies":[{"name":"wp","href":"https:\/\/api.w.org\/{rel}","templated":true}]}}