{"id":1471,"date":"2026-03-29T15:44:45","date_gmt":"2026-03-29T07:44:45","guid":{"rendered":"https:\/\/bodo-electricbicycles.com\/product\/xe-mo-to-dien-dia-hinh-bodo-x12\/"},"modified":"2026-03-29T15:44:45","modified_gmt":"2026-03-29T07:44:45","slug":"xe-mo-to-dien-dia-hinh-bodo-x12","status":"publish","type":"product","link":"https:\/\/bodo-electricbicycles.com\/vi\/product\/xe-mo-to-dien-dia-hinh-bodo-x12\/","title":{"rendered":"Xe m\u00f4 t\u00f4 \u0111i\u1ec7n \u0111\u1ecba h\u00ecnh BODO-X12"},"content":{"rendered":"<p>BODO-X12 l\u00e0 m\u1eabu xe m\u00f4 t\u00f4 \u0111i\u1ec7n \u0111\u1ecba h\u00ecnh g\u1ecdn nh\u1eb9 v\u00e0 linh ho\u1ea1t, \u0111\u01b0\u1ee3c thi\u1ebft k\u1ebf nh\u1eb1m ph\u1ee5c v\u1ee5 nhu c\u1ea7u di chuy\u1ec3n hi\u1ec7u qu\u1ea3 trong \u0111\u00f4 th\u1ecb c\u0169ng nh\u01b0 kh\u00e1m ph\u00e1 c\u00e1c \u0111\u1ecba h\u00ecnh off-road nh\u1eb9. Xe s\u1edf h\u1eefu khung s\u01b0\u1eddn nh\u1ecf g\u1ecdn v\u1edbi k\u00edch th\u01b0\u1edbc 1800\u00d7750\u00d71190mm, tr\u1ee5c c\u01a1 s\u1edf d\u00e0i 1270mm v\u00e0 tr\u1ecdng l\u01b0\u1ee3ng kh\u00f4 ch\u1ec9 50kg, \u0111\u1ea3m b\u1ea3o kh\u1ea3 n\u0103ng \u0111i\u1ec1u khi\u1ec3n d\u1ec5 d\u00e0ng v\u00e0 s\u1ef1 linh ho\u1ea1t t\u1ed1i \u01b0u. \u0110\u01b0\u1ee3c v\u1eadn h\u00e0nh b\u1edfi \u0111\u1ed9ng c\u01a1 60V 30H k\u1ebft h\u1ee3p c\u00f9ng b\u1ed9 \u0111i\u1ec1u khi\u1ec3n 60V 12-tube 35A, xe mang l\u1ea1i hi\u1ec7u su\u1ea5t v\u1eadn h\u00e0nh \u1ed5n \u0111\u1ecbnh v\u00e0 kh\u1ea3 n\u0103ng ph\u1ea3n h\u1ed3i nh\u1ea1y b\u00e9n. Xe \u0111\u01b0\u1ee3c trang b\u1ecb l\u1ed1p kh\u00f4ng s\u0103m k\u00edch th\u01b0\u1edbc 225\/40-10, h\u1ec7 th\u1ed1ng treo th\u1ee7y l\u1ef1c cho c\u1ea3 b\u00e1nh tr\u01b0\u1edbc v\u00e0 sau, c\u00f9ng phanh \u0111\u0129a k\u00e9p, mang l\u1ea1i s\u1ef1 \u00eam \u00e1i \u0111\u00e1ng tin c\u1eady v\u00e0 \u0111\u1ea3m b\u1ea3o an to\u00e0n phanh t\u1ed1i \u0111a. M\u1eabu xe n\u00e0y c\u00f2n \u0111\u01b0\u1ee3c t\u00edch h\u1ee3p \u0111\u00e8n pha LED d\u1ea1ng projector, \u0111\u00e8n xi-nhan tr\u01b0\u1edbc sau, c\u00f9ng b\u1ea3ng \u0111\u1ed3ng h\u1ed3 hi\u1ec3n th\u1ecb t\u00edch h\u1ee3p c\u00f4ng ngh\u1ec7 NFC, mang l\u1ea1i nh\u1eefng ti\u1ec7n \u00edch hi\u1ec7n \u0111\u1ea1i cho ng\u01b0\u1eddi d\u00f9ng. S\u1eed d\u1ee5ng ngu\u1ed3n n\u0103ng l\u01b0\u1ee3ng t\u1eeb b\u1ed9 pin Lithium 60V 18Ah, xe l\u00e0 s\u1ef1 k\u1ebft h\u1ee3p ho\u00e0n h\u1ea3o gi\u1eefa t\u00ednh c\u01a1 \u0111\u1ed9ng v\u00e0 s\u1ef1 th\u1ef1c d\u1ee5ng, tr\u1edf th\u00e0nh l\u1ef1a ch\u1ecdn l\u00fd t\u01b0\u1edfng cho nhu c\u1ea7u di chuy\u1ec3n h\u00e0ng ng\u00e0y c\u0169ng nh\u01b0 c\u00e1c chuy\u1ebfn \u0111i \u0111\u1ecba h\u00ecnh nh\u1eb9.     <\/p>\n","protected":false},"excerpt":{"rendered":"<p>BODO-X12 l\u00e0 m\u1eabu xe m\u00f4 t\u00f4 \u0111i\u1ec7n \u0111\u1ecba h\u00ecnh g\u1ecdn nh\u1eb9 v\u00e0 linh ho\u1ea1t, \u0111\u01b0\u1ee3c thi\u1ebft k\u1ebf nh\u1eb1m ph\u1ee5c v\u1ee5 [&hellip;]<\/p>\n","protected":false},"featured_media":1470,"template":"","meta":{"site-sidebar-layout":"default","site-content-layout":"","ast-site-content-layout":"default","site-content-style":"default","site-sidebar-style":"default","ast-global-header-display":"","ast-banner-title-visibility":"","ast-main-header-display":"","ast-hfb-above-header-display":"","ast-hfb-below-header-display":"","ast-hfb-mobile-header-display":"","site-post-title":"","ast-breadcrumbs-content":"","ast-featured-img":"","footer-sml-layout":"","ast-disable-related-posts":"","theme-transparent-header-meta":"default","adv-header-id-meta":"","stick-header-meta":"","header-above-stick-meta":"","header-main-stick-meta":"","header-below-stick-meta":"","astra-migrate-meta-layouts":"default","ast-page-background-enabled":"default","ast-page-background-meta":{"desktop":{"background-color":"var(--ast-global-color-5)","background-image":"","background-repeat":"repeat","background-position":"center center","background-size":"auto","background-attachment":"scroll","background-type":"","background-media":"","overlay-type":"","overlay-color":"","overlay-opacity":"","overlay-gradient":""},"tablet":{"background-color":"","background-image":"","background-repeat":"repeat","background-position":"center center","background-size":"auto","background-attachment":"scroll","background-type":"","background-media":"","overlay-type":"","overlay-color":"","overlay-opacity":"","overlay-gradient":""},"mobile":{"background-color":"","background-image":"","background-repeat":"repeat","background-position":"center center","background-size":"auto","background-attachment":"scroll","background-type":"","background-media":"","overlay-type":"","overlay-color":"","overlay-opacity":"","overlay-gradient":""}},"ast-content-background-meta":{"desktop":{"background-color":"var(--ast-global-color-4)","background-image":"","background-repeat":"repeat","background-position":"center center","background-size":"auto","background-attachment":"scroll","background-type":"","background-media":"","overlay-type":"","overlay-color":"","overlay-opacity":"","overlay-gradient":""},"tablet":{"background-color":"var(--ast-global-color-4)","background-image":"","background-repeat":"repeat","background-position":"center center","background-size":"auto","background-attachment":"scroll","background-type":"","background-media":"","overlay-type":"","overlay-color":"","overlay-opacity":"","overlay-gradient":""},"mobile":{"background-color":"var(--ast-global-color-4)","background-image":"","background-repeat":"repeat","background-position":"center center","background-size":"auto","background-attachment":"scroll","background-type":"","background-media":"","overlay-type":"","overlay-color":"","overlay-opacity":"","overlay-gradient":""}}},"product_brand":[],"product_cat":[258],"product_tag":[],"class_list":{"0":"post-1471","1":"product","2":"type-product","3":"status-publish","4":"has-post-thumbnail","6":"product_cat-xe-mo-to-dien-dia-hinh","7":"desktop-align-left","8":"tablet-align-left","9":"mobile-align-left","11":"first","12":"instock","13":"shipping-taxable","14":"product-type-simple"},"_links":{"self":[{"href":"https:\/\/bodo-electricbicycles.com\/vi\/wp-json\/wp\/v2\/product\/1471","targetHints":{"allow":["GET"]}}],"collection":[{"href":"https:\/\/bodo-electricbicycles.com\/vi\/wp-json\/wp\/v2\/product"}],"about":[{"href":"https:\/\/bodo-electricbicycles.com\/vi\/wp-json\/wp\/v2\/types\/product"}],"wp:featuredmedia":[{"embeddable":true,"href":"https:\/\/bodo-electricbicycles.com\/vi\/wp-json\/wp\/v2\/media\/1470"}],"wp:attachment":[{"href":"https:\/\/bodo-electricbicycles.com\/vi\/wp-json\/wp\/v2\/media?parent=1471"}],"wp:term":[{"taxonomy":"product_brand","embeddable":true,"href":"https:\/\/bodo-electricbicycles.com\/vi\/wp-json\/wp\/v2\/product_brand?post=1471"},{"taxonomy":"product_cat","embeddable":true,"href":"https:\/\/bodo-electricbicycles.com\/vi\/wp-json\/wp\/v2\/product_cat?post=1471"},{"taxonomy":"product_tag","embeddable":true,"href":"https:\/\/bodo-electricbicycles.com\/vi\/wp-json\/wp\/v2\/product_tag?post=1471"}],"curies":[{"name":"wp","href":"https:\/\/api.w.org\/{rel}","templated":true}]}}