{"id":1478,"date":"2026-03-30T19:21:02","date_gmt":"2026-03-30T11:21:02","guid":{"rendered":"https:\/\/bodo-electricbicycles.com\/product\/xe-mo-to-dien-cho-hang-bodo-ch\/"},"modified":"2026-04-02T14:55:55","modified_gmt":"2026-04-02T06:55:55","slug":"xe-mo-to-dien-cho-hang-bodo-ch","status":"publish","type":"product","link":"https:\/\/bodo-electricbicycles.com\/vi\/product\/xe-mo-to-dien-cho-hang-bodo-ch\/","title":{"rendered":"Xe m\u00f4 t\u00f4 \u0111i\u1ec7n ch\u1edf h\u00e0ng BODO-CH"},"content":{"rendered":"<p>BODO-CH l\u00e0 m\u1eabu xe m\u00e1y \u0111i\u1ec7n ch\u1edf h\u00e0ng \u0111a n\u0103ng, \u0111\u01b0\u1ee3c t\u1ed1i \u01b0u h\u00f3a nh\u1eb1m ph\u1ee5c v\u1ee5 hi\u1ec7u qu\u1ea3 cho c\u00e1c ho\u1ea1t \u0111\u1ed9ng giao nh\u1eadn trong \u0111\u00f4 th\u1ecb c\u0169ng nh\u01b0 nhu c\u1ea7u di chuy\u1ec3n \u0111\u01b0\u1eddng d\u00e0i h\u00e0ng ng\u00e0y. V\u1edbi k\u00edch th\u01b0\u1edbc 1800\u00d7670\u00d71090mm, tr\u1ee5c c\u01a1 s\u1edf 1340mm v\u00e0 tr\u1ecdng l\u01b0\u1ee3ng kh\u00f4ng t\u1ea3i 51kg, chi\u1ebfc xe n\u00e0y \u0111\u1ea1t \u0111\u01b0\u1ee3c s\u1ef1 c\u00e2n b\u1eb1ng ho\u00e0n h\u1ea3o gi\u1eefa kh\u1ea3 n\u0103ng v\u1eadn h\u00e0nh linh ho\u1ea1t v\u00e0 t\u1ea3i tr\u1ecdng \u1ed5n \u0111\u1ecbnh. Xe \u0111\u01b0\u1ee3c trang b\u1ecb \u0111\u1ed9ng c\u01a1 \u0111\u0129a to\u00e0n ph\u1ea7n 1200W c\u00f9ng b\u1ed9 \u0111i\u1ec1u khi\u1ec3n 12 \u1ed1ng, mang l\u1ea1i hi\u1ec7u su\u1ea5t v\u1eadn h\u00e0nh b\u1ec1n b\u1ec9 v\u00e0 \u1ed5n \u0111\u1ecbnh cho c\u00e1c t\u00e1c v\u1ee5 logistics h\u00e0ng ng\u00e0y. BODO-CH s\u1edf h\u1eefu b\u1ed9 l\u1ed1p kh\u00f4ng s\u0103m 80\/90-12 v\u1edbi v\u00e0nh s\u1eaft, phu\u1ed9c tr\u01b0\u1edbc th\u1ee7y l\u1ef1c, h\u1ec7 th\u1ed1ng gi\u1ea3m x\u00f3c sau th\u1ee7y l\u1ef1c k\u00edch th\u01b0\u1edbc 7.0\u00d7290, k\u1ebft h\u1ee3p c\u00f9ng h\u1ec7 th\u1ed1ng phanh \u0111\u0129a k\u00e9p, \u0111\u1ea3m b\u1ea3o tr\u1ea3i nghi\u1ec7m l\u00e1i \u00eam \u00e1i v\u00e0 kh\u1ea3 n\u0103ng phanh an to\u00e0n tuy\u1ec7t \u0111\u1ed1i. Xe t\u01b0\u01a1ng th\u00edch v\u1edbi c\u00e1c t\u00f9y ch\u1ecdn pin Lithium 60V dung l\u01b0\u1ee3ng 24Ah\/30Ah\/60Ah, cho ph\u00e9p \u0111\u1ea1t qu\u00e3ng \u0111\u01b0\u1eddng di chuy\u1ec3n t\u1eeb 90\u2013100km tr\u00ean \u0111\u1ecba h\u00ecnh b\u1eb1ng ph\u1eb3ng \u1edf t\u1ed1c \u0111\u1ed9 trung b\u00ecnh; b\u00ean c\u1ea1nh \u0111\u00f3 l\u00e0 b\u1ea3ng \u0111\u1ed3ng h\u1ed3 t\u00edch h\u1ee3p c\u00f4ng ngh\u1ec7 NFC v\u00e0 h\u1ec7 th\u1ed1ng chi\u1ebfu s\u00e1ng to\u00e0n di\u1ec7n. Nh\u1edd ph\u01b0\u01a1ng th\u1ee9c \u0111\u00f3ng g\u00f3i CKD\/SKD t\u1ed1i \u01b0u (\u0111\u1ea1t 151\/126 chi\u1ebfc tr\u00ean m\u1ed7i container 40HQ), BODO-CH l\u00e0 l\u1ef1a ch\u1ecdn l\u00fd t\u01b0\u1edfng cho c\u00e1c \u0111\u01a1n h\u00e0ng xu\u1ea5t kh\u1ea9u s\u1ed1 l\u01b0\u1ee3ng l\u1edbn v\u00e0 c\u00e1c ho\u1ea1t \u0111\u1ed9ng giao nh\u1eadn th\u01b0\u01a1ng m\u1ea1i chuy\u00ean nghi\u1ec7p.<\/p>\n","protected":false},"excerpt":{"rendered":"<p>BODO-CH l\u00e0 m\u1eabu xe m\u00e1y \u0111i\u1ec7n ch\u1edf h\u00e0ng \u0111a n\u0103ng, \u0111\u01b0\u1ee3c t\u1ed1i \u01b0u h\u00f3a nh\u1eb1m ph\u1ee5c v\u1ee5 hi\u1ec7u qu\u1ea3 cho [&hellip;]<\/p>\n","protected":false},"featured_media":1506,"template":"","meta":{"site-sidebar-layout":"default","site-content-layout":"","ast-site-content-layout":"default","site-content-style":"default","site-sidebar-style":"default","ast-global-header-display":"","ast-banner-title-visibility":"","ast-main-header-display":"","ast-hfb-above-header-display":"","ast-hfb-below-header-display":"","ast-hfb-mobile-header-display":"","site-post-title":"","ast-breadcrumbs-content":"","ast-featured-img":"","footer-sml-layout":"","ast-disable-related-posts":"","theme-transparent-header-meta":"default","adv-header-id-meta":"","stick-header-meta":"","header-above-stick-meta":"","header-main-stick-meta":"","header-below-stick-meta":"","astra-migrate-meta-layouts":"set","ast-page-background-enabled":"default","ast-page-background-meta":{"desktop":{"background-color":"var(--ast-global-color-5)","background-image":"","background-repeat":"repeat","background-position":"center center","background-size":"auto","background-attachment":"scroll","background-type":"","background-media":"","overlay-type":"","overlay-color":"","overlay-opacity":"","overlay-gradient":""},"tablet":{"background-color":"","background-image":"","background-repeat":"repeat","background-position":"center center","background-size":"auto","background-attachment":"scroll","background-type":"","background-media":"","overlay-type":"","overlay-color":"","overlay-opacity":"","overlay-gradient":""},"mobile":{"background-color":"","background-image":"","background-repeat":"repeat","background-position":"center center","background-size":"auto","background-attachment":"scroll","background-type":"","background-media":"","overlay-type":"","overlay-color":"","overlay-opacity":"","overlay-gradient":""}},"ast-content-background-meta":{"desktop":{"background-color":"var(--ast-global-color-4)","background-image":"","background-repeat":"repeat","background-position":"center center","background-size":"auto","background-attachment":"scroll","background-type":"","background-media":"","overlay-type":"","overlay-color":"","overlay-opacity":"","overlay-gradient":""},"tablet":{"background-color":"var(--ast-global-color-4)","background-image":"","background-repeat":"repeat","background-position":"center center","background-size":"auto","background-attachment":"scroll","background-type":"","background-media":"","overlay-type":"","overlay-color":"","overlay-opacity":"","overlay-gradient":""},"mobile":{"background-color":"var(--ast-global-color-4)","background-image":"","background-repeat":"repeat","background-position":"center center","background-size":"auto","background-attachment":"scroll","background-type":"","background-media":"","overlay-type":"","overlay-color":"","overlay-opacity":"","overlay-gradient":""}}},"product_brand":[],"product_cat":[255],"product_tag":[],"class_list":{"0":"post-1478","1":"product","2":"type-product","3":"status-publish","4":"has-post-thumbnail","6":"product_cat-xe-mo-to-dien-cho-hang","7":"desktop-align-left","8":"tablet-align-left","9":"mobile-align-left","11":"first","12":"instock","13":"shipping-taxable","14":"product-type-simple"},"_links":{"self":[{"href":"https:\/\/bodo-electricbicycles.com\/vi\/wp-json\/wp\/v2\/product\/1478","targetHints":{"allow":["GET"]}}],"collection":[{"href":"https:\/\/bodo-electricbicycles.com\/vi\/wp-json\/wp\/v2\/product"}],"about":[{"href":"https:\/\/bodo-electricbicycles.com\/vi\/wp-json\/wp\/v2\/types\/product"}],"wp:featuredmedia":[{"embeddable":true,"href":"https:\/\/bodo-electricbicycles.com\/vi\/wp-json\/wp\/v2\/media\/1506"}],"wp:attachment":[{"href":"https:\/\/bodo-electricbicycles.com\/vi\/wp-json\/wp\/v2\/media?parent=1478"}],"wp:term":[{"taxonomy":"product_brand","embeddable":true,"href":"https:\/\/bodo-electricbicycles.com\/vi\/wp-json\/wp\/v2\/product_brand?post=1478"},{"taxonomy":"product_cat","embeddable":true,"href":"https:\/\/bodo-electricbicycles.com\/vi\/wp-json\/wp\/v2\/product_cat?post=1478"},{"taxonomy":"product_tag","embeddable":true,"href":"https:\/\/bodo-electricbicycles.com\/vi\/wp-json\/wp\/v2\/product_tag?post=1478"}],"curies":[{"name":"wp","href":"https:\/\/api.w.org\/{rel}","templated":true}]}}