{"id":1480,"date":"2026-03-30T19:07:12","date_gmt":"2026-03-30T11:07:12","guid":{"rendered":"https:\/\/bodo-electricbicycles.com\/product\/xe-mo-to-dien-cho-hang-bodo-cpx\/"},"modified":"2026-03-30T19:07:12","modified_gmt":"2026-03-30T11:07:12","slug":"xe-mo-to-dien-cho-hang-bodo-cpx","status":"publish","type":"product","link":"https:\/\/bodo-electricbicycles.com\/vi\/product\/xe-mo-to-dien-cho-hang-bodo-cpx\/","title":{"rendered":"Xe m\u00f4 t\u00f4 \u0111i\u1ec7n ch\u1edf h\u00e0ng BODO-CPX"},"content":{"rendered":"<p>BODO-CPX l\u00e0 m\u1eabu xe m\u00f4 t\u00f4 \u0111i\u1ec7n ch\u1edf h\u00e0ng hi\u1ec7u su\u1ea5t cao, \u0111\u01b0\u1ee3c thi\u1ebft k\u1ebf chuy\u00ean bi\u1ec7t cho c\u00e1c t\u00e1c v\u1ee5 v\u1eadn chuy\u1ec3n t\u1ea3i tr\u1ecdng l\u1edbn v\u00e0 giao nh\u1eadn \u0111\u01b0\u1eddng d\u00e0i. V\u1edbi k\u00edch th\u01b0\u1edbc t\u1ed5ng th\u1ec3 2280\u00d7720\u00d71530mm v\u00e0 chi\u1ec1u d\u00e0i c\u01a1 s\u1edf 1460mm, chi\u1ebfc xe s\u1edf h\u1eefu khung s\u01b0\u1eddn v\u1eefng ch\u1eafc c\u00f9ng kh\u1ea3 n\u0103ng ch\u1ecbu t\u1ea3i \u1ed5n \u0111\u1ecbnh. \u0110\u01b0\u1ee3c trang b\u1ecb l\u1ed1p tr\u01b0\u1edbc k\u00edch th\u01b0\u1edbc 100\/80-16, l\u1ed1p sau 110\/80-14 c\u00f9ng h\u1ec7 th\u1ed1ng phanh \u0111\u0129a k\u00e9p, xe \u0111\u1ea3m b\u1ea3o \u0111\u1ed9 b\u00e1m \u0111\u01b0\u1eddng tin c\u1eady v\u00e0 kh\u1ea3 n\u0103ng phanh hi\u1ec7u qu\u1ea3 ngay c\u1ea3 khi v\u1eadn h\u00e0nh \u1edf t\u1ed1c \u0111\u1ed9 cao. S\u1eed d\u1ee5ng \u0111\u1ed9ng c\u01a1 c\u00f4ng su\u1ea5t 2000W, xe c\u00f3 th\u1ec3 \u0111\u1ea1t t\u1ed1c \u0111\u1ed9 t\u1ed1i \u0111a 70km\/h, cung c\u1ea5p ngu\u1ed3n s\u1ee9c m\u1ea1nh m\u1ea1nh m\u1ebd \u0111\u1ec3 \u0111\u00e1p \u1ee9ng c\u00e1c nhi\u1ec7m v\u1ee5 logistics \u0111\u00f2i h\u1ecfi s\u1ef1 nhanh ch\u00f3ng v\u1ec1 m\u1eb7t th\u1eddi gian. Xe h\u1ed7 tr\u1ee3 t\u00f9y ch\u1ecdn pin axit-ch\u00ec ho\u1eb7c pin Lithium 72V, t\u01b0\u01a1ng th\u00edch v\u1edbi ngu\u1ed3n s\u1ea1c ph\u1ed5 th\u00f4ng t\u1eeb 110V \u0111\u1ebfn 220V, mang l\u1ea1i gi\u1ea3i ph\u00e1p n\u0103ng l\u01b0\u1ee3ng linh ho\u1ea1t cho c\u00e1c th\u1ecb tr\u01b0\u1eddng tr\u00ean to\u00e0n c\u1ea7u. Chi\u1ec1u cao y\u00ean xe 795mm \u0111\u1ea3m b\u1ea3o t\u01b0 th\u1ebf ng\u1ed3i tho\u1ea3i m\u00e1i, bi\u1ebfn chi\u1ebfc xe tr\u1edf th\u00e0nh l\u1ef1a ch\u1ecdn l\u00fd t\u01b0\u1edfng cho c\u00e1c d\u1ecbch v\u1ee5 giao h\u00e0ng chuy\u00ean nghi\u1ec7p v\u00e0 v\u1eadn chuy\u1ec3n h\u00e0ng h\u00f3a t\u1ea3i tr\u1ecdng n\u1eb7ng.     <\/p>\n","protected":false},"excerpt":{"rendered":"<p>BODO-CPX l\u00e0 m\u1eabu xe m\u00f4 t\u00f4 \u0111i\u1ec7n ch\u1edf h\u00e0ng hi\u1ec7u su\u1ea5t cao, \u0111\u01b0\u1ee3c thi\u1ebft k\u1ebf chuy\u00ean bi\u1ec7t cho c\u00e1c t\u00e1c [&hellip;]<\/p>\n","protected":false},"featured_media":1479,"template":"","meta":{"site-sidebar-layout":"default","site-content-layout":"","ast-site-content-layout":"default","site-content-style":"default","site-sidebar-style":"default","ast-global-header-display":"","ast-banner-title-visibility":"","ast-main-header-display":"","ast-hfb-above-header-display":"","ast-hfb-below-header-display":"","ast-hfb-mobile-header-display":"","site-post-title":"","ast-breadcrumbs-content":"","ast-featured-img":"","footer-sml-layout":"","ast-disable-related-posts":"","theme-transparent-header-meta":"default","adv-header-id-meta":"","stick-header-meta":"","header-above-stick-meta":"","header-main-stick-meta":"","header-below-stick-meta":"","astra-migrate-meta-layouts":"default","ast-page-background-enabled":"default","ast-page-background-meta":{"desktop":{"background-color":"var(--ast-global-color-5)","background-image":"","background-repeat":"repeat","background-position":"center center","background-size":"auto","background-attachment":"scroll","background-type":"","background-media":"","overlay-type":"","overlay-color":"","overlay-opacity":"","overlay-gradient":""},"tablet":{"background-color":"","background-image":"","background-repeat":"repeat","background-position":"center center","background-size":"auto","background-attachment":"scroll","background-type":"","background-media":"","overlay-type":"","overlay-color":"","overlay-opacity":"","overlay-gradient":""},"mobile":{"background-color":"","background-image":"","background-repeat":"repeat","background-position":"center center","background-size":"auto","background-attachment":"scroll","background-type":"","background-media":"","overlay-type":"","overlay-color":"","overlay-opacity":"","overlay-gradient":""}},"ast-content-background-meta":{"desktop":{"background-color":"var(--ast-global-color-4)","background-image":"","background-repeat":"repeat","background-position":"center center","background-size":"auto","background-attachment":"scroll","background-type":"","background-media":"","overlay-type":"","overlay-color":"","overlay-opacity":"","overlay-gradient":""},"tablet":{"background-color":"var(--ast-global-color-4)","background-image":"","background-repeat":"repeat","background-position":"center center","background-size":"auto","background-attachment":"scroll","background-type":"","background-media":"","overlay-type":"","overlay-color":"","overlay-opacity":"","overlay-gradient":""},"mobile":{"background-color":"var(--ast-global-color-4)","background-image":"","background-repeat":"repeat","background-position":"center center","background-size":"auto","background-attachment":"scroll","background-type":"","background-media":"","overlay-type":"","overlay-color":"","overlay-opacity":"","overlay-gradient":""}}},"product_brand":[],"product_cat":[255],"product_tag":[],"class_list":{"0":"post-1480","1":"product","2":"type-product","3":"status-publish","4":"has-post-thumbnail","6":"product_cat-xe-mo-to-dien-cho-hang","7":"desktop-align-left","8":"tablet-align-left","9":"mobile-align-left","11":"first","12":"instock","13":"shipping-taxable","14":"product-type-simple"},"_links":{"self":[{"href":"https:\/\/bodo-electricbicycles.com\/vi\/wp-json\/wp\/v2\/product\/1480","targetHints":{"allow":["GET"]}}],"collection":[{"href":"https:\/\/bodo-electricbicycles.com\/vi\/wp-json\/wp\/v2\/product"}],"about":[{"href":"https:\/\/bodo-electricbicycles.com\/vi\/wp-json\/wp\/v2\/types\/product"}],"wp:featuredmedia":[{"embeddable":true,"href":"https:\/\/bodo-electricbicycles.com\/vi\/wp-json\/wp\/v2\/media\/1479"}],"wp:attachment":[{"href":"https:\/\/bodo-electricbicycles.com\/vi\/wp-json\/wp\/v2\/media?parent=1480"}],"wp:term":[{"taxonomy":"product_brand","embeddable":true,"href":"https:\/\/bodo-electricbicycles.com\/vi\/wp-json\/wp\/v2\/product_brand?post=1480"},{"taxonomy":"product_cat","embeddable":true,"href":"https:\/\/bodo-electricbicycles.com\/vi\/wp-json\/wp\/v2\/product_cat?post=1480"},{"taxonomy":"product_tag","embeddable":true,"href":"https:\/\/bodo-electricbicycles.com\/vi\/wp-json\/wp\/v2\/product_tag?post=1480"}],"curies":[{"name":"wp","href":"https:\/\/api.w.org\/{rel}","templated":true}]}}