{"id":1482,"date":"2026-03-30T18:29:07","date_gmt":"2026-03-30T10:29:07","guid":{"rendered":"https:\/\/bodo-electricbicycles.com\/product\/xe-mo-to-cho-hang-chay-dien-bodo-scm02\/"},"modified":"2026-03-30T18:29:07","modified_gmt":"2026-03-30T10:29:07","slug":"xe-mo-to-cho-hang-chay-dien-bodo-scm02","status":"publish","type":"product","link":"https:\/\/bodo-electricbicycles.com\/vi\/product\/xe-mo-to-cho-hang-chay-dien-bodo-scm02\/","title":{"rendered":"Xe m\u00f4 t\u00f4 ch\u1edf h\u00e0ng ch\u1ea1y \u0111i\u1ec7n BODO-SCM02"},"content":{"rendered":"<p>BODO-SCM02 l\u00e0 m\u1eabu xe m\u00f4 t\u00f4 \u0111i\u1ec7n ch\u1edf h\u00e0ng ba b\u00e1nh \u1ed5n \u0111\u1ecbnh v\u00e0 thi\u1ebft th\u1ef1c, \u0111\u01b0\u1ee3c thi\u1ebft k\u1ebf chuy\u00ean bi\u1ec7t cho nhu c\u1ea7u giao nh\u1eadn t\u1ed1c \u0111\u1ed9 th\u1ea5p trong \u0111\u00f4 th\u1ecb v\u00e0 v\u1eadn chuy\u1ec3n h\u00e0ng h\u00f3a nh\u1eb9. V\u1edbi k\u00edch th\u01b0\u1edbc 2340\u00d71040\u00d71000mm, chi\u1ebfc xe s\u1edf h\u1eefu khoang ch\u1edf h\u00e0ng r\u1ed9ng r\u00e3i c\u00f9ng c\u1ea5u tr\u00fac ba b\u00e1nh gi\u00fap t\u0103ng c\u01b0\u1eddng \u0111\u1ed9 \u1ed5n \u0111\u1ecbnh khi t\u1ea3i tr\u1ecdng. \u0110\u01b0\u1ee3c trang b\u1ecb l\u1ed1p tr\u01b0\u1edbc v\u00e0 sau k\u00edch th\u01b0\u1edbc 3.00-8 c\u00f9ng h\u1ec7 th\u1ed1ng phanh tang tr\u1ed1ng cho c\u1ea3 b\u00e1nh tr\u01b0\u1edbc v\u00e0 sau, xe \u0111\u1ea3m b\u1ea3o \u0111\u1ed9 b\u00e1m \u0111\u01b0\u1eddng tin c\u1eady v\u00e0 kh\u1ea3 n\u0103ng phanh an to\u00e0n khi di chuy\u1ec3n \u1edf t\u1ed1c \u0111\u1ed9 th\u1ea5p. Xe v\u1eadn h\u00e0nh nh\u1edd \u0111\u1ed9ng c\u01a1 \u0111\u1ecbnh m\u1ee9c c\u00f4ng su\u1ea5t 500W, \u0111\u1ea1t t\u1ed1c \u0111\u1ed9 t\u1ed1i \u0111a 20km\/h, \u01b0u ti\u00ean t\u1ed1i \u0111a s\u1ef1 an to\u00e0n v\u00e0 kh\u1ea3 n\u0103ng ki\u1ec3m so\u00e1t khi di chuy\u1ec3n qua c\u00e1c khu v\u1ef1c \u0111\u00f4ng ng\u01b0\u1eddi \u0111i b\u1ed9. Xe s\u1eed d\u1ee5ng b\u1ed9 \u1eafc quy axit-ch\u00ec 48V 20Ah, cung c\u1ea5p \u0111\u1ee7 ph\u1ea1m vi ho\u1ea1t \u0111\u1ed9ng cho c\u00e1c t\u00e1c v\u1ee5 giao nh\u1eadn c\u1ef1 ly ng\u1eafn h\u00e0ng ng\u00e0y. Nh\u1edd k\u1ebft c\u1ea5u b\u1ec1n b\u1ec9 v\u00e0 thi\u1ebft k\u1ebf th\u00e2n thi\u1ec7n v\u1edbi ng\u01b0\u1eddi d\u00f9ng, \u0111\u00e2y l\u00e0 l\u1ef1a ch\u1ecdn l\u00fd t\u01b0\u1edfng cho c\u00e1c ho\u1ea1t \u0111\u1ed9ng b\u00e1n h\u00e0ng rong, logistics quy m\u00f4 nh\u1ecf v\u00e0 c\u00e1c nhu c\u1ea7u v\u1eadn chuy\u1ec3n h\u00e0ng h\u00f3a \u1edf t\u1ed1c \u0111\u1ed9 th\u1ea5p.     <\/p>\n","protected":false},"excerpt":{"rendered":"<p>BODO-SCM02 l\u00e0 m\u1eabu xe m\u00f4 t\u00f4 \u0111i\u1ec7n ch\u1edf h\u00e0ng ba b\u00e1nh \u1ed5n \u0111\u1ecbnh v\u00e0 thi\u1ebft th\u1ef1c, \u0111\u01b0\u1ee3c thi\u1ebft k\u1ebf chuy\u00ean [&hellip;]<\/p>\n","protected":false},"featured_media":1481,"template":"","meta":{"site-sidebar-layout":"default","site-content-layout":"","ast-site-content-layout":"default","site-content-style":"default","site-sidebar-style":"default","ast-global-header-display":"","ast-banner-title-visibility":"","ast-main-header-display":"","ast-hfb-above-header-display":"","ast-hfb-below-header-display":"","ast-hfb-mobile-header-display":"","site-post-title":"","ast-breadcrumbs-content":"","ast-featured-img":"","footer-sml-layout":"","ast-disable-related-posts":"","theme-transparent-header-meta":"default","adv-header-id-meta":"","stick-header-meta":"","header-above-stick-meta":"","header-main-stick-meta":"","header-below-stick-meta":"","astra-migrate-meta-layouts":"default","ast-page-background-enabled":"default","ast-page-background-meta":{"desktop":{"background-color":"var(--ast-global-color-5)","background-image":"","background-repeat":"repeat","background-position":"center center","background-size":"auto","background-attachment":"scroll","background-type":"","background-media":"","overlay-type":"","overlay-color":"","overlay-opacity":"","overlay-gradient":""},"tablet":{"background-color":"","background-image":"","background-repeat":"repeat","background-position":"center center","background-size":"auto","background-attachment":"scroll","background-type":"","background-media":"","overlay-type":"","overlay-color":"","overlay-opacity":"","overlay-gradient":""},"mobile":{"background-color":"","background-image":"","background-repeat":"repeat","background-position":"center center","background-size":"auto","background-attachment":"scroll","background-type":"","background-media":"","overlay-type":"","overlay-color":"","overlay-opacity":"","overlay-gradient":""}},"ast-content-background-meta":{"desktop":{"background-color":"var(--ast-global-color-4)","background-image":"","background-repeat":"repeat","background-position":"center center","background-size":"auto","background-attachment":"scroll","background-type":"","background-media":"","overlay-type":"","overlay-color":"","overlay-opacity":"","overlay-gradient":""},"tablet":{"background-color":"var(--ast-global-color-4)","background-image":"","background-repeat":"repeat","background-position":"center center","background-size":"auto","background-attachment":"scroll","background-type":"","background-media":"","overlay-type":"","overlay-color":"","overlay-opacity":"","overlay-gradient":""},"mobile":{"background-color":"var(--ast-global-color-4)","background-image":"","background-repeat":"repeat","background-position":"center center","background-size":"auto","background-attachment":"scroll","background-type":"","background-media":"","overlay-type":"","overlay-color":"","overlay-opacity":"","overlay-gradient":""}}},"product_brand":[],"product_cat":[255],"product_tag":[],"class_list":{"0":"post-1482","1":"product","2":"type-product","3":"status-publish","4":"has-post-thumbnail","6":"product_cat-xe-mo-to-dien-cho-hang","7":"desktop-align-left","8":"tablet-align-left","9":"mobile-align-left","11":"first","12":"instock","13":"shipping-taxable","14":"product-type-simple"},"_links":{"self":[{"href":"https:\/\/bodo-electricbicycles.com\/vi\/wp-json\/wp\/v2\/product\/1482","targetHints":{"allow":["GET"]}}],"collection":[{"href":"https:\/\/bodo-electricbicycles.com\/vi\/wp-json\/wp\/v2\/product"}],"about":[{"href":"https:\/\/bodo-electricbicycles.com\/vi\/wp-json\/wp\/v2\/types\/product"}],"wp:featuredmedia":[{"embeddable":true,"href":"https:\/\/bodo-electricbicycles.com\/vi\/wp-json\/wp\/v2\/media\/1481"}],"wp:attachment":[{"href":"https:\/\/bodo-electricbicycles.com\/vi\/wp-json\/wp\/v2\/media?parent=1482"}],"wp:term":[{"taxonomy":"product_brand","embeddable":true,"href":"https:\/\/bodo-electricbicycles.com\/vi\/wp-json\/wp\/v2\/product_brand?post=1482"},{"taxonomy":"product_cat","embeddable":true,"href":"https:\/\/bodo-electricbicycles.com\/vi\/wp-json\/wp\/v2\/product_cat?post=1482"},{"taxonomy":"product_tag","embeddable":true,"href":"https:\/\/bodo-electricbicycles.com\/vi\/wp-json\/wp\/v2\/product_tag?post=1482"}],"curies":[{"name":"wp","href":"https:\/\/api.w.org\/{rel}","templated":true}]}}