{"id":1484,"date":"2026-03-30T18:21:36","date_gmt":"2026-03-30T10:21:36","guid":{"rendered":"https:\/\/bodo-electricbicycles.com\/product\/xe-mo-to-cho-hang-chay-dien-bodo-ecm04\/"},"modified":"2026-03-30T18:21:36","modified_gmt":"2026-03-30T10:21:36","slug":"xe-mo-to-cho-hang-chay-dien-bodo-ecm04","status":"publish","type":"product","link":"https:\/\/bodo-electricbicycles.com\/vi\/product\/xe-mo-to-cho-hang-chay-dien-bodo-ecm04\/","title":{"rendered":"Xe m\u00f4 t\u00f4 ch\u1edf h\u00e0ng ch\u1ea1y \u0111i\u1ec7n BODO-ECM04"},"content":{"rendered":"<p>BODO-ECM04 l\u00e0 m\u1eabu xe m\u00f4 t\u00f4 \u0111i\u1ec7n ch\u1edf h\u00e0ng nh\u1ecf g\u1ecdn v\u00e0 \u0111\u00e1ng tin c\u1eady, \u0111\u01b0\u1ee3c t\u1ed1i \u01b0u h\u00f3a cho c\u00e1c ho\u1ea1t \u0111\u1ed9ng giao nh\u1eadn trong \u0111\u00f4 th\u1ecb v\u00e0 v\u1eadn chuy\u1ec3n h\u00e0ng h\u00f3a nh\u1eb9 h\u00e0ng ng\u00e0y. V\u1edbi k\u00edch th\u01b0\u1edbc t\u1ed5ng th\u1ec3 1800\u00d7680\u00d71045mm, chi\u1ebfc xe mang l\u1ea1i kh\u1ea3 n\u0103ng v\u1eadn h\u00e0nh linh ho\u1ea1t ngay c\u1ea3 trong m\u00f4i tr\u01b0\u1eddng th\u00e0nh ph\u1ed1 \u0111\u00f4ng \u0111\u00fac. \u0110\u01b0\u1ee3c trang b\u1ecb l\u1ed1p tr\u01b0\u1edbc v\u00e0 sau k\u00edch th\u01b0\u1edbc 3.0-10 c\u00f9ng h\u1ec7 th\u1ed1ng phanh \u0111\u0129a k\u00e9p, xe \u0111\u1ea3m b\u1ea3o \u0111\u1ed9 b\u00e1m \u0111\u01b0\u1eddng \u1ed5n \u0111\u1ecbnh v\u00e0 hi\u1ec7u su\u1ea5t phanh nh\u1ea5t qu\u00e1n trong \u0111i\u1ec1u ki\u1ec7n l\u00e0m vi\u1ec7c h\u00e0ng ng\u00e0y. S\u1eed d\u1ee5ng \u0111\u1ed9ng c\u01a1 \u0111\u1ecbnh m\u1ee9c c\u00f4ng su\u1ea5t 1000W, xe \u0111\u1ea1t t\u1ed1c \u0111\u1ed9 t\u1ed1i \u0111a 48km\/h, t\u1ea1o n\u00ean s\u1ef1 c\u00e2n b\u1eb1ng t\u1ed1i \u01b0u gi\u1eefa hi\u1ec7u su\u1ea5t v\u00e0 kh\u1ea3 n\u0103ng ki\u1ec3m so\u00e1t cho c\u00e1c nhu c\u1ea7u v\u1eadn chuy\u1ec3n h\u1eadu c\u1ea7n c\u1ef1 ly ng\u1eafn. Xe v\u1eadn h\u00e0nh nh\u1edd b\u1ed9 \u1eafc quy axit-ch\u00ec 60V\/72V 20Ah, cung c\u1ea5p ngu\u1ed3n n\u0103ng l\u01b0\u1ee3ng \u1ed5n \u0111\u1ecbnh cho c\u00e1c t\u00e1c v\u1ee5 giao nh\u1eadn th\u01b0\u1eddng nh\u1eadt. C\u1ea5u tr\u00fac ch\u1eafc ch\u1eafn, c\u00f4ng su\u1ea5t v\u1eeba ph\u1ea3i c\u00f9ng thi\u1ebft k\u1ebf th\u00e2n thi\u1ec7n v\u1edbi ng\u01b0\u1eddi d\u00f9ng khi\u1ebfn BODO-ECM04 tr\u1edf th\u00e0nh l\u1ef1a ch\u1ecdn thi\u1ebft th\u1ef1c v\u00e0 ti\u1ebft ki\u1ec7m chi ph\u00ed cho c\u00e1c ho\u1ea1t \u0111\u1ed9ng v\u1eadn chuy\u1ec3n th\u01b0\u01a1ng m\u1ea1i quy m\u00f4 nh\u1ecf c\u0169ng nh\u01b0 nhu c\u1ea7u ch\u1edf h\u00e0ng h\u00e0ng ng\u00e0y.     <\/p>\n","protected":false},"excerpt":{"rendered":"<p>BODO-ECM04 l\u00e0 m\u1eabu xe m\u00f4 t\u00f4 \u0111i\u1ec7n ch\u1edf h\u00e0ng nh\u1ecf g\u1ecdn v\u00e0 \u0111\u00e1ng tin c\u1eady, \u0111\u01b0\u1ee3c t\u1ed1i \u01b0u h\u00f3a cho [&hellip;]<\/p>\n","protected":false},"featured_media":1483,"template":"","meta":{"site-sidebar-layout":"default","site-content-layout":"","ast-site-content-layout":"default","site-content-style":"default","site-sidebar-style":"default","ast-global-header-display":"","ast-banner-title-visibility":"","ast-main-header-display":"","ast-hfb-above-header-display":"","ast-hfb-below-header-display":"","ast-hfb-mobile-header-display":"","site-post-title":"","ast-breadcrumbs-content":"","ast-featured-img":"","footer-sml-layout":"","ast-disable-related-posts":"","theme-transparent-header-meta":"default","adv-header-id-meta":"","stick-header-meta":"","header-above-stick-meta":"","header-main-stick-meta":"","header-below-stick-meta":"","astra-migrate-meta-layouts":"default","ast-page-background-enabled":"default","ast-page-background-meta":{"desktop":{"background-color":"var(--ast-global-color-5)","background-image":"","background-repeat":"repeat","background-position":"center center","background-size":"auto","background-attachment":"scroll","background-type":"","background-media":"","overlay-type":"","overlay-color":"","overlay-opacity":"","overlay-gradient":""},"tablet":{"background-color":"","background-image":"","background-repeat":"repeat","background-position":"center center","background-size":"auto","background-attachment":"scroll","background-type":"","background-media":"","overlay-type":"","overlay-color":"","overlay-opacity":"","overlay-gradient":""},"mobile":{"background-color":"","background-image":"","background-repeat":"repeat","background-position":"center center","background-size":"auto","background-attachment":"scroll","background-type":"","background-media":"","overlay-type":"","overlay-color":"","overlay-opacity":"","overlay-gradient":""}},"ast-content-background-meta":{"desktop":{"background-color":"var(--ast-global-color-4)","background-image":"","background-repeat":"repeat","background-position":"center center","background-size":"auto","background-attachment":"scroll","background-type":"","background-media":"","overlay-type":"","overlay-color":"","overlay-opacity":"","overlay-gradient":""},"tablet":{"background-color":"var(--ast-global-color-4)","background-image":"","background-repeat":"repeat","background-position":"center center","background-size":"auto","background-attachment":"scroll","background-type":"","background-media":"","overlay-type":"","overlay-color":"","overlay-opacity":"","overlay-gradient":""},"mobile":{"background-color":"var(--ast-global-color-4)","background-image":"","background-repeat":"repeat","background-position":"center center","background-size":"auto","background-attachment":"scroll","background-type":"","background-media":"","overlay-type":"","overlay-color":"","overlay-opacity":"","overlay-gradient":""}}},"product_brand":[],"product_cat":[255],"product_tag":[],"class_list":{"0":"post-1484","1":"product","2":"type-product","3":"status-publish","4":"has-post-thumbnail","6":"product_cat-xe-mo-to-dien-cho-hang","7":"desktop-align-left","8":"tablet-align-left","9":"mobile-align-left","11":"first","12":"instock","13":"shipping-taxable","14":"product-type-simple"},"_links":{"self":[{"href":"https:\/\/bodo-electricbicycles.com\/vi\/wp-json\/wp\/v2\/product\/1484","targetHints":{"allow":["GET"]}}],"collection":[{"href":"https:\/\/bodo-electricbicycles.com\/vi\/wp-json\/wp\/v2\/product"}],"about":[{"href":"https:\/\/bodo-electricbicycles.com\/vi\/wp-json\/wp\/v2\/types\/product"}],"wp:featuredmedia":[{"embeddable":true,"href":"https:\/\/bodo-electricbicycles.com\/vi\/wp-json\/wp\/v2\/media\/1483"}],"wp:attachment":[{"href":"https:\/\/bodo-electricbicycles.com\/vi\/wp-json\/wp\/v2\/media?parent=1484"}],"wp:term":[{"taxonomy":"product_brand","embeddable":true,"href":"https:\/\/bodo-electricbicycles.com\/vi\/wp-json\/wp\/v2\/product_brand?post=1484"},{"taxonomy":"product_cat","embeddable":true,"href":"https:\/\/bodo-electricbicycles.com\/vi\/wp-json\/wp\/v2\/product_cat?post=1484"},{"taxonomy":"product_tag","embeddable":true,"href":"https:\/\/bodo-electricbicycles.com\/vi\/wp-json\/wp\/v2\/product_tag?post=1484"}],"curies":[{"name":"wp","href":"https:\/\/api.w.org\/{rel}","templated":true}]}}