{"id":1486,"date":"2026-03-30T18:12:20","date_gmt":"2026-03-30T10:12:20","guid":{"rendered":"https:\/\/bodo-electricbicycles.com\/product\/xe-mo-to-cho-hang-chay-dien-bodo-ecm03\/"},"modified":"2026-03-30T18:12:20","modified_gmt":"2026-03-30T10:12:20","slug":"xe-mo-to-cho-hang-chay-dien-bodo-ecm03","status":"publish","type":"product","link":"https:\/\/bodo-electricbicycles.com\/vi\/product\/xe-mo-to-cho-hang-chay-dien-bodo-ecm03\/","title":{"rendered":"Xe m\u00f4 t\u00f4 ch\u1edf h\u00e0ng ch\u1ea1y \u0111i\u1ec7n BODO-ECM03"},"content":{"rendered":"<p>BODO-ECM03 l\u00e0 m\u1eabu xe m\u00f4 t\u00f4 \u0111i\u1ec7n ch\u1edf h\u00e0ng nh\u1ecf g\u1ecdn v\u00e0 ti\u1ebft ki\u1ec7m chi ph\u00ed, \u0111\u01b0\u1ee3c thi\u1ebft k\u1ebf chuy\u00ean d\u1ee5ng cho nhu c\u1ea7u giao nh\u1eadn h\u00e0ng h\u00f3a h\u00e0ng ng\u00e0y trong khu v\u1ef1c \u0111\u00f4 th\u1ecb c\u0169ng nh\u01b0 v\u1eadn chuy\u1ec3n c\u00e1c lo\u1ea1i h\u00e0ng nh\u1eb9. V\u1edbi k\u00edch th\u01b0\u1edbc 1810\u00d7780\u00d71070mm, xe s\u1edf h\u1eefu khung s\u01b0\u1eddn nh\u1ecf g\u1ecdn, mang l\u1ea1i kh\u1ea3 n\u0103ng xoay tr\u1edf linh ho\u1ea1t v\u00e0 d\u1ec5 d\u00e0ng ngay c\u1ea3 tr\u00ean nh\u1eefng con ph\u1ed1 n\u1ed9i th\u00e0nh ch\u1eadt h\u1eb9p. Xe \u0111\u01b0\u1ee3c trang b\u1ecb b\u1ed9 l\u1ed1p tr\u01b0\u1edbc v\u00e0 sau k\u00edch th\u01b0\u1edbc 16\u00d73.0, \u0111\u1ea3m b\u1ea3o \u0111\u1ed9 b\u00e1m \u0111\u01b0\u1eddng \u1ed5n \u0111\u1ecbnh v\u00e0 mang l\u1ea1i tr\u1ea3i nghi\u1ec7m v\u1eadn h\u00e0nh \u00eam \u00e1i. H\u1ec7 th\u1ed1ng phanh bao (phanh \u0111\u00f9m) ph\u00eda tr\u01b0\u1edbc k\u1ebft h\u1ee3p v\u1edbi phanh \u0111\u0129a ph\u00eda sau cung c\u1ea5p l\u1ef1c h\u00e3m \u0111\u00e1ng tin c\u1eady, \u0111\u1ed3ng th\u1eddi gi\u00fap t\u1ed1i \u01b0u h\u00f3a chi ph\u00ed b\u1ea3o d\u01b0\u1ee1ng. \u0110\u01b0\u1ee3c trang b\u1ecb \u0111\u1ed9ng c\u01a1 \u0111\u1ecbnh m\u1ee9c c\u00f4ng su\u1ea5t 600W, xe c\u00f3 th\u1ec3 \u0111\u1ea1t t\u1ed1c \u0111\u1ed9 t\u1ed1i \u0111a 45km\/h, ho\u00e0n to\u00e0n \u0111\u00e1p \u1ee9ng t\u1ed1t c\u00e1c y\u00eau c\u1ea7u c\u1ee7a c\u00f4ng t\u00e1c giao nh\u1eadn h\u00e0ng h\u00f3a h\u00e0ng ng\u00e0y. Xe t\u01b0\u01a1ng th\u00edch v\u1edbi c\u00e1c lo\u1ea1i \u1eafc quy axit-ch\u00ec c\u00f3 m\u1ee9c \u0111i\u1ec7n \u00e1p 60V\/72V v\u00e0 dung l\u01b0\u1ee3ng dao \u0111\u1ed9ng t\u1eeb 20Ah \u0111\u1ebfn 32Ah, cho ph\u00e9p ng\u01b0\u1eddi d\u00f9ng linh ho\u1ea1t l\u1ef1a ch\u1ecdn c\u1ea5u h\u00ecnh ph\u1ea1m vi ho\u1ea1t \u0111\u1ed9ng ph\u00f9 h\u1ee3p v\u1edbi nhu c\u1ea7u s\u1eed d\u1ee5ng th\u1ef1c t\u1ebf. S\u1ef1 k\u1ebft h\u1ee3p h\u00e0i h\u00f2a gi\u1eefa hi\u1ec7u qu\u1ea3 kinh t\u1ebf, hi\u1ec7u su\u1ea5t v\u1eadn h\u00e0nh \u1ed5n \u0111\u1ecbnh v\u00e0 t\u00ednh th\u1ef1c ti\u1ec5n cao \u0111\u00e3 bi\u1ebfn BODO-ECM03 tr\u1edf th\u00e0nh s\u1ef1 l\u1ef1a ch\u1ecdn l\u00fd t\u01b0\u1edfng d\u00e0nh cho c\u00e1c doanh nghi\u1ec7p nh\u1ecf c\u0169ng nh\u01b0 c\u00e1c t\u00e1c v\u1ee5 h\u1eadu c\u1ea7n, giao v\u1eadn h\u00e0ng ng\u00e0y.      <\/p>\n","protected":false},"excerpt":{"rendered":"<p>BODO-ECM03 l\u00e0 m\u1eabu xe m\u00f4 t\u00f4 \u0111i\u1ec7n ch\u1edf h\u00e0ng nh\u1ecf g\u1ecdn v\u00e0 ti\u1ebft ki\u1ec7m chi ph\u00ed, \u0111\u01b0\u1ee3c thi\u1ebft k\u1ebf chuy\u00ean [&hellip;]<\/p>\n","protected":false},"featured_media":1485,"template":"","meta":{"site-sidebar-layout":"default","site-content-layout":"","ast-site-content-layout":"default","site-content-style":"default","site-sidebar-style":"default","ast-global-header-display":"","ast-banner-title-visibility":"","ast-main-header-display":"","ast-hfb-above-header-display":"","ast-hfb-below-header-display":"","ast-hfb-mobile-header-display":"","site-post-title":"","ast-breadcrumbs-content":"","ast-featured-img":"","footer-sml-layout":"","ast-disable-related-posts":"","theme-transparent-header-meta":"default","adv-header-id-meta":"","stick-header-meta":"","header-above-stick-meta":"","header-main-stick-meta":"","header-below-stick-meta":"","astra-migrate-meta-layouts":"default","ast-page-background-enabled":"default","ast-page-background-meta":{"desktop":{"background-color":"var(--ast-global-color-5)","background-image":"","background-repeat":"repeat","background-position":"center center","background-size":"auto","background-attachment":"scroll","background-type":"","background-media":"","overlay-type":"","overlay-color":"","overlay-opacity":"","overlay-gradient":""},"tablet":{"background-color":"","background-image":"","background-repeat":"repeat","background-position":"center center","background-size":"auto","background-attachment":"scroll","background-type":"","background-media":"","overlay-type":"","overlay-color":"","overlay-opacity":"","overlay-gradient":""},"mobile":{"background-color":"","background-image":"","background-repeat":"repeat","background-position":"center center","background-size":"auto","background-attachment":"scroll","background-type":"","background-media":"","overlay-type":"","overlay-color":"","overlay-opacity":"","overlay-gradient":""}},"ast-content-background-meta":{"desktop":{"background-color":"var(--ast-global-color-4)","background-image":"","background-repeat":"repeat","background-position":"center center","background-size":"auto","background-attachment":"scroll","background-type":"","background-media":"","overlay-type":"","overlay-color":"","overlay-opacity":"","overlay-gradient":""},"tablet":{"background-color":"var(--ast-global-color-4)","background-image":"","background-repeat":"repeat","background-position":"center center","background-size":"auto","background-attachment":"scroll","background-type":"","background-media":"","overlay-type":"","overlay-color":"","overlay-opacity":"","overlay-gradient":""},"mobile":{"background-color":"var(--ast-global-color-4)","background-image":"","background-repeat":"repeat","background-position":"center center","background-size":"auto","background-attachment":"scroll","background-type":"","background-media":"","overlay-type":"","overlay-color":"","overlay-opacity":"","overlay-gradient":""}}},"product_brand":[],"product_cat":[255],"product_tag":[],"class_list":{"0":"post-1486","1":"product","2":"type-product","3":"status-publish","4":"has-post-thumbnail","6":"product_cat-xe-mo-to-dien-cho-hang","7":"desktop-align-left","8":"tablet-align-left","9":"mobile-align-left","11":"first","12":"instock","13":"shipping-taxable","14":"product-type-simple"},"_links":{"self":[{"href":"https:\/\/bodo-electricbicycles.com\/vi\/wp-json\/wp\/v2\/product\/1486","targetHints":{"allow":["GET"]}}],"collection":[{"href":"https:\/\/bodo-electricbicycles.com\/vi\/wp-json\/wp\/v2\/product"}],"about":[{"href":"https:\/\/bodo-electricbicycles.com\/vi\/wp-json\/wp\/v2\/types\/product"}],"wp:featuredmedia":[{"embeddable":true,"href":"https:\/\/bodo-electricbicycles.com\/vi\/wp-json\/wp\/v2\/media\/1485"}],"wp:attachment":[{"href":"https:\/\/bodo-electricbicycles.com\/vi\/wp-json\/wp\/v2\/media?parent=1486"}],"wp:term":[{"taxonomy":"product_brand","embeddable":true,"href":"https:\/\/bodo-electricbicycles.com\/vi\/wp-json\/wp\/v2\/product_brand?post=1486"},{"taxonomy":"product_cat","embeddable":true,"href":"https:\/\/bodo-electricbicycles.com\/vi\/wp-json\/wp\/v2\/product_cat?post=1486"},{"taxonomy":"product_tag","embeddable":true,"href":"https:\/\/bodo-electricbicycles.com\/vi\/wp-json\/wp\/v2\/product_tag?post=1486"}],"curies":[{"name":"wp","href":"https:\/\/api.w.org\/{rel}","templated":true}]}}