{"id":1490,"date":"2026-03-30T16:54:39","date_gmt":"2026-03-30T08:54:39","guid":{"rendered":"https:\/\/bodo-electricbicycles.com\/product\/xe-mo-to-cho-hang-chay-dien-bodo-ecm01\/"},"modified":"2026-03-30T16:54:39","modified_gmt":"2026-03-30T08:54:39","slug":"xe-mo-to-cho-hang-chay-dien-bodo-ecm01","status":"publish","type":"product","link":"https:\/\/bodo-electricbicycles.com\/vi\/product\/xe-mo-to-cho-hang-chay-dien-bodo-ecm01\/","title":{"rendered":"Xe m\u00f4 t\u00f4 ch\u1edf h\u00e0ng ch\u1ea1y \u0111i\u1ec7n BODO-ECM01"},"content":{"rendered":"<div>BODO-ECM01 l\u00e0 m\u1eabu xe m\u00f4 t\u00f4 \u0111i\u1ec7n ch\u1edf h\u00e0ng chuy\u00ean d\u1ee5ng, \u0111\u01b0\u1ee3c thi\u1ebft k\u1ebf nh\u1eb1m ph\u1ee5c v\u1ee5 hi\u1ec7u qu\u1ea3 cho c\u00e1c ho\u1ea1t \u0111\u1ed9ng logistics \u0111\u00f4 th\u1ecb \u1ed5n \u0111\u1ecbnh v\u00e0 d\u1ecbch v\u1ee5 giao nh\u1eadn h\u00e0ng h\u00f3a h\u00e0ng ng\u00e0y. Xe s\u1edf h\u1eefu khung s\u01b0\u1eddn m\u1edf r\u1ed9ng v\u1edbi k\u00edch th\u01b0\u1edbc 2220\u00d7840\u00d71085mm, mang l\u1ea1i kh\u00f4ng gian ch\u1edf h\u00e0ng r\u1ed9ng r\u00e3i c\u00f9ng \u0111\u1ed9 c\u1ee9ng v\u1eefng c\u1ea5u tr\u00fac v\u01b0\u1ee3t tr\u1ed9i. \u0110\u01b0\u1ee3c trang b\u1ecb l\u1ed1p tr\u01b0\u1edbc v\u00e0 sau k\u00edch th\u01b0\u1edbc 90\/90-12 c\u00f9ng h\u1ec7 th\u1ed1ng phanh k\u1ebft h\u1ee3p CBS t\u00edch h\u1ee3p phanh \u0111\u0129a k\u00e9p, xe gi\u00fap n\u00e2ng cao \u0111\u00e1ng k\u1ec3 \u0111\u1ed9 \u1ed5n \u0111\u1ecbnh khi v\u1eadn h\u00e0nh c\u0169ng nh\u01b0 s\u1ef1 an to\u00e0n khi phanh, ngay c\u1ea3 khi \u0111ang ch\u1edf t\u1ea3i tr\u1ecdng l\u1edbn. V\u1edbi \u0111\u1ed9ng c\u01a1 c\u00f4ng su\u1ea5t \u0111\u1ecbnh m\u1ee9c 1300W, xe v\u1eadn h\u00e0nh \u00eam \u00e1i v\u00e0 \u0111\u1ea1t t\u1ed1c \u0111\u1ed9 t\u1ed1i \u0111a 45km\/h \u2013 m\u1ee9c t\u1ed1c \u0111\u1ed9 l\u00fd t\u01b0\u1edfng cho \u0111i\u1ec1u ki\u1ec7n giao th\u00f4ng \u0111\u00f4 th\u1ecb. Xe t\u01b0\u01a1ng th\u00edch v\u1edbi c\u00e1c lo\u1ea1i \u1eafc quy axit-ch\u00ec 60V\/72V c\u00f3 dung l\u01b0\u1ee3ng t\u1eeb 20Ah \u0111\u1ebfn 50Ah, cho ph\u00e9p ng\u01b0\u1eddi d\u00f9ng linh ho\u1ea1t l\u1ef1a ch\u1ecdn ph\u1ea1m vi ho\u1ea1t \u0111\u1ed9ng ph\u00f9 h\u1ee3p v\u1edbi nhu c\u1ea7u s\u1eed d\u1ee5ng. Nh\u1edd hi\u1ec7u su\u1ea5t v\u1eadn h\u00e0nh \u0111\u00e1ng tin c\u1eady c\u00f9ng thi\u1ebft k\u1ebf b\u1ec1n b\u1ec9, BODO-ECM01 l\u00e0 s\u1ef1 l\u1ef1a ch\u1ecdn l\u00fd t\u01b0\u1edfng cho c\u00e1c d\u1ecbch v\u1ee5 giao nh\u1eadn th\u01b0\u01a1ng m\u1ea1i v\u00e0 nhu c\u1ea7u v\u1eadn chuy\u1ec3n trong khu v\u1ef1c \u0111\u00f4 th\u1ecb.     <\/div>\n<div><\/div>\n","protected":false},"excerpt":{"rendered":"<p>BODO-ECM01 l\u00e0 m\u1eabu xe m\u00f4 t\u00f4 \u0111i\u1ec7n ch\u1edf h\u00e0ng chuy\u00ean d\u1ee5ng, \u0111\u01b0\u1ee3c thi\u1ebft k\u1ebf nh\u1eb1m ph\u1ee5c v\u1ee5 hi\u1ec7u qu\u1ea3 cho [&hellip;]<\/p>\n","protected":false},"featured_media":1489,"template":"","meta":{"site-sidebar-layout":"default","site-content-layout":"","ast-site-content-layout":"default","site-content-style":"default","site-sidebar-style":"default","ast-global-header-display":"","ast-banner-title-visibility":"","ast-main-header-display":"","ast-hfb-above-header-display":"","ast-hfb-below-header-display":"","ast-hfb-mobile-header-display":"","site-post-title":"","ast-breadcrumbs-content":"","ast-featured-img":"","footer-sml-layout":"","ast-disable-related-posts":"","theme-transparent-header-meta":"default","adv-header-id-meta":"","stick-header-meta":"","header-above-stick-meta":"","header-main-stick-meta":"","header-below-stick-meta":"","astra-migrate-meta-layouts":"default","ast-page-background-enabled":"default","ast-page-background-meta":{"desktop":{"background-color":"var(--ast-global-color-5)","background-image":"","background-repeat":"repeat","background-position":"center center","background-size":"auto","background-attachment":"scroll","background-type":"","background-media":"","overlay-type":"","overlay-color":"","overlay-opacity":"","overlay-gradient":""},"tablet":{"background-color":"","background-image":"","background-repeat":"repeat","background-position":"center center","background-size":"auto","background-attachment":"scroll","background-type":"","background-media":"","overlay-type":"","overlay-color":"","overlay-opacity":"","overlay-gradient":""},"mobile":{"background-color":"","background-image":"","background-repeat":"repeat","background-position":"center center","background-size":"auto","background-attachment":"scroll","background-type":"","background-media":"","overlay-type":"","overlay-color":"","overlay-opacity":"","overlay-gradient":""}},"ast-content-background-meta":{"desktop":{"background-color":"var(--ast-global-color-4)","background-image":"","background-repeat":"repeat","background-position":"center center","background-size":"auto","background-attachment":"scroll","background-type":"","background-media":"","overlay-type":"","overlay-color":"","overlay-opacity":"","overlay-gradient":""},"tablet":{"background-color":"var(--ast-global-color-4)","background-image":"","background-repeat":"repeat","background-position":"center center","background-size":"auto","background-attachment":"scroll","background-type":"","background-media":"","overlay-type":"","overlay-color":"","overlay-opacity":"","overlay-gradient":""},"mobile":{"background-color":"var(--ast-global-color-4)","background-image":"","background-repeat":"repeat","background-position":"center center","background-size":"auto","background-attachment":"scroll","background-type":"","background-media":"","overlay-type":"","overlay-color":"","overlay-opacity":"","overlay-gradient":""}}},"product_brand":[],"product_cat":[255],"product_tag":[],"class_list":{"0":"post-1490","1":"product","2":"type-product","3":"status-publish","4":"has-post-thumbnail","6":"product_cat-xe-mo-to-dien-cho-hang","7":"desktop-align-left","8":"tablet-align-left","9":"mobile-align-left","11":"first","12":"instock","13":"shipping-taxable","14":"product-type-simple"},"_links":{"self":[{"href":"https:\/\/bodo-electricbicycles.com\/vi\/wp-json\/wp\/v2\/product\/1490","targetHints":{"allow":["GET"]}}],"collection":[{"href":"https:\/\/bodo-electricbicycles.com\/vi\/wp-json\/wp\/v2\/product"}],"about":[{"href":"https:\/\/bodo-electricbicycles.com\/vi\/wp-json\/wp\/v2\/types\/product"}],"wp:featuredmedia":[{"embeddable":true,"href":"https:\/\/bodo-electricbicycles.com\/vi\/wp-json\/wp\/v2\/media\/1489"}],"wp:attachment":[{"href":"https:\/\/bodo-electricbicycles.com\/vi\/wp-json\/wp\/v2\/media?parent=1490"}],"wp:term":[{"taxonomy":"product_brand","embeddable":true,"href":"https:\/\/bodo-electricbicycles.com\/vi\/wp-json\/wp\/v2\/product_brand?post=1490"},{"taxonomy":"product_cat","embeddable":true,"href":"https:\/\/bodo-electricbicycles.com\/vi\/wp-json\/wp\/v2\/product_cat?post=1490"},{"taxonomy":"product_tag","embeddable":true,"href":"https:\/\/bodo-electricbicycles.com\/vi\/wp-json\/wp\/v2\/product_tag?post=1490"}],"curies":[{"name":"wp","href":"https:\/\/api.w.org\/{rel}","templated":true}]}}