{"id":1495,"date":"2026-03-29T16:42:51","date_gmt":"2026-03-29T08:42:51","guid":{"rendered":"https:\/\/bodo-electricbicycles.com\/product\/xe-mo-to-dien-cho-hang-bodo-king-tai-trong-lon\/"},"modified":"2026-03-29T16:42:51","modified_gmt":"2026-03-29T08:42:51","slug":"xe-mo-to-dien-cho-hang-bodo-king-tai-trong-lon","status":"publish","type":"product","link":"https:\/\/bodo-electricbicycles.com\/vi\/product\/xe-mo-to-dien-cho-hang-bodo-king-tai-trong-lon\/","title":{"rendered":"Xe m\u00f4 t\u00f4 \u0111i\u1ec7n ch\u1edf h\u00e0ng BODO King (T\u1ea3i tr\u1ecdng l\u1edbn)"},"content":{"rendered":"<p>BODO-Load-Bearing King l\u00e0 m\u1eabu xe m\u00e1y \u0111i\u1ec7n ch\u1edf h\u00e0ng \u1ed5n \u0111\u1ecbnh v\u00e0 thi\u1ebft th\u1ef1c, \u0111\u01b0\u1ee3c thi\u1ebft k\u1ebf chuy\u00ean bi\u1ec7t cho nhu c\u1ea7u giao nh\u1eadn trong \u0111\u00f4 th\u1ecb v\u00e0 vi\u1ec7c di chuy\u1ec3n h\u00e0ng ng\u00e0y v\u1edbi t\u1ea3i tr\u1ecdng l\u1edbn. Xe c\u00f3 k\u00edch th\u01b0\u1edbc 1800\u00d7680\u00d71130mm, tr\u1ee5c c\u01a1 s\u1edf d\u00e0i 1180mm c\u00f9ng k\u1ebft c\u1ea5u nh\u1eb9 ch\u1ec9 53kg, \u0111\u1ea3m b\u1ea3o kh\u1ea3 n\u0103ng v\u1eadn h\u00e0nh linh ho\u1ea1t v\u00e0 t\u1ea3i tr\u1ecdng \u0111\u00e1ng tin c\u1eady. \u0110\u01b0\u1ee3c trang b\u1ecb \u0111\u1ed9ng c\u01a1 48V 600W v\u00e0 b\u1ed9 \u0111i\u1ec1u khi\u1ec3n th\u00f4ng minh 48V 9G, xe cung c\u1ea5p ngu\u1ed3n n\u0103ng l\u01b0\u1ee3ng \u1ed5n \u0111\u1ecbnh v\u00e0 hi\u1ec7u qu\u1ea3 cho c\u00e1c t\u00e1c v\u1ee5 v\u1eadn chuy\u1ec3n h\u00e0ng ng\u00e0y. V\u1edbi l\u1ed1p kh\u00f4ng s\u0103m k\u00edch th\u01b0\u1edbc 2.25-17, h\u1ec7 th\u1ed1ng phu\u1ed9c tr\u01b0\u1edbc 27 \u1ed1ng, phu\u1ed9c sau d\u1ea1ng &#8220;l\u00e1 sen&#8221; v\u00e0 h\u1ec7 th\u1ed1ng phanh \u0111\u0129a k\u00e9p, xe mang l\u1ea1i s\u1ef1 \u1ed5n \u0111\u1ecbnh v\u01b0\u1ee3t tr\u1ed9i c\u00f9ng hi\u1ec7u su\u1ea5t phanh an to\u00e0n. Xe c\u00f2n s\u1edf h\u1eefu \u0111\u00e8n pha LED d\u1ea1ng projector, \u0111\u00e8n xi nhan tr\u01b0\u1edbc sau v\u00e0 b\u1ea3ng \u0111\u1ed3ng h\u1ed3 hi\u1ec3n th\u1ecb t\u00edch h\u1ee3p c\u00f4ng ngh\u1ec7 NFC. S\u1eed d\u1ee5ng ngu\u1ed3n \u0111i\u1ec7n t\u1eeb \u1eafc quy ch\u00ec-axit 60V 12Ah, xe \u0111\u01b0\u1ee3c \u0111\u00f3ng g\u00f3i theo ph\u01b0\u01a1ng th\u1ee9c CKD v\u1edbi hi\u1ec7u su\u1ea5t cao\u2014\u0111\u1ea1t 170 chi\u1ebfc tr\u00ean m\u1ed7i container 40HQ\u2014bi\u1ebfn n\u00f3 tr\u1edf th\u00e0nh l\u1ef1a ch\u1ecdn l\u00fd t\u01b0\u1edfng cho c\u00e1c d\u1ecbch v\u1ee5 giao nh\u1eadn th\u01b0\u01a1ng m\u1ea1i v\u00e0 xu\u1ea5t kh\u1ea9u s\u1ed1 l\u01b0\u1ee3ng l\u1edbn.     <\/p>\n","protected":false},"excerpt":{"rendered":"<p>BODO-Load-Bearing King l\u00e0 m\u1eabu xe m\u00e1y \u0111i\u1ec7n ch\u1edf h\u00e0ng \u1ed5n \u0111\u1ecbnh v\u00e0 thi\u1ebft th\u1ef1c, \u0111\u01b0\u1ee3c thi\u1ebft k\u1ebf chuy\u00ean bi\u1ec7t cho [&hellip;]<\/p>\n","protected":false},"featured_media":1494,"template":"","meta":{"site-sidebar-layout":"default","site-content-layout":"","ast-site-content-layout":"default","site-content-style":"default","site-sidebar-style":"default","ast-global-header-display":"","ast-banner-title-visibility":"","ast-main-header-display":"","ast-hfb-above-header-display":"","ast-hfb-below-header-display":"","ast-hfb-mobile-header-display":"","site-post-title":"","ast-breadcrumbs-content":"","ast-featured-img":"","footer-sml-layout":"","ast-disable-related-posts":"","theme-transparent-header-meta":"default","adv-header-id-meta":"","stick-header-meta":"","header-above-stick-meta":"","header-main-stick-meta":"","header-below-stick-meta":"","astra-migrate-meta-layouts":"default","ast-page-background-enabled":"default","ast-page-background-meta":{"desktop":{"background-color":"var(--ast-global-color-5)","background-image":"","background-repeat":"repeat","background-position":"center center","background-size":"auto","background-attachment":"scroll","background-type":"","background-media":"","overlay-type":"","overlay-color":"","overlay-opacity":"","overlay-gradient":""},"tablet":{"background-color":"","background-image":"","background-repeat":"repeat","background-position":"center center","background-size":"auto","background-attachment":"scroll","background-type":"","background-media":"","overlay-type":"","overlay-color":"","overlay-opacity":"","overlay-gradient":""},"mobile":{"background-color":"","background-image":"","background-repeat":"repeat","background-position":"center center","background-size":"auto","background-attachment":"scroll","background-type":"","background-media":"","overlay-type":"","overlay-color":"","overlay-opacity":"","overlay-gradient":""}},"ast-content-background-meta":{"desktop":{"background-color":"var(--ast-global-color-4)","background-image":"","background-repeat":"repeat","background-position":"center center","background-size":"auto","background-attachment":"scroll","background-type":"","background-media":"","overlay-type":"","overlay-color":"","overlay-opacity":"","overlay-gradient":""},"tablet":{"background-color":"var(--ast-global-color-4)","background-image":"","background-repeat":"repeat","background-position":"center center","background-size":"auto","background-attachment":"scroll","background-type":"","background-media":"","overlay-type":"","overlay-color":"","overlay-opacity":"","overlay-gradient":""},"mobile":{"background-color":"var(--ast-global-color-4)","background-image":"","background-repeat":"repeat","background-position":"center center","background-size":"auto","background-attachment":"scroll","background-type":"","background-media":"","overlay-type":"","overlay-color":"","overlay-opacity":"","overlay-gradient":""}}},"product_brand":[],"product_cat":[255],"product_tag":[],"class_list":{"0":"post-1495","1":"product","2":"type-product","3":"status-publish","4":"has-post-thumbnail","6":"product_cat-xe-mo-to-dien-cho-hang","7":"desktop-align-left","8":"tablet-align-left","9":"mobile-align-left","11":"first","12":"instock","13":"shipping-taxable","14":"product-type-simple"},"_links":{"self":[{"href":"https:\/\/bodo-electricbicycles.com\/vi\/wp-json\/wp\/v2\/product\/1495","targetHints":{"allow":["GET"]}}],"collection":[{"href":"https:\/\/bodo-electricbicycles.com\/vi\/wp-json\/wp\/v2\/product"}],"about":[{"href":"https:\/\/bodo-electricbicycles.com\/vi\/wp-json\/wp\/v2\/types\/product"}],"wp:featuredmedia":[{"embeddable":true,"href":"https:\/\/bodo-electricbicycles.com\/vi\/wp-json\/wp\/v2\/media\/1494"}],"wp:attachment":[{"href":"https:\/\/bodo-electricbicycles.com\/vi\/wp-json\/wp\/v2\/media?parent=1495"}],"wp:term":[{"taxonomy":"product_brand","embeddable":true,"href":"https:\/\/bodo-electricbicycles.com\/vi\/wp-json\/wp\/v2\/product_brand?post=1495"},{"taxonomy":"product_cat","embeddable":true,"href":"https:\/\/bodo-electricbicycles.com\/vi\/wp-json\/wp\/v2\/product_cat?post=1495"},{"taxonomy":"product_tag","embeddable":true,"href":"https:\/\/bodo-electricbicycles.com\/vi\/wp-json\/wp\/v2\/product_tag?post=1495"}],"curies":[{"name":"wp","href":"https:\/\/api.w.org\/{rel}","templated":true}]}}