{"id":1497,"date":"2026-03-29T16:26:27","date_gmt":"2026-03-29T08:26:27","guid":{"rendered":"https:\/\/bodo-electricbicycles.com\/product\/xe-mo-to-dien-cho-hang-bodo-t100\/"},"modified":"2026-04-01T16:40:03","modified_gmt":"2026-04-01T08:40:03","slug":"xe-mo-to-dien-cho-hang-bodo-t100","status":"publish","type":"product","link":"https:\/\/bodo-electricbicycles.com\/vi\/product\/xe-mo-to-dien-cho-hang-bodo-t100\/","title":{"rendered":"Xe m\u00f4 t\u00f4 \u0111i\u1ec7n ch\u1edf h\u00e0ng BODO-T100"},"content":{"rendered":"<p>BODO-T100 l\u00e0 m\u1eabu xe m\u00e1y \u0111i\u1ec7n ch\u1edf h\u00e0ng nh\u1ecf g\u1ecdn v\u00e0 hi\u1ec7u qu\u1ea3, \u0111\u01b0\u1ee3c thi\u1ebft k\u1ebf chuy\u00ean bi\u1ec7t cho nhu c\u1ea7u giao nh\u1eadn trong \u0111\u00f4 th\u1ecb v\u00e0 \u0111i l\u1ea1i h\u00e0ng ng\u00e0y. V\u1edbi k\u00edch th\u01b0\u1edbc 1820\u00d7620\u00d71200mm v\u00e0 chi\u1ec1u d\u00e0i c\u01a1 s\u1edf 1180mm, chi\u1ebfc xe mang l\u1ea1i kh\u1ea3 n\u0103ng xoay tr\u1edf linh ho\u1ea1t tuy\u1ec7t v\u1eddi ngay c\u1ea3 trong nh\u1eefng kh\u00f4ng gian \u0111\u00f4 th\u1ecb ch\u1eadt h\u1eb9p. V\u1edbi tr\u1ecdng l\u01b0\u1ee3ng kh\u00f4 ch\u1ec9 38kg, xe r\u1ea5t nh\u1eb9 v\u00e0 d\u1ec5 d\u00e0ng v\u1eadn h\u00e0nh. \u0110\u01b0\u1ee3c trang b\u1ecb \u0111\u1ed9ng c\u01a1 \u0111\u0129a li\u1ec1n c\u00f4ng su\u1ea5t 1200W c\u00f9ng b\u1ed9 \u0111i\u1ec1u khi\u1ec3n 12 \u1ed1ng, xe cung c\u1ea5p ngu\u1ed3n n\u0103ng l\u01b0\u1ee3ng \u1ed5n \u0111\u1ecbnh, \u0111\u00e1p \u1ee9ng hi\u1ec7u qu\u1ea3 c\u00e1c t\u00e1c v\u1ee5 v\u1eadn chuy\u1ec3n h\u00e0ng h\u00f3a h\u00e0ng ng\u00e0y. Xe \u0111\u01b0\u1ee3c trang b\u1ecb l\u1ed1p kh\u00f4ng s\u0103m c\u1ee1 400-8, h\u1ec7 th\u1ed1ng phu\u1ed9c tr\u01b0\u1edbc 27 \u1ed1ng, phu\u1ed9c sau d\u1ea1ng t\u00fai kh\u00ed tam gi\u00e1c v\u00e0 h\u1ec7 th\u1ed1ng phanh \u0111\u0129a k\u00e9p, gi\u00fap \u0111\u1ea3m b\u1ea3o s\u1ef1 \u1ed5n \u0111\u1ecbnh v\u00e0 an to\u00e0n t\u1ed1i \u0111a trong qu\u00e1 tr\u00ecnh v\u1eadn h\u00e0nh. \u0110\u00e8n pha LED d\u1ea1ng projector, \u0111\u00e8n xi-nhan hi\u1ec7u \u1ee9ng d\u00f2ng ch\u1ea3y v\u00e0 b\u1ea3ng \u0111\u1ed3ng h\u1ed3 t\u00edch h\u1ee3p c\u00f4ng ngh\u1ec7 NFC l\u00e0 nh\u1eefng \u0111i\u1ec3m nh\u1ea5n gi\u00fap n\u00e2ng cao t\u00ednh ti\u1ec7n d\u1ee5ng c\u1ee7a xe. V\u1edbi kh\u1ea3 n\u0103ng t\u01b0\u01a1ng th\u00edch pin Lithium 48V 24Ah\/30Ah v\u00e0 s\u1ee9c ch\u1ee9a l\u00ean t\u1edbi 170 chi\u1ebfc (d\u1ea1ng CKD) trong m\u1ed9t container 40HQ, BODO-T100 l\u00e0 s\u1ef1 l\u1ef1a ch\u1ecdn l\u00fd t\u01b0\u1edfng cho c\u00e1c d\u1ecbch v\u1ee5 giao nh\u1eadn th\u01b0\u01a1ng m\u1ea1i c\u0169ng nh\u01b0 c\u00e1c \u0111\u01a1n h\u00e0ng xu\u1ea5t kh\u1ea9u s\u1ed1 l\u01b0\u1ee3ng l\u1edbn.      <\/p>\n","protected":false},"excerpt":{"rendered":"<p>BODO-T100 l\u00e0 m\u1eabu xe m\u00e1y \u0111i\u1ec7n ch\u1edf h\u00e0ng nh\u1ecf g\u1ecdn v\u00e0 hi\u1ec7u qu\u1ea3, \u0111\u01b0\u1ee3c thi\u1ebft k\u1ebf chuy\u00ean bi\u1ec7t cho nhu [&hellip;]<\/p>\n","protected":false},"featured_media":1496,"template":"","meta":{"site-sidebar-layout":"default","site-content-layout":"","ast-site-content-layout":"default","site-content-style":"default","site-sidebar-style":"default","ast-global-header-display":"","ast-banner-title-visibility":"","ast-main-header-display":"","ast-hfb-above-header-display":"","ast-hfb-below-header-display":"","ast-hfb-mobile-header-display":"","site-post-title":"","ast-breadcrumbs-content":"","ast-featured-img":"","footer-sml-layout":"","ast-disable-related-posts":"","theme-transparent-header-meta":"default","adv-header-id-meta":"","stick-header-meta":"","header-above-stick-meta":"","header-main-stick-meta":"","header-below-stick-meta":"","astra-migrate-meta-layouts":"default","ast-page-background-enabled":"default","ast-page-background-meta":{"desktop":{"background-color":"var(--ast-global-color-5)","background-image":"","background-repeat":"repeat","background-position":"center center","background-size":"auto","background-attachment":"scroll","background-type":"","background-media":"","overlay-type":"","overlay-color":"","overlay-opacity":"","overlay-gradient":""},"tablet":{"background-color":"","background-image":"","background-repeat":"repeat","background-position":"center center","background-size":"auto","background-attachment":"scroll","background-type":"","background-media":"","overlay-type":"","overlay-color":"","overlay-opacity":"","overlay-gradient":""},"mobile":{"background-color":"","background-image":"","background-repeat":"repeat","background-position":"center center","background-size":"auto","background-attachment":"scroll","background-type":"","background-media":"","overlay-type":"","overlay-color":"","overlay-opacity":"","overlay-gradient":""}},"ast-content-background-meta":{"desktop":{"background-color":"var(--ast-global-color-4)","background-image":"","background-repeat":"repeat","background-position":"center center","background-size":"auto","background-attachment":"scroll","background-type":"","background-media":"","overlay-type":"","overlay-color":"","overlay-opacity":"","overlay-gradient":""},"tablet":{"background-color":"var(--ast-global-color-4)","background-image":"","background-repeat":"repeat","background-position":"center center","background-size":"auto","background-attachment":"scroll","background-type":"","background-media":"","overlay-type":"","overlay-color":"","overlay-opacity":"","overlay-gradient":""},"mobile":{"background-color":"var(--ast-global-color-4)","background-image":"","background-repeat":"repeat","background-position":"center center","background-size":"auto","background-attachment":"scroll","background-type":"","background-media":"","overlay-type":"","overlay-color":"","overlay-opacity":"","overlay-gradient":""}}},"product_brand":[],"product_cat":[255],"product_tag":[],"class_list":{"0":"post-1497","1":"product","2":"type-product","3":"status-publish","4":"has-post-thumbnail","6":"product_cat-xe-mo-to-dien-cho-hang","7":"desktop-align-left","8":"tablet-align-left","9":"mobile-align-left","11":"first","12":"instock","13":"shipping-taxable","14":"product-type-simple"},"_links":{"self":[{"href":"https:\/\/bodo-electricbicycles.com\/vi\/wp-json\/wp\/v2\/product\/1497","targetHints":{"allow":["GET"]}}],"collection":[{"href":"https:\/\/bodo-electricbicycles.com\/vi\/wp-json\/wp\/v2\/product"}],"about":[{"href":"https:\/\/bodo-electricbicycles.com\/vi\/wp-json\/wp\/v2\/types\/product"}],"wp:featuredmedia":[{"embeddable":true,"href":"https:\/\/bodo-electricbicycles.com\/vi\/wp-json\/wp\/v2\/media\/1496"}],"wp:attachment":[{"href":"https:\/\/bodo-electricbicycles.com\/vi\/wp-json\/wp\/v2\/media?parent=1497"}],"wp:term":[{"taxonomy":"product_brand","embeddable":true,"href":"https:\/\/bodo-electricbicycles.com\/vi\/wp-json\/wp\/v2\/product_brand?post=1497"},{"taxonomy":"product_cat","embeddable":true,"href":"https:\/\/bodo-electricbicycles.com\/vi\/wp-json\/wp\/v2\/product_cat?post=1497"},{"taxonomy":"product_tag","embeddable":true,"href":"https:\/\/bodo-electricbicycles.com\/vi\/wp-json\/wp\/v2\/product_tag?post=1497"}],"curies":[{"name":"wp","href":"https:\/\/api.w.org\/{rel}","templated":true}]}}