{"id":1499,"date":"2026-03-29T16:07:26","date_gmt":"2026-03-29T08:07:26","guid":{"rendered":"https:\/\/bodo-electricbicycles.com\/product\/bodo-warhorse-electric-cargo-motorcycle\/"},"modified":"2026-04-02T17:48:12","modified_gmt":"2026-04-02T09:48:12","slug":"bodo-warhorse-electric-cargo-motorcycle","status":"publish","type":"product","link":"https:\/\/bodo-electricbicycles.com\/vi\/product\/bodo-warhorse-electric-cargo-motorcycle\/","title":{"rendered":"Xe m\u00f4 t\u00f4 \u0111i\u1ec7n ch\u1edf h\u00e0ng BODO-Warhorse"},"content":{"rendered":"<p>BODO-Warhorse l\u00e0 m\u1eabu xe m\u00e1y \u0111i\u1ec7n ch\u1edf h\u00e0ng b\u1ec1n b\u1ec9, \u0111\u01b0\u1ee3c thi\u1ebft k\u1ebf chuy\u00ean d\u1ee5ng cho nhu c\u1ea7u di chuy\u1ec3n h\u00e0ng ng\u00e0y v\u00e0 v\u1eadn chuy\u1ec3n h\u00e0ng h\u00f3a nh\u1eb9. Xe c\u00f3 k\u00edch th\u01b0\u1edbc 1820 x 700 x 1050 mm, chi\u1ec1u d\u00e0i c\u01a1 s\u1edf 1240 mm v\u00e0 tr\u1ecdng l\u01b0\u1ee3ng t\u1ecbnh 60 kg, mang l\u1ea1i kh\u1ea3 n\u0103ng v\u1eadn h\u00e0nh \u1ed5n \u0111\u1ecbnh c\u00f9ng t\u1ea3i tr\u1ecdng chuy\u00ean ch\u1edf thi\u1ebft th\u1ef1c. \u0110\u01b0\u1ee3c trang b\u1ecb \u0111\u1ed9ng c\u01a1 \u0111\u0129a li\u1ec1n c\u00f4ng su\u1ea5t 1200W v\u00e0 b\u1ed9 \u0111i\u1ec1u khi\u1ec3n 12 \u1ed1ng, xe \u0111\u1ea3m b\u1ea3o cung c\u1ea5p ngu\u1ed3n n\u0103ng l\u01b0\u1ee3ng \u1ed5n \u0111\u1ecbnh, \u0111\u00e1p \u1ee9ng hi\u1ec7u qu\u1ea3 c\u00e1c t\u00e1c v\u1ee5 giao nh\u1eadn v\u00e0 v\u1eadn chuy\u1ec3n h\u00e0ng ng\u00e0y. Xe s\u1eed d\u1ee5ng l\u1ed1p kh\u00f4ng s\u0103m k\u00edch th\u01b0\u1edbc 80\/90-12 v\u1edbi v\u00e0nh h\u1ee3p kim nh\u00f4m, h\u1ec7 th\u1ed1ng gi\u1ea3m x\u00f3c th\u1ee7y l\u1ef1c cho c\u1ea3 b\u00e1nh tr\u01b0\u1edbc v\u00e0 sau, c\u00f9ng phanh \u0111\u0129a k\u00e9p, mang l\u1ea1i s\u1ef1 \u00eam \u00e1i khi v\u1eadn h\u00e0nh v\u00e0 \u0111\u1ed9 an to\u00e0n cao khi phanh. Xe t\u01b0\u01a1ng th\u00edch v\u1edbi c\u00e1c lo\u1ea1i pin Lithium 48V 24Ah ho\u1eb7c 48V 30Ah, \u0111\u1ed3ng th\u1eddi \u0111\u01b0\u1ee3c trang b\u1ecb b\u1ea3ng \u0111\u1ed3ng h\u1ed3 t\u00edch h\u1ee3p c\u00f4ng ngh\u1ec7 NFC v\u00e0 h\u1ec7 th\u1ed1ng chi\u1ebfu s\u00e1ng to\u00e0n di\u1ec7n. V\u1edbi ph\u01b0\u01a1ng th\u1ee9c \u0111\u00f3ng g\u00f3i CKD v\u00e0 SKD \u0111\u01b0\u1ee3c t\u1ed1i \u01b0u h\u00f3a, m\u1eabu xe n\u00e0y \u0111\u1eb7c bi\u1ec7t ph\u00f9 h\u1ee3p cho c\u00e1c \u0111\u01a1n h\u00e0ng xu\u1ea5t kh\u1ea9u s\u1ed1 l\u01b0\u1ee3ng l\u1edbn v\u00e0 \u1ee9ng d\u1ee5ng trong l\u0129nh v\u1ef1c logistics th\u01b0\u01a1ng m\u1ea1i.     <\/p>\n","protected":false},"excerpt":{"rendered":"<p>BODO-Warhorse l\u00e0 m\u1eabu xe m\u00e1y \u0111i\u1ec7n ch\u1edf h\u00e0ng b\u1ec1n b\u1ec9, \u0111\u01b0\u1ee3c thi\u1ebft k\u1ebf chuy\u00ean d\u1ee5ng cho nhu c\u1ea7u di chuy\u1ec3n [&hellip;]<\/p>\n","protected":false},"featured_media":1498,"template":"","meta":{"site-sidebar-layout":"default","site-content-layout":"","ast-site-content-layout":"default","site-content-style":"default","site-sidebar-style":"default","ast-global-header-display":"","ast-banner-title-visibility":"","ast-main-header-display":"","ast-hfb-above-header-display":"","ast-hfb-below-header-display":"","ast-hfb-mobile-header-display":"","site-post-title":"","ast-breadcrumbs-content":"","ast-featured-img":"","footer-sml-layout":"","ast-disable-related-posts":"","theme-transparent-header-meta":"default","adv-header-id-meta":"","stick-header-meta":"","header-above-stick-meta":"","header-main-stick-meta":"","header-below-stick-meta":"","astra-migrate-meta-layouts":"default","ast-page-background-enabled":"default","ast-page-background-meta":{"desktop":{"background-color":"var(--ast-global-color-5)","background-image":"","background-repeat":"repeat","background-position":"center center","background-size":"auto","background-attachment":"scroll","background-type":"","background-media":"","overlay-type":"","overlay-color":"","overlay-opacity":"","overlay-gradient":""},"tablet":{"background-color":"","background-image":"","background-repeat":"repeat","background-position":"center center","background-size":"auto","background-attachment":"scroll","background-type":"","background-media":"","overlay-type":"","overlay-color":"","overlay-opacity":"","overlay-gradient":""},"mobile":{"background-color":"","background-image":"","background-repeat":"repeat","background-position":"center center","background-size":"auto","background-attachment":"scroll","background-type":"","background-media":"","overlay-type":"","overlay-color":"","overlay-opacity":"","overlay-gradient":""}},"ast-content-background-meta":{"desktop":{"background-color":"var(--ast-global-color-4)","background-image":"","background-repeat":"repeat","background-position":"center center","background-size":"auto","background-attachment":"scroll","background-type":"","background-media":"","overlay-type":"","overlay-color":"","overlay-opacity":"","overlay-gradient":""},"tablet":{"background-color":"var(--ast-global-color-4)","background-image":"","background-repeat":"repeat","background-position":"center center","background-size":"auto","background-attachment":"scroll","background-type":"","background-media":"","overlay-type":"","overlay-color":"","overlay-opacity":"","overlay-gradient":""},"mobile":{"background-color":"var(--ast-global-color-4)","background-image":"","background-repeat":"repeat","background-position":"center center","background-size":"auto","background-attachment":"scroll","background-type":"","background-media":"","overlay-type":"","overlay-color":"","overlay-opacity":"","overlay-gradient":""}}},"product_brand":[],"product_cat":[255],"product_tag":[],"class_list":{"0":"post-1499","1":"product","2":"type-product","3":"status-publish","4":"has-post-thumbnail","6":"product_cat-xe-mo-to-dien-cho-hang","7":"desktop-align-left","8":"tablet-align-left","9":"mobile-align-left","11":"first","12":"instock","13":"shipping-taxable","14":"product-type-simple"},"_links":{"self":[{"href":"https:\/\/bodo-electricbicycles.com\/vi\/wp-json\/wp\/v2\/product\/1499","targetHints":{"allow":["GET"]}}],"collection":[{"href":"https:\/\/bodo-electricbicycles.com\/vi\/wp-json\/wp\/v2\/product"}],"about":[{"href":"https:\/\/bodo-electricbicycles.com\/vi\/wp-json\/wp\/v2\/types\/product"}],"wp:featuredmedia":[{"embeddable":true,"href":"https:\/\/bodo-electricbicycles.com\/vi\/wp-json\/wp\/v2\/media\/1498"}],"wp:attachment":[{"href":"https:\/\/bodo-electricbicycles.com\/vi\/wp-json\/wp\/v2\/media?parent=1499"}],"wp:term":[{"taxonomy":"product_brand","embeddable":true,"href":"https:\/\/bodo-electricbicycles.com\/vi\/wp-json\/wp\/v2\/product_brand?post=1499"},{"taxonomy":"product_cat","embeddable":true,"href":"https:\/\/bodo-electricbicycles.com\/vi\/wp-json\/wp\/v2\/product_cat?post=1499"},{"taxonomy":"product_tag","embeddable":true,"href":"https:\/\/bodo-electricbicycles.com\/vi\/wp-json\/wp\/v2\/product_tag?post=1499"}],"curies":[{"name":"wp","href":"https:\/\/api.w.org\/{rel}","templated":true}]}}