{"id":1503,"date":"2026-03-29T15:32:50","date_gmt":"2026-03-29T07:32:50","guid":{"rendered":"https:\/\/bodo-electricbicycles.com\/product\/bodo-xe-mo-to-dien-dia-hinh-co-lon-kieu-harley\/"},"modified":"2026-03-29T15:32:50","modified_gmt":"2026-03-29T07:32:50","slug":"bodo-xe-mo-to-dien-dia-hinh-co-lon-kieu-harley","status":"publish","type":"product","link":"https:\/\/bodo-electricbicycles.com\/vi\/product\/bodo-xe-mo-to-dien-dia-hinh-co-lon-kieu-harley\/","title":{"rendered":"BODO \u2013 Xe m\u00f4 t\u00f4 \u0111i\u1ec7n \u0111\u1ecba h\u00ecnh c\u1ee1 l\u1edbn ki\u1ec3u Harley"},"content":{"rendered":"<p>BODO-Big Harley l\u00e0 m\u1eabu xe m\u00f4 t\u00f4 \u0111i\u1ec7n \u0111\u1ecba h\u00ecnh s\u1edf h\u1eefu thi\u1ebft k\u1ebf m\u1ea1nh m\u1ebd v\u00e0 \u0111\u1ea7y phong c\u00e1ch, \u0111\u01b0\u1ee3c ch\u1ebf t\u1ea1o nh\u1eb1m mang l\u1ea1i hi\u1ec7u su\u1ea5t v\u1eadn h\u00e0nh \u1ed5n \u0111\u1ecbnh c\u00f9ng kh\u1ea3 n\u0103ng t\u1ed1i \u01b0u h\u00f3a logistics xu\u1ea5t kh\u1ea9u. Xe c\u00f3 k\u00edch th\u01b0\u1edbc t\u1ed5ng th\u1ec3 1780\u00d7720\u00d71210mm, chi\u1ec1u d\u00e0i c\u01a1 s\u1edf 1240mm v\u00e0 tr\u1ecdng l\u01b0\u1ee3ng kh\u00f4 73kg, mang l\u1ea1i kh\u1ea3 n\u0103ng \u0111i\u1ec1u khi\u1ec3n c\u00e2n b\u1eb1ng v\u00e0 linh ho\u1ea1t tr\u00ean c\u1ea3 \u0111\u1ecba h\u00ecnh \u0111\u00f4 th\u1ecb l\u1eabn \u0111\u01b0\u1eddng \u0111\u1ecba h\u00ecnh. \u0110\u01b0\u1ee3c trang b\u1ecb \u0111\u1ed9ng c\u01a1 \u0111\u0129a li\u1ec1n c\u00f4ng su\u1ea5t 1200W k\u1ebft h\u1ee3p b\u1ed9 \u0111i\u1ec1u khi\u1ec3n 12 \u1ed1ng, xe cung c\u1ea5p ngu\u1ed3n n\u0103ng l\u01b0\u1ee3ng \u1ed5n \u0111\u1ecbnh v\u00e0 \u0111\u00e1ng tin c\u1eady. H\u1ec7 th\u1ed1ng trang b\u1ecb bao g\u1ed3m l\u1ed1p kh\u00f4ng s\u0103m k\u00edch th\u01b0\u1edbc 400-8, phu\u1ed9c tr\u01b0\u1edbc 27mm, phu\u1ed9c sau d\u1ea1ng t\u00fai kh\u00ed tam gi\u00e1c c\u00f9ng h\u1ec7 th\u1ed1ng phanh \u0111\u0129a k\u00e9p, \u0111\u1ea3m b\u1ea3o mang l\u1ea1i tr\u1ea3i nghi\u1ec7m v\u1eadn h\u00e0nh \u00eam \u00e1i v\u00e0 \u0111\u1ed9 an to\u00e0n v\u01b0\u1ee3t tr\u1ed9i. \u0110\u00e8n pha LED d\u1ea1ng Projector, \u0111\u00e8n xi-nhan hi\u1ec7u \u1ee9ng d\u00f2ng ch\u1ea3y v\u00e0 b\u1ea3ng \u0111\u1ed3ng h\u1ed3 t\u00edch h\u1ee3p c\u00f4ng ngh\u1ec7 NFC gi\u00fap n\u00e2ng cao s\u1ef1 ti\u1ec7n nghi v\u00e0 t\u00ednh hi\u1ec7n \u0111\u1ea1i cho chi\u1ebfc xe. V\u1edbi kh\u1ea3 n\u0103ng t\u01b0\u01a1ng th\u00edch pin Lithium 48V 24Ah ho\u1eb7c 48V 30Ah, xe n\u1ed5i b\u1eadt nh\u1edd hi\u1ec7u qu\u1ea3 \u0111\u00f3ng g\u00f3i CKD\/SKD c\u1ef1c cao, gi\u00fap t\u1ed1i \u01b0u h\u00f3a chi ph\u00ed v\u00e0 mang l\u1ea1i l\u1ee3i th\u1ebf c\u1ea1nh tranh v\u01b0\u1ee3t tr\u1ed9i cho c\u00e1c ho\u1ea1t \u0111\u1ed9ng b\u00e1n bu\u00f4n v\u00e0 ph\u00e2n ph\u1ed1i t\u1ea1i th\u1ecb tr\u01b0\u1eddng qu\u1ed1c t\u1ebf.     <\/p>\n","protected":false},"excerpt":{"rendered":"<p>BODO-Big Harley l\u00e0 m\u1eabu xe m\u00f4 t\u00f4 \u0111i\u1ec7n \u0111\u1ecba h\u00ecnh s\u1edf h\u1eefu thi\u1ebft k\u1ebf m\u1ea1nh m\u1ebd v\u00e0 \u0111\u1ea7y phong c\u00e1ch, [&hellip;]<\/p>\n","protected":false},"featured_media":1500,"template":"","meta":{"site-sidebar-layout":"default","site-content-layout":"","ast-site-content-layout":"default","site-content-style":"default","site-sidebar-style":"default","ast-global-header-display":"","ast-banner-title-visibility":"","ast-main-header-display":"","ast-hfb-above-header-display":"","ast-hfb-below-header-display":"","ast-hfb-mobile-header-display":"","site-post-title":"","ast-breadcrumbs-content":"","ast-featured-img":"","footer-sml-layout":"","ast-disable-related-posts":"","theme-transparent-header-meta":"default","adv-header-id-meta":"","stick-header-meta":"","header-above-stick-meta":"","header-main-stick-meta":"","header-below-stick-meta":"","astra-migrate-meta-layouts":"default","ast-page-background-enabled":"default","ast-page-background-meta":{"desktop":{"background-color":"var(--ast-global-color-5)","background-image":"","background-repeat":"repeat","background-position":"center center","background-size":"auto","background-attachment":"scroll","background-type":"","background-media":"","overlay-type":"","overlay-color":"","overlay-opacity":"","overlay-gradient":""},"tablet":{"background-color":"","background-image":"","background-repeat":"repeat","background-position":"center center","background-size":"auto","background-attachment":"scroll","background-type":"","background-media":"","overlay-type":"","overlay-color":"","overlay-opacity":"","overlay-gradient":""},"mobile":{"background-color":"","background-image":"","background-repeat":"repeat","background-position":"center center","background-size":"auto","background-attachment":"scroll","background-type":"","background-media":"","overlay-type":"","overlay-color":"","overlay-opacity":"","overlay-gradient":""}},"ast-content-background-meta":{"desktop":{"background-color":"var(--ast-global-color-4)","background-image":"","background-repeat":"repeat","background-position":"center center","background-size":"auto","background-attachment":"scroll","background-type":"","background-media":"","overlay-type":"","overlay-color":"","overlay-opacity":"","overlay-gradient":""},"tablet":{"background-color":"var(--ast-global-color-4)","background-image":"","background-repeat":"repeat","background-position":"center center","background-size":"auto","background-attachment":"scroll","background-type":"","background-media":"","overlay-type":"","overlay-color":"","overlay-opacity":"","overlay-gradient":""},"mobile":{"background-color":"var(--ast-global-color-4)","background-image":"","background-repeat":"repeat","background-position":"center center","background-size":"auto","background-attachment":"scroll","background-type":"","background-media":"","overlay-type":"","overlay-color":"","overlay-opacity":"","overlay-gradient":""}}},"product_brand":[],"product_cat":[258],"product_tag":[],"class_list":{"0":"post-1503","1":"product","2":"type-product","3":"status-publish","4":"has-post-thumbnail","6":"product_cat-xe-mo-to-dien-dia-hinh","7":"desktop-align-left","8":"tablet-align-left","9":"mobile-align-left","11":"first","12":"instock","13":"shipping-taxable","14":"product-type-simple"},"_links":{"self":[{"href":"https:\/\/bodo-electricbicycles.com\/vi\/wp-json\/wp\/v2\/product\/1503","targetHints":{"allow":["GET"]}}],"collection":[{"href":"https:\/\/bodo-electricbicycles.com\/vi\/wp-json\/wp\/v2\/product"}],"about":[{"href":"https:\/\/bodo-electricbicycles.com\/vi\/wp-json\/wp\/v2\/types\/product"}],"wp:featuredmedia":[{"embeddable":true,"href":"https:\/\/bodo-electricbicycles.com\/vi\/wp-json\/wp\/v2\/media\/1500"}],"wp:attachment":[{"href":"https:\/\/bodo-electricbicycles.com\/vi\/wp-json\/wp\/v2\/media?parent=1503"}],"wp:term":[{"taxonomy":"product_brand","embeddable":true,"href":"https:\/\/bodo-electricbicycles.com\/vi\/wp-json\/wp\/v2\/product_brand?post=1503"},{"taxonomy":"product_cat","embeddable":true,"href":"https:\/\/bodo-electricbicycles.com\/vi\/wp-json\/wp\/v2\/product_cat?post=1503"},{"taxonomy":"product_tag","embeddable":true,"href":"https:\/\/bodo-electricbicycles.com\/vi\/wp-json\/wp\/v2\/product_tag?post=1503"}],"curies":[{"name":"wp","href":"https:\/\/api.w.org\/{rel}","templated":true}]}}