{"id":1510,"date":"2026-03-29T15:19:10","date_gmt":"2026-03-29T07:19:10","guid":{"rendered":"https:\/\/bodo-electricbicycles.com\/product\/xe-mo-to-dien-dia-hinh-bodo-a12\/"},"modified":"2026-03-29T15:19:10","modified_gmt":"2026-03-29T07:19:10","slug":"xe-mo-to-dien-dia-hinh-bodo-a12","status":"publish","type":"product","link":"https:\/\/bodo-electricbicycles.com\/vi\/product\/xe-mo-to-dien-dia-hinh-bodo-a12\/","title":{"rendered":"Xe m\u00f4 t\u00f4 \u0111i\u1ec7n \u0111\u1ecba h\u00ecnh BODO-A12"},"content":{"rendered":"<div>BODO-A12 l\u00e0 m\u1eabu xe m\u00f4 t\u00f4 \u0111i\u1ec7n \u0111\u1ecba h\u00ecnh nh\u1ecf g\u1ecdn v\u00e0 ti\u1ec7n d\u1ee5ng, \u0111\u01b0\u1ee3c t\u1ed1i \u01b0u h\u00f3a cho nhu c\u1ea7u \u0111i l\u1ea1i h\u00e0ng ng\u00e0y c\u0169ng nh\u01b0 c\u00e1c ho\u1ea1t \u0111\u1ed9ng off-road nh\u1eb9. Xe s\u1edf h\u1eefu k\u00edch th\u01b0\u1edbc th\u00e2n xe 1780\u00d7690\u00d71050mm c\u00f9ng chi\u1ec1u d\u00e0i c\u01a1 s\u1edf 1250mm, v\u1edbi thi\u1ebft k\u1ebf tr\u1ecdng l\u01b0\u1ee3ng nh\u1eb9 ch\u1ec9 63kg gi\u00fap vi\u1ec7c \u0111i\u1ec1u khi\u1ec3n tr\u1edf n\u00ean d\u1ec5 d\u00e0ng. \u0110\u01b0\u1ee3c trang b\u1ecb \u0111\u1ed9ng c\u01a1 \u0111\u0129a li\u1ec1n c\u00f4ng su\u1ea5t 1000W k\u1ebft h\u1ee3p b\u1ed9 \u0111i\u1ec1u khi\u1ec3n 12 \u1ed1ng, xe mang l\u1ea1i kh\u1ea3 n\u0103ng v\u1eadn h\u00e0nh \u1ed5n \u0111\u1ecbnh v\u00e0 truy\u1ec1n t\u1ea3i n\u0103ng l\u01b0\u1ee3ng hi\u1ec7u qu\u1ea3. H\u1ec7 th\u1ed1ng l\u1ed1p kh\u00f4ng s\u0103m gai \u0111\u1ecba h\u00ecnh c\u1ee1 300-10, phu\u1ed9c tr\u01b0\u1edbc th\u1ee7y l\u1ef1c v\u00e0 phu\u1ed9c sau d\u1ea1ng t\u00fai kh\u00ed t\u0103ng c\u01b0\u1eddng \u0111\u1ea3m b\u1ea3o tr\u1ea3i nghi\u1ec7m l\u00e1i \u00eam \u00e1i ngay c\u1ea3 tr\u00ean nh\u1eefng \u0111\u1ecba h\u00ecnh g\u1ed3 gh\u1ec1. H\u1ec7 th\u1ed1ng phanh \u0111\u0129a tr\u01b0\u1edbc v\u00e0 phanh tang tr\u1ed1ng sau cung c\u1ea5p hi\u1ec7u su\u1ea5t d\u1eebng xe \u0111\u00e1ng tin c\u1eady. Xe t\u01b0\u01a1ng th\u00edch v\u1edbi c\u00e1c lo\u1ea1i pin Lithium 60V 24Ah \/ 60V 30Ah, \u0111\u1ed3ng th\u1eddi \u0111\u01b0\u1ee3c t\u00edch h\u1ee3p b\u1ea3ng \u0111\u1ed3ng h\u1ed3 hi\u1ec3n th\u1ecb NFC c\u00f9ng h\u1ec7 th\u1ed1ng \u0111\u00e8n chi\u1ebfu s\u00e1ng to\u00e0n di\u1ec7n. Nh\u1edd ph\u01b0\u01a1ng th\u1ee9c \u0111\u00f3ng g\u00f3i CKD\/SKD hi\u1ec7u qu\u1ea3 cao, m\u1eabu xe n\u00e0y l\u00e0 l\u1ef1a ch\u1ecdn l\u00fd t\u01b0\u1edfng cho c\u00e1c \u0111\u01a1n h\u00e0ng b\u00e1n bu\u00f4n qu\u1ed1c t\u1ebf s\u1ed1 l\u01b0\u1ee3ng l\u1edbn v\u00e0 ho\u1ea1t \u0111\u1ed9ng ph\u00e2n ph\u1ed1i t\u1ea1i th\u1ecb tr\u01b0\u1eddng n\u01b0\u1edbc ngo\u00e0i.      <\/div>\n<div><\/div>\n","protected":false},"excerpt":{"rendered":"<p>BODO-A12 l\u00e0 m\u1eabu xe m\u00f4 t\u00f4 \u0111i\u1ec7n \u0111\u1ecba h\u00ecnh nh\u1ecf g\u1ecdn v\u00e0 ti\u1ec7n d\u1ee5ng, \u0111\u01b0\u1ee3c t\u1ed1i \u01b0u h\u00f3a cho nhu [&hellip;]<\/p>\n","protected":false},"featured_media":1504,"template":"","meta":{"site-sidebar-layout":"default","site-content-layout":"","ast-site-content-layout":"default","site-content-style":"default","site-sidebar-style":"default","ast-global-header-display":"","ast-banner-title-visibility":"","ast-main-header-display":"","ast-hfb-above-header-display":"","ast-hfb-below-header-display":"","ast-hfb-mobile-header-display":"","site-post-title":"","ast-breadcrumbs-content":"","ast-featured-img":"","footer-sml-layout":"","ast-disable-related-posts":"","theme-transparent-header-meta":"default","adv-header-id-meta":"","stick-header-meta":"","header-above-stick-meta":"","header-main-stick-meta":"","header-below-stick-meta":"","astra-migrate-meta-layouts":"default","ast-page-background-enabled":"default","ast-page-background-meta":{"desktop":{"background-color":"var(--ast-global-color-5)","background-image":"","background-repeat":"repeat","background-position":"center center","background-size":"auto","background-attachment":"scroll","background-type":"","background-media":"","overlay-type":"","overlay-color":"","overlay-opacity":"","overlay-gradient":""},"tablet":{"background-color":"","background-image":"","background-repeat":"repeat","background-position":"center center","background-size":"auto","background-attachment":"scroll","background-type":"","background-media":"","overlay-type":"","overlay-color":"","overlay-opacity":"","overlay-gradient":""},"mobile":{"background-color":"","background-image":"","background-repeat":"repeat","background-position":"center center","background-size":"auto","background-attachment":"scroll","background-type":"","background-media":"","overlay-type":"","overlay-color":"","overlay-opacity":"","overlay-gradient":""}},"ast-content-background-meta":{"desktop":{"background-color":"var(--ast-global-color-4)","background-image":"","background-repeat":"repeat","background-position":"center center","background-size":"auto","background-attachment":"scroll","background-type":"","background-media":"","overlay-type":"","overlay-color":"","overlay-opacity":"","overlay-gradient":""},"tablet":{"background-color":"var(--ast-global-color-4)","background-image":"","background-repeat":"repeat","background-position":"center center","background-size":"auto","background-attachment":"scroll","background-type":"","background-media":"","overlay-type":"","overlay-color":"","overlay-opacity":"","overlay-gradient":""},"mobile":{"background-color":"var(--ast-global-color-4)","background-image":"","background-repeat":"repeat","background-position":"center center","background-size":"auto","background-attachment":"scroll","background-type":"","background-media":"","overlay-type":"","overlay-color":"","overlay-opacity":"","overlay-gradient":""}}},"product_brand":[],"product_cat":[258],"product_tag":[],"class_list":{"0":"post-1510","1":"product","2":"type-product","3":"status-publish","4":"has-post-thumbnail","6":"product_cat-xe-mo-to-dien-dia-hinh","7":"desktop-align-left","8":"tablet-align-left","9":"mobile-align-left","11":"first","12":"instock","13":"shipping-taxable","14":"product-type-simple"},"_links":{"self":[{"href":"https:\/\/bodo-electricbicycles.com\/vi\/wp-json\/wp\/v2\/product\/1510","targetHints":{"allow":["GET"]}}],"collection":[{"href":"https:\/\/bodo-electricbicycles.com\/vi\/wp-json\/wp\/v2\/product"}],"about":[{"href":"https:\/\/bodo-electricbicycles.com\/vi\/wp-json\/wp\/v2\/types\/product"}],"wp:featuredmedia":[{"embeddable":true,"href":"https:\/\/bodo-electricbicycles.com\/vi\/wp-json\/wp\/v2\/media\/1504"}],"wp:attachment":[{"href":"https:\/\/bodo-electricbicycles.com\/vi\/wp-json\/wp\/v2\/media?parent=1510"}],"wp:term":[{"taxonomy":"product_brand","embeddable":true,"href":"https:\/\/bodo-electricbicycles.com\/vi\/wp-json\/wp\/v2\/product_brand?post=1510"},{"taxonomy":"product_cat","embeddable":true,"href":"https:\/\/bodo-electricbicycles.com\/vi\/wp-json\/wp\/v2\/product_cat?post=1510"},{"taxonomy":"product_tag","embeddable":true,"href":"https:\/\/bodo-electricbicycles.com\/vi\/wp-json\/wp\/v2\/product_tag?post=1510"}],"curies":[{"name":"wp","href":"https:\/\/api.w.org\/{rel}","templated":true}]}}