{"id":1514,"date":"2026-03-28T19:18:31","date_gmt":"2026-03-28T11:18:31","guid":{"rendered":"https:\/\/bodo-electricbicycles.com\/product\/xe-mo-to-dien-dia-hinh-bodo-harley\/"},"modified":"2026-03-28T19:18:31","modified_gmt":"2026-03-28T11:18:31","slug":"xe-mo-to-dien-dia-hinh-bodo-harley","status":"publish","type":"product","link":"https:\/\/bodo-electricbicycles.com\/vi\/product\/xe-mo-to-dien-dia-hinh-bodo-harley\/","title":{"rendered":"Xe m\u00f4 t\u00f4 \u0111i\u1ec7n \u0111\u1ecba h\u00ecnh BODO-Harley"},"content":{"rendered":"<div>BODO-Harley l\u00e0 m\u1eabu xe m\u00f4 t\u00f4 \u0111i\u1ec7n \u0111\u1ecba h\u00ecnh \u0111\u1ea7y phong c\u00e1ch v\u00e0 b\u1ec1n b\u1ec9, \u0111\u01b0\u1ee3c ch\u1ebf t\u1ea1o nh\u1eb1m mang l\u1ea1i hi\u1ec7u su\u1ea5t v\u1eadn h\u00e0nh \u1ed5n \u0111\u1ecbnh c\u0169ng nh\u01b0 t\u1ed1i \u01b0u h\u00f3a hi\u1ec7u qu\u1ea3 xu\u1ea5t kh\u1ea9u th\u01b0\u01a1ng m\u1ea1i. Xe c\u00f3 k\u00edch th\u01b0\u1edbc 1750\u00d7720\u00d71200mm, chi\u1ec1u d\u00e0i c\u01a1 s\u1edf 1260mm v\u00e0 tr\u1ecdng l\u01b0\u1ee3ng kh\u00f4 69,5kg, mang l\u1ea1i kh\u1ea3 n\u0103ng \u0111i\u1ec1u khi\u1ec3n c\u00e2n b\u1eb1ng tr\u00ean \u0111a d\u1ea1ng c\u00e1c lo\u1ea1i \u0111\u1ecba h\u00ecnh. \u0110\u01b0\u1ee3c trang b\u1ecb \u0111\u1ed9ng c\u01a1 1000W s\u1eed d\u1ee5ng th\u00e9p t\u1eeb t\u00ednh 35H c\u00f9ng b\u1ed9 \u0111i\u1ec1u khi\u1ec3n 12G 40A, xe \u0111\u1ea3m b\u1ea3o kh\u1ea3 n\u0103ng cung c\u1ea5p n\u0103ng l\u01b0\u1ee3ng m\u01b0\u1ee3t m\u00e0 v\u00e0 \u0111\u00e1ng tin c\u1eady. V\u1edbi b\u1ed9 l\u1ed1p kh\u00f4ng s\u0103m k\u00edch th\u01b0\u1edbc 225\/40-10, h\u1ec7 th\u1ed1ng phu\u1ed9c tr\u01b0\u1edbc th\u1ee7y l\u1ef1c n\u00e2ng c\u1ea5p, phu\u1ed9c sau d\u1ea1ng t\u00fai kh\u00ed tam gi\u00e1c 290, k\u1ebft h\u1ee3p c\u00f9ng phanh \u0111\u0129a d\u1ea7u cho c\u1ea3 b\u00e1nh tr\u01b0\u1edbc v\u00e0 sau, xe mang l\u1ea1i s\u1ef1 tho\u1ea3i m\u00e1i v\u00e0 an to\u00e0n v\u01b0\u1ee3t tr\u1ed9i. H\u1ec7 th\u1ed1ng \u0111\u00e8n chi\u1ebfu s\u00e1ng full-LED gi\u00fap t\u0103ng c\u01b0\u1eddng t\u1ed1i \u0111a t\u1ea7m nh\u00ecn cho ng\u01b0\u1eddi l\u00e1i. Xe h\u1ed7 tr\u1ee3 s\u1eed d\u1ee5ng pin axit-ch\u00ec 48V\/60V 20Ah (c\u1ed1 \u0111\u1ecbnh) ho\u1eb7c pin lithium 60V 24Ah (c\u00f3 th\u1ec3 th\u00e1o r\u1eddi). Nh\u1edd \u00e1p d\u1ee5ng ph\u01b0\u01a1ng th\u1ee9c \u0111\u00f3ng g\u00f3i CKD\/SKD hi\u1ec7u qu\u1ea3 cao, chi\u1ebfc xe n\u00e0y \u0111\u01b0\u1ee3c thi\u1ebft k\u1ebf ho\u00e0n h\u1ea3o cho c\u00e1c \u0111\u01a1n h\u00e0ng b\u00e1n bu\u00f4n s\u1ed1 l\u01b0\u1ee3ng l\u1edbn t\u1ea1i th\u1ecb tr\u01b0\u1eddng qu\u1ed1c t\u1ebf.      <\/div>\n<div><\/div>\n","protected":false},"excerpt":{"rendered":"<p>BODO-Harley l\u00e0 m\u1eabu xe m\u00f4 t\u00f4 \u0111i\u1ec7n \u0111\u1ecba h\u00ecnh \u0111\u1ea7y phong c\u00e1ch v\u00e0 b\u1ec1n b\u1ec9, \u0111\u01b0\u1ee3c ch\u1ebf t\u1ea1o nh\u1eb1m mang [&hellip;]<\/p>\n","protected":false},"featured_media":1511,"template":"","meta":{"site-sidebar-layout":"default","site-content-layout":"","ast-site-content-layout":"default","site-content-style":"default","site-sidebar-style":"default","ast-global-header-display":"","ast-banner-title-visibility":"","ast-main-header-display":"","ast-hfb-above-header-display":"","ast-hfb-below-header-display":"","ast-hfb-mobile-header-display":"","site-post-title":"","ast-breadcrumbs-content":"","ast-featured-img":"","footer-sml-layout":"","ast-disable-related-posts":"","theme-transparent-header-meta":"default","adv-header-id-meta":"","stick-header-meta":"","header-above-stick-meta":"","header-main-stick-meta":"","header-below-stick-meta":"","astra-migrate-meta-layouts":"default","ast-page-background-enabled":"default","ast-page-background-meta":{"desktop":{"background-color":"var(--ast-global-color-5)","background-image":"","background-repeat":"repeat","background-position":"center center","background-size":"auto","background-attachment":"scroll","background-type":"","background-media":"","overlay-type":"","overlay-color":"","overlay-opacity":"","overlay-gradient":""},"tablet":{"background-color":"","background-image":"","background-repeat":"repeat","background-position":"center center","background-size":"auto","background-attachment":"scroll","background-type":"","background-media":"","overlay-type":"","overlay-color":"","overlay-opacity":"","overlay-gradient":""},"mobile":{"background-color":"","background-image":"","background-repeat":"repeat","background-position":"center center","background-size":"auto","background-attachment":"scroll","background-type":"","background-media":"","overlay-type":"","overlay-color":"","overlay-opacity":"","overlay-gradient":""}},"ast-content-background-meta":{"desktop":{"background-color":"var(--ast-global-color-4)","background-image":"","background-repeat":"repeat","background-position":"center center","background-size":"auto","background-attachment":"scroll","background-type":"","background-media":"","overlay-type":"","overlay-color":"","overlay-opacity":"","overlay-gradient":""},"tablet":{"background-color":"var(--ast-global-color-4)","background-image":"","background-repeat":"repeat","background-position":"center center","background-size":"auto","background-attachment":"scroll","background-type":"","background-media":"","overlay-type":"","overlay-color":"","overlay-opacity":"","overlay-gradient":""},"mobile":{"background-color":"var(--ast-global-color-4)","background-image":"","background-repeat":"repeat","background-position":"center center","background-size":"auto","background-attachment":"scroll","background-type":"","background-media":"","overlay-type":"","overlay-color":"","overlay-opacity":"","overlay-gradient":""}}},"product_brand":[],"product_cat":[258],"product_tag":[],"class_list":{"0":"post-1514","1":"product","2":"type-product","3":"status-publish","4":"has-post-thumbnail","6":"product_cat-xe-mo-to-dien-dia-hinh","7":"desktop-align-left","8":"tablet-align-left","9":"mobile-align-left","11":"first","12":"instock","13":"shipping-taxable","14":"product-type-simple"},"_links":{"self":[{"href":"https:\/\/bodo-electricbicycles.com\/vi\/wp-json\/wp\/v2\/product\/1514","targetHints":{"allow":["GET"]}}],"collection":[{"href":"https:\/\/bodo-electricbicycles.com\/vi\/wp-json\/wp\/v2\/product"}],"about":[{"href":"https:\/\/bodo-electricbicycles.com\/vi\/wp-json\/wp\/v2\/types\/product"}],"wp:featuredmedia":[{"embeddable":true,"href":"https:\/\/bodo-electricbicycles.com\/vi\/wp-json\/wp\/v2\/media\/1511"}],"wp:attachment":[{"href":"https:\/\/bodo-electricbicycles.com\/vi\/wp-json\/wp\/v2\/media?parent=1514"}],"wp:term":[{"taxonomy":"product_brand","embeddable":true,"href":"https:\/\/bodo-electricbicycles.com\/vi\/wp-json\/wp\/v2\/product_brand?post=1514"},{"taxonomy":"product_cat","embeddable":true,"href":"https:\/\/bodo-electricbicycles.com\/vi\/wp-json\/wp\/v2\/product_cat?post=1514"},{"taxonomy":"product_tag","embeddable":true,"href":"https:\/\/bodo-electricbicycles.com\/vi\/wp-json\/wp\/v2\/product_tag?post=1514"}],"curies":[{"name":"wp","href":"https:\/\/api.w.org\/{rel}","templated":true}]}}