{"id":1516,"date":"2026-03-28T18:07:26","date_gmt":"2026-03-28T10:07:26","guid":{"rendered":"https:\/\/bodo-electricbicycles.com\/product\/xe-mo-to-dien-dia-hinh-bodo-ywcr\/"},"modified":"2026-03-28T18:07:26","modified_gmt":"2026-03-28T10:07:26","slug":"xe-mo-to-dien-dia-hinh-bodo-ywcr","status":"publish","type":"product","link":"https:\/\/bodo-electricbicycles.com\/vi\/product\/xe-mo-to-dien-dia-hinh-bodo-ywcr\/","title":{"rendered":"Xe m\u00f4 t\u00f4 \u0111i\u1ec7n \u0111\u1ecba h\u00ecnh BODO-YWCR"},"content":{"rendered":"<p>BODO-YWCR l\u00e0 m\u1eabu xe m\u00f4 t\u00f4 \u0111i\u1ec7n \u0111\u1ecba h\u00ecnh c\u00f3 thi\u1ebft k\u1ebf nh\u1ecf g\u1ecdn v\u00e0 b\u1ec1n b\u1ec9, \u0111\u01b0\u1ee3c ch\u1ebf t\u1ea1o nh\u1eb1m \u0111\u00e1p \u1ee9ng nhu c\u1ea7u di chuy\u1ec3n linh ho\u1ea1t h\u00e0ng ng\u00e0y c\u0169ng nh\u01b0 s\u1eed d\u1ee5ng tr\u00ean c\u00e1c \u0111\u1ecba h\u00ecnh off-road nh\u1eb9. Xe c\u00f3 k\u00edch th\u01b0\u1edbc t\u1ed5ng th\u1ec3 1700 x 680 x 1060 mm, chi\u1ec1u d\u00e0i c\u01a1 s\u1edf 1175 mm v\u00e0 tr\u1ecdng l\u01b0\u1ee3ng kh\u00f4 ch\u1ec9 56,5 kg, \u0111\u1ea3m b\u1ea3o kh\u1ea3 n\u0103ng v\u1eadn h\u00e0nh linh ho\u1ea1t v\u00e0 d\u1ec5 d\u00e0ng v\u1eadn chuy\u1ec3n. Xe \u0111\u01b0\u1ee3c trang b\u1ecb l\u1ed1p kh\u00f4ng s\u0103m k\u00edch th\u01b0\u1edbc 90\/90-12, h\u1ec7 th\u1ed1ng gi\u1ea3m x\u00f3c th\u1ee7y l\u1ef1c k\u1ebft h\u1ee3p t\u00fai kh\u00ed, phanh \u0111\u0129a d\u1ea7u ph\u00eda tr\u01b0\u1edbc c\u00f9ng phanh tang tr\u1ed1ng 110 mm ph\u00eda sau, mang l\u1ea1i tr\u1ea3i nghi\u1ec7m l\u00e1i \u1ed5n \u0111\u1ecbnh v\u00e0 hi\u1ec7u su\u1ea5t phanh \u0111\u00e1ng tin c\u1eady. \u0110\u01b0\u1ee3c v\u1eadn h\u00e0nh b\u1edfi \u0111\u1ed9ng c\u01a1 c\u00f4ng su\u1ea5t 800W\u20131200W c\u00f9ng b\u1ed9 \u0111i\u1ec1u khi\u1ec3n 12 \u1ed1ng, xe t\u01b0\u01a1ng th\u00edch v\u1edbi c\u00e1c lo\u1ea1i \u1eafc quy axit-ch\u00ec (48V\/60V\/72V dung l\u01b0\u1ee3ng 20Ah\u201324Ah) v\u00e0 pin Lithium 60V 32Ah, v\u1edbi kh\u1ea3 n\u0103ng t\u01b0\u01a1ng th\u00edch \u0111i\u1ec7n \u00e1p r\u1ed9ng t\u1eeb 110V \u0111\u1ebfn 220V. \u0110\u00e8n pha LED t\u00edch h\u1ee3p c\u00f9ng h\u1ec7 th\u1ed1ng chi\u1ebfu s\u00e1ng to\u00e0n di\u1ec7n gi\u00fap n\u00e2ng cao t\u1ea7m nh\u00ecn khi di chuy\u1ec3n. V\u1edbi ph\u01b0\u01a1ng th\u1ee9c \u0111\u00f3ng g\u00f3i CKD\/SKD hi\u1ec7u qu\u1ea3, m\u1eabu xe n\u00e0y l\u00e0 l\u1ef1a ch\u1ecdn l\u00fd t\u01b0\u1edfng cho c\u00e1c ho\u1ea1t \u0111\u1ed9ng th\u01b0\u01a1ng m\u1ea1i qu\u1ed1c t\u1ebf quy m\u00f4 l\u1edbn.     <\/p>\n","protected":false},"excerpt":{"rendered":"<p>BODO-YWCR l\u00e0 m\u1eabu xe m\u00f4 t\u00f4 \u0111i\u1ec7n \u0111\u1ecba h\u00ecnh c\u00f3 thi\u1ebft k\u1ebf nh\u1ecf g\u1ecdn v\u00e0 b\u1ec1n b\u1ec9, \u0111\u01b0\u1ee3c ch\u1ebf t\u1ea1o [&hellip;]<\/p>\n","protected":false},"featured_media":1515,"template":"","meta":{"site-sidebar-layout":"default","site-content-layout":"","ast-site-content-layout":"default","site-content-style":"default","site-sidebar-style":"default","ast-global-header-display":"","ast-banner-title-visibility":"","ast-main-header-display":"","ast-hfb-above-header-display":"","ast-hfb-below-header-display":"","ast-hfb-mobile-header-display":"","site-post-title":"","ast-breadcrumbs-content":"","ast-featured-img":"","footer-sml-layout":"","ast-disable-related-posts":"","theme-transparent-header-meta":"default","adv-header-id-meta":"","stick-header-meta":"","header-above-stick-meta":"","header-main-stick-meta":"","header-below-stick-meta":"","astra-migrate-meta-layouts":"default","ast-page-background-enabled":"default","ast-page-background-meta":{"desktop":{"background-color":"var(--ast-global-color-5)","background-image":"","background-repeat":"repeat","background-position":"center center","background-size":"auto","background-attachment":"scroll","background-type":"","background-media":"","overlay-type":"","overlay-color":"","overlay-opacity":"","overlay-gradient":""},"tablet":{"background-color":"","background-image":"","background-repeat":"repeat","background-position":"center center","background-size":"auto","background-attachment":"scroll","background-type":"","background-media":"","overlay-type":"","overlay-color":"","overlay-opacity":"","overlay-gradient":""},"mobile":{"background-color":"","background-image":"","background-repeat":"repeat","background-position":"center center","background-size":"auto","background-attachment":"scroll","background-type":"","background-media":"","overlay-type":"","overlay-color":"","overlay-opacity":"","overlay-gradient":""}},"ast-content-background-meta":{"desktop":{"background-color":"var(--ast-global-color-4)","background-image":"","background-repeat":"repeat","background-position":"center center","background-size":"auto","background-attachment":"scroll","background-type":"","background-media":"","overlay-type":"","overlay-color":"","overlay-opacity":"","overlay-gradient":""},"tablet":{"background-color":"var(--ast-global-color-4)","background-image":"","background-repeat":"repeat","background-position":"center center","background-size":"auto","background-attachment":"scroll","background-type":"","background-media":"","overlay-type":"","overlay-color":"","overlay-opacity":"","overlay-gradient":""},"mobile":{"background-color":"var(--ast-global-color-4)","background-image":"","background-repeat":"repeat","background-position":"center center","background-size":"auto","background-attachment":"scroll","background-type":"","background-media":"","overlay-type":"","overlay-color":"","overlay-opacity":"","overlay-gradient":""}}},"product_brand":[],"product_cat":[258],"product_tag":[],"class_list":{"0":"post-1516","1":"product","2":"type-product","3":"status-publish","4":"has-post-thumbnail","6":"product_cat-xe-mo-to-dien-dia-hinh","7":"desktop-align-left","8":"tablet-align-left","9":"mobile-align-left","11":"first","12":"instock","13":"shipping-taxable","14":"product-type-simple"},"_links":{"self":[{"href":"https:\/\/bodo-electricbicycles.com\/vi\/wp-json\/wp\/v2\/product\/1516","targetHints":{"allow":["GET"]}}],"collection":[{"href":"https:\/\/bodo-electricbicycles.com\/vi\/wp-json\/wp\/v2\/product"}],"about":[{"href":"https:\/\/bodo-electricbicycles.com\/vi\/wp-json\/wp\/v2\/types\/product"}],"wp:featuredmedia":[{"embeddable":true,"href":"https:\/\/bodo-electricbicycles.com\/vi\/wp-json\/wp\/v2\/media\/1515"}],"wp:attachment":[{"href":"https:\/\/bodo-electricbicycles.com\/vi\/wp-json\/wp\/v2\/media?parent=1516"}],"wp:term":[{"taxonomy":"product_brand","embeddable":true,"href":"https:\/\/bodo-electricbicycles.com\/vi\/wp-json\/wp\/v2\/product_brand?post=1516"},{"taxonomy":"product_cat","embeddable":true,"href":"https:\/\/bodo-electricbicycles.com\/vi\/wp-json\/wp\/v2\/product_cat?post=1516"},{"taxonomy":"product_tag","embeddable":true,"href":"https:\/\/bodo-electricbicycles.com\/vi\/wp-json\/wp\/v2\/product_tag?post=1516"}],"curies":[{"name":"wp","href":"https:\/\/api.w.org\/{rel}","templated":true}]}}