{"id":1518,"date":"2026-03-28T17:54:48","date_gmt":"2026-03-28T09:54:48","guid":{"rendered":"https:\/\/bodo-electricbicycles.com\/product\/xe-mo-to-dien-dia-hinh-bodo-m1\/"},"modified":"2026-03-28T17:54:48","modified_gmt":"2026-03-28T09:54:48","slug":"xe-mo-to-dien-dia-hinh-bodo-m1","status":"publish","type":"product","link":"https:\/\/bodo-electricbicycles.com\/vi\/product\/xe-mo-to-dien-dia-hinh-bodo-m1\/","title":{"rendered":"Xe m\u00f4 t\u00f4 \u0111i\u1ec7n \u0111\u1ecba h\u00ecnh BODO-M1"},"content":{"rendered":"<p>BODO-M1 l\u00e0 m\u1eabu m\u00f4 t\u00f4 \u0111i\u1ec7n \u0111\u1ecba h\u00ecnh hi\u1ec7u su\u1ea5t cao, \u0111\u01b0\u1ee3c thi\u1ebft k\u1ebf chuy\u00ean bi\u1ec7t nh\u1eb1m mang l\u1ea1i c\u00f4ng su\u1ea5t m\u1ea1nh m\u1ebd c\u00f9ng kh\u1ea3 n\u0103ng v\u1eadn h\u00e0nh \u1ed5n \u0111\u1ecbnh \u1edf t\u1ed1c \u0111\u1ed9 cao. V\u1edbi k\u00edch th\u01b0\u1edbc t\u1ed5ng th\u1ec3 2130\u00d7740\u00d71000mm v\u00e0 chi\u1ec1u d\u00e0i c\u01a1 s\u1edf 1425mm, chi\u1ebfc xe mang l\u1ea1i \u0111\u1ed9 \u1ed5n \u0111\u1ecbnh v\u00e0 kh\u1ea3 n\u0103ng ki\u1ec3m so\u00e1t v\u01b0\u1ee3t tr\u1ed9i khi di chuy\u1ec3n \u1edf t\u1ed1c \u0111\u1ed9 cao. Chi\u1ec1u cao y\u00ean xe 805mm \u0111\u1ea3m b\u1ea3o t\u01b0 th\u1ebf ng\u1ed3i tho\u1ea3i m\u00e1i v\u00e0 \u0111\u1ea7y t\u1ef1 tin cho ng\u01b0\u1eddi l\u00e1i. \u0110\u01b0\u1ee3c trang b\u1ecb l\u1ed1p tr\u01b0\u1edbc k\u00edch th\u01b0\u1edbc 100\/80\u201116, l\u1ed1p sau 110\/80\u201114 c\u00f9ng h\u1ec7 th\u1ed1ng phanh \u0111\u0129a k\u00e9p, xe mang l\u1ea1i \u0111\u1ed9 b\u00e1m \u0111\u01b0\u1eddng \u0111\u00e1ng tin c\u1eady v\u00e0 kh\u1ea3 n\u0103ng phanh hi\u1ec7u qu\u1ea3 tr\u00ean m\u1ecdi \u0111\u1ecba h\u00ecnh \u0111a d\u1ea1ng. Nh\u1edd \u0111\u1ed9ng c\u01a1 c\u00f4ng su\u1ea5t 3000W, xe c\u00f3 th\u1ec3 \u0111\u1ea1t t\u1ed1c \u0111\u1ed9 t\u1ed1i \u0111a 85km\/h, mang \u0111\u1ebfn hi\u1ec7u su\u1ea5t v\u1eadn h\u00e0nh \u0111\u1ecba h\u00ecnh \u0111\u1ea7y m\u1ea1nh m\u1ebd v\u00e0 \u1ea5n t\u01b0\u1ee3ng. Xe s\u1eed d\u1ee5ng h\u1ec7 th\u1ed1ng \u0111i\u1ec7n 72V, t\u01b0\u01a1ng th\u00edch v\u1edbi c\u1ea3 \u1eafc quy axit-ch\u00ec l\u1eabn pin lithium, \u0111\u1ed3ng th\u1eddi h\u1ed7 tr\u1ee3 s\u1ea1c v\u1edbi ngu\u1ed3n \u0111i\u1ec7n t\u1eeb 110V \u0111\u1ebfn 220V; \u0111i\u1ec1u n\u00e0y khi\u1ebfn BODO-M1 tr\u1edf th\u00e0nh l\u1ef1a ch\u1ecdn l\u00fd t\u01b0\u1edfng cho nh\u1eefng t\u00edn \u0111\u1ed3 \u0111\u1ecba h\u00ecnh chuy\u00ean nghi\u1ec7p c\u0169ng nh\u01b0 \u0111\u00e1p \u1ee9ng ho\u00e0n h\u1ea3o c\u00e1c nhu c\u1ea7u v\u1eadn h\u00e0nh c\u01b0\u1eddng \u0111\u1ed9 cao.     <\/p>\n","protected":false},"excerpt":{"rendered":"<p>BODO-M1 l\u00e0 m\u1eabu m\u00f4 t\u00f4 \u0111i\u1ec7n \u0111\u1ecba h\u00ecnh hi\u1ec7u su\u1ea5t cao, \u0111\u01b0\u1ee3c thi\u1ebft k\u1ebf chuy\u00ean bi\u1ec7t nh\u1eb1m mang l\u1ea1i c\u00f4ng [&hellip;]<\/p>\n","protected":false},"featured_media":1517,"template":"","meta":{"site-sidebar-layout":"default","site-content-layout":"","ast-site-content-layout":"default","site-content-style":"default","site-sidebar-style":"default","ast-global-header-display":"","ast-banner-title-visibility":"","ast-main-header-display":"","ast-hfb-above-header-display":"","ast-hfb-below-header-display":"","ast-hfb-mobile-header-display":"","site-post-title":"","ast-breadcrumbs-content":"","ast-featured-img":"","footer-sml-layout":"","ast-disable-related-posts":"","theme-transparent-header-meta":"default","adv-header-id-meta":"","stick-header-meta":"","header-above-stick-meta":"","header-main-stick-meta":"","header-below-stick-meta":"","astra-migrate-meta-layouts":"default","ast-page-background-enabled":"default","ast-page-background-meta":{"desktop":{"background-color":"var(--ast-global-color-5)","background-image":"","background-repeat":"repeat","background-position":"center center","background-size":"auto","background-attachment":"scroll","background-type":"","background-media":"","overlay-type":"","overlay-color":"","overlay-opacity":"","overlay-gradient":""},"tablet":{"background-color":"","background-image":"","background-repeat":"repeat","background-position":"center center","background-size":"auto","background-attachment":"scroll","background-type":"","background-media":"","overlay-type":"","overlay-color":"","overlay-opacity":"","overlay-gradient":""},"mobile":{"background-color":"","background-image":"","background-repeat":"repeat","background-position":"center center","background-size":"auto","background-attachment":"scroll","background-type":"","background-media":"","overlay-type":"","overlay-color":"","overlay-opacity":"","overlay-gradient":""}},"ast-content-background-meta":{"desktop":{"background-color":"var(--ast-global-color-4)","background-image":"","background-repeat":"repeat","background-position":"center center","background-size":"auto","background-attachment":"scroll","background-type":"","background-media":"","overlay-type":"","overlay-color":"","overlay-opacity":"","overlay-gradient":""},"tablet":{"background-color":"var(--ast-global-color-4)","background-image":"","background-repeat":"repeat","background-position":"center center","background-size":"auto","background-attachment":"scroll","background-type":"","background-media":"","overlay-type":"","overlay-color":"","overlay-opacity":"","overlay-gradient":""},"mobile":{"background-color":"var(--ast-global-color-4)","background-image":"","background-repeat":"repeat","background-position":"center center","background-size":"auto","background-attachment":"scroll","background-type":"","background-media":"","overlay-type":"","overlay-color":"","overlay-opacity":"","overlay-gradient":""}}},"product_brand":[],"product_cat":[258],"product_tag":[],"class_list":{"0":"post-1518","1":"product","2":"type-product","3":"status-publish","4":"has-post-thumbnail","6":"product_cat-xe-mo-to-dien-dia-hinh","7":"desktop-align-left","8":"tablet-align-left","9":"mobile-align-left","11":"first","12":"instock","13":"shipping-taxable","14":"product-type-simple"},"_links":{"self":[{"href":"https:\/\/bodo-electricbicycles.com\/vi\/wp-json\/wp\/v2\/product\/1518","targetHints":{"allow":["GET"]}}],"collection":[{"href":"https:\/\/bodo-electricbicycles.com\/vi\/wp-json\/wp\/v2\/product"}],"about":[{"href":"https:\/\/bodo-electricbicycles.com\/vi\/wp-json\/wp\/v2\/types\/product"}],"wp:featuredmedia":[{"embeddable":true,"href":"https:\/\/bodo-electricbicycles.com\/vi\/wp-json\/wp\/v2\/media\/1517"}],"wp:attachment":[{"href":"https:\/\/bodo-electricbicycles.com\/vi\/wp-json\/wp\/v2\/media?parent=1518"}],"wp:term":[{"taxonomy":"product_brand","embeddable":true,"href":"https:\/\/bodo-electricbicycles.com\/vi\/wp-json\/wp\/v2\/product_brand?post=1518"},{"taxonomy":"product_cat","embeddable":true,"href":"https:\/\/bodo-electricbicycles.com\/vi\/wp-json\/wp\/v2\/product_cat?post=1518"},{"taxonomy":"product_tag","embeddable":true,"href":"https:\/\/bodo-electricbicycles.com\/vi\/wp-json\/wp\/v2\/product_tag?post=1518"}],"curies":[{"name":"wp","href":"https:\/\/api.w.org\/{rel}","templated":true}]}}