{"id":1520,"date":"2026-03-28T17:47:04","date_gmt":"2026-03-28T09:47:04","guid":{"rendered":"https:\/\/bodo-electricbicycles.com\/product\/xe-mo-to-dien-dia-hinh-bodo-mini\/"},"modified":"2026-03-28T17:47:04","modified_gmt":"2026-03-28T09:47:04","slug":"xe-mo-to-dien-dia-hinh-bodo-mini","status":"publish","type":"product","link":"https:\/\/bodo-electricbicycles.com\/vi\/product\/xe-mo-to-dien-dia-hinh-bodo-mini\/","title":{"rendered":"Xe m\u00f4 t\u00f4 \u0111i\u1ec7n \u0111\u1ecba h\u00ecnh BODO-MINI"},"content":{"rendered":"<p>BODO-MINI l\u00e0 m\u1eabu m\u00f4 t\u00f4 \u0111i\u1ec7n \u0111\u1ecba h\u00ecnh nh\u1ecf g\u1ecdn nh\u01b0ng \u0111\u1ea7y m\u1ea1nh m\u1ebd, \u0111\u01b0\u1ee3c thi\u1ebft k\u1ebf nh\u1eb1m mang l\u1ea1i hi\u1ec7u su\u1ea5t v\u1eadn h\u00e0nh linh ho\u1ea1t v\u00e0 kh\u1ea3 n\u0103ng th\u00edch \u1ee9ng \u0111a d\u1ea1ng v\u1edbi nhi\u1ec1u \u0111i\u1ec1u ki\u1ec7n l\u00e1i kh\u00e1c nhau. Xe s\u1edf h\u1eefu k\u00edch th\u01b0\u1edbc khung 1970\u00d7760\u00d71300mm c\u00f9ng chi\u1ec1u d\u00e0i c\u01a1 s\u1edf 1350mm, \u0111\u1ea3m b\u1ea3o kh\u1ea3 n\u0103ng x\u1eed l\u00fd \u1ed5n \u0111\u1ecbnh v\u00e0 kh\u1ea3 n\u0103ng ki\u1ec3m so\u00e1t c\u00e2n b\u1eb1ng ngay c\u1ea3 tr\u00ean nh\u1eefng \u0111\u1ecba h\u00ecnh g\u1ed3 gh\u1ec1. Chi\u1ec1u cao y\u00ean 800mm mang l\u1ea1i t\u01b0 th\u1ebf ng\u1ed3i th\u1eb3ng l\u01b0ng, tho\u1ea3i m\u00e1i, gi\u00fap ng\u01b0\u1eddi l\u00e1i d\u1ec5 ch\u1ecbu ngay c\u1ea3 khi v\u1eadn h\u00e0nh xe trong th\u1eddi gian d\u00e0i. \u0110\u01b0\u1ee3c trang b\u1ecb l\u1ed1p 120\/70-12 c\u00f9ng h\u1ec7 th\u1ed1ng phanh \u0111\u0129a tr\u01b0\u1edbc v\u00e0 sau, xe cung c\u1ea5p \u0111\u1ed9 b\u00e1m \u0111\u01b0\u1eddng v\u1eefng ch\u1eafc v\u00e0 l\u1ef1c h\u00e3m \u1ed5n \u0111\u1ecbnh trong m\u1ecdi \u0111i\u1ec1u ki\u1ec7n v\u1eadn h\u00e0nh. Nh\u1edd \u0111\u1ed9ng c\u01a1 c\u00f4ng su\u1ea5t 2000W, xe c\u00f3 th\u1ec3 \u0111\u1ea1t t\u1ed1c \u0111\u1ed9 t\u1ed1i \u0111a 70km\/h v\u1edbi kh\u1ea3 n\u0103ng truy\u1ec1n t\u1ea3i n\u0103ng l\u01b0\u1ee3ng m\u01b0\u1ee3t m\u00e0. Xe t\u01b0\u01a1ng th\u00edch v\u1edbi c\u1ea3 \u1eafc quy axit-ch\u00ec 60V\/72V ho\u1eb7c pin lithium, \u0111\u1ed3ng th\u1eddi h\u1ed7 tr\u1ee3 s\u1ea1c v\u1edbi ngu\u1ed3n \u0111i\u1ec7n t\u1eeb 110V \u0111\u1ebfn 220V, gi\u00fap xe tr\u1edf n\u00ean c\u1ef1c k\u1ef3 linh ho\u1ea1t v\u00e0 ph\u00f9 h\u1ee3p v\u1edbi ng\u01b0\u1eddi d\u00f9ng tr\u00ean to\u00e0n c\u1ea7u. M\u1eabu xe n\u00e0y l\u00e0 s\u1ef1 k\u1ebft h\u1ee3p ho\u00e0n h\u1ea3o gi\u1eefa \u0111\u1ed9 b\u1ec1n b\u1ec9, hi\u1ec7u su\u1ea5t v\u1eadn h\u00e0nh v\u00e0 t\u00ednh c\u01a1 \u0111\u1ed9ng, \u0111\u00e1p \u1ee9ng t\u1ed1t c\u1ea3 nhu c\u1ea7u kh\u00e1m ph\u00e1 \u0111\u1ecba h\u00ecnh l\u1eabn vi\u1ec7c di chuy\u1ec3n h\u00e0ng ng\u00e0y.      <\/p>\n","protected":false},"excerpt":{"rendered":"<p>BODO-MINI l\u00e0 m\u1eabu m\u00f4 t\u00f4 \u0111i\u1ec7n \u0111\u1ecba h\u00ecnh nh\u1ecf g\u1ecdn nh\u01b0ng \u0111\u1ea7y m\u1ea1nh m\u1ebd, \u0111\u01b0\u1ee3c thi\u1ebft k\u1ebf nh\u1eb1m mang l\u1ea1i [&hellip;]<\/p>\n","protected":false},"featured_media":1519,"template":"","meta":{"site-sidebar-layout":"default","site-content-layout":"","ast-site-content-layout":"default","site-content-style":"default","site-sidebar-style":"default","ast-global-header-display":"","ast-banner-title-visibility":"","ast-main-header-display":"","ast-hfb-above-header-display":"","ast-hfb-below-header-display":"","ast-hfb-mobile-header-display":"","site-post-title":"","ast-breadcrumbs-content":"","ast-featured-img":"","footer-sml-layout":"","ast-disable-related-posts":"","theme-transparent-header-meta":"default","adv-header-id-meta":"","stick-header-meta":"","header-above-stick-meta":"","header-main-stick-meta":"","header-below-stick-meta":"","astra-migrate-meta-layouts":"default","ast-page-background-enabled":"default","ast-page-background-meta":{"desktop":{"background-color":"var(--ast-global-color-5)","background-image":"","background-repeat":"repeat","background-position":"center center","background-size":"auto","background-attachment":"scroll","background-type":"","background-media":"","overlay-type":"","overlay-color":"","overlay-opacity":"","overlay-gradient":""},"tablet":{"background-color":"","background-image":"","background-repeat":"repeat","background-position":"center center","background-size":"auto","background-attachment":"scroll","background-type":"","background-media":"","overlay-type":"","overlay-color":"","overlay-opacity":"","overlay-gradient":""},"mobile":{"background-color":"","background-image":"","background-repeat":"repeat","background-position":"center center","background-size":"auto","background-attachment":"scroll","background-type":"","background-media":"","overlay-type":"","overlay-color":"","overlay-opacity":"","overlay-gradient":""}},"ast-content-background-meta":{"desktop":{"background-color":"var(--ast-global-color-4)","background-image":"","background-repeat":"repeat","background-position":"center center","background-size":"auto","background-attachment":"scroll","background-type":"","background-media":"","overlay-type":"","overlay-color":"","overlay-opacity":"","overlay-gradient":""},"tablet":{"background-color":"var(--ast-global-color-4)","background-image":"","background-repeat":"repeat","background-position":"center center","background-size":"auto","background-attachment":"scroll","background-type":"","background-media":"","overlay-type":"","overlay-color":"","overlay-opacity":"","overlay-gradient":""},"mobile":{"background-color":"var(--ast-global-color-4)","background-image":"","background-repeat":"repeat","background-position":"center center","background-size":"auto","background-attachment":"scroll","background-type":"","background-media":"","overlay-type":"","overlay-color":"","overlay-opacity":"","overlay-gradient":""}}},"product_brand":[],"product_cat":[258],"product_tag":[],"class_list":{"0":"post-1520","1":"product","2":"type-product","3":"status-publish","4":"has-post-thumbnail","6":"product_cat-xe-mo-to-dien-dia-hinh","7":"desktop-align-left","8":"tablet-align-left","9":"mobile-align-left","11":"first","12":"instock","13":"shipping-taxable","14":"product-type-simple"},"_links":{"self":[{"href":"https:\/\/bodo-electricbicycles.com\/vi\/wp-json\/wp\/v2\/product\/1520","targetHints":{"allow":["GET"]}}],"collection":[{"href":"https:\/\/bodo-electricbicycles.com\/vi\/wp-json\/wp\/v2\/product"}],"about":[{"href":"https:\/\/bodo-electricbicycles.com\/vi\/wp-json\/wp\/v2\/types\/product"}],"wp:featuredmedia":[{"embeddable":true,"href":"https:\/\/bodo-electricbicycles.com\/vi\/wp-json\/wp\/v2\/media\/1519"}],"wp:attachment":[{"href":"https:\/\/bodo-electricbicycles.com\/vi\/wp-json\/wp\/v2\/media?parent=1520"}],"wp:term":[{"taxonomy":"product_brand","embeddable":true,"href":"https:\/\/bodo-electricbicycles.com\/vi\/wp-json\/wp\/v2\/product_brand?post=1520"},{"taxonomy":"product_cat","embeddable":true,"href":"https:\/\/bodo-electricbicycles.com\/vi\/wp-json\/wp\/v2\/product_cat?post=1520"},{"taxonomy":"product_tag","embeddable":true,"href":"https:\/\/bodo-electricbicycles.com\/vi\/wp-json\/wp\/v2\/product_tag?post=1520"}],"curies":[{"name":"wp","href":"https:\/\/api.w.org\/{rel}","templated":true}]}}