{"id":1522,"date":"2026-03-28T17:43:12","date_gmt":"2026-03-28T09:43:12","guid":{"rendered":"https:\/\/bodo-electricbicycles.com\/product\/xe-mo-to-dien-dia-hinh-bodo-jch2\/"},"modified":"2026-03-28T17:43:12","modified_gmt":"2026-03-28T09:43:12","slug":"xe-mo-to-dien-dia-hinh-bodo-jch2","status":"publish","type":"product","link":"https:\/\/bodo-electricbicycles.com\/vi\/product\/xe-mo-to-dien-dia-hinh-bodo-jch2\/","title":{"rendered":"Xe m\u00f4 t\u00f4 \u0111i\u1ec7n \u0111\u1ecba h\u00ecnh BODO-JCH2"},"content":{"rendered":"<p>BODO-JCH2 l\u00e0 m\u1eabu xe m\u00f4 t\u00f4 \u0111i\u1ec7n \u0111\u1ecba h\u00ecnh hi\u1ec7u su\u1ea5t cao, \u0111\u01b0\u1ee3c thi\u1ebft k\u1ebf nh\u1eb1m mang l\u1ea1i kh\u1ea3 n\u0103ng v\u1eadn h\u00e0nh \u1ed5n \u0111\u1ecbnh v\u00e0 n\u0103ng l\u1ef1c v\u01b0\u1ee3t \u0111\u1ecba h\u00ecnh m\u1ea1nh m\u1ebd. Xe s\u1edf h\u1eefu k\u00edch th\u01b0\u1edbc t\u1ed5ng th\u1ec3 1970\u00d7760\u00d71300mm c\u00f9ng chi\u1ec1u d\u00e0i c\u01a1 s\u1edf 1350mm, mang l\u1ea1i s\u1ef1 \u1ed5n \u0111\u1ecbnh v\u01b0\u1ee3t tr\u1ed9i khi di chuy\u1ec3n tr\u00ean c\u00e1c b\u1ec1 m\u1eb7t g\u1ed3 gh\u1ec1. Chi\u1ec1u cao y\u00ean 800mm t\u1ea1o t\u01b0 th\u1ebf ng\u1ed3i v\u1eefng v\u00e0ng, ph\u00f9 h\u1ee3p v\u1edbi nhi\u1ec1u \u0111\u1ed1i t\u01b0\u1ee3ng ng\u01b0\u1eddi d\u00f9ng kh\u00e1c nhau. \u0110\u01b0\u1ee3c trang b\u1ecb l\u1ed1p tr\u01b0\u1edbc v\u00e0 sau k\u00edch th\u01b0\u1edbc 120\/70-12 c\u00f9ng h\u1ec7 th\u1ed1ng phanh \u0111\u0129a k\u00e9p, xe \u0111\u1ea3m b\u1ea3o \u0111\u1ed9 b\u00e1m \u0111\u01b0\u1eddng tin c\u1eady v\u00e0 hi\u1ec7u su\u1ea5t phanh an to\u00e0n. S\u1eed d\u1ee5ng \u0111\u1ed9ng c\u01a1 2000W, xe c\u00f3 th\u1ec3 \u0111\u1ea1t t\u1ed1c \u0111\u1ed9 t\u1ed1i \u0111a 70km\/h v\u1edbi kh\u1ea3 n\u0103ng cung c\u1ea5p n\u0103ng l\u01b0\u1ee3ng \u1ed5n \u0111\u1ecbnh. Xe t\u01b0\u01a1ng th\u00edch v\u1edbi c\u1ea3 hai lo\u1ea1i \u1eafc quy: \u1eafc quy axit-ch\u00ec v\u00e0 pin Lithium (60V\/72V), \u0111\u1ed3ng th\u1eddi h\u1ed7 tr\u1ee3 d\u1ea3i \u0111i\u1ec7n \u00e1p s\u1ea1c r\u1ed9ng t\u1eeb 110V \u0111\u1ebfn 220V. M\u1eabu xe n\u00e0y l\u00e0 s\u1ef1 k\u1ebft h\u1ee3p h\u00e0i h\u00f2a gi\u1eefa c\u1ea5u tr\u00fac ch\u1eafc ch\u1eafn, s\u1ee9c m\u1ea1nh v\u01b0\u1ee3t tr\u1ed9i v\u00e0 s\u1ef1 tho\u1ea3i m\u00e1i khi v\u1eadn h\u00e0nh, khi\u1ebfn n\u00f3 tr\u1edf th\u00e0nh l\u1ef1a ch\u1ecdn l\u00fd t\u01b0\u1edfng cho c\u1ea3 nh\u1eefng chuy\u1ebfn phi\u00eau l\u01b0u \u0111\u1ecba h\u00ecnh l\u1eabn nhu c\u1ea7u di chuy\u1ec3n h\u00e0ng ng\u00e0y.      <\/p>\n","protected":false},"excerpt":{"rendered":"<p>BODO-JCH2 l\u00e0 m\u1eabu xe m\u00f4 t\u00f4 \u0111i\u1ec7n \u0111\u1ecba h\u00ecnh hi\u1ec7u su\u1ea5t cao, \u0111\u01b0\u1ee3c thi\u1ebft k\u1ebf nh\u1eb1m mang l\u1ea1i kh\u1ea3 n\u0103ng [&hellip;]<\/p>\n","protected":false},"featured_media":1521,"template":"","meta":{"site-sidebar-layout":"default","site-content-layout":"","ast-site-content-layout":"default","site-content-style":"default","site-sidebar-style":"default","ast-global-header-display":"","ast-banner-title-visibility":"","ast-main-header-display":"","ast-hfb-above-header-display":"","ast-hfb-below-header-display":"","ast-hfb-mobile-header-display":"","site-post-title":"","ast-breadcrumbs-content":"","ast-featured-img":"","footer-sml-layout":"","ast-disable-related-posts":"","theme-transparent-header-meta":"default","adv-header-id-meta":"","stick-header-meta":"","header-above-stick-meta":"","header-main-stick-meta":"","header-below-stick-meta":"","astra-migrate-meta-layouts":"default","ast-page-background-enabled":"default","ast-page-background-meta":{"desktop":{"background-color":"var(--ast-global-color-5)","background-image":"","background-repeat":"repeat","background-position":"center center","background-size":"auto","background-attachment":"scroll","background-type":"","background-media":"","overlay-type":"","overlay-color":"","overlay-opacity":"","overlay-gradient":""},"tablet":{"background-color":"","background-image":"","background-repeat":"repeat","background-position":"center center","background-size":"auto","background-attachment":"scroll","background-type":"","background-media":"","overlay-type":"","overlay-color":"","overlay-opacity":"","overlay-gradient":""},"mobile":{"background-color":"","background-image":"","background-repeat":"repeat","background-position":"center center","background-size":"auto","background-attachment":"scroll","background-type":"","background-media":"","overlay-type":"","overlay-color":"","overlay-opacity":"","overlay-gradient":""}},"ast-content-background-meta":{"desktop":{"background-color":"var(--ast-global-color-4)","background-image":"","background-repeat":"repeat","background-position":"center center","background-size":"auto","background-attachment":"scroll","background-type":"","background-media":"","overlay-type":"","overlay-color":"","overlay-opacity":"","overlay-gradient":""},"tablet":{"background-color":"var(--ast-global-color-4)","background-image":"","background-repeat":"repeat","background-position":"center center","background-size":"auto","background-attachment":"scroll","background-type":"","background-media":"","overlay-type":"","overlay-color":"","overlay-opacity":"","overlay-gradient":""},"mobile":{"background-color":"var(--ast-global-color-4)","background-image":"","background-repeat":"repeat","background-position":"center center","background-size":"auto","background-attachment":"scroll","background-type":"","background-media":"","overlay-type":"","overlay-color":"","overlay-opacity":"","overlay-gradient":""}}},"product_brand":[],"product_cat":[258],"product_tag":[],"class_list":{"0":"post-1522","1":"product","2":"type-product","3":"status-publish","4":"has-post-thumbnail","6":"product_cat-xe-mo-to-dien-dia-hinh","7":"desktop-align-left","8":"tablet-align-left","9":"mobile-align-left","11":"first","12":"instock","13":"shipping-taxable","14":"product-type-simple"},"_links":{"self":[{"href":"https:\/\/bodo-electricbicycles.com\/vi\/wp-json\/wp\/v2\/product\/1522","targetHints":{"allow":["GET"]}}],"collection":[{"href":"https:\/\/bodo-electricbicycles.com\/vi\/wp-json\/wp\/v2\/product"}],"about":[{"href":"https:\/\/bodo-electricbicycles.com\/vi\/wp-json\/wp\/v2\/types\/product"}],"wp:featuredmedia":[{"embeddable":true,"href":"https:\/\/bodo-electricbicycles.com\/vi\/wp-json\/wp\/v2\/media\/1521"}],"wp:attachment":[{"href":"https:\/\/bodo-electricbicycles.com\/vi\/wp-json\/wp\/v2\/media?parent=1522"}],"wp:term":[{"taxonomy":"product_brand","embeddable":true,"href":"https:\/\/bodo-electricbicycles.com\/vi\/wp-json\/wp\/v2\/product_brand?post=1522"},{"taxonomy":"product_cat","embeddable":true,"href":"https:\/\/bodo-electricbicycles.com\/vi\/wp-json\/wp\/v2\/product_cat?post=1522"},{"taxonomy":"product_tag","embeddable":true,"href":"https:\/\/bodo-electricbicycles.com\/vi\/wp-json\/wp\/v2\/product_tag?post=1522"}],"curies":[{"name":"wp","href":"https:\/\/api.w.org\/{rel}","templated":true}]}}