{"id":1524,"date":"2026-03-28T17:37:03","date_gmt":"2026-03-28T09:37:03","guid":{"rendered":"https:\/\/bodo-electricbicycles.com\/product\/xe-mo-to-dien-dia-hinh-bodo-ws4\/"},"modified":"2026-03-28T17:37:03","modified_gmt":"2026-03-28T09:37:03","slug":"xe-mo-to-dien-dia-hinh-bodo-ws4","status":"publish","type":"product","link":"https:\/\/bodo-electricbicycles.com\/vi\/product\/xe-mo-to-dien-dia-hinh-bodo-ws4\/","title":{"rendered":"Xe m\u00f4 t\u00f4 \u0111i\u1ec7n \u0111\u1ecba h\u00ecnh BODO-WS4"},"content":{"rendered":"<div>BODO-WS4 l\u00e0 m\u1eabu xe m\u00f4 t\u00f4 \u0111i\u1ec7n \u0111\u1ecba h\u00ecnh b\u1ec1n b\u1ec9 v\u00e0 \u0111a n\u0103ng, \u0111\u01b0\u1ee3c thi\u1ebft k\u1ebf \u0111\u1ec3 ph\u1ee5c v\u1ee5 c\u1ea3 nhu c\u1ea7u kh\u00e1m ph\u00e1 \u0111\u1ecba h\u00ecnh l\u1eabn di chuy\u1ec3n trong \u0111\u00f4 th\u1ecb. Xe c\u00f3 k\u00edch th\u01b0\u1edbc t\u1ed5ng th\u1ec3 1850 x 680 x 1250 mm c\u00f9ng chi\u1ec1u d\u00e0i c\u01a1 s\u1edf 1340 mm, mang l\u1ea1i kh\u1ea3 n\u0103ng v\u1eadn h\u00e0nh \u1ed5n \u0111\u1ecbnh v\u00e0 tr\u1ea3i nghi\u1ec7m l\u00e1i \u0111\u1ea7y t\u1ef1 tin. \u0110\u01b0\u1ee3c trang b\u1ecb l\u1ed1p tr\u01b0\u1edbc v\u00e0 sau k\u00edch th\u01b0\u1edbc 120\/70-12 c\u00f9ng h\u1ec7 th\u1ed1ng phanh \u0111\u0129a cho c\u1ea3 hai b\u00e1nh, xe \u0111\u1ea3m b\u1ea3o \u0111\u1ed9 b\u00e1m \u0111\u01b0\u1eddng t\u1ed1i \u01b0u v\u00e0 hi\u1ec7u su\u1ea5t phanh \u0111\u00e1ng tin c\u1eady tr\u00ean m\u1ecdi \u0111i\u1ec1u ki\u1ec7n m\u1eb7t \u0111\u01b0\u1eddng kh\u00e1c nhau. V\u1edbi \u0111\u1ed9ng c\u01a1 c\u00f4ng su\u1ea5t 2000W, xe c\u00f3 th\u1ec3 \u0111\u1ea1t t\u1ed1c \u0111\u1ed9 t\u1ed1i \u0111a 70 km\/h c\u00f9ng kh\u1ea3 n\u0103ng ph\u00e2n ph\u1ed1i l\u1ef1c k\u00e9o m\u01b0\u1ee3t m\u00e0. Xe t\u01b0\u01a1ng th\u00edch v\u1edbi c\u00e1c lo\u1ea1i \u1eafc quy axit-ch\u00ec ho\u1eb7c pin Lithium 60V\/72V v\u00e0 h\u1ed7 tr\u1ee3 s\u1ea1c v\u1edbi ngu\u1ed3n \u0111i\u1ec7n \u00e1p t\u1eeb 110V \u0111\u1ebfn 220V. Chi\u1ec1u cao y\u00ean 790 mm mang l\u1ea1i t\u01b0 th\u1ebf ng\u1ed3i tho\u1ea3i m\u00e1i v\u00e0 t\u1ed1i \u01b0u v\u1ec1 m\u1eb7t c\u00f4ng th\u00e1i h\u1ecdc, bi\u1ebfn m\u1eabu xe n\u00e0y tr\u1edf th\u00e0nh m\u1ed9t l\u1ef1a ch\u1ecdn thi\u1ebft th\u1ef1c v\u00e0 b\u1ec1n b\u1ec9 d\u00e0nh cho nh\u1eefng ng\u01b0\u1eddi l\u00e1i \u0111ang t\u00ecm ki\u1ebfm s\u1ef1 c\u00e2n b\u1eb1ng ho\u00e0n h\u1ea3o v\u1ec1 hi\u1ec7u su\u1ea5t v\u1eadn h\u00e0nh.     <\/div>\n<div><\/div>\n","protected":false},"excerpt":{"rendered":"<p>BODO-WS4 l\u00e0 m\u1eabu xe m\u00f4 t\u00f4 \u0111i\u1ec7n \u0111\u1ecba h\u00ecnh b\u1ec1n b\u1ec9 v\u00e0 \u0111a n\u0103ng, \u0111\u01b0\u1ee3c thi\u1ebft k\u1ebf \u0111\u1ec3 ph\u1ee5c v\u1ee5 [&hellip;]<\/p>\n","protected":false},"featured_media":1523,"template":"","meta":{"site-sidebar-layout":"default","site-content-layout":"","ast-site-content-layout":"default","site-content-style":"default","site-sidebar-style":"default","ast-global-header-display":"","ast-banner-title-visibility":"","ast-main-header-display":"","ast-hfb-above-header-display":"","ast-hfb-below-header-display":"","ast-hfb-mobile-header-display":"","site-post-title":"","ast-breadcrumbs-content":"","ast-featured-img":"","footer-sml-layout":"","ast-disable-related-posts":"","theme-transparent-header-meta":"default","adv-header-id-meta":"","stick-header-meta":"","header-above-stick-meta":"","header-main-stick-meta":"","header-below-stick-meta":"","astra-migrate-meta-layouts":"default","ast-page-background-enabled":"default","ast-page-background-meta":{"desktop":{"background-color":"var(--ast-global-color-5)","background-image":"","background-repeat":"repeat","background-position":"center center","background-size":"auto","background-attachment":"scroll","background-type":"","background-media":"","overlay-type":"","overlay-color":"","overlay-opacity":"","overlay-gradient":""},"tablet":{"background-color":"","background-image":"","background-repeat":"repeat","background-position":"center center","background-size":"auto","background-attachment":"scroll","background-type":"","background-media":"","overlay-type":"","overlay-color":"","overlay-opacity":"","overlay-gradient":""},"mobile":{"background-color":"","background-image":"","background-repeat":"repeat","background-position":"center center","background-size":"auto","background-attachment":"scroll","background-type":"","background-media":"","overlay-type":"","overlay-color":"","overlay-opacity":"","overlay-gradient":""}},"ast-content-background-meta":{"desktop":{"background-color":"var(--ast-global-color-4)","background-image":"","background-repeat":"repeat","background-position":"center center","background-size":"auto","background-attachment":"scroll","background-type":"","background-media":"","overlay-type":"","overlay-color":"","overlay-opacity":"","overlay-gradient":""},"tablet":{"background-color":"var(--ast-global-color-4)","background-image":"","background-repeat":"repeat","background-position":"center center","background-size":"auto","background-attachment":"scroll","background-type":"","background-media":"","overlay-type":"","overlay-color":"","overlay-opacity":"","overlay-gradient":""},"mobile":{"background-color":"var(--ast-global-color-4)","background-image":"","background-repeat":"repeat","background-position":"center center","background-size":"auto","background-attachment":"scroll","background-type":"","background-media":"","overlay-type":"","overlay-color":"","overlay-opacity":"","overlay-gradient":""}}},"product_brand":[],"product_cat":[258],"product_tag":[],"class_list":{"0":"post-1524","1":"product","2":"type-product","3":"status-publish","4":"has-post-thumbnail","6":"product_cat-xe-mo-to-dien-dia-hinh","7":"desktop-align-left","8":"tablet-align-left","9":"mobile-align-left","11":"first","12":"instock","13":"shipping-taxable","14":"product-type-simple"},"_links":{"self":[{"href":"https:\/\/bodo-electricbicycles.com\/vi\/wp-json\/wp\/v2\/product\/1524","targetHints":{"allow":["GET"]}}],"collection":[{"href":"https:\/\/bodo-electricbicycles.com\/vi\/wp-json\/wp\/v2\/product"}],"about":[{"href":"https:\/\/bodo-electricbicycles.com\/vi\/wp-json\/wp\/v2\/types\/product"}],"wp:featuredmedia":[{"embeddable":true,"href":"https:\/\/bodo-electricbicycles.com\/vi\/wp-json\/wp\/v2\/media\/1523"}],"wp:attachment":[{"href":"https:\/\/bodo-electricbicycles.com\/vi\/wp-json\/wp\/v2\/media?parent=1524"}],"wp:term":[{"taxonomy":"product_brand","embeddable":true,"href":"https:\/\/bodo-electricbicycles.com\/vi\/wp-json\/wp\/v2\/product_brand?post=1524"},{"taxonomy":"product_cat","embeddable":true,"href":"https:\/\/bodo-electricbicycles.com\/vi\/wp-json\/wp\/v2\/product_cat?post=1524"},{"taxonomy":"product_tag","embeddable":true,"href":"https:\/\/bodo-electricbicycles.com\/vi\/wp-json\/wp\/v2\/product_tag?post=1524"}],"curies":[{"name":"wp","href":"https:\/\/api.w.org\/{rel}","templated":true}]}}