{"id":1526,"date":"2026-03-28T13:24:45","date_gmt":"2026-03-28T05:24:45","guid":{"rendered":"https:\/\/bodo-electricbicycles.com\/product\/xe-mo-to-dien-dia-hinh-bodo-tk1\/"},"modified":"2026-03-28T13:24:45","modified_gmt":"2026-03-28T05:24:45","slug":"xe-mo-to-dien-dia-hinh-bodo-tk1","status":"publish","type":"product","link":"https:\/\/bodo-electricbicycles.com\/vi\/product\/xe-mo-to-dien-dia-hinh-bodo-tk1\/","title":{"rendered":"Xe m\u00f4 t\u00f4 \u0111i\u1ec7n \u0111\u1ecba h\u00ecnh BODO-TK1"},"content":{"rendered":"<p>BODO-TK1 l\u00e0 m\u1eabu m\u00f4 t\u00f4 \u0111i\u1ec7n \u0111\u1ecba h\u00ecnh hi\u1ec7u su\u1ea5t cao, \u0111\u01b0\u1ee3c thi\u1ebft k\u1ebf chuy\u00ean bi\u1ec7t nh\u1eb1m \u0111\u00e1p \u1ee9ng c\u1ea3 nhu c\u1ea7u phi\u00eau l\u01b0u l\u1eabn t\u00ednh th\u1ef1c d\u1ee5ng trong s\u1eed d\u1ee5ng h\u00e0ng ng\u00e0y. V\u1edbi k\u00edch th\u01b0\u1edbc t\u1ed5ng th\u1ec3 1930\u00d7720\u00d71230mm v\u00e0 chi\u1ec1u d\u00e0i c\u01a1 s\u1edf 1350mm, xe mang l\u1ea1i kh\u1ea3 n\u0103ng v\u1eadn h\u00e0nh \u1ed5n \u0111\u1ecbnh; \u0111\u1eb7c bi\u1ec7t, chi\u1ec1u cao y\u00ean xe 790mm \u0111\u01b0\u1ee3c thi\u1ebft k\u1ebf c\u00f4ng th\u00e1i h\u1ecdc gi\u00fap ng\u01b0\u1eddi l\u00e1i c\u00f3 t\u01b0 th\u1ebf ng\u1ed3i v\u1eefng v\u00e0ng v\u00e0 t\u1ef1 tin. \u0110\u01b0\u1ee3c trang b\u1ecb l\u1ed1p tr\u01b0\u1edbc v\u00e0 sau k\u00edch th\u01b0\u1edbc 120\/70-12 c\u00f9ng h\u1ec7 th\u1ed1ng phanh \u0111\u0129a k\u00e9p, xe \u0111\u1ea3m b\u1ea3o \u0111\u1ed9 b\u00e1m \u0111\u01b0\u1eddng t\u1ed1i \u01b0u v\u00e0 l\u1ef1c phanh ch\u00ednh x\u00e1c ngay c\u1ea3 tr\u00ean nh\u1eefng \u0111\u1ecba h\u00ecnh hi\u1ec3m tr\u1edf. Nh\u1edd \u0111\u1ed9ng c\u01a1 \u0111\u1ecbnh m\u1ee9c c\u00f4ng su\u1ea5t 2000W, xe c\u00f3 th\u1ec3 \u0111\u1ea1t t\u1ed1c \u0111\u1ed9 t\u1ed1i \u0111a 70km\/h, mang l\u1ea1i kh\u1ea3 n\u0103ng t\u0103ng t\u1ed1c m\u1ea1nh m\u1ebd v\u00e0 \u00eam \u00e1i. V\u1edbi kh\u1ea3 n\u0103ng t\u01b0\u01a1ng th\u00edch v\u1edbi c\u1ea3 \u1eafc quy axit-ch\u00ec ho\u1eb7c pin lithium 60V\/72V, c\u00f9ng kh\u1ea3 n\u0103ng s\u1ea1c linh ho\u1ea1t v\u1edbi ngu\u1ed3n \u0111i\u1ec7n 110V-220V, chi\u1ebfc xe n\u00e0y t\u1ea1o n\u00ean s\u1ef1 c\u00e2n b\u1eb1ng ho\u00e0n h\u1ea3o gi\u1eefa hi\u1ec7u su\u1ea5t v\u1eadn h\u00e0nh v\u00e0 s\u1ef1 ti\u1ec7n l\u1ee3i trong vi\u1ec7c s\u1ea1c pin. BODO-TK1 l\u00e0 s\u1ef1 k\u1ebft h\u1ee3p gi\u1eefa \u0111\u1ed9 b\u1ec1n b\u1ec9, c\u1ee9ng c\u00e1p v\u00e0 t\u00ednh \u0111a d\u1ee5ng linh ho\u1ea1t, tr\u1edf th\u00e0nh l\u1ef1a ch\u1ecdn l\u00fd t\u01b0\u1edfng cho c\u1ea3 nh\u1eefng t\u00edn \u0111\u1ed3 \u0111am m\u00ea off-road l\u1eabn nh\u1eefng ng\u01b0\u1eddi s\u1eed d\u1ee5ng xe \u0111\u1ec3 di chuy\u1ec3n h\u00e0ng ng\u00e0y.     <\/p>\n","protected":false},"excerpt":{"rendered":"<p>BODO-TK1 l\u00e0 m\u1eabu m\u00f4 t\u00f4 \u0111i\u1ec7n \u0111\u1ecba h\u00ecnh hi\u1ec7u su\u1ea5t cao, \u0111\u01b0\u1ee3c thi\u1ebft k\u1ebf chuy\u00ean bi\u1ec7t nh\u1eb1m \u0111\u00e1p \u1ee9ng c\u1ea3 [&hellip;]<\/p>\n","protected":false},"featured_media":1525,"template":"","meta":{"site-sidebar-layout":"default","site-content-layout":"","ast-site-content-layout":"default","site-content-style":"default","site-sidebar-style":"default","ast-global-header-display":"","ast-banner-title-visibility":"","ast-main-header-display":"","ast-hfb-above-header-display":"","ast-hfb-below-header-display":"","ast-hfb-mobile-header-display":"","site-post-title":"","ast-breadcrumbs-content":"","ast-featured-img":"","footer-sml-layout":"","ast-disable-related-posts":"","theme-transparent-header-meta":"default","adv-header-id-meta":"","stick-header-meta":"","header-above-stick-meta":"","header-main-stick-meta":"","header-below-stick-meta":"","astra-migrate-meta-layouts":"default","ast-page-background-enabled":"default","ast-page-background-meta":{"desktop":{"background-color":"var(--ast-global-color-5)","background-image":"","background-repeat":"repeat","background-position":"center center","background-size":"auto","background-attachment":"scroll","background-type":"","background-media":"","overlay-type":"","overlay-color":"","overlay-opacity":"","overlay-gradient":""},"tablet":{"background-color":"","background-image":"","background-repeat":"repeat","background-position":"center center","background-size":"auto","background-attachment":"scroll","background-type":"","background-media":"","overlay-type":"","overlay-color":"","overlay-opacity":"","overlay-gradient":""},"mobile":{"background-color":"","background-image":"","background-repeat":"repeat","background-position":"center center","background-size":"auto","background-attachment":"scroll","background-type":"","background-media":"","overlay-type":"","overlay-color":"","overlay-opacity":"","overlay-gradient":""}},"ast-content-background-meta":{"desktop":{"background-color":"var(--ast-global-color-4)","background-image":"","background-repeat":"repeat","background-position":"center center","background-size":"auto","background-attachment":"scroll","background-type":"","background-media":"","overlay-type":"","overlay-color":"","overlay-opacity":"","overlay-gradient":""},"tablet":{"background-color":"var(--ast-global-color-4)","background-image":"","background-repeat":"repeat","background-position":"center center","background-size":"auto","background-attachment":"scroll","background-type":"","background-media":"","overlay-type":"","overlay-color":"","overlay-opacity":"","overlay-gradient":""},"mobile":{"background-color":"var(--ast-global-color-4)","background-image":"","background-repeat":"repeat","background-position":"center center","background-size":"auto","background-attachment":"scroll","background-type":"","background-media":"","overlay-type":"","overlay-color":"","overlay-opacity":"","overlay-gradient":""}}},"product_brand":[],"product_cat":[258],"product_tag":[],"class_list":{"0":"post-1526","1":"product","2":"type-product","3":"status-publish","4":"has-post-thumbnail","6":"product_cat-xe-mo-to-dien-dia-hinh","7":"desktop-align-left","8":"tablet-align-left","9":"mobile-align-left","11":"first","12":"instock","13":"shipping-taxable","14":"product-type-simple"},"_links":{"self":[{"href":"https:\/\/bodo-electricbicycles.com\/vi\/wp-json\/wp\/v2\/product\/1526","targetHints":{"allow":["GET"]}}],"collection":[{"href":"https:\/\/bodo-electricbicycles.com\/vi\/wp-json\/wp\/v2\/product"}],"about":[{"href":"https:\/\/bodo-electricbicycles.com\/vi\/wp-json\/wp\/v2\/types\/product"}],"wp:featuredmedia":[{"embeddable":true,"href":"https:\/\/bodo-electricbicycles.com\/vi\/wp-json\/wp\/v2\/media\/1525"}],"wp:attachment":[{"href":"https:\/\/bodo-electricbicycles.com\/vi\/wp-json\/wp\/v2\/media?parent=1526"}],"wp:term":[{"taxonomy":"product_brand","embeddable":true,"href":"https:\/\/bodo-electricbicycles.com\/vi\/wp-json\/wp\/v2\/product_brand?post=1526"},{"taxonomy":"product_cat","embeddable":true,"href":"https:\/\/bodo-electricbicycles.com\/vi\/wp-json\/wp\/v2\/product_cat?post=1526"},{"taxonomy":"product_tag","embeddable":true,"href":"https:\/\/bodo-electricbicycles.com\/vi\/wp-json\/wp\/v2\/product_tag?post=1526"}],"curies":[{"name":"wp","href":"https:\/\/api.w.org\/{rel}","templated":true}]}}