{"id":1528,"date":"2026-03-28T13:17:51","date_gmt":"2026-03-28T05:17:51","guid":{"rendered":"https:\/\/bodo-electricbicycles.com\/product\/xe-mo-to-dien-dia-hinh-bodo-ttx\/"},"modified":"2026-03-28T13:17:51","modified_gmt":"2026-03-28T05:17:51","slug":"xe-mo-to-dien-dia-hinh-bodo-ttx","status":"publish","type":"product","link":"https:\/\/bodo-electricbicycles.com\/vi\/product\/xe-mo-to-dien-dia-hinh-bodo-ttx\/","title":{"rendered":"Xe m\u00f4 t\u00f4 \u0111i\u1ec7n \u0111\u1ecba h\u00ecnh BODO-TTX"},"content":{"rendered":"<p>BODO-TTX l\u00e0 m\u1eabu m\u00f4 t\u00f4 \u0111i\u1ec7n \u0111\u1ecba h\u00ecnh c\u00f3 thi\u1ebft k\u1ebf c\u00e2n \u0111\u1ed1i, \u0111\u01b0\u1ee3c ph\u00e1t tri\u1ec3n nh\u1eb1m mang l\u1ea1i kh\u1ea3 n\u0103ng v\u1eadn h\u00e0nh \u0111\u1ecba h\u00ecnh \u0111\u00e1ng tin c\u1eady k\u1ebft h\u1ee3p c\u00f9ng s\u1ef1 hi\u1ec7u qu\u1ea3 cho nhu c\u1ea7u di chuy\u1ec3n h\u00e0ng ng\u00e0y. V\u1edbi k\u00edch th\u01b0\u1edbc t\u1ed5ng th\u1ec3 1860\u00d7770\u00d71070mm v\u00e0 chi\u1ec1u d\u00e0i c\u01a1 s\u1edf 1400mm, xe mang l\u1ea1i kh\u1ea3 n\u0103ng \u0111i\u1ec1u khi\u1ec3n \u1ed5n \u0111\u1ecbnh; k\u1ebft h\u1ee3p c\u00f9ng chi\u1ec1u cao y\u00ean xe 765mm \u0111\u01b0\u1ee3c thi\u1ebft k\u1ebf c\u00f4ng th\u00e1i h\u1ecdc, xe \u0111\u1ea3m b\u1ea3o s\u1ef1 tho\u1ea3i m\u00e1i t\u1ed1i \u0111a ngay c\u1ea3 trong nh\u1eefng h\u00e0nh tr\u00ecnh d\u00e0i. \u0110\u01b0\u1ee3c trang b\u1ecb l\u1ed1p tr\u01b0\u1edbc v\u00e0 sau k\u00edch th\u01b0\u1edbc 120\/70-12 c\u00f9ng h\u1ec7 th\u1ed1ng phanh \u0111\u0129a k\u00e9p, xe \u0111\u1ea3m b\u1ea3o \u0111\u1ed9 b\u00e1m \u0111\u01b0\u1eddng v\u01b0\u1ee3t tr\u1ed9i v\u00e0 l\u1ef1c phanh ch\u00ednh x\u00e1c ngay c\u1ea3 tr\u00ean nh\u1eefng \u0111\u1ecba h\u00ecnh g\u1ed3 gh\u1ec1. S\u1eed d\u1ee5ng \u0111\u1ed9ng c\u01a1 \u0111\u1ecbnh m\u1ee9c 1500W, xe c\u00f3 th\u1ec3 \u0111\u1ea1t t\u1ed1c \u0111\u1ed9 t\u1ed1i \u0111a 65km\/h c\u00f9ng kh\u1ea3 n\u0103ng t\u0103ng t\u1ed1c \u00eam \u00e1i, m\u01b0\u1ee3t m\u00e0. V\u1edbi kh\u1ea3 n\u0103ng t\u01b0\u01a1ng th\u00edch v\u1edbi c\u1ea3 \u1eafc quy axit-ch\u00ec ho\u1eb7c pin Lithium 60V\/72V, \u0111\u1ed3ng th\u1eddi h\u1ed7 tr\u1ee3 s\u1ea1c v\u1edbi ngu\u1ed3n \u0111i\u1ec7n t\u1eeb 110V \u0111\u1ebfn 220V, chi\u1ebfc xe n\u00e0y t\u1ea1o n\u00ean s\u1ef1 c\u00e2n b\u1eb1ng ho\u00e0n h\u1ea3o gi\u1eefa hi\u1ec7u su\u1ea5t v\u1eadn h\u00e0nh v\u00e0 s\u1ef1 ti\u1ec7n l\u1ee3i trong s\u1eed d\u1ee5ng. BODO-TTX l\u00e0 s\u1ef1 k\u1ebft h\u1ee3p h\u00e0i h\u00f2a gi\u1eefa c\u1ea5u tr\u00fac b\u1ec1n b\u1ec9 v\u00e0 t\u00ednh \u0111a d\u1ee5ng, tr\u1edf th\u00e0nh l\u1ef1a ch\u1ecdn l\u00fd t\u01b0\u1edfng cho c\u1ea3 nh\u1eefng ng\u01b0\u1eddi \u0111am m\u00ea kh\u00e1m ph\u00e1 m\u1ea1o hi\u1ec3m l\u1eabn nh\u1eefng ng\u01b0\u1eddi d\u00f9ng ch\u00fa tr\u1ecdng t\u00ednh th\u1ef1c ti\u1ec5n trong di chuy\u1ec3n h\u00e0ng ng\u00e0y.     <\/p>\n","protected":false},"excerpt":{"rendered":"<p>BODO-TTX l\u00e0 m\u1eabu m\u00f4 t\u00f4 \u0111i\u1ec7n \u0111\u1ecba h\u00ecnh c\u00f3 thi\u1ebft k\u1ebf c\u00e2n \u0111\u1ed1i, \u0111\u01b0\u1ee3c ph\u00e1t tri\u1ec3n nh\u1eb1m mang l\u1ea1i kh\u1ea3 [&hellip;]<\/p>\n","protected":false},"featured_media":1527,"template":"","meta":{"site-sidebar-layout":"default","site-content-layout":"","ast-site-content-layout":"default","site-content-style":"default","site-sidebar-style":"default","ast-global-header-display":"","ast-banner-title-visibility":"","ast-main-header-display":"","ast-hfb-above-header-display":"","ast-hfb-below-header-display":"","ast-hfb-mobile-header-display":"","site-post-title":"","ast-breadcrumbs-content":"","ast-featured-img":"","footer-sml-layout":"","ast-disable-related-posts":"","theme-transparent-header-meta":"default","adv-header-id-meta":"","stick-header-meta":"","header-above-stick-meta":"","header-main-stick-meta":"","header-below-stick-meta":"","astra-migrate-meta-layouts":"default","ast-page-background-enabled":"default","ast-page-background-meta":{"desktop":{"background-color":"var(--ast-global-color-5)","background-image":"","background-repeat":"repeat","background-position":"center center","background-size":"auto","background-attachment":"scroll","background-type":"","background-media":"","overlay-type":"","overlay-color":"","overlay-opacity":"","overlay-gradient":""},"tablet":{"background-color":"","background-image":"","background-repeat":"repeat","background-position":"center center","background-size":"auto","background-attachment":"scroll","background-type":"","background-media":"","overlay-type":"","overlay-color":"","overlay-opacity":"","overlay-gradient":""},"mobile":{"background-color":"","background-image":"","background-repeat":"repeat","background-position":"center center","background-size":"auto","background-attachment":"scroll","background-type":"","background-media":"","overlay-type":"","overlay-color":"","overlay-opacity":"","overlay-gradient":""}},"ast-content-background-meta":{"desktop":{"background-color":"var(--ast-global-color-4)","background-image":"","background-repeat":"repeat","background-position":"center center","background-size":"auto","background-attachment":"scroll","background-type":"","background-media":"","overlay-type":"","overlay-color":"","overlay-opacity":"","overlay-gradient":""},"tablet":{"background-color":"var(--ast-global-color-4)","background-image":"","background-repeat":"repeat","background-position":"center center","background-size":"auto","background-attachment":"scroll","background-type":"","background-media":"","overlay-type":"","overlay-color":"","overlay-opacity":"","overlay-gradient":""},"mobile":{"background-color":"var(--ast-global-color-4)","background-image":"","background-repeat":"repeat","background-position":"center center","background-size":"auto","background-attachment":"scroll","background-type":"","background-media":"","overlay-type":"","overlay-color":"","overlay-opacity":"","overlay-gradient":""}}},"product_brand":[],"product_cat":[258],"product_tag":[],"class_list":{"0":"post-1528","1":"product","2":"type-product","3":"status-publish","4":"has-post-thumbnail","6":"product_cat-xe-mo-to-dien-dia-hinh","7":"desktop-align-left","8":"tablet-align-left","9":"mobile-align-left","11":"first","12":"instock","13":"shipping-taxable","14":"product-type-simple"},"_links":{"self":[{"href":"https:\/\/bodo-electricbicycles.com\/vi\/wp-json\/wp\/v2\/product\/1528","targetHints":{"allow":["GET"]}}],"collection":[{"href":"https:\/\/bodo-electricbicycles.com\/vi\/wp-json\/wp\/v2\/product"}],"about":[{"href":"https:\/\/bodo-electricbicycles.com\/vi\/wp-json\/wp\/v2\/types\/product"}],"wp:featuredmedia":[{"embeddable":true,"href":"https:\/\/bodo-electricbicycles.com\/vi\/wp-json\/wp\/v2\/media\/1527"}],"wp:attachment":[{"href":"https:\/\/bodo-electricbicycles.com\/vi\/wp-json\/wp\/v2\/media?parent=1528"}],"wp:term":[{"taxonomy":"product_brand","embeddable":true,"href":"https:\/\/bodo-electricbicycles.com\/vi\/wp-json\/wp\/v2\/product_brand?post=1528"},{"taxonomy":"product_cat","embeddable":true,"href":"https:\/\/bodo-electricbicycles.com\/vi\/wp-json\/wp\/v2\/product_cat?post=1528"},{"taxonomy":"product_tag","embeddable":true,"href":"https:\/\/bodo-electricbicycles.com\/vi\/wp-json\/wp\/v2\/product_tag?post=1528"}],"curies":[{"name":"wp","href":"https:\/\/api.w.org\/{rel}","templated":true}]}}